{"id":11,"date":"2020-09-28T11:54:00","date_gmt":"2020-09-28T11:54:00","guid":{"rendered":"https:\/\/picnic-web.opper.nl\/nl\/contact\/"},"modified":"2026-04-10T13:18:52","modified_gmt":"2026-04-10T13:18:52","slug":"kontakt","status":"publish","type":"page","link":"https:\/\/picnic.app\/de\/kontakt\/","title":{"rendered":"Kontakt"},"content":{"rendered":"\n<section id='' class=\"small-hero-2 md:!h-[600px] bg-transparent\">\n  <div class=\"container md:!max-w-[1060px] md:!gap-60\">\n    <div class='content'>\n                    <h2 class=\"mb-2\"><h1><span class=\"text-black\">Kontakt<\/span><\/h1>\n<\/h2>\n        <p>Du bist Kunde, interessierst dich f\u00fcr Picnic oder hast eine professionelle Anfrage und m\u00f6chtest Kontakt mit uns aufnehmen? Hier findest du alle Kontaktm\u00f6glichkeiten \u2013 schreib uns eine E-Mail oder ruf uns gerne an. Wir sind immer f\u00fcr dich da!<\/p>\n                  <\/div>\n          <img class='image' src='https:\/\/d2jxuf8ovdiw8x.cloudfront.net\/uploads\/sites\/24\/2021\/02\/CS-DE-website-1024x626.jpg' alt=\"Kundensupport\"><\/img>\n      <\/div>\n\n<\/section>\n\n\n\n<section id='' class=\"contact-info  \">\n  <div class=\"container\">\n    <div class='box-wrapper'>\n      <div class=\"column\">\n        <div class=\"heading\">\n          <p>Am besten erreichst du uns via:<\/p>\n        <\/div>\n        <div class=\"item-wrapper\">\n                    <a class=\"item\" href=\"https:\/\/api.whatsapp.com\/send?phone=4921138789148\"> \n            <p class=\"title\">WhatsApp<\/p>\n            <p class=\"link\"> +49 211 38789148<\/p>\n          <\/a>\n                    <a class=\"item\" href=\"mailto:service@picnic.de\"> \n            <p class=\"title\">Email<\/p>\n            <p class=\"link\">service@picnic.de<\/p>\n          <\/a>\n                    <a class=\"item\" href=\"tel:+49%20211%2038789148\"> \n            <p class=\"title\">Telefon<\/p>\n            <p class=\"link\">+49 211 38789148<\/p>\n          <\/a>\n                  <\/div>\n      <\/div>\n    <\/div>\n  <\/div>\n<\/section>\n\n\n<section id='' class=\"simple-text bg-transparent\">\n  <div class=\"relative max-w-1350 mx-auto my-0 w-full px-6 py-14\">\n        <div class=\"flex flex-col md:flex-row gap-x-10 max-w-full prose prose-a:text-red prose-a:font-bold prose-a:no-underline\">\n              <div class=\"flex-1\">\n          <h2>Unser Kundenservice ist ge\u00f6ffnet:<\/h2>\n<p>Montag bis Freitag: 08.00 \u2013 23.00 Uhr<br \/>\nSamstag: 08.00 \u2013 23.00 Uhr<\/p>\n        <\/div>\n                <\/div>\n  <\/div>\n<\/section>\n\n\n\n<section id='' class=\"simple-text bg-transparent\">\n  <div class=\"relative max-w-1350 mx-auto my-0 w-full px-6 py-14\">\n        <div class=\"flex flex-col md:flex-row gap-x-10 max-w-full prose prose-a:text-red prose-a:font-bold prose-a:no-underline\">\n              <div class=\"flex-1\">\n          <h2>Zusammenarbeit<\/h2>\n<p><strong>Sortiment<\/strong><br \/>\nHast du ein tolles Produkt, das du gerne bei uns im Shop sehen w\u00fcrdest? Dann schreib uns an\u00a0<a href=\"mailto:trading@picnic.de\">trading@picnic.de<\/a>\u00a0und wir leiten deine Anfrage an die richtige Person weiter.<\/p>\n<p><strong>Jobs<\/strong><br \/>\nDu bist auf der Suche nach einer neuen Herausforderung? Dann bewirb dich direkt \u00fcber unsere <a href=\"https:\/\/jobs.picnic.app\/\">Webseite<\/a>. M\u00f6chtest du uns im Lager oder bei der Auslieferung unterst\u00fctzen? Dann bist du <a href=\"https:\/\/picnic.app\/jobs\/de\/\">hier<\/a> richtig.<\/p>\n<p>M\u00f6chtest du mit uns zu potentiellen Picnic Standorten in Deutschland sprechen? Dann schreib uns an <a href=\"mailto:expansion.de@teampicnic.com\">expansion.de@teampicnic.com<\/a>.<\/p>\n<div id=\"2\">\n<h2>Datenschutz<\/h2>\n<p>Unsere Datenschutzbestimmungen findest du <a href=\"https:\/\/picnic.app\/de\/datenschutz\">hier<\/a>. Hast du noch weitere Fragen zum Thema Datenschutz oder m\u00f6chtest du deinen Account l\u00f6schen? Dann schicke uns einfach eine Email an:\u00a0<a href=\"mailto:privacy@picnic.de\">privacy@picnic.de<\/a><\/p>\n<h2>Beschwerden<\/h2>\n<p>Du hast eine Beschwerde \u00fcber unsere App, unsere Produkte oder unseren Service? Wir m\u00f6chten sie h\u00f6ren! Denn deine Zufriedenheit ist uns wichtig. Ruf uns gerne an oder schreibe uns eine E-Mail oder bei WhatsApp und wir setzen uns so schnell wie m\u00f6glich mit dir in Verbindung. Normalerweise melden wir uns innerhalb von f\u00fcnf Tagen bei dir. Bist du mit der Antwort nicht gl\u00fccklich? Dann schreibe an\u00a0<a href=\"mailto:service@picnic.de\">service@picnic.de<\/a> mit Bezug auf Pascal Broummana. Er ist verantwortlich f\u00fcr unseren Kundenservice und wird dir dabei helfen eine L\u00f6sung zu finden. Pascal antwortet dir innerhalb einer Woche.<\/p>\n<h2>Presse<\/h2>\n<p>Hast du eine Presseanfrage? Kontaktiere uns gerne unter folgender E-Mail-Adresse, wir helfen dir gerne weiter:\u00a0<a href=\"mailto:press@picnic.de\">press@picnic.de<\/a><\/p>\n<h2>Softwaresicherheit<\/h2>\n<p>Solltest du eine potentielle Sicherheitsl\u00fccke innerhalb von Picnics Software Applications vermuten, dann kontaktiere uns bitte unter <a href=\"mailto:security@picnic.de\">security@picnic.de<\/a>. Sobald wir deine Nachricht erhalten haben, wird sich jemand von Picnic bei dir melden.<\/p>\n<h2>Impressum<\/h2>\n<p>Angaben gem\u00e4\u00df \u00a7 5 TMG:<br \/>\nPicnic GmbH<br \/>\nRather Stra\u00dfe 49d<br \/>\n40476 D\u00fcsseldorf<br \/>\nTel.: +49 211 38789148<br \/>\nEmail:\u00a0<a href=\"mailto:service@picnic.de\">service@picnic.de<\/a><\/p>\n<p>Gesch\u00e4ftsf\u00fchrer: Joris Beckers,\u00a0Frederik Nieuwenhuys, Pieter Everard<br \/>\nRegistergericht: Amtsgericht D\u00fcsseldorf<br \/>\nRegisternummer: HRB 79896<br \/>\nUst-IdNr.: DE 313 170 217<br \/>\n\u00d6ko-Kontrollstelle: DE-\u00d6KO-039<\/p>\n<p>&nbsp;<\/p>\n<\/div>\n        <\/div>\n                <\/div>\n  <\/div>\n<\/section>\n\n\n\n<section id=''\n         class=\"cta-new bg-transparent\">\n  <div class=\"px-6 py-14 mx-auto max-w-3xl\">\n    <div class=\"rounded-2xl md:px-16 md:py-0 md:gap-8\n         flex \n          \n         bg-transparent \n         justify-center\">\n      <div class=\"flex-1 self-center md:min-w-[55%] order-2\">\n        <div class=\"prose-headings:mb-2 prose-p:text-base max-w-none\">\n                      <h2 class=\"text-header5 md:text-header3\"> Picnic ausprobieren? <\/h2>\n                            <\/div>\n                  <div class=\"hidden md:flex gap-2 justify-between mt-5 md:justify-start md:mr-4\">\n              <a href=\"\/download%20app%20slug\"\n   class=\"app-download app-store\"\n   target=\"_blank\">\n    <img decoding=\"async\" src=\"https:\/\/picnic.app\/de\/wp-content\/themes\/picnicMaster\/library\/images\/app-download\/app-store-nl.svg\"\n       class=\"inline-block max-w-full md:h-12 \">\n  <\/a>\n              <a href=\"\/download%20app%20slug\"\n   class=\"app-download google-play\"\n   target=\"_blank\">\n    <img decoding=\"async\" src=\"https:\/\/picnic.app\/de\/wp-content\/themes\/picnicMaster\/library\/images\/app-download\/google-play-nl.svg\"\n       class=\"inline-block max-w-full md:h-12 \">\n  <\/a>\n          <\/div>\n          <div class=\"block md:hidden\">\n            <a href=\"\/download%20app%20slug\"\n   class=\"app-download app-download-auto\"\n   target=\"_blank\">\n    <div class=\"inline-block px-3 py-2 text-body text-center text-white rounded-lg bg-red\">\n    <span class=\"inline\">download app<\/span>\n      <\/div>\n  <\/a>\n          <\/div>\n                      <\/div>\n      <div class=\"flex-1 order-1\">\n                  <lottie-player src=\"https:\/\/d2jxuf8ovdiw8x.cloudfront.net\/uploads\/sites\/24\/2023\/03\/tote_heavy.json\"\n                         background=\"transparent\"\n                         loop\n                         autoplay\n                         speed=\"1\"x\n                         style=\"\n                         margin:px px px px; padding:px px px px;\">\n            >\n          <\/lottie-player>\n                      <\/div>\n    <\/div>\n      <\/div>\n<\/section>\n","protected":false},"excerpt":{"rendered":"","protected":false},"author":5,"featured_media":0,"parent":0,"menu_order":0,"comment_status":"closed","ping_status":"closed","template":"","meta":{"footnotes":""},"class_list":["post-11","page","type-page","status-publish","hentry"],"acf":[],"yoast_head":"<!-- This site is optimized with the Yoast SEO Premium plugin v25.8 (Yoast SEO v25.9) - https:\/\/yoast.com\/wordpress\/plugins\/seo\/ -->\n<title>Kontakt | Picnic<\/title>\n<meta name=\"description\" content=\"Fragen oder Feedback? Wir helfen dir immer gerne weiter! Unsere Telefonnummer und weitere Kontaktm\u00f6glichkeiten findest du hier.\" \/>\n<meta name=\"robots\" content=\"index, follow, max-snippet:-1, max-image-preview:large, max-video-preview:-1\" \/>\n<link rel=\"canonical\" href=\"https:\/\/picnic.app\/de\/kontakt\/\" \/>\n<meta property=\"og:locale\" content=\"en_US\" \/>\n<meta property=\"og:type\" content=\"article\" \/>\n<meta property=\"og:title\" content=\"Kontakt | Picnic\" \/>\n<meta property=\"og:description\" content=\"Fragen oder Feedback? Wir helfen dir immer gerne weiter! Unsere Telefonnummer und weitere Kontaktm\u00f6glichkeiten findest du hier.\" \/>\n<meta property=\"og:url\" content=\"https:\/\/picnic.app\/de\/kontakt\/\" \/>\n<meta property=\"og:site_name\" content=\"Picnic DE\" \/>\n<meta property=\"article:modified_time\" content=\"2026-04-10T13:18:52+00:00\" \/>\n<meta property=\"og:image\" content=\"https:\/\/d2jxuf8ovdiw8x.cloudfront.net\/uploads\/sites\/24\/2022\/10\/DE-Picnic-Social-Share-Image.png\" \/>\n\t<meta property=\"og:image:width\" content=\"1200\" \/>\n\t<meta property=\"og:image:height\" content=\"800\" \/>\n\t<meta property=\"og:image:type\" content=\"image\/png\" \/>\n<meta name=\"twitter:card\" content=\"summary_large_image\" \/>\n<meta name=\"twitter:label1\" content=\"Est. reading time\" \/>\n\t<meta name=\"twitter:data1\" content=\"3 minutes\" \/>\n<script type=\"application\/ld+json\" class=\"yoast-schema-graph\">{\"@context\":\"https:\/\/schema.org\",\"@graph\":[{\"@type\":\"WebPage\",\"@id\":\"https:\/\/picnic.app\/de\/kontakt\/\",\"url\":\"https:\/\/picnic.app\/de\/kontakt\/\",\"name\":\"Kontakt | Picnic\",\"isPartOf\":{\"@id\":\"https:\/\/picnic.app\/de\/#website\"},\"datePublished\":\"2020-09-28T11:54:00+00:00\",\"dateModified\":\"2026-04-10T13:18:52+00:00\",\"description\":\"Fragen oder Feedback? Wir helfen dir immer gerne weiter! Unsere Telefonnummer und weitere Kontaktm\u00f6glichkeiten findest du hier.\",\"inLanguage\":\"en-US\",\"potentialAction\":[{\"@type\":\"ReadAction\",\"target\":[\"https:\/\/picnic.app\/de\/kontakt\/\"]}]},{\"@type\":\"WebSite\",\"@id\":\"https:\/\/picnic.app\/de\/#website\",\"url\":\"https:\/\/picnic.app\/de\/\",\"name\":\"Picnic DE\",\"description\":\"Der Online Supermarkt\",\"publisher\":{\"@id\":\"https:\/\/picnic.app\/de\/#organization\"},\"potentialAction\":[{\"@type\":\"SearchAction\",\"target\":{\"@type\":\"EntryPoint\",\"urlTemplate\":\"https:\/\/picnic.app\/de\/?s={search_term_string}\"},\"query-input\":{\"@type\":\"PropertyValueSpecification\",\"valueRequired\":true,\"valueName\":\"search_term_string\"}}],\"inLanguage\":\"en-US\"},{\"@type\":\"Organization\",\"@id\":\"https:\/\/picnic.app\/de\/#organization\",\"name\":\"Picnic DE\",\"url\":\"https:\/\/picnic.app\/de\/\",\"logo\":{\"@type\":\"ImageObject\",\"inLanguage\":\"en-US\",\"@id\":\"https:\/\/picnic.app\/de\/#\/schema\/logo\/image\/\",\"url\":\"https:\/\/d2jxuf8ovdiw8x.cloudfront.net\/uploads\/sites\/24\/2025\/06\/Favicon-Picnic-Logo.png\",\"contentUrl\":\"https:\/\/d2jxuf8ovdiw8x.cloudfront.net\/uploads\/sites\/24\/2025\/06\/Favicon-Picnic-Logo.png\",\"width\":\"1\",\"height\":\"1\",\"caption\":\"Picnic DE\"},\"image\":{\"@id\":\"https:\/\/picnic.app\/de\/#\/schema\/logo\/image\/\"}}]}<\/script>\n<!-- \/ Yoast SEO Premium plugin. -->","yoast_head_json":{"title":"Kontakt | Picnic","description":"Fragen oder Feedback? Wir helfen dir immer gerne weiter! Unsere Telefonnummer und weitere Kontaktm\u00f6glichkeiten findest du hier.","robots":{"index":"index","follow":"follow","max-snippet":"max-snippet:-1","max-image-preview":"max-image-preview:large","max-video-preview":"max-video-preview:-1"},"canonical":"https:\/\/picnic.app\/de\/kontakt\/","og_locale":"en_US","og_type":"article","og_title":"Kontakt | Picnic","og_description":"Fragen oder Feedback? Wir helfen dir immer gerne weiter! Unsere Telefonnummer und weitere Kontaktm\u00f6glichkeiten findest du hier.","og_url":"https:\/\/picnic.app\/de\/kontakt\/","og_site_name":"Picnic DE","article_modified_time":"2026-04-10T13:18:52+00:00","og_image":[{"width":1200,"height":800,"url":"https:\/\/d2jxuf8ovdiw8x.cloudfront.net\/uploads\/sites\/24\/2022\/10\/DE-Picnic-Social-Share-Image.png","type":"image\/png"}],"twitter_card":"summary_large_image","twitter_misc":{"Est. reading time":"3 minutes"},"schema":{"@context":"https:\/\/schema.org","@graph":[{"@type":"WebPage","@id":"https:\/\/picnic.app\/de\/kontakt\/","url":"https:\/\/picnic.app\/de\/kontakt\/","name":"Kontakt | Picnic","isPartOf":{"@id":"https:\/\/picnic.app\/de\/#website"},"datePublished":"2020-09-28T11:54:00+00:00","dateModified":"2026-04-10T13:18:52+00:00","description":"Fragen oder Feedback? Wir helfen dir immer gerne weiter! Unsere Telefonnummer und weitere Kontaktm\u00f6glichkeiten findest du hier.","inLanguage":"en-US","potentialAction":[{"@type":"ReadAction","target":["https:\/\/picnic.app\/de\/kontakt\/"]}]},{"@type":"WebSite","@id":"https:\/\/picnic.app\/de\/#website","url":"https:\/\/picnic.app\/de\/","name":"Picnic DE","description":"Der Online Supermarkt","publisher":{"@id":"https:\/\/picnic.app\/de\/#organization"},"potentialAction":[{"@type":"SearchAction","target":{"@type":"EntryPoint","urlTemplate":"https:\/\/picnic.app\/de\/?s={search_term_string}"},"query-input":{"@type":"PropertyValueSpecification","valueRequired":true,"valueName":"search_term_string"}}],"inLanguage":"en-US"},{"@type":"Organization","@id":"https:\/\/picnic.app\/de\/#organization","name":"Picnic DE","url":"https:\/\/picnic.app\/de\/","logo":{"@type":"ImageObject","inLanguage":"en-US","@id":"https:\/\/picnic.app\/de\/#\/schema\/logo\/image\/","url":"https:\/\/d2jxuf8ovdiw8x.cloudfront.net\/uploads\/sites\/24\/2025\/06\/Favicon-Picnic-Logo.png","contentUrl":"https:\/\/d2jxuf8ovdiw8x.cloudfront.net\/uploads\/sites\/24\/2025\/06\/Favicon-Picnic-Logo.png","width":"1","height":"1","caption":"Picnic DE"},"image":{"@id":"https:\/\/picnic.app\/de\/#\/schema\/logo\/image\/"}}]}},"_links":{"self":[{"href":"https:\/\/picnic.app\/de\/wp-json\/wp\/v2\/pages\/11","targetHints":{"allow":["GET"]}}],"collection":[{"href":"https:\/\/picnic.app\/de\/wp-json\/wp\/v2\/pages"}],"about":[{"href":"https:\/\/picnic.app\/de\/wp-json\/wp\/v2\/types\/page"}],"author":[{"embeddable":true,"href":"https:\/\/picnic.app\/de\/wp-json\/wp\/v2\/users\/5"}],"replies":[{"embeddable":true,"href":"https:\/\/picnic.app\/de\/wp-json\/wp\/v2\/comments?post=11"}],"version-history":[{"count":82,"href":"https:\/\/picnic.app\/de\/wp-json\/wp\/v2\/pages\/11\/revisions"}],"predecessor-version":[{"id":9527,"href":"https:\/\/picnic.app\/de\/wp-json\/wp\/v2\/pages\/11\/revisions\/9527"}],"wp:attachment":[{"href":"https:\/\/picnic.app\/de\/wp-json\/wp\/v2\/media?parent=11"}],"curies":[{"name":"wp","href":"https:\/\/api.w.org\/{rel}","templated":true}]}}