{"id":1164,"date":"2021-02-25T15:27:37","date_gmt":"2021-02-25T15:27:37","guid":{"rendered":"https:\/\/picnic.app\/de\/?page_id=1164"},"modified":"2025-11-14T12:47:32","modified_gmt":"2025-11-14T12:47:32","slug":"bedingungen-freundschaftsrabatt","status":"publish","type":"page","link":"https:\/\/picnic.app\/de\/bedingungen-freundschaftsrabatt\/","title":{"rendered":"Bedingungen Freundschaftsrabatt"},"content":{"rendered":"\n<section id='' class=\"small-hero-2 md:!h-[600px] bg-transparent\">\n  <div class=\"container md:!max-w-[1060px] md:!gap-60\">\n    <div class='content'>\n                    <h2 class=\"mb-2\"><h1>Teilen macht Freu(n)de!<\/h1>\n<\/h2>\n                          <\/div>\n          <img class='image' src='https:\/\/d2jxuf8ovdiw8x.cloudfront.net\/uploads\/sites\/24\/2023\/07\/Peter_Foodie_Phone-1-1.png' alt=\"\"><\/img>\n      <\/div>\n\n<\/section>\n\n\n\n<section id='' class=\"text-image bg-transparent  image-right image-to-side  \">\n  <div class=\"container\">\n    <div class='content'>\n      <p>Jemand den du kennst, bestellt zum ersten Mal? Prima, dann habt ihr euch beide einen 10 Euro Rabatt verdient!<\/p>\n<h2>Wer kann den Freundschaftsrabatt benutzen?<\/h2>\n<p>Alle, die noch keine Kunden bei uns sind und die nicht mit dir zusammen in einem Haushalt leben.<\/p>\n<h2>Wann k\u00f6nnen deine Freunde den Rabattcode benutzen?<\/h2>\n<p>Nur bei ihrer ersten Bestellung.<\/p>\n<h2>Du hast den Code mit deinen Freunden geteilt. Wann bekommst auch du 10 Euro Rabatt?<\/h2>\n<p>Wenn deine Freunde deinen Code bei ihrer ersten Bestellung benutzen.<\/p>\n<h2>Wie kannst du den Code teilen?<\/h2>\n<ul>\n<li>Du findest deinen pers\u00f6nlichen Code in deinem Profil in der Picnic App.<\/li>\n<li>Bitte teile den Code nicht \u00fcber \u00f6ffentliche Profile auf Websites, Marketing-Suchmaschinen oder Werbung;<\/li>\n<li>Wird ein Code doch \u00fcber unerlaubte Wege geteilt, ist dieser nicht l\u00e4nger g\u00fcltig;<\/li>\n<li>Pro Person kann der Code 50 mal geteilt werden.<\/li>\n<\/ul>\n\n          <\/div>\n\n      <\/div>\n<\/section>\n\n\n<section id=''\n         class=\"cta-new bg-\">\n  <div class=\"px-6 py-14 mx-auto max-w-3xl\">\n    <div class=\"rounded-2xl md:px-4 md:py-0 md:gap-8\n         flex \n          \n         bg-transparent \n         justify-center\">\n      <div class=\"flex-1 self-center md:min-w-[55%] order-2\">\n        <div class=\"prose-headings:mb-2 prose-p:text-base max-w-none\">\n                      <h2 class=\"text-header5 md:text-header3\"> Picnic ausprobieren? <\/h2>\n                            <\/div>\n                  <div class=\"hidden md:flex gap-2 justify-between mt-5 md:justify-start md:mr-4\">\n              <a href=\"\/download%20app%20slug\"\n   class=\"app-download app-store\"\n   target=\"_blank\">\n    <img decoding=\"async\" src=\"https:\/\/picnic.app\/de\/wp-content\/themes\/picnicMaster\/library\/images\/app-download\/app-store-nl.svg\"\n       class=\"inline-block max-w-full md:h-12 \">\n  <\/a>\n              <a href=\"\/download%20app%20slug\"\n   class=\"app-download google-play\"\n   target=\"_blank\">\n    <img decoding=\"async\" src=\"https:\/\/picnic.app\/de\/wp-content\/themes\/picnicMaster\/library\/images\/app-download\/google-play-nl.svg\"\n       class=\"inline-block max-w-full md:h-12 \">\n  <\/a>\n          <\/div>\n          <div class=\"block md:hidden\">\n            <a href=\"\/download%20app%20slug\"\n   class=\"app-download app-download-auto\"\n   target=\"_blank\">\n    <div class=\"inline-block px-3 py-2 text-body text-center text-white rounded-lg bg-red\">\n    <span class=\"inline\">download app<\/span>\n      <\/div>\n  <\/a>\n          <\/div>\n                            <div class=\"hidden md:inline-block mt-2\">\n              \n<div class=\"dialog-pointer pointer-right\">\n   <div>\n        <p>\ud83c\udf81 <span class=\"text-red\">Geschenke<\/span> mit deiner ersten Bestellung!<\/p>\n   <\/div>\n<\/div>\n            <\/div>\n              <\/div>\n      <div class=\"flex-1 order-1\">\n                  <lottie-player src=\"https:\/\/d2jxuf8ovdiw8x.cloudfront.net\/uploads\/sites\/24\/2023\/03\/tote_heavy.json\"\n                         background=\"transparent\"\n                         loop\n                         autoplay\n                         speed=\"1\"x\n                         style=\"\n                         margin:px px px px; padding:px px px px;\">\n            >\n          <\/lottie-player>\n                      <\/div>\n    <\/div>\n          <div class=\"md:hidden\">\n        \n<div class=\"dialog-pointer pointer-right\">\n   <div>\n        <p>\ud83c\udf81 <span class=\"text-red\">Geschenke<\/span> mit deiner ersten Bestellung!<\/p>\n   <\/div>\n<\/div>\n      <\/div>\n      <\/div>\n<\/section>\n","protected":false},"excerpt":{"rendered":"","protected":false},"author":6,"featured_media":0,"parent":0,"menu_order":0,"comment_status":"closed","ping_status":"closed","template":"","meta":{"footnotes":""},"class_list":["post-1164","page","type-page","status-publish","hentry"],"acf":[],"yoast_head":"<!-- This site is optimized with the Yoast SEO Premium plugin v25.8 (Yoast SEO v25.9) - https:\/\/yoast.com\/wordpress\/plugins\/seo\/ -->\n<title>Bedingungen Freundschaftsrabatt | Picnic<\/title>\n<meta name=\"description\" content=\"Mit dem Picnic Freundschaftsrabatt ist geteilte Freude doppelte Freude! Empfehle uns weiter und der Neukunde und du erhaltet jeweils 10 \u20ac Rabatt auf eure Bestellung.\" \/>\n<meta name=\"robots\" content=\"index, follow, max-snippet:-1, max-image-preview:large, max-video-preview:-1\" \/>\n<link rel=\"canonical\" href=\"https:\/\/picnic.app\/de\/bedingungen-freundschaftsrabatt\/\" \/>\n<meta property=\"og:locale\" content=\"en_US\" \/>\n<meta property=\"og:type\" content=\"article\" \/>\n<meta property=\"og:title\" content=\"Bedingungen Freundschaftsrabatt | Picnic\" \/>\n<meta property=\"og:description\" content=\"Mit dem Picnic Freundschaftsrabatt ist geteilte Freude doppelte Freude! Empfehle uns weiter und der Neukunde und du erhaltet jeweils 10 \u20ac Rabatt auf eure Bestellung.\" \/>\n<meta property=\"og:url\" content=\"https:\/\/picnic.app\/de\/bedingungen-freundschaftsrabatt\/\" \/>\n<meta property=\"og:site_name\" content=\"Picnic DE\" \/>\n<meta property=\"article:modified_time\" content=\"2025-11-14T12:47:32+00:00\" \/>\n<meta property=\"og:image\" content=\"https:\/\/d2jxuf8ovdiw8x.cloudfront.net\/uploads\/sites\/24\/2022\/10\/DE-Picnic-Social-Share-Image.png\" \/>\n\t<meta property=\"og:image:width\" content=\"1200\" \/>\n\t<meta property=\"og:image:height\" content=\"800\" \/>\n\t<meta property=\"og:image:type\" content=\"image\/png\" \/>\n<meta name=\"twitter:card\" content=\"summary_large_image\" \/>\n<meta name=\"twitter:label1\" content=\"Est. reading time\" \/>\n\t<meta name=\"twitter:data1\" content=\"2 minutes\" \/>\n<script type=\"application\/ld+json\" class=\"yoast-schema-graph\">{\"@context\":\"https:\/\/schema.org\",\"@graph\":[{\"@type\":\"WebPage\",\"@id\":\"https:\/\/picnic.app\/de\/bedingungen-freundschaftsrabatt\/\",\"url\":\"https:\/\/picnic.app\/de\/bedingungen-freundschaftsrabatt\/\",\"name\":\"Bedingungen Freundschaftsrabatt | Picnic\",\"isPartOf\":{\"@id\":\"https:\/\/picnic.app\/de\/#website\"},\"datePublished\":\"2021-02-25T15:27:37+00:00\",\"dateModified\":\"2025-11-14T12:47:32+00:00\",\"description\":\"Mit dem Picnic Freundschaftsrabatt ist geteilte Freude doppelte Freude! Empfehle uns weiter und der Neukunde und du erhaltet jeweils 10 \u20ac Rabatt auf eure Bestellung.\",\"inLanguage\":\"en-US\",\"potentialAction\":[{\"@type\":\"ReadAction\",\"target\":[\"https:\/\/picnic.app\/de\/bedingungen-freundschaftsrabatt\/\"]}]},{\"@type\":\"WebSite\",\"@id\":\"https:\/\/picnic.app\/de\/#website\",\"url\":\"https:\/\/picnic.app\/de\/\",\"name\":\"Picnic DE\",\"description\":\"Der Online Supermarkt\",\"publisher\":{\"@id\":\"https:\/\/picnic.app\/de\/#organization\"},\"potentialAction\":[{\"@type\":\"SearchAction\",\"target\":{\"@type\":\"EntryPoint\",\"urlTemplate\":\"https:\/\/picnic.app\/de\/?s={search_term_string}\"},\"query-input\":{\"@type\":\"PropertyValueSpecification\",\"valueRequired\":true,\"valueName\":\"search_term_string\"}}],\"inLanguage\":\"en-US\"},{\"@type\":\"Organization\",\"@id\":\"https:\/\/picnic.app\/de\/#organization\",\"name\":\"Picnic DE\",\"url\":\"https:\/\/picnic.app\/de\/\",\"logo\":{\"@type\":\"ImageObject\",\"inLanguage\":\"en-US\",\"@id\":\"https:\/\/picnic.app\/de\/#\/schema\/logo\/image\/\",\"url\":\"https:\/\/d2jxuf8ovdiw8x.cloudfront.net\/uploads\/sites\/24\/2025\/06\/Favicon-Picnic-Logo.png\",\"contentUrl\":\"https:\/\/d2jxuf8ovdiw8x.cloudfront.net\/uploads\/sites\/24\/2025\/06\/Favicon-Picnic-Logo.png\",\"width\":\"1\",\"height\":\"1\",\"caption\":\"Picnic DE\"},\"image\":{\"@id\":\"https:\/\/picnic.app\/de\/#\/schema\/logo\/image\/\"}}]}<\/script>\n<!-- \/ Yoast SEO Premium plugin. -->","yoast_head_json":{"title":"Bedingungen Freundschaftsrabatt | Picnic","description":"Mit dem Picnic Freundschaftsrabatt ist geteilte Freude doppelte Freude! Empfehle uns weiter und der Neukunde und du erhaltet jeweils 10 \u20ac Rabatt auf eure Bestellung.","robots":{"index":"index","follow":"follow","max-snippet":"max-snippet:-1","max-image-preview":"max-image-preview:large","max-video-preview":"max-video-preview:-1"},"canonical":"https:\/\/picnic.app\/de\/bedingungen-freundschaftsrabatt\/","og_locale":"en_US","og_type":"article","og_title":"Bedingungen Freundschaftsrabatt | Picnic","og_description":"Mit dem Picnic Freundschaftsrabatt ist geteilte Freude doppelte Freude! Empfehle uns weiter und der Neukunde und du erhaltet jeweils 10 \u20ac Rabatt auf eure Bestellung.","og_url":"https:\/\/picnic.app\/de\/bedingungen-freundschaftsrabatt\/","og_site_name":"Picnic DE","article_modified_time":"2025-11-14T12:47:32+00:00","og_image":[{"width":1200,"height":800,"url":"https:\/\/d2jxuf8ovdiw8x.cloudfront.net\/uploads\/sites\/24\/2022\/10\/DE-Picnic-Social-Share-Image.png","type":"image\/png"}],"twitter_card":"summary_large_image","twitter_misc":{"Est. reading time":"2 minutes"},"schema":{"@context":"https:\/\/schema.org","@graph":[{"@type":"WebPage","@id":"https:\/\/picnic.app\/de\/bedingungen-freundschaftsrabatt\/","url":"https:\/\/picnic.app\/de\/bedingungen-freundschaftsrabatt\/","name":"Bedingungen Freundschaftsrabatt | Picnic","isPartOf":{"@id":"https:\/\/picnic.app\/de\/#website"},"datePublished":"2021-02-25T15:27:37+00:00","dateModified":"2025-11-14T12:47:32+00:00","description":"Mit dem Picnic Freundschaftsrabatt ist geteilte Freude doppelte Freude! Empfehle uns weiter und der Neukunde und du erhaltet jeweils 10 \u20ac Rabatt auf eure Bestellung.","inLanguage":"en-US","potentialAction":[{"@type":"ReadAction","target":["https:\/\/picnic.app\/de\/bedingungen-freundschaftsrabatt\/"]}]},{"@type":"WebSite","@id":"https:\/\/picnic.app\/de\/#website","url":"https:\/\/picnic.app\/de\/","name":"Picnic DE","description":"Der Online Supermarkt","publisher":{"@id":"https:\/\/picnic.app\/de\/#organization"},"potentialAction":[{"@type":"SearchAction","target":{"@type":"EntryPoint","urlTemplate":"https:\/\/picnic.app\/de\/?s={search_term_string}"},"query-input":{"@type":"PropertyValueSpecification","valueRequired":true,"valueName":"search_term_string"}}],"inLanguage":"en-US"},{"@type":"Organization","@id":"https:\/\/picnic.app\/de\/#organization","name":"Picnic DE","url":"https:\/\/picnic.app\/de\/","logo":{"@type":"ImageObject","inLanguage":"en-US","@id":"https:\/\/picnic.app\/de\/#\/schema\/logo\/image\/","url":"https:\/\/d2jxuf8ovdiw8x.cloudfront.net\/uploads\/sites\/24\/2025\/06\/Favicon-Picnic-Logo.png","contentUrl":"https:\/\/d2jxuf8ovdiw8x.cloudfront.net\/uploads\/sites\/24\/2025\/06\/Favicon-Picnic-Logo.png","width":"1","height":"1","caption":"Picnic DE"},"image":{"@id":"https:\/\/picnic.app\/de\/#\/schema\/logo\/image\/"}}]}},"_links":{"self":[{"href":"https:\/\/picnic.app\/de\/wp-json\/wp\/v2\/pages\/1164","targetHints":{"allow":["GET"]}}],"collection":[{"href":"https:\/\/picnic.app\/de\/wp-json\/wp\/v2\/pages"}],"about":[{"href":"https:\/\/picnic.app\/de\/wp-json\/wp\/v2\/types\/page"}],"author":[{"embeddable":true,"href":"https:\/\/picnic.app\/de\/wp-json\/wp\/v2\/users\/6"}],"replies":[{"embeddable":true,"href":"https:\/\/picnic.app\/de\/wp-json\/wp\/v2\/comments?post=1164"}],"version-history":[{"count":65,"href":"https:\/\/picnic.app\/de\/wp-json\/wp\/v2\/pages\/1164\/revisions"}],"predecessor-version":[{"id":7533,"href":"https:\/\/picnic.app\/de\/wp-json\/wp\/v2\/pages\/1164\/revisions\/7533"}],"wp:attachment":[{"href":"https:\/\/picnic.app\/de\/wp-json\/wp\/v2\/media?parent=1164"}],"curies":[{"name":"wp","href":"https:\/\/api.w.org\/{rel}","templated":true}]}}