{"id":2110,"date":"2022-04-14T15:12:12","date_gmt":"2022-04-14T15:12:12","guid":{"rendered":"https:\/\/picnic.app\/de\/?page_id=2110"},"modified":"2023-09-15T07:51:03","modified_gmt":"2023-09-15T07:51:03","slug":"video","status":"publish","type":"page","link":"https:\/\/picnic.app\/de\/agb\/video\/","title":{"rendered":"Video (Privacy)"},"content":{"rendered":"\n<section id='' class=\"text-image   image-left image-to-side small-image  has-image   \">\n  <div class=\"container\">\n    <div class='content'>\n      <p><strong>Verantwortlich f\u00fcr die Video\u00fcberwachung<\/strong><br \/>\nPicnic GmbH, Rather Stra\u00dfe 25 40476 D\u00fcsseldorf<br \/>\nTel.: +49 211 38789148 Email: service@picnic.de<\/p>\n<p><strong>Kontaktdaten des Datenschutzbeauftragten <\/strong><br \/>\nDPO@picnic.nl<br \/>\n<strong><br \/>\nZwecke und Rechtsgrundlage der Datenverarbeitung: <\/strong><br \/>\nSchutz des Eigentums, Gew\u00e4hrleistung einer sicheren Arbeitsumgebung, Hausrecht<br \/>\nArt. 6 Abs. 1 lit f DS-GVO<br \/>\n<strong><br \/>\nBerechtigte Interessen, die verfolgt werden: <\/strong><br \/>\nSchutz des Eigentums, Gew\u00e4hrleistung einer sicheren Arbeitsumgebung<\/p>\n<p><strong>Speicherdauer oder Kriterien f\u00fcr die Festlegung der Dauer<\/strong><br \/>\n72 Stunden <\/p>\n<p><strong>Empf\u00e4nger oder Kategorien von Empf\u00e4nger der Daten:<\/strong><br \/>\nF\u00fcr die Sicherheit zust\u00e4ndiges Personal des Unternehmens. Die Polizei und die Strafverfolgungsbeh\u00f6rden im Falle von Straftate <\/p>\n\n          <\/div>\n\n          <span class='image' style='background-image: url(https:\/\/d2jxuf8ovdiw8x.cloudfront.net\/uploads\/sites\/24\/2022\/04\/videouberachung.png); background-position: center'><\/span>\n      <\/div>\n<\/section>\n\n\n<section id='' class=\"simple-text \">\n  <div class=\"relative max-w-1350 mx-auto my-0 w-full px-6 py-14\">\n        <div class=\"flex flex-col md:flex-row gap-x-10 max-w-full prose prose-a:text-red prose-a:font-bold prose-a:no-underline\">\n              <div class=\"flex-1\">\n          <p><strong>Hinweise auf die Rechte der Betroffenen <\/strong><br \/>\nDie betroffene Person hat das Recht, von dem Verantwortlichen eine Best\u00e4tigung dar\u00fcber zu verlangen, ob sie betreffende personenbezogene Daten verarbeitet werden; ist dies der Fall, so hat sie ein Recht auf Auskunft \u00fcber diese personenbezogenen Daten und auf die in Art. 15 DSGVO im einzelnen aufgef\u00fchrten Informationen.<\/p>\n<p>Die betroffene Person hat das Recht, von dem Verantwortlichen unverz\u00fcglich die Berichtigung sie betreffender unrichtiger personenbezogener Daten und ggf. die Vervollst\u00e4ndigung unvollst\u00e4ndiger personenbezogener Daten zu verlangen (Art. 16 DSGVO).<br \/>\nDie betroffene Person hat das Recht, von dem Verantwortlichen zu verlangen, dass sie betreffende personenbezogene Daten unverz\u00fcglich gel\u00f6scht werden, sofern einer der in Art. 17 DSGVO im einzelnen aufgef\u00fchrten Gr\u00fcnde zutrifft, z. B. wenn die Daten f\u00fcr die verfolgten Zwecke nicht mehr ben\u00f6tigt werden (Recht auf L\u00f6schung).<\/p>\n<p>Die betroffene Person hat das Recht, von dem Verantwortlichen die Einschr\u00e4nkung der Verarbeitung zu verlangen, wenn eine der in Art. 18 DSGVO aufgef\u00fchrten Voraussetzungen gegeben ist, z. B. wenn die betroffene Person Widerspruch gegen die Verarbeitung eingelegt hat, f\u00fcr die Dauer der Pr\u00fcfung durch den Verantwortlichen.<\/p>\n<p>Die betroffene Person hat das Recht, aus Gr\u00fcnden, die sich aus ihrer besonderen Situation ergeben, jederzeit gegen die Verarbeitung sie betreffender personenbezogener Daten Widerspruch einzulegen. Der Verantwortliche verarbeitet die personenbezogenen Daten dann nicht mehr, es sei denn, er kann zwingende schutzw\u00fcrdige Gr\u00fcnde f\u00fcr die Verarbeitung nachweisen, die die Interessen, Rechte und Freiheiten der betroffenen Person \u00fcberwiegen, oder die Verarbeitung dient der Geltendmachung, Aus\u00fcbung oder Verteidigung von Rechtsanspr\u00fcchen (Art. 21 DSGVO).<\/p>\n<p>Jede betroffene Person hat unbeschadet eines anderweitigen verwaltungsrechtlichen oder gerichtlichen Rechtsbehelfs das Recht auf Beschwerde bei einer Aufsichtsbeh\u00f6rde, wenn die betroffene Person der Ansicht ist, dass die Verarbeitung der sie betreffenden personenbezogenen Daten gegen die DSGVO verst\u00f6\u00dft (Art. 77 DSGVO). Die betroffene Person kann dieses Recht bei einer Aufsichtsbeh\u00f6rde in dem Mitgliedstaat ihres Aufenthaltsorts, ihres Arbeitsplatzes oder des Orts des mutma\u00dflichen Versto\u00dfes geltend machen. In Nordrhein-Westfalen ist die zust\u00e4ndige Aufsichtsbeh\u00f6rde der Landesbeauftragte f\u00fcr Datenschutz und Informationsfreiheit Nordrhein-Westfalen.  <\/p>\n        <\/div>\n                <\/div>\n  <\/div>\n<\/section>\n\n\n\n<section id=''\n         class=\"cta-new bg-\">\n  <div class=\"px-6 py-14 mx-auto max-w-3xl\">\n    <div class=\"rounded-2xl md:px-16 md:py-0 md:gap-8\n         flex \n          \n         bg-transparent \n         md:h-[318px]\">\n      <div class=\"flex-1 self-center md:min-w-[55%] order-1\">\n        <div class=\"prose-headings:mb-2 prose-p:text-base max-w-none\">\n                      <h2 class=\"text-header5 md:text-header3\"> Hol dir die Picnic-App <\/h2>\n                                <p> Die kostenlose Picnic-App ist verf\u00fcgbar f\u00fcr Android und iOS. Hol sie dir jetzt! <\/p>\n                  <\/div>\n                  <div class=\"hidden md:flex gap-2 justify-between mt-5 md:justify-start md:mr-4\">\n              <a href=\"\/download%20app%20slug\"\n   class=\"app-download app-store\"\n   target=\"_blank\">\n    <img decoding=\"async\" src=\"https:\/\/picnic.app\/de\/wp-content\/themes\/picnicMaster\/library\/images\/app-download\/app-store-nl.svg\"\n       class=\"inline-block max-w-full md:h-12 \">\n  <\/a>\n              <a href=\"\/download%20app%20slug\"\n   class=\"app-download google-play\"\n   target=\"_blank\">\n    <img decoding=\"async\" src=\"https:\/\/picnic.app\/de\/wp-content\/themes\/picnicMaster\/library\/images\/app-download\/google-play-nl.svg\"\n       class=\"inline-block max-w-full md:h-12 \">\n  <\/a>\n          <\/div>\n          <div class=\"block md:hidden\">\n            <a href=\"\/download%20app%20slug\"\n   class=\"app-download app-download-auto\"\n   target=\"_blank\">\n    <div class=\"inline-block px-3 py-2 text-body text-center text-white rounded-lg bg-red\">\n    <span class=\"inline\">download app<\/span>\n      <\/div>\n  <\/a>\n          <\/div>\n                      <\/div>\n      <div class=\"flex-1 order-2\">\n                          <img src='https:\/\/d2jxuf8ovdiw8x.cloudfront.net\/uploads\/sites\/24\/2021\/06\/Iphone_mockup_tiltet_cut_small.png'\n               alt='Picnic App'\n               class='hidden md:inline h-full'\n               style=\"\n               margin:px px px px; padding:px px px px;\">\n              <\/div>\n    <\/div>\n      <\/div>\n<\/section>\n","protected":false},"excerpt":{"rendered":"","protected":false},"author":5,"featured_media":0,"parent":1370,"menu_order":0,"comment_status":"closed","ping_status":"closed","template":"","meta":{"footnotes":""},"class_list":["post-2110","page","type-page","status-publish","hentry"],"acf":[],"yoast_head":"<!-- This site is optimized with the Yoast SEO Premium plugin v25.8 (Yoast SEO v25.9) - https:\/\/yoast.com\/wordpress\/plugins\/seo\/ -->\n<title>Video (Privacy) - Picnic DE<\/title>\n<meta name=\"robots\" content=\"index, follow, max-snippet:-1, max-image-preview:large, max-video-preview:-1\" \/>\n<link rel=\"canonical\" href=\"https:\/\/picnic.app\/de\/agb\/video\/\" \/>\n<meta property=\"og:locale\" content=\"en_US\" \/>\n<meta property=\"og:type\" content=\"article\" \/>\n<meta property=\"og:title\" content=\"Video (Privacy) - Picnic DE\" \/>\n<meta property=\"og:url\" content=\"https:\/\/picnic.app\/de\/agb\/video\/\" \/>\n<meta property=\"og:site_name\" content=\"Picnic DE\" \/>\n<meta property=\"article:modified_time\" content=\"2023-09-15T07:51:03+00:00\" \/>\n<meta property=\"og:image\" content=\"https:\/\/d2jxuf8ovdiw8x.cloudfront.net\/uploads\/sites\/24\/2022\/10\/DE-Picnic-Social-Share-Image.png\" \/>\n\t<meta property=\"og:image:width\" content=\"1200\" \/>\n\t<meta property=\"og:image:height\" content=\"800\" \/>\n\t<meta property=\"og:image:type\" content=\"image\/png\" \/>\n<meta name=\"twitter:card\" content=\"summary_large_image\" \/>\n<script type=\"application\/ld+json\" class=\"yoast-schema-graph\">{\"@context\":\"https:\/\/schema.org\",\"@graph\":[{\"@type\":\"WebPage\",\"@id\":\"https:\/\/picnic.app\/de\/agb\/video\/\",\"url\":\"https:\/\/picnic.app\/de\/agb\/video\/\",\"name\":\"Video (Privacy) - Picnic DE\",\"isPartOf\":{\"@id\":\"https:\/\/picnic.app\/de\/#website\"},\"datePublished\":\"2022-04-14T15:12:12+00:00\",\"dateModified\":\"2023-09-15T07:51:03+00:00\",\"breadcrumb\":{\"@id\":\"https:\/\/picnic.app\/de\/agb\/video\/#breadcrumb\"},\"inLanguage\":\"en-US\",\"potentialAction\":[{\"@type\":\"ReadAction\",\"target\":[\"https:\/\/picnic.app\/de\/agb\/video\/\"]}]},{\"@type\":\"BreadcrumbList\",\"@id\":\"https:\/\/picnic.app\/de\/agb\/video\/#breadcrumb\",\"itemListElement\":[{\"@type\":\"ListItem\",\"position\":1,\"name\":\"Allgemeine Gesch\u00e4ftsbedingungen\",\"item\":\"https:\/\/picnic.app\/de\/agb\/\"},{\"@type\":\"ListItem\",\"position\":2,\"name\":\"Video (Privacy)\"}]},{\"@type\":\"WebSite\",\"@id\":\"https:\/\/picnic.app\/de\/#website\",\"url\":\"https:\/\/picnic.app\/de\/\",\"name\":\"Picnic DE\",\"description\":\"Der Online Supermarkt\",\"publisher\":{\"@id\":\"https:\/\/picnic.app\/de\/#organization\"},\"potentialAction\":[{\"@type\":\"SearchAction\",\"target\":{\"@type\":\"EntryPoint\",\"urlTemplate\":\"https:\/\/picnic.app\/de\/?s={search_term_string}\"},\"query-input\":{\"@type\":\"PropertyValueSpecification\",\"valueRequired\":true,\"valueName\":\"search_term_string\"}}],\"inLanguage\":\"en-US\"},{\"@type\":\"Organization\",\"@id\":\"https:\/\/picnic.app\/de\/#organization\",\"name\":\"Picnic DE\",\"url\":\"https:\/\/picnic.app\/de\/\",\"logo\":{\"@type\":\"ImageObject\",\"inLanguage\":\"en-US\",\"@id\":\"https:\/\/picnic.app\/de\/#\/schema\/logo\/image\/\",\"url\":\"https:\/\/d2jxuf8ovdiw8x.cloudfront.net\/uploads\/sites\/24\/2025\/06\/Favicon-Picnic-Logo.png\",\"contentUrl\":\"https:\/\/d2jxuf8ovdiw8x.cloudfront.net\/uploads\/sites\/24\/2025\/06\/Favicon-Picnic-Logo.png\",\"width\":\"1\",\"height\":\"1\",\"caption\":\"Picnic DE\"},\"image\":{\"@id\":\"https:\/\/picnic.app\/de\/#\/schema\/logo\/image\/\"}}]}<\/script>\n<!-- \/ Yoast SEO Premium plugin. -->","yoast_head_json":{"title":"Video (Privacy) - Picnic DE","robots":{"index":"index","follow":"follow","max-snippet":"max-snippet:-1","max-image-preview":"max-image-preview:large","max-video-preview":"max-video-preview:-1"},"canonical":"https:\/\/picnic.app\/de\/agb\/video\/","og_locale":"en_US","og_type":"article","og_title":"Video (Privacy) - Picnic DE","og_url":"https:\/\/picnic.app\/de\/agb\/video\/","og_site_name":"Picnic DE","article_modified_time":"2023-09-15T07:51:03+00:00","og_image":[{"width":1200,"height":800,"url":"https:\/\/d2jxuf8ovdiw8x.cloudfront.net\/uploads\/sites\/24\/2022\/10\/DE-Picnic-Social-Share-Image.png","type":"image\/png"}],"twitter_card":"summary_large_image","schema":{"@context":"https:\/\/schema.org","@graph":[{"@type":"WebPage","@id":"https:\/\/picnic.app\/de\/agb\/video\/","url":"https:\/\/picnic.app\/de\/agb\/video\/","name":"Video (Privacy) - Picnic DE","isPartOf":{"@id":"https:\/\/picnic.app\/de\/#website"},"datePublished":"2022-04-14T15:12:12+00:00","dateModified":"2023-09-15T07:51:03+00:00","breadcrumb":{"@id":"https:\/\/picnic.app\/de\/agb\/video\/#breadcrumb"},"inLanguage":"en-US","potentialAction":[{"@type":"ReadAction","target":["https:\/\/picnic.app\/de\/agb\/video\/"]}]},{"@type":"BreadcrumbList","@id":"https:\/\/picnic.app\/de\/agb\/video\/#breadcrumb","itemListElement":[{"@type":"ListItem","position":1,"name":"Allgemeine Gesch\u00e4ftsbedingungen","item":"https:\/\/picnic.app\/de\/agb\/"},{"@type":"ListItem","position":2,"name":"Video (Privacy)"}]},{"@type":"WebSite","@id":"https:\/\/picnic.app\/de\/#website","url":"https:\/\/picnic.app\/de\/","name":"Picnic DE","description":"Der Online Supermarkt","publisher":{"@id":"https:\/\/picnic.app\/de\/#organization"},"potentialAction":[{"@type":"SearchAction","target":{"@type":"EntryPoint","urlTemplate":"https:\/\/picnic.app\/de\/?s={search_term_string}"},"query-input":{"@type":"PropertyValueSpecification","valueRequired":true,"valueName":"search_term_string"}}],"inLanguage":"en-US"},{"@type":"Organization","@id":"https:\/\/picnic.app\/de\/#organization","name":"Picnic DE","url":"https:\/\/picnic.app\/de\/","logo":{"@type":"ImageObject","inLanguage":"en-US","@id":"https:\/\/picnic.app\/de\/#\/schema\/logo\/image\/","url":"https:\/\/d2jxuf8ovdiw8x.cloudfront.net\/uploads\/sites\/24\/2025\/06\/Favicon-Picnic-Logo.png","contentUrl":"https:\/\/d2jxuf8ovdiw8x.cloudfront.net\/uploads\/sites\/24\/2025\/06\/Favicon-Picnic-Logo.png","width":"1","height":"1","caption":"Picnic DE"},"image":{"@id":"https:\/\/picnic.app\/de\/#\/schema\/logo\/image\/"}}]}},"_links":{"self":[{"href":"https:\/\/picnic.app\/de\/wp-json\/wp\/v2\/pages\/2110","targetHints":{"allow":["GET"]}}],"collection":[{"href":"https:\/\/picnic.app\/de\/wp-json\/wp\/v2\/pages"}],"about":[{"href":"https:\/\/picnic.app\/de\/wp-json\/wp\/v2\/types\/page"}],"author":[{"embeddable":true,"href":"https:\/\/picnic.app\/de\/wp-json\/wp\/v2\/users\/5"}],"replies":[{"embeddable":true,"href":"https:\/\/picnic.app\/de\/wp-json\/wp\/v2\/comments?post=2110"}],"version-history":[{"count":12,"href":"https:\/\/picnic.app\/de\/wp-json\/wp\/v2\/pages\/2110\/revisions"}],"predecessor-version":[{"id":3332,"href":"https:\/\/picnic.app\/de\/wp-json\/wp\/v2\/pages\/2110\/revisions\/3332"}],"up":[{"embeddable":true,"href":"https:\/\/picnic.app\/de\/wp-json\/wp\/v2\/pages\/1370"}],"wp:attachment":[{"href":"https:\/\/picnic.app\/de\/wp-json\/wp\/v2\/media?parent=2110"}],"curies":[{"name":"wp","href":"https:\/\/api.w.org\/{rel}","templated":true}]}}