{"id":4063,"date":"2024-09-11T13:53:27","date_gmt":"2024-09-11T13:53:27","guid":{"rendered":"https:\/\/picnic.app\/de\/?page_id=4063"},"modified":"2026-03-31T09:19:44","modified_gmt":"2026-03-31T09:19:44","slug":"aktionsbedingungen-treueprogramm","status":"publish","type":"page","link":"https:\/\/picnic.app\/de\/aktionsbedingungen-treueprogramm\/","title":{"rendered":"Loyalty &#8211; Terms &amp; Conditions"},"content":{"rendered":"\n<section id='' class=\"small-hero-2 md:!h-[600px] bg-transparent\">\n  <div class=\"container md:!max-w-[1060px] md:!gap-60\">\n    <div class='content'>\n                    <h2 class=\"mb-2\"><h1><span class=\"leading-none text-black\">Aktionsbedingungen f\u00fcr die Picnic-Sparaktion (Guzzini-Vorratsdosen)<\/span><\/h1>\n<\/h2>\n                          <\/div>\n          <img class='image' src='https:\/\/d2jxuf8ovdiw8x.cloudfront.net\/uploads\/sites\/24\/2024\/09\/DSC09032-1-scaled-1.jpg' alt=\"Freundliche Menschen werden Ihnen Ihre Lebensmittel liefern.\"><\/img>\n      <\/div>\n\n<\/section>\n\n\n\n\n<section id=\"\" class=\"post-content index bg-transparent\">\n  <div class='container'>\n    \n          <ul class='chapter-index'>\n                  <li>\n            <span class='count'>1.<\/span>\n            <a href='#-1'>Wie Du Sparpunkte erh\u00e4ltst<\/a>\n          <\/li>\n                  <li>\n            <span class='count'>2.<\/span>\n            <a href='#-2'>Einl\u00f6sen von Sparpunkten<\/a>\n          <\/li>\n                  <li>\n            <span class='count'>3.<\/span>\n            <a href='#-3'>Weitere Teilnahmebedingungen<\/a>\n          <\/li>\n              <\/ul>\n      <\/div>\n<\/section>\n\n<section class='post-content chapters \nchapters-2'>\n  <div class='container'>\n                    <div class='single-chapter' id='-1'>\n                        <h3><span class='count'>1.<\/span> Wie Du Sparpunkte erh\u00e4ltst<\/h3>\n            \n                          <ul>\n<li>Vom 13. April 2026 bis zum 5. Juli 2026 erh\u00e4ltst Du f\u00fcr jeden Einkauf bei Picnic im Wert von 10 \u20ac einen Sparpunkt.<\/li>\n<li>Die Anzahl der Sparpunkte wird anhand des Gesamtbetrags Deiner Lieferung berechnet.<\/li>\n<li>Die Sparpunkte werden vergeben, nachdem die Bestellung, mit der die Sparpunkte verdient werden, erfolgt ist. Die Anzahl der gesammelten Sparpunkte siehst du auf der Startseite der Picnic-App. Wenn Teile einer Bestellung nicht geliefert werden k\u00f6nnen, erh\u00e4ltst Du dennoch Sparpunkte f\u00fcr den urspr\u00fcnglichen Betrag der Bestellung. Wenn eine Bestellung storniert wird (entweder von dir oder von Picnic), werden die Punkte f\u00fcr diese Bestellung von deinem Guthaben abgezogen. . Wenn Du bei einer stornierten Bestellung Sparpunkte f\u00fcr ein Sparprodukt ausgegeben hast, werden diese Sparpunkte zur\u00fcckerstattet, weil Du wegen der Stornierung das gew\u00e4hlte Treueprodukt nicht erh\u00e4ltst.<\/li>\n<li>Die Sparpunkte k\u00f6nnen nur \u00fcber die Picnic-App gesammelt werden. Picnic gibt keine physischen Sparpunkte oder Treuekarten aus.<\/li>\n<li>Bestimmte Artikel sind von der Sparaktion ausgeschlossen, beispielsweise B\u00fccher und Tchibo-Artikel.<\/li>\n<\/ul>\n<p>&nbsp;<\/p>\n                    <\/div>\n                <div class='single-chapter' id='-2'>\n                        <h3><span class='count'>2.<\/span> Einl\u00f6sen von Sparpunkten<\/h3>\n            \n                          <ul>\n<li>Du kannst Deine Sparpunkte w\u00e4hrend der Picnic-Sparaktion f\u00fcr beliebige Guzzini-Treueprodukte in der Picnic-App einl\u00f6sen. Nicht eingel\u00f6ste Sparpunkte verfallen nach Abschluss der Picnic-Sparaktion.<\/li>\n<li>Du kannst ein Treueprodukt mit 25, oder 35 Sparpunkten (je nach Treueprodukt) und einer Zuzahlung (abh\u00e4ngig vom jeweiligen Produkt) kaufen.<\/li>\n<li>Du erh\u00e4ltst ein Treueprodukt Deiner Wahl, wenn Du es in Deinen Warenkorb legst und in der Picnic-App als Teil einer gr\u00f6\u00dferen Bestellung an der Kasse bezahlst. Bei Deiner n\u00e4chsten Bestellung liefern wir dann das von Dir gew\u00e4hlte Treueprodukt mit.<\/li>\n<li>Treueprodukte sind erh\u00e4ltlich, solange der Vorrat reicht. Du erh\u00e4ltst keine Entsch\u00e4digung f\u00fcr ungenutzte Sparpunkte, wenn die Treueprodukte nicht mehr verf\u00fcgbar sind.<\/li>\n<li>Du kannst ein erhaltenes Treueprodukt innerhalb von 14 Arbeitstagen zur\u00fcckgeben.<br \/>\nDu musst die Kosten f\u00fcr die R\u00fccksendung tragen. Sobald wir das Treueprodukt erhalten haben, erstatten wir die etwaige Zuzahlung und schreiben die Treuepunkte gut.<\/li>\n<li>Wenn ein Treueprodukt besch\u00e4digt oder defekt ist, wende dich bitte an unseren Kundenservice und sende bitte ein Foto des Produkts an uns.<\/li>\n<li>Sparpunkte sind nicht \u00fcbertragbar und k\u00f6nnen nicht gegen Bargeld oder andere Entsch\u00e4digungen eingetauscht werden.<\/li>\n<\/ul>\n<p>&nbsp;<\/p>\n                    <\/div>\n                <div class='single-chapter' id='-3'>\n                        <h3><span class='count'>3.<\/span> Weitere Teilnahmebedingungen<\/h3>\n            \n                          <ul>\n<li>Die Picnic-Sparaktion gilt nur f\u00fcr Privatkunden.<\/li>\n<li>Die Picnic-Sparaktion funktioniert ab der Picnic-App-Version 1.15.279 (IOS) oder 1.15.254 (Android).<\/li>\n<li>Einige Kunden nehmen an einem speziellen Programm teil. Dieses Programm ist auf ausgew\u00e4hlte Kunden beschr\u00e4nkt. Picnic kann bestimmen, wer Zugang zur Picnic-Sparaktion erh\u00e4lt.<\/li>\n<li>Im Falle von Betrug, Betrugsverdacht oder unrechtm\u00e4\u00dfigem Eingreifen in die Aktion beh\u00e4lt sich Picnic das Recht vor, Teilnehmer von der Teilnahme auszuschlie\u00dfen.<\/li>\n<li>Picnic hat das Recht, die Picnic-Sparaktion jederzeit zu beenden oder die Bedingungen der Aktion zu \u00e4ndern, ohne zur Zahlung einer Entsch\u00e4digung oder sonstigen Verg\u00fctung an die Teilnehmer des Treueprogramms verpflichtet zu sein. Picnic wird Dich hier\u00fcber informieren.<\/li>\n<li>Picnic kann die Anzahl der Treueprodukte, die pro Bestellung bestellt werden k\u00f6nnen, begrenzen.<\/li>\n<li>Picnic ist nicht verantwortlich f\u00fcr technische Ausf\u00e4lle, Netzwerk- oder andere technische Probleme, die dazu f\u00fchren k\u00f6nnen, dass Sparpunkte nicht vergeben oder eingel\u00f6st werden k\u00f6nnen.<\/li>\n<li>Picnic haftet nicht f\u00fcr Sch\u00e4den, die durch die Aktion verursacht werden, und auch nicht f\u00fcr Sch\u00e4den oder Verletzungen an Eigentum und\/oder Personen, die durch die Nutzung der Treueprodukte entstehen.<\/li>\n<li>Picnic haftet nicht f\u00fcr Druck- oder andere Fehler in den Kommunikationsmaterialien im Zusammenhang mit der Sparaktion.<\/li>\n<li>Um die Teilnahme an der Aktion zu registrieren und\/oder zu best\u00e4tigen, die gesammelten Punkte dem Teilnehmer zuzuordnen und die bestellten Treueprodukte zu versenden, verwendet Picnic personenbezogene Daten der Teilnehmer, die diese \u00fcber die Picnic-App eingegeben haben. F\u00fcr die Nutzung der Picnic-App und die Teilnahme an der Sparaktion gelten die Datenschutzbestimmungen von Picnic.<\/li>\n<li>Diese Bedingungen gelten f\u00fcr die Sparaktion von Picnic. Wenn Du im Rahmen der Sparaktion eine Bestellung bei Picnic aufgibst und Sparpunkte erhalten hast, stimmst Du diesen Bedingungen zu.<\/li>\n<li>Die Picnic-Sparaktion unterliegt den Allgemeinen Gesch\u00e4ftsbedingungen von Picnic.<\/li>\n<li>Bei allen Fragen, Beschwerden und\/oder Kommentaren zu dieser Aktion wendest Du Dich bitte an unseren Kundenservice unter +49 211 38789148.<\/li>\n<\/ul>\n<p>&nbsp;<\/p>\n<p>Amsterdam, 6. April 2026<\/p>\n                    <\/div>\n              <\/div>\n<\/section>\n\n","protected":false},"excerpt":{"rendered":"","protected":false},"author":232,"featured_media":0,"parent":0,"menu_order":0,"comment_status":"closed","ping_status":"closed","template":"","meta":{"footnotes":""},"class_list":["post-4063","page","type-page","status-publish","hentry"],"acf":[],"yoast_head":"<!-- This site is optimized with the Yoast SEO Premium plugin v25.8 (Yoast SEO v25.9) - https:\/\/yoast.com\/wordpress\/plugins\/seo\/ -->\n<title>Loyalty - Terms &amp; Conditions - Picnic DE<\/title>\n<meta name=\"robots\" content=\"index, follow, max-snippet:-1, max-image-preview:large, max-video-preview:-1\" \/>\n<link rel=\"canonical\" href=\"https:\/\/picnic.app\/de\/aktionsbedingungen-treueprogramm\/\" \/>\n<meta property=\"og:locale\" content=\"en_US\" \/>\n<meta property=\"og:type\" content=\"article\" \/>\n<meta property=\"og:title\" content=\"Loyalty - Terms &amp; Conditions - Picnic DE\" \/>\n<meta property=\"og:url\" content=\"https:\/\/picnic.app\/de\/aktionsbedingungen-treueprogramm\/\" \/>\n<meta property=\"og:site_name\" content=\"Picnic DE\" \/>\n<meta property=\"article:modified_time\" content=\"2026-03-31T09:19:44+00:00\" \/>\n<meta property=\"og:image\" content=\"https:\/\/d2jxuf8ovdiw8x.cloudfront.net\/uploads\/sites\/24\/2025\/06\/Favicon-Picnic-Logo.png\" \/>\n\t<meta property=\"og:image:width\" content=\"1\" \/>\n\t<meta property=\"og:image:height\" content=\"1\" \/>\n\t<meta property=\"og:image:type\" content=\"image\/png\" \/>\n<meta name=\"twitter:card\" content=\"summary_large_image\" \/>\n<meta name=\"twitter:label1\" content=\"Est. reading time\" \/>\n\t<meta name=\"twitter:data1\" content=\"4 minutes\" \/>\n<script type=\"application\/ld+json\" class=\"yoast-schema-graph\">{\"@context\":\"https:\/\/schema.org\",\"@graph\":[{\"@type\":\"WebPage\",\"@id\":\"https:\/\/picnic.app\/de\/aktionsbedingungen-treueprogramm\/\",\"url\":\"https:\/\/picnic.app\/de\/aktionsbedingungen-treueprogramm\/\",\"name\":\"Loyalty - Terms &amp; Conditions - Picnic DE\",\"isPartOf\":{\"@id\":\"https:\/\/picnic.app\/de\/#website\"},\"datePublished\":\"2024-09-11T13:53:27+00:00\",\"dateModified\":\"2026-03-31T09:19:44+00:00\",\"inLanguage\":\"en-US\",\"potentialAction\":[{\"@type\":\"ReadAction\",\"target\":[\"https:\/\/picnic.app\/de\/aktionsbedingungen-treueprogramm\/\"]}]},{\"@type\":\"WebSite\",\"@id\":\"https:\/\/picnic.app\/de\/#website\",\"url\":\"https:\/\/picnic.app\/de\/\",\"name\":\"Picnic DE\",\"description\":\"Der Online Supermarkt\",\"publisher\":{\"@id\":\"https:\/\/picnic.app\/de\/#organization\"},\"potentialAction\":[{\"@type\":\"SearchAction\",\"target\":{\"@type\":\"EntryPoint\",\"urlTemplate\":\"https:\/\/picnic.app\/de\/?s={search_term_string}\"},\"query-input\":{\"@type\":\"PropertyValueSpecification\",\"valueRequired\":true,\"valueName\":\"search_term_string\"}}],\"inLanguage\":\"en-US\"},{\"@type\":\"Organization\",\"@id\":\"https:\/\/picnic.app\/de\/#organization\",\"name\":\"Picnic DE\",\"url\":\"https:\/\/picnic.app\/de\/\",\"logo\":{\"@type\":\"ImageObject\",\"inLanguage\":\"en-US\",\"@id\":\"https:\/\/picnic.app\/de\/#\/schema\/logo\/image\/\",\"url\":\"https:\/\/d2jxuf8ovdiw8x.cloudfront.net\/uploads\/sites\/24\/2025\/06\/Favicon-Picnic-Logo.png\",\"contentUrl\":\"https:\/\/d2jxuf8ovdiw8x.cloudfront.net\/uploads\/sites\/24\/2025\/06\/Favicon-Picnic-Logo.png\",\"width\":\"1\",\"height\":\"1\",\"caption\":\"Picnic DE\"},\"image\":{\"@id\":\"https:\/\/picnic.app\/de\/#\/schema\/logo\/image\/\"}}]}<\/script>\n<!-- \/ Yoast SEO Premium plugin. -->","yoast_head_json":{"title":"Loyalty - Terms &amp; Conditions - Picnic DE","robots":{"index":"index","follow":"follow","max-snippet":"max-snippet:-1","max-image-preview":"max-image-preview:large","max-video-preview":"max-video-preview:-1"},"canonical":"https:\/\/picnic.app\/de\/aktionsbedingungen-treueprogramm\/","og_locale":"en_US","og_type":"article","og_title":"Loyalty - Terms &amp; Conditions - Picnic DE","og_url":"https:\/\/picnic.app\/de\/aktionsbedingungen-treueprogramm\/","og_site_name":"Picnic DE","article_modified_time":"2026-03-31T09:19:44+00:00","og_image":[{"url":"https:\/\/d2jxuf8ovdiw8x.cloudfront.net\/uploads\/sites\/24\/2025\/06\/Favicon-Picnic-Logo.png","width":1,"height":1,"type":"image\/png"}],"twitter_card":"summary_large_image","twitter_misc":{"Est. reading time":"4 minutes"},"schema":{"@context":"https:\/\/schema.org","@graph":[{"@type":"WebPage","@id":"https:\/\/picnic.app\/de\/aktionsbedingungen-treueprogramm\/","url":"https:\/\/picnic.app\/de\/aktionsbedingungen-treueprogramm\/","name":"Loyalty - Terms &amp; Conditions - Picnic DE","isPartOf":{"@id":"https:\/\/picnic.app\/de\/#website"},"datePublished":"2024-09-11T13:53:27+00:00","dateModified":"2026-03-31T09:19:44+00:00","inLanguage":"en-US","potentialAction":[{"@type":"ReadAction","target":["https:\/\/picnic.app\/de\/aktionsbedingungen-treueprogramm\/"]}]},{"@type":"WebSite","@id":"https:\/\/picnic.app\/de\/#website","url":"https:\/\/picnic.app\/de\/","name":"Picnic DE","description":"Der Online Supermarkt","publisher":{"@id":"https:\/\/picnic.app\/de\/#organization"},"potentialAction":[{"@type":"SearchAction","target":{"@type":"EntryPoint","urlTemplate":"https:\/\/picnic.app\/de\/?s={search_term_string}"},"query-input":{"@type":"PropertyValueSpecification","valueRequired":true,"valueName":"search_term_string"}}],"inLanguage":"en-US"},{"@type":"Organization","@id":"https:\/\/picnic.app\/de\/#organization","name":"Picnic DE","url":"https:\/\/picnic.app\/de\/","logo":{"@type":"ImageObject","inLanguage":"en-US","@id":"https:\/\/picnic.app\/de\/#\/schema\/logo\/image\/","url":"https:\/\/d2jxuf8ovdiw8x.cloudfront.net\/uploads\/sites\/24\/2025\/06\/Favicon-Picnic-Logo.png","contentUrl":"https:\/\/d2jxuf8ovdiw8x.cloudfront.net\/uploads\/sites\/24\/2025\/06\/Favicon-Picnic-Logo.png","width":"1","height":"1","caption":"Picnic DE"},"image":{"@id":"https:\/\/picnic.app\/de\/#\/schema\/logo\/image\/"}}]}},"_links":{"self":[{"href":"https:\/\/picnic.app\/de\/wp-json\/wp\/v2\/pages\/4063","targetHints":{"allow":["GET"]}}],"collection":[{"href":"https:\/\/picnic.app\/de\/wp-json\/wp\/v2\/pages"}],"about":[{"href":"https:\/\/picnic.app\/de\/wp-json\/wp\/v2\/types\/page"}],"author":[{"embeddable":true,"href":"https:\/\/picnic.app\/de\/wp-json\/wp\/v2\/users\/232"}],"replies":[{"embeddable":true,"href":"https:\/\/picnic.app\/de\/wp-json\/wp\/v2\/comments?post=4063"}],"version-history":[{"count":34,"href":"https:\/\/picnic.app\/de\/wp-json\/wp\/v2\/pages\/4063\/revisions"}],"predecessor-version":[{"id":9442,"href":"https:\/\/picnic.app\/de\/wp-json\/wp\/v2\/pages\/4063\/revisions\/9442"}],"wp:attachment":[{"href":"https:\/\/picnic.app\/de\/wp-json\/wp\/v2\/media?parent=4063"}],"curies":[{"name":"wp","href":"https:\/\/api.w.org\/{rel}","templated":true}]}}