{"id":6456,"date":"2025-06-03T12:02:10","date_gmt":"2025-06-03T12:02:10","guid":{"rendered":"https:\/\/picnic.app\/de\/?page_id=6456"},"modified":"2026-04-10T12:55:35","modified_gmt":"2026-04-10T12:55:35","slug":"online-supermarkt","status":"publish","type":"page","link":"https:\/\/picnic.app\/de\/online-supermarkt\/","title":{"rendered":"2025_DE_Online Supermarket"},"content":{"rendered":"\n<style>\n  .location-hero-bg {\n    background-image: linear-gradient(13deg,rgba(0, 0, 0, 1) -60%, rgba(0, 0, 0, 0) 61%), url(https:\/\/d2jxuf8ovdiw8x.cloudfront.net\/uploads\/sites\/24\/2025\/08\/OSDlll075.png);\n  }\n\n  @media screen and (max-width: 768px) {\n    .location-hero-bg {\n      background-image: url(https:\/\/d2jxuf8ovdiw8x.cloudfront.net\/uploads\/sites\/24\/2026\/03\/NewOSFinal.jpg);\n    }\n  }\n<\/style>\n\n<section id=\"\">\n\n  <div class=\"location-hero-bg bg-no-repeat bg-cover bg-center max-w-[1920px] mx-auto\">\n    <div class=\"text-center md:text-left content-center md:content-end px-6 md:px-10 lg:px-25 py-10 md:py-20 h-[480px] md:h-[640px] text-shadow-[0px 0px 25px black]\">\n      \n              <h1 class=\"text-[40px] mb-8 md:mb-4 text-white\">Services und Angebot in deinem Online-Supermarkt<\/h2>\n      \n              <div class=\"hidden w-1\/2 md:block text-base text-white\"><p>Picnic ist mehr als nur ein Online-Supermarkt. Nat\u00fcrlich kannst du dich bei uns immer auf frische Lebensmittel, faire Preise und w\u00f6chentlich neue Angebote verlassen. Aber wir gehen noch einen Schritt weiter: mit kostenloser Lieferung, unkomplizierter Pfandr\u00fccknahme und einem Kundenservice, der immer f\u00fcr dich da ist.<\/p>\n<\/div>\n      \n              <a class=\"js-download before:hidden !inline mt-4 bg-green8 p-3 rounded-xl text-white font-semibold md:!hidden\"\n           target=\"_blank\"\n           href='\/download%20app%20slug'>Download App<\/a>\n      \n      <div class=\"buttons direct !hidden md:!flex mt-4 gap-2 relative flex-row\">\n        <a class=\"js-download-ios rounded-md bg-cover bg-center w-36 h-11 hover:opacity-80\"\n          style=\"background-image: url('https:\/\/d2jxuf8ovdiw8x.cloudfront.net\/uploads\/sites\/24\/2025\/12\/App-store-white.png');\"\n          target=\"_blank\"\n          href='\/download%20app%20slug'><\/a>\n        <a class=\"js-download-android rounded-md bg-cover bg-center w-36 h-11 hover:opacity-80\"\n          style=\"background-image: url('https:\/\/d2jxuf8ovdiw8x.cloudfront.net\/uploads\/sites\/24\/2025\/12\/Google-play-white.png');\"\n          target=\"_blank\"\n          href='\/download%20app%20slug'><\/a>\n      <\/div>\n\n    <\/div>\n  <\/div>\n\n\n      <div class=\"block md:hidden text-base text-black px-6 pt-12 pb-4\"><p>Picnic ist mehr als nur ein Online-Supermarkt. Nat\u00fcrlich kannst du dich bei uns immer auf frische Lebensmittel, faire Preise und w\u00f6chentlich neue Angebote verlassen. Aber wir gehen noch einen Schritt weiter: mit kostenloser Lieferung, unkomplizierter Pfandr\u00fccknahme und einem Kundenservice, der immer f\u00fcr dich da ist.<\/p>\n<\/div>\n  <\/section>\n\n\n\n<section id=\"\"\n         class=\"gallery-grid bg-transparent\">\n  <div class=\"px-5 py-10 mx-auto md:px-10 md:py-20 max-w-1400\">\n    <div>\n                    <div class=\"prose mb-4\">\n          <h2><span class=\"text-black text-3xl\"><strong>Lieferung &amp; Extra-Services<\/strong><\/span><\/h2>\n<p><span class=\"text-black\">Als Supermarkt auf R\u00e4dern bringen wir alle deine Eink\u00e4ufe und die leckersten Rezepte direkt zu dir nach Hause \u2013 immer kostenlos und minutengenau. Und wir nehmen auch deine Pfandflaschen gleich mit zur\u00fcck. Wir sind ja sowieso schon an der T\u00fcr!<\/span><\/p>\n<p>&nbsp;<\/p>\n        <\/div>\n      \n              <div class=\"grid gap-10 grid-cols-1 md:grid-cols-4\">\n                                    <a href=\"https:\/\/picnic.app\/de\/online-supermarkt\/wie-funktioniert-picnic\/\">\n                        <span class=\"block bg-center bg-no-repeat rounded-2xl h-75\n              bg-cover \"\n              style='background-image: url(https:\/\/d2jxuf8ovdiw8x.cloudfront.net\/uploads\/sites\/24\/2025\/06\/PICNIC-additional-tiffjpeg-\ufffd-\u00a9-Rachel-Ecclestone-Photography-\ufffd-March-27-2024-EmptyName-28-1-7.png'><\/span>\n    \n    <div class='p-6 max-w-none prose prose-h3:text-2xl md:prose-h3:text-h3'>\n                    <h3>Wie funktioniert Picnic?<\/h3>\n        \n        <p><span class=\"text-black\">Von der Bestellung in der Picnic App bis zur Pfandabgabe: Erfahre, wie du bei Picnic Lebensmittel online bestellen kannst. Probiere es gleich aus!<\/span><\/p>\n    <\/div>\n                <\/a>\n                                                <a href=\"https:\/\/picnic.app\/de\/online-supermarkt\/lieferung\/\">\n                        <span class=\"block bg-center bg-no-repeat rounded-2xl h-75\n              bg-cover \"\n              style='background-image: url(https:\/\/d2jxuf8ovdiw8x.cloudfront.net\/uploads\/sites\/24\/2025\/08\/CleandeliveryM15.png'><\/span>\n    \n    <div class='p-6 max-w-none prose prose-h3:text-2xl md:prose-h3:text-h3'>\n                    <h3>Picnic liefert deine Eink\u00e4ufe bis zur Wohnungst\u00fcr<\/h3>\n        \n        <p><span class=\"text-black\">Lass dir deine Lebensmittel von uns bis zur Wohnungst\u00fcr liefern. Jetzt ausprobieren!<\/span><\/p>\n    <\/div>\n                <\/a>\n                                                <a href=\"https:\/\/picnic.app\/de\/online-supermarkt\/extra-service\/\">\n                        <span class=\"block bg-center bg-no-repeat rounded-2xl h-75\n              bg-cover \"\n              style='background-image: url(https:\/\/d2jxuf8ovdiw8x.cloudfront.net\/uploads\/sites\/24\/2025\/06\/plastic-bags-mobile.png'><\/span>\n    \n    <div class='p-6 max-w-none prose prose-h3:text-2xl md:prose-h3:text-h3'>\n                    <h3>Unser Extra-Service f\u00fcr dich<\/h3>\n        \n        <p><span class=\"text-black\">Wir nehmen dein Pfand, leere Batterien und Sodastream-Zylinder mit. Erfahre hier alles \u00fcber unsere Services.<\/span><\/p>\n    <\/div>\n                <\/a>\n                                                <a href=\"https:\/\/picnic.app\/de\/alle-orte\/\">\n                        <span class=\"block bg-center bg-no-repeat rounded-2xl h-75\n              bg-cover \"\n              style='background-image: url(https:\/\/d2jxuf8ovdiw8x.cloudfront.net\/uploads\/sites\/24\/2023\/07\/IMG_8999_EDIT_Full.webp'><\/span>\n    \n    <div class='p-6 max-w-none prose prose-h3:text-2xl md:prose-h3:text-h3'>\n                    <h3>Wohin liefert Picnic?<\/h3>\n        \n        <p><span class=\"text-black\">Wir liefern in immer mehr St\u00e4dten Lebensmittel zu g\u00fcnstigen Preisen gratis nach Hause. Fast jeden Monat kommen neue St\u00e4dte dazu! Kommen wir auch schon zu dir?<\/span><\/p>\n    <\/div>\n                <\/a>\n                              <\/div>\n          <\/div>\n  <\/div>\n<\/section>\n\n\n\n\n<section id=\"\"\n         class=\"gallery-grid bg-transparent\">\n  <div class=\"px-5 py-10 mx-auto md:px-10 md:py-20 max-w-1400\">\n    <div>\n                    <div class=\"prose mb-4\">\n          <h2><strong><span class=\"text-3xl text-black\">Sortiment &amp; Angebote<\/span><\/strong><\/h2>\n<p><span class=\"text-black\">Bei Picnic sind faire Preise selbstverst\u00e4ndlich. Deshalb achten wir darauf, dass deine t\u00e4glichen Eink\u00e4ufe immer bezahlbar bleiben. Und oftmals gibt es obendrauf noch extra Rabatte!<\/span><\/p>\n<p>&nbsp;<\/p>\n        <\/div>\n      \n              <div class=\"grid gap-10 grid-cols-1 md:grid-cols-4\">\n                                    <a href=\"https:\/\/picnic.app\/de\/online-supermarkt\/angebote\/\">\n                        <span class=\"block bg-center bg-no-repeat rounded-2xl h-75\n              bg-cover \"\n              style='background-image: url(https:\/\/d2jxuf8ovdiw8x.cloudfront.net\/uploads\/sites\/24\/2025\/07\/Static-1x1-4.png'><\/span>\n    \n    <div class='p-6 max-w-none prose prose-h3:text-2xl md:prose-h3:text-h3'>\n                    <h3>Spare mit Picnics Angeboten<\/h3>\n        \n        <p><span class=\"text-black\">Spare jede Woche mit den Picnic-Angeboten! B\u00fcndel-Bonus, Europarade &amp; Kombikracher warten auf dich. Jetzt alle Deals entdecken und mehr sparen!<\/span><\/p>\n    <\/div>\n                <\/a>\n                                                <a href=\"https:\/\/picnic.app\/de\/online-supermarkt\/rabatte\/\">\n                        <span class=\"block bg-center bg-no-repeat rounded-2xl h-75\n              bg-cover \"\n              style='background-image: url(https:\/\/d2jxuf8ovdiw8x.cloudfront.net\/uploads\/sites\/24\/2026\/04\/RabattNeuOverview.png'><\/span>\n    \n    <div class='p-6 max-w-none prose prose-h3:text-2xl md:prose-h3:text-h3'>\n                    <h3>Spare mit den Picnic Rabatten<\/h3>\n        \n        <p><span class=\"text-black\">Sag\u2019s weiter! F\u00fcr jede Empfehlung schenken wir dir und deinen Freunden 10 \u20ac Rabatt auf den n\u00e4chsten Einkauf. Jetzt Code teilen &amp; sparen!<\/span><\/p>\n    <\/div>\n                <\/a>\n                                                <a href=\"https:\/\/picnic.app\/de\/sortiment\/\">\n                        <span class=\"block bg-center bg-no-repeat rounded-2xl h-75\n              bg-cover \"\n              style='background-image: url(https:\/\/d2jxuf8ovdiw8x.cloudfront.net\/uploads\/sites\/24\/2025\/05\/box.png'><\/span>\n    \n    <div class='p-6 max-w-none prose prose-h3:text-2xl md:prose-h3:text-h3'>\n                    <h3>Kleiner Flitzer, riesiges Sortiment<\/h3>\n        \n        <p><span class=\"text-black\">Von den bekannten Marken bis hin zu Brot vom regionalen B\u00e4cker. Aber auch superfrisches Gem\u00fcse, hochwertiges Fleisch und eine komplette Drogerie.<\/span><\/p>\n    <\/div>\n                <\/a>\n                              <\/div>\n          <\/div>\n  <\/div>\n<\/section>\n\n\n\n\n<section id='' class=\"text-media mx-auto px-0 md:px-24 bg-transparent \n  media-left non-overlap   \">\n  <div class=\"container !px-6 pb-10 flex items-center md:!gap-14 !min-h-[auto] md:px-0\n    md:flex-row    flex-col gap-8\">\n    <div class=\"media relative md:absolute z-10 left-0 basis-2\/3 w-full md:max-w-[712px] \">\n                <img class='image w-full h-full rounded-3xl mobile-rounded-0 object-cover' src='https:\/\/d2jxuf8ovdiw8x.cloudfront.net\/uploads\/sites\/24\/2025\/06\/Group-2.png' alt=\"Elektrisches Picnic Fahrzeug\">\n                    <\/div>\n    <div class='content relative md:absolute !w-full p-0 basis-1\/3 rounded-3xl right-0 z-20 md:max-w-lg\n      prose-headings:!mb-4 prose-p:text-base prose-p:leading-6 prose-p:!p-0 prose-p:!m-0\n      prose-headings:font-bold prose-headings:text-h3 md:prose-p:text-xl      prose-p:text-grey3      '>\n      <h2><strong><span class=\"text-black\"><img loading=\"lazy\" decoding=\"async\" class=\"alignnone size-medium wp-image-6922\" src=\"https:\/\/d2jxuf8ovdiw8x.cloudfront.net\/uploads\/sites\/24\/2025\/06\/Group-2.png\" alt=\"\" width=\"1\" height=\"1\" \/>Hol dir die Picnic-App!<\/span><\/strong><\/h2>\n<p><span class=\"text-black\">Die kostenlose Picnic-App ist verf\u00fcgbar f\u00fcr iOS und Android. Hol sie dir jetzt!<\/span><\/p>\n                      <div class=\"mt-6\">\n              <div class='buttons direct flex hero'>\n                  <a href='\/download%20app%20slug'\n                     class='locale btn ios transition-trigger js-download-ios -ios'><\/a>\n                  <a href='\/download%20app%20slug'\n                     class='locale btn android transition-trigger js-download-android -android'><\/a>\n                  <a href='\/download%20app%20slug'\n                     class='btn mobile transition-trigger red js-download justify-center !bg-none !bg-red !py-3 !px-4 !inline-block\n            md:!hidden '>download app<\/a>\n              <\/div>\n          <\/div>\n          <\/div>\n  <\/div>\n  <\/section>\n\n\n\n<p><\/p>\n","protected":false},"excerpt":{"rendered":"","protected":false},"author":587,"featured_media":7208,"parent":0,"menu_order":0,"comment_status":"closed","ping_status":"closed","template":"","meta":{"footnotes":""},"class_list":["post-6456","page","type-page","status-publish","has-post-thumbnail","hentry"],"acf":[],"yoast_head":"<!-- This site is optimized with the Yoast SEO Premium plugin v25.8 (Yoast SEO v25.9) - https:\/\/yoast.com\/wordpress\/plugins\/seo\/ -->\n<title>Picnic Online-Supermarkt: Services &amp; Angebote | Picnic<\/title>\n<meta name=\"description\" content=\"Bei Picnic findest du alles, was du von einem Online-Supermarkt erwartest. Schau dir unsere Services und Angebote an!\" \/>\n<meta name=\"robots\" content=\"index, follow, max-snippet:-1, max-image-preview:large, max-video-preview:-1\" \/>\n<link rel=\"canonical\" href=\"https:\/\/picnic.app\/de\/online-supermarkt\/\" \/>\n<meta property=\"og:locale\" content=\"en_US\" \/>\n<meta property=\"og:type\" content=\"article\" \/>\n<meta property=\"og:title\" content=\"Picnic Online-Supermarkt: Services &amp; Angebote | Picnic\" \/>\n<meta property=\"og:description\" content=\"Bei Picnic findest du alles, was du von einem Online-Supermarkt erwartest. Schau dir unsere Services und Angebote an!\" \/>\n<meta property=\"og:url\" content=\"https:\/\/picnic.app\/de\/online-supermarkt\/\" \/>\n<meta property=\"og:site_name\" content=\"Picnic DE\" \/>\n<meta property=\"article:modified_time\" content=\"2026-04-10T12:55:35+00:00\" \/>\n<meta property=\"og:image\" content=\"https:\/\/d2jxuf8ovdiw8x.cloudfront.net\/uploads\/sites\/24\/2025\/08\/newOSM15.png\" \/>\n\t<meta property=\"og:image:width\" content=\"1\" \/>\n\t<meta property=\"og:image:height\" content=\"1\" \/>\n\t<meta property=\"og:image:type\" content=\"image\/png\" \/>\n<meta name=\"twitter:card\" content=\"summary_large_image\" \/>\n<meta name=\"twitter:label1\" content=\"Est. reading time\" \/>\n\t<meta name=\"twitter:data1\" content=\"3 minutes\" \/>\n<script type=\"application\/ld+json\" class=\"yoast-schema-graph\">{\"@context\":\"https:\/\/schema.org\",\"@graph\":[{\"@type\":\"WebPage\",\"@id\":\"https:\/\/picnic.app\/de\/online-supermarkt\/\",\"url\":\"https:\/\/picnic.app\/de\/online-supermarkt\/\",\"name\":\"Picnic Online-Supermarkt: Services & Angebote | Picnic\",\"isPartOf\":{\"@id\":\"https:\/\/picnic.app\/de\/#website\"},\"primaryImageOfPage\":{\"@id\":\"https:\/\/picnic.app\/de\/online-supermarkt\/#primaryimage\"},\"image\":{\"@id\":\"https:\/\/picnic.app\/de\/online-supermarkt\/#primaryimage\"},\"thumbnailUrl\":\"https:\/\/d2jxuf8ovdiw8x.cloudfront.net\/uploads\/sites\/24\/2025\/08\/newOSM15.png\",\"datePublished\":\"2025-06-03T12:02:10+00:00\",\"dateModified\":\"2026-04-10T12:55:35+00:00\",\"description\":\"Bei Picnic findest du alles, was du von einem Online-Supermarkt erwartest. Schau dir unsere Services und Angebote an!\",\"inLanguage\":\"en-US\",\"potentialAction\":[{\"@type\":\"ReadAction\",\"target\":[\"https:\/\/picnic.app\/de\/online-supermarkt\/\"]}]},{\"@type\":\"ImageObject\",\"inLanguage\":\"en-US\",\"@id\":\"https:\/\/picnic.app\/de\/online-supermarkt\/#primaryimage\",\"url\":\"https:\/\/d2jxuf8ovdiw8x.cloudfront.net\/uploads\/sites\/24\/2025\/08\/newOSM15.png\",\"contentUrl\":\"https:\/\/d2jxuf8ovdiw8x.cloudfront.net\/uploads\/sites\/24\/2025\/08\/newOSM15.png\",\"caption\":\"Freundliche Menschen werden Ihnen Ihre Lebensmittel liefern.\"},{\"@type\":\"WebSite\",\"@id\":\"https:\/\/picnic.app\/de\/#website\",\"url\":\"https:\/\/picnic.app\/de\/\",\"name\":\"Picnic DE\",\"description\":\"Der Online Supermarkt\",\"publisher\":{\"@id\":\"https:\/\/picnic.app\/de\/#organization\"},\"potentialAction\":[{\"@type\":\"SearchAction\",\"target\":{\"@type\":\"EntryPoint\",\"urlTemplate\":\"https:\/\/picnic.app\/de\/?s={search_term_string}\"},\"query-input\":{\"@type\":\"PropertyValueSpecification\",\"valueRequired\":true,\"valueName\":\"search_term_string\"}}],\"inLanguage\":\"en-US\"},{\"@type\":\"Organization\",\"@id\":\"https:\/\/picnic.app\/de\/#organization\",\"name\":\"Picnic DE\",\"url\":\"https:\/\/picnic.app\/de\/\",\"logo\":{\"@type\":\"ImageObject\",\"inLanguage\":\"en-US\",\"@id\":\"https:\/\/picnic.app\/de\/#\/schema\/logo\/image\/\",\"url\":\"https:\/\/d2jxuf8ovdiw8x.cloudfront.net\/uploads\/sites\/24\/2025\/06\/Favicon-Picnic-Logo.png\",\"contentUrl\":\"https:\/\/d2jxuf8ovdiw8x.cloudfront.net\/uploads\/sites\/24\/2025\/06\/Favicon-Picnic-Logo.png\",\"width\":\"1\",\"height\":\"1\",\"caption\":\"Picnic DE\"},\"image\":{\"@id\":\"https:\/\/picnic.app\/de\/#\/schema\/logo\/image\/\"}}]}<\/script>\n<!-- \/ Yoast SEO Premium plugin. -->","yoast_head_json":{"title":"Picnic Online-Supermarkt: Services & Angebote | Picnic","description":"Bei Picnic findest du alles, was du von einem Online-Supermarkt erwartest. Schau dir unsere Services und Angebote an!","robots":{"index":"index","follow":"follow","max-snippet":"max-snippet:-1","max-image-preview":"max-image-preview:large","max-video-preview":"max-video-preview:-1"},"canonical":"https:\/\/picnic.app\/de\/online-supermarkt\/","og_locale":"en_US","og_type":"article","og_title":"Picnic Online-Supermarkt: Services & Angebote | Picnic","og_description":"Bei Picnic findest du alles, was du von einem Online-Supermarkt erwartest. Schau dir unsere Services und Angebote an!","og_url":"https:\/\/picnic.app\/de\/online-supermarkt\/","og_site_name":"Picnic DE","article_modified_time":"2026-04-10T12:55:35+00:00","og_image":[{"url":"https:\/\/d2jxuf8ovdiw8x.cloudfront.net\/uploads\/sites\/24\/2025\/08\/newOSM15.png","width":1,"height":1,"type":"image\/png"}],"twitter_card":"summary_large_image","twitter_misc":{"Est. reading time":"3 minutes"},"schema":{"@context":"https:\/\/schema.org","@graph":[{"@type":"WebPage","@id":"https:\/\/picnic.app\/de\/online-supermarkt\/","url":"https:\/\/picnic.app\/de\/online-supermarkt\/","name":"Picnic Online-Supermarkt: Services & Angebote | Picnic","isPartOf":{"@id":"https:\/\/picnic.app\/de\/#website"},"primaryImageOfPage":{"@id":"https:\/\/picnic.app\/de\/online-supermarkt\/#primaryimage"},"image":{"@id":"https:\/\/picnic.app\/de\/online-supermarkt\/#primaryimage"},"thumbnailUrl":"https:\/\/d2jxuf8ovdiw8x.cloudfront.net\/uploads\/sites\/24\/2025\/08\/newOSM15.png","datePublished":"2025-06-03T12:02:10+00:00","dateModified":"2026-04-10T12:55:35+00:00","description":"Bei Picnic findest du alles, was du von einem Online-Supermarkt erwartest. Schau dir unsere Services und Angebote an!","inLanguage":"en-US","potentialAction":[{"@type":"ReadAction","target":["https:\/\/picnic.app\/de\/online-supermarkt\/"]}]},{"@type":"ImageObject","inLanguage":"en-US","@id":"https:\/\/picnic.app\/de\/online-supermarkt\/#primaryimage","url":"https:\/\/d2jxuf8ovdiw8x.cloudfront.net\/uploads\/sites\/24\/2025\/08\/newOSM15.png","contentUrl":"https:\/\/d2jxuf8ovdiw8x.cloudfront.net\/uploads\/sites\/24\/2025\/08\/newOSM15.png","caption":"Freundliche Menschen werden Ihnen Ihre Lebensmittel liefern."},{"@type":"WebSite","@id":"https:\/\/picnic.app\/de\/#website","url":"https:\/\/picnic.app\/de\/","name":"Picnic DE","description":"Der Online Supermarkt","publisher":{"@id":"https:\/\/picnic.app\/de\/#organization"},"potentialAction":[{"@type":"SearchAction","target":{"@type":"EntryPoint","urlTemplate":"https:\/\/picnic.app\/de\/?s={search_term_string}"},"query-input":{"@type":"PropertyValueSpecification","valueRequired":true,"valueName":"search_term_string"}}],"inLanguage":"en-US"},{"@type":"Organization","@id":"https:\/\/picnic.app\/de\/#organization","name":"Picnic DE","url":"https:\/\/picnic.app\/de\/","logo":{"@type":"ImageObject","inLanguage":"en-US","@id":"https:\/\/picnic.app\/de\/#\/schema\/logo\/image\/","url":"https:\/\/d2jxuf8ovdiw8x.cloudfront.net\/uploads\/sites\/24\/2025\/06\/Favicon-Picnic-Logo.png","contentUrl":"https:\/\/d2jxuf8ovdiw8x.cloudfront.net\/uploads\/sites\/24\/2025\/06\/Favicon-Picnic-Logo.png","width":"1","height":"1","caption":"Picnic DE"},"image":{"@id":"https:\/\/picnic.app\/de\/#\/schema\/logo\/image\/"}}]}},"_links":{"self":[{"href":"https:\/\/picnic.app\/de\/wp-json\/wp\/v2\/pages\/6456","targetHints":{"allow":["GET"]}}],"collection":[{"href":"https:\/\/picnic.app\/de\/wp-json\/wp\/v2\/pages"}],"about":[{"href":"https:\/\/picnic.app\/de\/wp-json\/wp\/v2\/types\/page"}],"author":[{"embeddable":true,"href":"https:\/\/picnic.app\/de\/wp-json\/wp\/v2\/users\/587"}],"replies":[{"embeddable":true,"href":"https:\/\/picnic.app\/de\/wp-json\/wp\/v2\/comments?post=6456"}],"version-history":[{"count":61,"href":"https:\/\/picnic.app\/de\/wp-json\/wp\/v2\/pages\/6456\/revisions"}],"predecessor-version":[{"id":9513,"href":"https:\/\/picnic.app\/de\/wp-json\/wp\/v2\/pages\/6456\/revisions\/9513"}],"wp:featuredmedia":[{"embeddable":true,"href":"https:\/\/picnic.app\/de\/wp-json\/wp\/v2\/media\/7208"}],"wp:attachment":[{"href":"https:\/\/picnic.app\/de\/wp-json\/wp\/v2\/media?parent=6456"}],"curies":[{"name":"wp","href":"https:\/\/api.w.org\/{rel}","templated":true}]}}