{"id":6482,"date":"2025-06-06T09:31:36","date_gmt":"2025-06-06T09:31:36","guid":{"rendered":"https:\/\/picnic.app\/de\/?page_id=6482"},"modified":"2026-04-10T13:16:18","modified_gmt":"2026-04-10T13:16:18","slug":"extra-service","status":"publish","type":"page","link":"https:\/\/picnic.app\/de\/online-supermarkt\/extra-service\/","title":{"rendered":"2025_DE_Extra Services"},"content":{"rendered":"<style>\n  .simple-hero-bg {\n    background-image: url(https:\/\/d2jxuf8ovdiw8x.cloudfront.net\/uploads\/sites\/24\/2025\/06\/plastic-bags-desktop.png);\n  }\n\n  @media screen and (max-width: 768px) {\n    .simple-hero-bg {\n      background-image: url(https:\/\/d2jxuf8ovdiw8x.cloudfront.net\/uploads\/sites\/24\/2025\/06\/plastic-bags-mobile.png);\n    }\n  }\n<\/style>\n\n<section\n  id=\"\"\n  class=\"md:min-h-[554px] relative -top-30 -mb-15 md:top-0 md:mb-0\">\n\n  <!-- Gradient overlay for small size -->\n      <div\n      class=\"z-[1] absolute bottom-0 -left-[35%] w-[120%] h-full\"\n      style=\"background: radial-gradient(circle at 45% 75%, rgba(0, 0, 0, 0.3) 20%, transparent 70%);\">\n    <\/div>\n  \n  <div class=\"simple-hero-bg bg-no-repeat bg-cover relative bg-center max-w-full\n              md:min-h-[554px] flex items-end pt-30\">\n    <div class=\"container py-10\">\n\n      <!-- Main content -->\n      <div class=\"relative z-[1] prose prose-strong:text-red prose-strong:font-semibold prose-headings:font-normal prose-headings:mb-4\n                  prose-h2:text-2xl md:prose-h2:text-6xl prose-p:leading-normal\">\n        <h1><strong class=\"text-white\"><span class=\"text-white\">Unser<\/span> <span class=\"text-white\">Extra-Service<\/span> <span class=\"text-white\">f\u00fcr<\/span><span class=\"text-white\"> dich<\/span><\/strong><\/h1>\n<p><span class=\"text-white\">Wir bringen nicht nur deine Eink\u00e4ufe, wir nehmen auch einiges wieder mit zur\u00fcck: Von unseren T\u00fcten, \u00fcber Leergut, bis hin zu leeren Batterien und CO2-Zylindern.<\/span><\/p>\n      <\/div>\n\n              <!-- Custom button -->\n                  <div class=\"buttons direct flex mt-8 gap-2 relative z-[1] !flex-row\">\n                        <a href=\"\"\n               class=\"js-download-ios inline-block bg-white bg-cover bg-center border-0 rounded-lg duration-200 \\\n                ease-in-out active:animate-[click_200ms_ease-in-out] mb-2 lg:mb-0 \\\n                p-2.5 w-36 h-11 hover:opacity-80\"\n               style=\"background-image: url('https:\/\/d1gr3r269tafbs.cloudfront.net\/nextjs\/jobs\/app-store-dark_1737618798.png');\"><\/a>\n            <a href=\"https:\/\/app.adjust.com\/bn65k1?campaign=null&#038;adgroup=app-herunterladen\"\n               class=\"js-download-android inline-block bg-white bg-cover bg-center border-0 rounded-lg duration-200 \\\n                ease-in-out active:animate-[click_200ms_ease-in-out] mb-2 lg:mb-0 \\\n                p-2.5 w-36 h-11 hover:opacity-80\"\n               style=\"background-image: url('https:\/\/d1gr3r269tafbs.cloudfront.net\/nextjs\/jobs\/play-store-dark_1737618858.png');\"><\/a>\n          <\/div>\n              \n    <\/div>\n  <\/div>\n<\/section>\n\n\n\n<section id='' class=\"text-media mx-auto px-0 md:px-24  \n  media-left non-overlap   \">\n  <div class=\"container !px-6 pb-10 flex items-center md:!gap-14 !min-h-[auto] md:px-0\n    md:flex-row    flex-col-reverse gap-4\">\n    <div class=\"media relative md:absolute z-10 left-0 basis-2\/3 w-full md:max-w-[712px] \">\n                <img class='image w-full h-full rounded-3xl mobile-rounded-0 object-cover' src='https:\/\/d2jxuf8ovdiw8x.cloudfront.net\/uploads\/sites\/24\/2025\/06\/OC-Visuals.png' alt=\"Glas, Flaschen und Dosen recyclen.\">\n                    <\/div>\n    <div class='content relative md:absolute !w-full p-0 basis-1\/3 rounded-3xl right-0 z-20 md:max-w-lg\n      prose-headings:!mb-4 prose-p:text-base prose-p:leading-6 prose-p:!p-0 prose-p:!m-0\n      prose-headings:font-bold prose-headings:text-h3 md:prose-p:text-xl      prose-p:text-grey3      '>\n      <h2><strong><span class=\"text-black\">Wir nehmen deine Pfandflaschen mit<\/span><\/strong><\/h2>\n<p><span class=\"text-black\">Du willst dein Pfand bei Picnic abgeben? Gern! Du kannst dein Einweg- und Mehrwegpfand einfach deinem Runner mitgeben, am liebsten sauber und in getrennten T\u00fcten. Wir schreiben dir dann dein Pfand gut und k\u00fcmmern uns um das Recycling.<\/span><\/p>\n                <\/div>\n  <\/div>\n  <\/section>\n\n\n\n<section id='' class=\"text-media mx-auto px-0 md:px-24  \n  media-right non-overlap   \">\n  <div class=\"container !px-6 pb-10 flex items-center md:!gap-14 !min-h-[auto] md:px-0\n    md:flex-row-reverse    flex-col-reverse gap-4\">\n    <div class=\"media relative md:absolute z-10 left-0 basis-2\/3 w-full md:max-w-[712px] \">\n                <img class='image w-full h-full rounded-3xl mobile-rounded-0 object-cover' src='https:\/\/d2jxuf8ovdiw8x.cloudfront.net\/uploads\/sites\/24\/2025\/06\/Bags.png' alt=\"Recycle Plastic Bags\">\n                    <\/div>\n    <div class='content relative md:absolute !w-full p-0 basis-1\/3 rounded-3xl right-0 z-20 md:max-w-lg\n      prose-headings:!mb-4 prose-p:text-base prose-p:leading-6 prose-p:!p-0 prose-p:!m-0\n      prose-headings:font-bold prose-headings:text-h3 md:prose-p:text-xl      prose-p:text-grey3      '>\n      <h2><strong>Gib uns unsere T\u00fcten wieder zur\u00fcck<\/strong><\/h2>\n<p><span class=\"text-black\">T\u00fcten, in denen wir deine Eink\u00e4ufe ausliefern, werden immer h\u00e4ufiger aus alten<\/span> <a class=\"text-green\" href=\"https:\/\/picnic.app\/de\/tuten\/\"><span class=\"text-green\">T\u00fcten<\/span> <span class=\"text-green\">hergestellt<\/span><\/a>. <span class=\"text-black\">Gemeinsam mit dir sorgen wir Schritt f\u00fcr Schritt f\u00fcr einen vollst\u00e4ndig geschlossenen Produktionskreislauf \u2013 einen Closed Loop. Hilfst du uns beim Recycling?<\/span><\/p>\n                <\/div>\n  <\/div>\n  <\/section>\n\n\n\n<section id='' class=\"text-media mx-auto px-0 md:px-24  \n  media-left non-overlap   \">\n  <div class=\"container !px-6 pb-10 flex items-center md:!gap-14 !min-h-[auto] md:px-0\n    md:flex-row    flex-col-reverse gap-4\">\n    <div class=\"media relative md:absolute z-10 left-0 basis-2\/3 w-full md:max-w-[712px] \">\n                <img class='image w-full h-full rounded-3xl mobile-rounded-0 object-cover' src='https:\/\/d2jxuf8ovdiw8x.cloudfront.net\/uploads\/sites\/24\/2025\/06\/OC-Visuals-1.png' alt=\"Recycle Sodastream\">\n                    <\/div>\n    <div class='content relative md:absolute !w-full p-0 basis-1\/3 rounded-3xl right-0 z-20 md:max-w-lg\n      prose-headings:!mb-4 prose-p:text-base prose-p:leading-6 prose-p:!p-0 prose-p:!m-0\n      prose-headings:font-bold prose-headings:text-h3 md:prose-p:text-xl      prose-p:text-grey3      '>\n      <h2><strong class=\"text-black\">Wir tauschen deinen Sodastream-Zylinder<\/strong><\/h2>\n<p><span class=\"text-black\">Der Sodastream-Zylindertausch bei Picnic ist ganz einfach: Wenn du einen Sodastream-Zylinder bei uns kaufst, erheben wir ein Pfand \u00fcber 13 Euro. Dieses erh\u00e4ltst du wieder gutgeschrieben, wenn du deinen leeren Zylinder einem Runner mitgibst.<\/span><\/p>\n                <\/div>\n  <\/div>\n  <\/section>\n\n\n\n<section id='' class=\"text-media mx-auto px-0 md:px-24  \n  media-right non-overlap   \">\n  <div class=\"container !px-6 pb-10 flex items-center md:!gap-14 !min-h-[auto] md:px-0\n    md:flex-row-reverse    flex-col-reverse gap-4\">\n    <div class=\"media relative md:absolute z-10 left-0 basis-2\/3 w-full md:max-w-[712px] \">\n                <img class='image w-full h-full rounded-3xl mobile-rounded-0 object-cover' src='https:\/\/d2jxuf8ovdiw8x.cloudfront.net\/uploads\/sites\/24\/2025\/06\/OC-Visuals-2.png' alt=\"Recycle Batterien\">\n                    <\/div>\n    <div class='content relative md:absolute !w-full p-0 basis-1\/3 rounded-3xl right-0 z-20 md:max-w-lg\n      prose-headings:!mb-4 prose-p:text-base prose-p:leading-6 prose-p:!p-0 prose-p:!m-0\n      prose-headings:font-bold prose-headings:text-h3 md:prose-p:text-xl      prose-p:text-grey3      '>\n      <h2><strong><span class=\"text-black\">Wir entsorgen deine leeren Batterien<\/span><\/strong><\/h2>\n<p><span class=\"text-black\">Du hast noch leere Batterien? Die nehmen wir gern f\u00fcr dich mit und sorgen f\u00fcr ein ordnungsgem\u00e4\u00dfes Recycling. Super praktisch!<\/span><\/p>\n                <\/div>\n  <\/div>\n  <\/section>\n\n\n\n<section id='' class=\"faq-accordion \">\n  <div class=\"container !max-w-700\">\n          <h3 class=\"mb-10 text-center text-h3\">H\u00e4ufig gestellte Fragen zu unserem Extra-Service<\/h3>         \n          <ul class='p-0 list-none picnic-accordion '>\n        \n          <li class=''>\n                          <h4 class=\"relative text-lg font-medium cursor-pointer !mb-4 flex\">\n                <span class=\"w-[90%]\">Wie viele Pfandflaschen darf man bei Picnic abgeben?<\/span>\n                <span class=\"items-center justify-center text-red after:content-['\\e912'] after:absolute after:right-0 after:top-1\/2 after:-translate-y-1\/2 after:font-iconfont\n                         after:text-xs after:text-red after:transition after:ease-in-out after:inline-block after:pl-0.5 after:w-5\"> <\/span>\n              <\/h4>\n            \n                          <div class='overflow-hidden mb-1 max-w-none max-h-0 duration-300 ease-in-out prose prose-p:text-base transition-height'>\n                <p>Du kannst bis zu 50 Flaschen und\/oder Dosen pro Bestellung zur\u00fcckgeben. Noch mehr Leergut? Gib es uns gern bei der n\u00e4chsten Lieferung mit.<\/p>\n              <\/div>\n                      <\/li>\n        \n          <li class=''>\n                          <h4 class=\"relative text-lg font-medium cursor-pointer !mb-4 flex\">\n                <span class=\"w-[90%]\">Welches Leergut nimmt Picnic an?<\/span>\n                <span class=\"items-center justify-center text-red after:content-['\\e912'] after:absolute after:right-0 after:top-1\/2 after:-translate-y-1\/2 after:font-iconfont\n                         after:text-xs after:text-red after:transition after:ease-in-out after:inline-block after:pl-0.5 after:w-5\"> <\/span>\n              <\/h4>\n            \n                          <div class='overflow-hidden mb-1 max-w-none max-h-0 duration-300 ease-in-out prose prose-p:text-base transition-height'>\n                <p>Wir nehmen Pfandflaschen aus Glas, sowie Einwegpfand, also Plastikflaschen und Dosen an.<\/p>\n              <\/div>\n                      <\/li>\n        \n          <li class=''>\n                          <h4 class=\"relative text-lg font-medium cursor-pointer !mb-4 flex\">\n                <span class=\"w-[90%]\">Wie viel Pfand bekomme ich f\u00fcr Sodastream-Zylinder zur\u00fcck?<\/span>\n                <span class=\"items-center justify-center text-red after:content-['\\e912'] after:absolute after:right-0 after:top-1\/2 after:-translate-y-1\/2 after:font-iconfont\n                         after:text-xs after:text-red after:transition after:ease-in-out after:inline-block after:pl-0.5 after:w-5\"> <\/span>\n              <\/h4>\n            \n                          <div class='overflow-hidden mb-1 max-w-none max-h-0 duration-300 ease-in-out prose prose-p:text-base transition-height'>\n                <p>Auf Sodastream-CO2-Zylinder erheben wir ein Pfand in H\u00f6he von 13 Euro. Gib den leeren Zylinder anschlie\u00dfend deinem Runner bei der n\u00e4chsten Lieferung wieder mit und wir schreiben dir dein Pfand gut.<\/p>\n              <\/div>\n                      <\/li>\n              <\/ul>\n      <\/div>\n<\/section>\n\n\n\n<section id='' class=\"text-media mx-auto px-0 md:px-24 bg-transparent \n  media-right non-overlap   \">\n  <div class=\"container !px-6 pb-10 flex items-center md:!gap-14 !min-h-[auto] md:px-0\n    md:flex-row-reverse    flex-col-reverse gap-4\">\n    <div class=\"media relative md:absolute z-10 left-0 basis-2\/3 w-full md:max-w-[712px] \">\n                <img class='image w-full h-full rounded-3xl mobile-rounded-0 object-cover' src='https:\/\/d2jxuf8ovdiw8x.cloudfront.net\/uploads\/sites\/24\/2025\/11\/Bonus-min.png' alt=\"Picnic Warenkorb\">\n                    <\/div>\n    <div class='content relative md:absolute !w-full p-0 basis-1\/3 rounded-3xl right-0 z-20 md:max-w-lg\n      prose-headings:!mb-4 prose-p:text-base prose-p:leading-6 prose-p:!p-0 prose-p:!m-0\n      prose-headings:font-bold prose-headings:text-h3 md:prose-p:text-xl      prose-p:text-grey3      '>\n      <h2><strong class=\"text-black\">Picnic ausprobieren?<\/strong><\/h2>\n<p><span class=\"text-black\">Einfach App downloaden, Eink\u00e4ufe bestellen und selbst \u00fcberzeugen. Wir freuen uns auf dich! <\/span><\/p>\n                      <div class=\"mt-6\">\n              <div class='buttons direct flex hero'>\n                  <a href='\/download%20app%20slug'\n                     class='locale btn ios transition-trigger js-download-ios -ios'><\/a>\n                  <a href='\/download%20app%20slug'\n                     class='locale btn android transition-trigger js-download-android -android'><\/a>\n                  <a href='\/download%20app%20slug'\n                     class='btn mobile transition-trigger red js-download justify-center !bg-none !bg-red !py-3 !px-4 !inline-block\n            md:!hidden '>download app<\/a>\n              <\/div>\n          <\/div>\n          <\/div>\n  <\/div>\n  <\/section>\n","protected":false},"excerpt":{"rendered":"","protected":false},"author":840,"featured_media":6665,"parent":6456,"menu_order":1,"comment_status":"closed","ping_status":"closed","template":"","meta":{"footnotes":""},"class_list":["post-6482","page","type-page","status-publish","has-post-thumbnail","hentry"],"acf":[],"yoast_head":"<!-- This site is optimized with the Yoast SEO Premium plugin v25.8 (Yoast SEO v25.9) - https:\/\/yoast.com\/wordpress\/plugins\/seo\/ -->\n<title>Picnic-Services: Pfand, Batterien und Sodastream | Picnic<\/title>\n<meta name=\"description\" content=\"Wir nehmen dein Pfand, leere Batterien und Sodastream-Zylinder mit. Erfahre hier alles \u00fcber unsere Services.\" \/>\n<meta name=\"robots\" content=\"index, follow, max-snippet:-1, max-image-preview:large, max-video-preview:-1\" \/>\n<link rel=\"canonical\" href=\"https:\/\/picnic.app\/de\/online-supermarkt\/extra-service\/\" \/>\n<meta property=\"og:locale\" content=\"en_US\" \/>\n<meta property=\"og:type\" content=\"article\" \/>\n<meta property=\"og:title\" content=\"Picnic-Services: Pfand, Batterien und Sodastream | Picnic\" \/>\n<meta property=\"og:description\" content=\"Wir nehmen dein Pfand, leere Batterien und Sodastream-Zylinder mit. Erfahre hier alles \u00fcber unsere Services.\" \/>\n<meta property=\"og:url\" content=\"https:\/\/picnic.app\/de\/online-supermarkt\/extra-service\/\" \/>\n<meta property=\"og:site_name\" content=\"Picnic DE\" \/>\n<meta property=\"article:modified_time\" content=\"2026-04-10T13:16:18+00:00\" \/>\n<meta property=\"og:image\" content=\"https:\/\/d2jxuf8ovdiw8x.cloudfront.net\/uploads\/sites\/24\/2025\/06\/plastic-bags-desktop.png\" \/>\n\t<meta property=\"og:image:width\" content=\"1\" \/>\n\t<meta property=\"og:image:height\" content=\"1\" \/>\n\t<meta property=\"og:image:type\" content=\"image\/png\" \/>\n<meta name=\"twitter:card\" content=\"summary_large_image\" \/>\n<meta name=\"twitter:label1\" content=\"Est. reading time\" \/>\n\t<meta name=\"twitter:data1\" content=\"3 minutes\" \/>\n<script type=\"application\/ld+json\" class=\"yoast-schema-graph\">{\"@context\":\"https:\/\/schema.org\",\"@graph\":[{\"@type\":\"Article\",\"@id\":\"https:\/\/picnic.app\/de\/online-supermarkt\/extra-service\/#article\",\"isPartOf\":{\"@id\":\"https:\/\/picnic.app\/de\/online-supermarkt\/extra-service\/\"},\"author\":{\"name\":\"jscholand1\",\"@id\":\"https:\/\/picnic.app\/de\/#\/schema\/person\/16d345f2a705f0567e8a4d5f4cae641b\"},\"headline\":\"2025_DE_Extra Services\",\"datePublished\":\"2025-06-06T09:31:36+00:00\",\"dateModified\":\"2026-04-10T13:16:18+00:00\",\"mainEntityOfPage\":{\"@id\":\"https:\/\/picnic.app\/de\/online-supermarkt\/extra-service\/\"},\"wordCount\":3,\"publisher\":{\"@id\":\"https:\/\/picnic.app\/de\/#organization\"},\"image\":{\"@id\":\"https:\/\/picnic.app\/de\/online-supermarkt\/extra-service\/#primaryimage\"},\"thumbnailUrl\":\"https:\/\/d2jxuf8ovdiw8x.cloudfront.net\/uploads\/sites\/24\/2025\/06\/plastic-bags-desktop.png\",\"inLanguage\":\"en-US\"},{\"@type\":\"WebPage\",\"@id\":\"https:\/\/picnic.app\/de\/online-supermarkt\/extra-service\/\",\"url\":\"https:\/\/picnic.app\/de\/online-supermarkt\/extra-service\/\",\"name\":\"Picnic-Services: Pfand, Batterien und Sodastream | Picnic\",\"isPartOf\":{\"@id\":\"https:\/\/picnic.app\/de\/#website\"},\"primaryImageOfPage\":{\"@id\":\"https:\/\/picnic.app\/de\/online-supermarkt\/extra-service\/#primaryimage\"},\"image\":{\"@id\":\"https:\/\/picnic.app\/de\/online-supermarkt\/extra-service\/#primaryimage\"},\"thumbnailUrl\":\"https:\/\/d2jxuf8ovdiw8x.cloudfront.net\/uploads\/sites\/24\/2025\/06\/plastic-bags-desktop.png\",\"datePublished\":\"2025-06-06T09:31:36+00:00\",\"dateModified\":\"2026-04-10T13:16:18+00:00\",\"description\":\"Wir nehmen dein Pfand, leere Batterien und Sodastream-Zylinder mit. Erfahre hier alles \u00fcber unsere Services.\",\"breadcrumb\":{\"@id\":\"https:\/\/picnic.app\/de\/online-supermarkt\/extra-service\/#breadcrumb\"},\"inLanguage\":\"en-US\",\"potentialAction\":[{\"@type\":\"ReadAction\",\"target\":[\"https:\/\/picnic.app\/de\/online-supermarkt\/extra-service\/\"]}]},{\"@type\":\"ImageObject\",\"inLanguage\":\"en-US\",\"@id\":\"https:\/\/picnic.app\/de\/online-supermarkt\/extra-service\/#primaryimage\",\"url\":\"https:\/\/d2jxuf8ovdiw8x.cloudfront.net\/uploads\/sites\/24\/2025\/06\/plastic-bags-desktop.png\",\"contentUrl\":\"https:\/\/d2jxuf8ovdiw8x.cloudfront.net\/uploads\/sites\/24\/2025\/06\/plastic-bags-desktop.png\",\"caption\":\"Plastikt\u00fcten werden entgegengenommen vom Runner\"},{\"@type\":\"BreadcrumbList\",\"@id\":\"https:\/\/picnic.app\/de\/online-supermarkt\/extra-service\/#breadcrumb\",\"itemListElement\":[{\"@type\":\"ListItem\",\"position\":1,\"name\":\"Online Supermarkt\",\"item\":\"https:\/\/picnic.app\/de\/online-supermarkt\/\"},{\"@type\":\"ListItem\",\"position\":2,\"name\":\"Unser Extra-Service f\u00fcr Dich\"}]},{\"@type\":\"WebSite\",\"@id\":\"https:\/\/picnic.app\/de\/#website\",\"url\":\"https:\/\/picnic.app\/de\/\",\"name\":\"Picnic DE\",\"description\":\"Der Online Supermarkt\",\"publisher\":{\"@id\":\"https:\/\/picnic.app\/de\/#organization\"},\"potentialAction\":[{\"@type\":\"SearchAction\",\"target\":{\"@type\":\"EntryPoint\",\"urlTemplate\":\"https:\/\/picnic.app\/de\/?s={search_term_string}\"},\"query-input\":{\"@type\":\"PropertyValueSpecification\",\"valueRequired\":true,\"valueName\":\"search_term_string\"}}],\"inLanguage\":\"en-US\"},{\"@type\":\"Organization\",\"@id\":\"https:\/\/picnic.app\/de\/#organization\",\"name\":\"Picnic DE\",\"url\":\"https:\/\/picnic.app\/de\/\",\"logo\":{\"@type\":\"ImageObject\",\"inLanguage\":\"en-US\",\"@id\":\"https:\/\/picnic.app\/de\/#\/schema\/logo\/image\/\",\"url\":\"https:\/\/d2jxuf8ovdiw8x.cloudfront.net\/uploads\/sites\/24\/2025\/06\/Favicon-Picnic-Logo.png\",\"contentUrl\":\"https:\/\/d2jxuf8ovdiw8x.cloudfront.net\/uploads\/sites\/24\/2025\/06\/Favicon-Picnic-Logo.png\",\"width\":\"1\",\"height\":\"1\",\"caption\":\"Picnic DE\"},\"image\":{\"@id\":\"https:\/\/picnic.app\/de\/#\/schema\/logo\/image\/\"}},{\"@type\":\"Person\",\"@id\":\"https:\/\/picnic.app\/de\/#\/schema\/person\/16d345f2a705f0567e8a4d5f4cae641b\",\"name\":\"jscholand1\",\"image\":{\"@type\":\"ImageObject\",\"inLanguage\":\"en-US\",\"@id\":\"https:\/\/picnic.app\/de\/#\/schema\/person\/image\/\",\"url\":\"https:\/\/secure.gravatar.com\/avatar\/b86a63e0f44ebacececdc1db02dae118662ec3b81133d587f293d7c084b2fa99?s=96&d=mm&r=g\",\"contentUrl\":\"https:\/\/secure.gravatar.com\/avatar\/b86a63e0f44ebacececdc1db02dae118662ec3b81133d587f293d7c084b2fa99?s=96&d=mm&r=g\",\"caption\":\"jscholand1\"},\"url\":\"https:\/\/picnic.app\/de\/author\/jscholand1\/\"}]}<\/script>\n<!-- \/ Yoast SEO Premium plugin. -->","yoast_head_json":{"title":"Picnic-Services: Pfand, Batterien und Sodastream | Picnic","description":"Wir nehmen dein Pfand, leere Batterien und Sodastream-Zylinder mit. Erfahre hier alles \u00fcber unsere Services.","robots":{"index":"index","follow":"follow","max-snippet":"max-snippet:-1","max-image-preview":"max-image-preview:large","max-video-preview":"max-video-preview:-1"},"canonical":"https:\/\/picnic.app\/de\/online-supermarkt\/extra-service\/","og_locale":"en_US","og_type":"article","og_title":"Picnic-Services: Pfand, Batterien und Sodastream | Picnic","og_description":"Wir nehmen dein Pfand, leere Batterien und Sodastream-Zylinder mit. Erfahre hier alles \u00fcber unsere Services.","og_url":"https:\/\/picnic.app\/de\/online-supermarkt\/extra-service\/","og_site_name":"Picnic DE","article_modified_time":"2026-04-10T13:16:18+00:00","og_image":[{"url":"https:\/\/d2jxuf8ovdiw8x.cloudfront.net\/uploads\/sites\/24\/2025\/06\/plastic-bags-desktop.png","width":1,"height":1,"type":"image\/png"}],"twitter_card":"summary_large_image","twitter_misc":{"Est. reading time":"3 minutes"},"schema":{"@context":"https:\/\/schema.org","@graph":[{"@type":"Article","@id":"https:\/\/picnic.app\/de\/online-supermarkt\/extra-service\/#article","isPartOf":{"@id":"https:\/\/picnic.app\/de\/online-supermarkt\/extra-service\/"},"author":{"name":"jscholand1","@id":"https:\/\/picnic.app\/de\/#\/schema\/person\/16d345f2a705f0567e8a4d5f4cae641b"},"headline":"2025_DE_Extra Services","datePublished":"2025-06-06T09:31:36+00:00","dateModified":"2026-04-10T13:16:18+00:00","mainEntityOfPage":{"@id":"https:\/\/picnic.app\/de\/online-supermarkt\/extra-service\/"},"wordCount":3,"publisher":{"@id":"https:\/\/picnic.app\/de\/#organization"},"image":{"@id":"https:\/\/picnic.app\/de\/online-supermarkt\/extra-service\/#primaryimage"},"thumbnailUrl":"https:\/\/d2jxuf8ovdiw8x.cloudfront.net\/uploads\/sites\/24\/2025\/06\/plastic-bags-desktop.png","inLanguage":"en-US"},{"@type":"WebPage","@id":"https:\/\/picnic.app\/de\/online-supermarkt\/extra-service\/","url":"https:\/\/picnic.app\/de\/online-supermarkt\/extra-service\/","name":"Picnic-Services: Pfand, Batterien und Sodastream | Picnic","isPartOf":{"@id":"https:\/\/picnic.app\/de\/#website"},"primaryImageOfPage":{"@id":"https:\/\/picnic.app\/de\/online-supermarkt\/extra-service\/#primaryimage"},"image":{"@id":"https:\/\/picnic.app\/de\/online-supermarkt\/extra-service\/#primaryimage"},"thumbnailUrl":"https:\/\/d2jxuf8ovdiw8x.cloudfront.net\/uploads\/sites\/24\/2025\/06\/plastic-bags-desktop.png","datePublished":"2025-06-06T09:31:36+00:00","dateModified":"2026-04-10T13:16:18+00:00","description":"Wir nehmen dein Pfand, leere Batterien und Sodastream-Zylinder mit. Erfahre hier alles \u00fcber unsere Services.","breadcrumb":{"@id":"https:\/\/picnic.app\/de\/online-supermarkt\/extra-service\/#breadcrumb"},"inLanguage":"en-US","potentialAction":[{"@type":"ReadAction","target":["https:\/\/picnic.app\/de\/online-supermarkt\/extra-service\/"]}]},{"@type":"ImageObject","inLanguage":"en-US","@id":"https:\/\/picnic.app\/de\/online-supermarkt\/extra-service\/#primaryimage","url":"https:\/\/d2jxuf8ovdiw8x.cloudfront.net\/uploads\/sites\/24\/2025\/06\/plastic-bags-desktop.png","contentUrl":"https:\/\/d2jxuf8ovdiw8x.cloudfront.net\/uploads\/sites\/24\/2025\/06\/plastic-bags-desktop.png","caption":"Plastikt\u00fcten werden entgegengenommen vom Runner"},{"@type":"BreadcrumbList","@id":"https:\/\/picnic.app\/de\/online-supermarkt\/extra-service\/#breadcrumb","itemListElement":[{"@type":"ListItem","position":1,"name":"Online Supermarkt","item":"https:\/\/picnic.app\/de\/online-supermarkt\/"},{"@type":"ListItem","position":2,"name":"Unser Extra-Service f\u00fcr Dich"}]},{"@type":"WebSite","@id":"https:\/\/picnic.app\/de\/#website","url":"https:\/\/picnic.app\/de\/","name":"Picnic DE","description":"Der Online Supermarkt","publisher":{"@id":"https:\/\/picnic.app\/de\/#organization"},"potentialAction":[{"@type":"SearchAction","target":{"@type":"EntryPoint","urlTemplate":"https:\/\/picnic.app\/de\/?s={search_term_string}"},"query-input":{"@type":"PropertyValueSpecification","valueRequired":true,"valueName":"search_term_string"}}],"inLanguage":"en-US"},{"@type":"Organization","@id":"https:\/\/picnic.app\/de\/#organization","name":"Picnic DE","url":"https:\/\/picnic.app\/de\/","logo":{"@type":"ImageObject","inLanguage":"en-US","@id":"https:\/\/picnic.app\/de\/#\/schema\/logo\/image\/","url":"https:\/\/d2jxuf8ovdiw8x.cloudfront.net\/uploads\/sites\/24\/2025\/06\/Favicon-Picnic-Logo.png","contentUrl":"https:\/\/d2jxuf8ovdiw8x.cloudfront.net\/uploads\/sites\/24\/2025\/06\/Favicon-Picnic-Logo.png","width":"1","height":"1","caption":"Picnic DE"},"image":{"@id":"https:\/\/picnic.app\/de\/#\/schema\/logo\/image\/"}},{"@type":"Person","@id":"https:\/\/picnic.app\/de\/#\/schema\/person\/16d345f2a705f0567e8a4d5f4cae641b","name":"jscholand1","image":{"@type":"ImageObject","inLanguage":"en-US","@id":"https:\/\/picnic.app\/de\/#\/schema\/person\/image\/","url":"https:\/\/secure.gravatar.com\/avatar\/b86a63e0f44ebacececdc1db02dae118662ec3b81133d587f293d7c084b2fa99?s=96&d=mm&r=g","contentUrl":"https:\/\/secure.gravatar.com\/avatar\/b86a63e0f44ebacececdc1db02dae118662ec3b81133d587f293d7c084b2fa99?s=96&d=mm&r=g","caption":"jscholand1"},"url":"https:\/\/picnic.app\/de\/author\/jscholand1\/"}]}},"_links":{"self":[{"href":"https:\/\/picnic.app\/de\/wp-json\/wp\/v2\/pages\/6482","targetHints":{"allow":["GET"]}}],"collection":[{"href":"https:\/\/picnic.app\/de\/wp-json\/wp\/v2\/pages"}],"about":[{"href":"https:\/\/picnic.app\/de\/wp-json\/wp\/v2\/types\/page"}],"author":[{"embeddable":true,"href":"https:\/\/picnic.app\/de\/wp-json\/wp\/v2\/users\/840"}],"replies":[{"embeddable":true,"href":"https:\/\/picnic.app\/de\/wp-json\/wp\/v2\/comments?post=6482"}],"version-history":[{"count":36,"href":"https:\/\/picnic.app\/de\/wp-json\/wp\/v2\/pages\/6482\/revisions"}],"predecessor-version":[{"id":9523,"href":"https:\/\/picnic.app\/de\/wp-json\/wp\/v2\/pages\/6482\/revisions\/9523"}],"up":[{"embeddable":true,"href":"https:\/\/picnic.app\/de\/wp-json\/wp\/v2\/pages\/6456"}],"wp:featuredmedia":[{"embeddable":true,"href":"https:\/\/picnic.app\/de\/wp-json\/wp\/v2\/media\/6665"}],"wp:attachment":[{"href":"https:\/\/picnic.app\/de\/wp-json\/wp\/v2\/media?parent=6482"}],"curies":[{"name":"wp","href":"https:\/\/api.w.org\/{rel}","templated":true}]}}