{"id":6951,"date":"2025-06-27T09:47:47","date_gmt":"2025-06-27T09:47:47","guid":{"rendered":"https:\/\/picnic.app\/de\/?page_id=6951"},"modified":"2026-05-04T11:39:22","modified_gmt":"2026-05-04T11:39:22","slug":"angebote","status":"publish","type":"page","link":"https:\/\/picnic.app\/de\/online-supermarkt\/angebote\/","title":{"rendered":"2025_DE_Promotions"},"content":{"rendered":"\n<style>\n  .location-hero-bg {\n    background-image: linear-gradient(13deg,rgba(0, 0, 0, 1) -60%, rgba(0, 0, 0, 0) 61%), url(https:\/\/d2jxuf8ovdiw8x.cloudfront.net\/uploads\/sites\/24\/2026\/05\/Phone-mockup-11-3-1.png);\n  }\n\n  @media screen and (max-width: 768px) {\n    .location-hero-bg {\n      background-image: url(https:\/\/d2jxuf8ovdiw8x.cloudfront.net\/uploads\/sites\/24\/2026\/05\/Header-small-mobile-41-1.png);\n    }\n  }\n<\/style>\n\n<section id=\"\">\n\n  <div class=\"location-hero-bg bg-no-repeat bg-cover bg-center max-w-[1920px] mx-auto\">\n    <div class=\"text-center md:text-left content-center md:content-end px-6 md:px-10 lg:px-25 py-10 md:py-20 h-[480px] md:h-[640px] text-shadow-[0px 0px 25px black]\">\n      \n              <h1 class=\"text-[40px] mb-8 md:mb-4 text-white\">Spare mit Picnics Angeboten<\/h2>\n      \n              <div class=\"hidden w-1\/2 md:block text-base text-white\"><p>Einkaufen bei Picnic ist immer g\u00fcnstig und mit unseren w\u00f6chentlichen Lebensmittel-Angeboten in der App und vielen Aktionen sogar noch ein bisschen g\u00fcnstiger. Das Beste: Mit unseren wiederkehrenden Aktionen kannst du noch mal extra sparen. Schau regelm\u00e4\u00dfig in die App, um keinen Deal zu verpassen!<\/p>\n<\/div>\n      \n              <a class=\"js-download before:hidden !inline mt-4 bg-green8 p-3 rounded-xl text-white font-semibold md:!hidden\"\n           target=\"_blank\"\n           href='\/download%20app%20slug'>Download App<\/a>\n      \n      <div class=\"buttons direct !hidden md:!flex mt-4 gap-2 relative flex-row\">\n        <a class=\"js-download-ios rounded-md bg-cover bg-center w-36 h-11 hover:opacity-80\"\n          style=\"background-image: url('https:\/\/d2jxuf8ovdiw8x.cloudfront.net\/uploads\/sites\/24\/2025\/12\/App-store-white.png');\"\n          target=\"_blank\"\n          href='\/download%20app%20slug'><\/a>\n        <a class=\"js-download-android rounded-md bg-cover bg-center w-36 h-11 hover:opacity-80\"\n          style=\"background-image: url('https:\/\/d2jxuf8ovdiw8x.cloudfront.net\/uploads\/sites\/24\/2025\/12\/Google-play-white.png');\"\n          target=\"_blank\"\n          href='\/download%20app%20slug'><\/a>\n      <\/div>\n\n    <\/div>\n  <\/div>\n\n\n      <div class=\"block md:hidden text-base text-black px-6 pt-12 pb-4\"><p>Einkaufen bei Picnic ist immer g\u00fcnstig und mit unseren w\u00f6chentlichen Lebensmittel-Angeboten in der App und vielen Aktionen sogar noch ein bisschen g\u00fcnstiger. Das Beste: Mit unseren wiederkehrenden Aktionen kannst du noch mal extra sparen. Schau regelm\u00e4\u00dfig in die App, um keinen Deal zu verpassen!<\/p>\n<\/div>\n  <\/section>\n\n\n\n<section id='' class=\"text-media mx-auto px-0 md:px-24  \n  media-right non-overlap   \">\n  <div class=\"container !px-6 pb-10 flex items-center md:!gap-14 !min-h-[auto] md:px-0\n    md:flex-row-reverse    flex-col-reverse gap-4\">\n    <div class=\"media relative md:absolute z-10 left-0 basis-2\/3 w-full md:max-w-[712px] \">\n                <div class=\"w-full pt-[56.25%] relative overflow-hidden rounded-xl bg-grey5\">\n              <iframe class=\"absolute top-0 bottom-0 right-0 left-0 w-full h-full\" data-cookieblock-src=\"https:\/\/www.youtube.com\/embed\/xB3wogmMlR4?si=QZ-a2ROT09M7JLi0\" data-cookieconsent=\"marketing\" frameborder=\"0\" allow=\"encrypted-media\" allowfullscreen=\"\"><\/iframe>\n              <div class=\"cookieconsent-placeholder absolute right-0 bottom-0 left-0 flex justify-center p-2\" style=\"display:none\">\n                <button class=\"cursor-pointer text-white opacity-80 transition-opacity hover:opacity-100 bg-transparent border-0\" onclick=\"window.Cookiebot &#038;&#038; window.Cookiebot.renew()\">\n                  cookie embed video consent                <\/button>\n              <\/div>\n          <\/div>\n          <\/div>\n    <div class='content relative md:absolute !w-full p-0 basis-1\/3 rounded-3xl right-0 z-20 md:max-w-lg\n      prose-headings:!mb-4 prose-p:text-base prose-p:leading-6 prose-p:!p-0 prose-p:!m-0\n      prose-headings:font-bold prose-headings:text-h3 md:prose-p:text-xl      prose-p:text-grey3      '>\n      <h2><strong><span class=\"text-black\">Mit dem B\u00fcndel-Bonus sparst du bei jedem Einkauf<\/span><\/strong><\/h2>\n<p><span class=\"text-black\">Kaufst du <strong>mehr als eins<\/strong> ein, werden die <strong>Preise einfach klein<\/strong>: Sichere dir bei mehreren gleichen Produkten den B\u00fcndel-Bonus, bei jedem Einkauf. Und in der Super B\u00fcndel-Bonus Woche gibt\u2019s dann noch mal <strong>extra Rabatt<\/strong>!<\/span><\/p>\n                <\/div>\n  <\/div>\n  <\/section>\n\n\n\n<section id='' class=\"text-media mx-auto px-0 md:px-24  \n  media-left non-overlap   \">\n  <div class=\"container !px-6 pb-10 flex items-center md:!gap-14 !min-h-[auto] md:px-0\n    md:flex-row    flex-col-reverse gap-4\">\n    <div class=\"media relative md:absolute z-10 left-0 basis-2\/3 w-full md:max-w-[712px] \">\n                <div class=\"w-full pt-[56.25%] relative overflow-hidden rounded-xl bg-grey5\">\n              <iframe class=\"absolute top-0 bottom-0 right-0 left-0 w-full h-full\" data-cookieblock-src=\"https:\/\/www.youtube.com\/embed\/d4HRM-k8tgE?si=6JrB1JqVhxJgD4tR\" data-cookieconsent=\"marketing\" frameborder=\"0\" allow=\"encrypted-media\" allowfullscreen=\"\"><\/iframe>\n              <div class=\"cookieconsent-placeholder absolute right-0 bottom-0 left-0 flex justify-center p-2\" style=\"display:none\">\n                <button class=\"cursor-pointer text-white opacity-80 transition-opacity hover:opacity-100 bg-transparent border-0\" onclick=\"window.Cookiebot &#038;&#038; window.Cookiebot.renew()\">\n                  cookie embed video consent                <\/button>\n              <\/div>\n          <\/div>\n          <\/div>\n    <div class='content relative md:absolute !w-full p-0 basis-1\/3 rounded-3xl right-0 z-20 md:max-w-lg\n      prose-headings:!mb-4 prose-p:text-base prose-p:leading-6 prose-p:!p-0 prose-p:!m-0\n      prose-headings:font-bold prose-headings:text-h3 md:prose-p:text-xl      prose-p:text-grey3      '>\n      <h2><span class=\"text-black\"><strong>Feiere mit uns die Europarade<\/strong><\/span><\/h2>\n<p><span class=\"text-black\">Hol dir viel f\u00fcr wenig: Bei der Europarade gibt es jede Menge <strong>beliebte Produkte f\u00fcr nur 1, 2, oder 3 Euro<\/strong>. Halte die App im Blick, um beim n\u00e4chsten Mal mitzusparen!<\/span><\/p>\n                <\/div>\n  <\/div>\n  <\/section>\n\n\n\n<section id='' class=\"text-media mx-auto px-0 md:px-24 bg-transparent \n  media-right non-overlap   \">\n  <div class=\"container !px-6 pb-10 flex items-center md:!gap-14 !min-h-[auto] md:px-0\n    md:flex-row-reverse    flex-col-reverse gap-4\">\n    <div class=\"media relative md:absolute z-10 left-0 basis-2\/3 w-full md:max-w-[712px] \">\n                <img class='image w-full h-full rounded-3xl mobile-rounded-0 object-cover' src='https:\/\/d2jxuf8ovdiw8x.cloudfront.net\/uploads\/sites\/24\/2025\/11\/Image-9-min.png' alt=\"Unz\u00e4hlige Markenartikel\">\n                    <\/div>\n    <div class='content relative md:absolute !w-full p-0 basis-1\/3 rounded-3xl right-0 z-20 md:max-w-lg\n      prose-headings:!mb-4 prose-p:text-base prose-p:leading-6 prose-p:!p-0 prose-p:!m-0\n      prose-headings:font-bold prose-headings:text-h3 md:prose-p:text-xl      prose-p:text-grey3      '>\n      <h2><span class=\"text-black\"><strong>Freu dich auf die Kombikracher<\/strong><\/span><\/h2>\n<p><span class=\"text-black\">Passt\u2019s zusammen,<strong> kracht der Preis<\/strong>: Spare, indem du Produkte kombinierst, die einfach zusammengeh\u00f6ren, wie zum Beispiel Pasta und So\u00dfe oder Chips und Cola.<\/span><\/p>\n                <\/div>\n  <\/div>\n  <\/section>\n\n\n<section id='' class=\"simple-text bg-transparent\">\n  <div class=\"relative max-w-1350 mx-auto my-0 w-full px-6 py-14\">\n        <div class=\"flex flex-col md:flex-row gap-x-10 max-w-full prose prose-a:text-red prose-a:font-bold prose-a:no-underline\">\n              <div class=\"flex-1\">\n          <h2><span class=\"text-black\">Wie w\u00e4r\u2019s mit je 10 \u20ac Rabatt f\u00fcr dich und deine Freunde?<\/span><\/h2>\n<p><span class=\"text-black\"><a href=\"https:\/\/picnic.app\/de\/freunde-rabatt\/\"><span class=\"text-green\">Noch mehr sparen? Aber gern!<\/span><\/a> <span class=\"text-black\">Erz\u00e4hl deinen Freunden von uns und teile deinen pers\u00f6nlichen Code mit ihnen. Als Dankesch\u00f6n schenken wir euch beiden<strong> 10 \u20ac Rabatt f\u00fcr die n\u00e4chste Bestellung<\/strong>. Denn teilen macht doppelt Freude!<\/span><\/span><\/p>\n        <\/div>\n                <\/div>\n  <\/div>\n<\/section>\n\n\n\n\n<section id='' class=\"faq-accordion \">\n  <div class=\"container !max-w-700\">\n          <h3 class=\"mb-10 text-center text-h3\">H\u00e4ufig gestellte Fragen zu den Picnic-Angeboten<\/h3>         \n          <ul class='p-0 list-none picnic-accordion '>\n        \n          <li class=''>\n                          <h4 class=\"relative text-lg font-medium cursor-pointer !mb-4 flex\">\n                <span class=\"w-[90%]\">Welche Angebote gibt es n\u00e4chste Woche bei Picnic?<\/span>\n                <span class=\"items-center justify-center text-red after:content-['\\e912'] after:absolute after:right-0 after:top-1\/2 after:-translate-y-1\/2 after:font-iconfont\n                         after:text-xs after:text-red after:transition after:ease-in-out after:inline-block after:pl-0.5 after:w-5\"> <\/span>\n              <\/h4>\n            \n                          <div class='overflow-hidden mb-1 max-w-none max-h-0 duration-300 ease-in-out prose prose-p:text-base transition-height'>\n                <p><span class=\"text-black\">Melde dich am besten <span class=\"text-green\"><a class=\"text-green\" href=\"https:\/\/picnic.app\/de\/app-herunterladen\/\">\u00fcber die App<\/a><\/span> f\u00fcr unseren Newsletter an, um kein w\u00f6chentliches Angebot zu verpassen. Alle Angebote der aktuellen Woche findest du nat\u00fcrlich auch immer in der App.<\/span><\/p>\n<p>&nbsp;<\/p>\n              <\/div>\n                      <\/li>\n        \n          <li class=''>\n                          <h4 class=\"relative text-lg font-medium cursor-pointer !mb-4 flex\">\n                <span class=\"w-[90%]\">Hat Picnic auch einen Prospekt zum Bl\u00e4ttern?<\/span>\n                <span class=\"items-center justify-center text-red after:content-['\\e912'] after:absolute after:right-0 after:top-1\/2 after:-translate-y-1\/2 after:font-iconfont\n                         after:text-xs after:text-red after:transition after:ease-in-out after:inline-block after:pl-0.5 after:w-5\"> <\/span>\n              <\/h4>\n            \n                          <div class='overflow-hidden mb-1 max-w-none max-h-0 duration-300 ease-in-out prose prose-p:text-base transition-height'>\n                <p><span class=\"text-black\">Alle Angebote findest du in der App. Dort kannst du dich auch f\u00fcr unseren Newsletter mit den w\u00f6chentlichen Angeboten anmelden.<\/span><\/p>\n<p>&nbsp;<\/p>\n              <\/div>\n                      <\/li>\n        \n          <li class=''>\n                          <h4 class=\"relative text-lg font-medium cursor-pointer !mb-4 flex\">\n                <span class=\"w-[90%]\">Wann kommen neue Picnic Angebote?<\/span>\n                <span class=\"items-center justify-center text-red after:content-['\\e912'] after:absolute after:right-0 after:top-1\/2 after:-translate-y-1\/2 after:font-iconfont\n                         after:text-xs after:text-red after:transition after:ease-in-out after:inline-block after:pl-0.5 after:w-5\"> <\/span>\n              <\/h4>\n            \n                          <div class='overflow-hidden mb-1 max-w-none max-h-0 duration-300 ease-in-out prose prose-p:text-base transition-height'>\n                <p><span class=\"text-black\">Frische Angebote findest du jede Woche immer ab Samstag in der Picnic App.<\/span><\/p>\n              <\/div>\n                      <\/li>\n              <\/ul>\n      <\/div>\n<\/section>\n\n\n\n<section id='' class=\"text-media mx-auto px-0 md:px-24  \n  media-right non-overlap   \">\n  <div class=\"container !px-6 pb-10 flex items-center md:!gap-14 !min-h-[auto] md:px-0\n    md:flex-row-reverse    flex-col-reverse gap-4\">\n    <div class=\"media relative md:absolute z-10 left-0 basis-2\/3 w-full md:max-w-[712px] \">\n                <img class='image w-full h-full rounded-3xl mobile-rounded-0 object-cover' src='https:\/\/d2jxuf8ovdiw8x.cloudfront.net\/uploads\/sites\/24\/2025\/06\/Group-2.png' alt=\"Elektrisches Picnic Fahrzeug\">\n                    <\/div>\n    <div class='content relative md:absolute !w-full p-0 basis-1\/3 rounded-3xl right-0 z-20 md:max-w-lg\n      prose-headings:!mb-4 prose-p:text-base prose-p:leading-6 prose-p:!p-0 prose-p:!m-0\n      prose-headings:font-bold prose-headings:text-h3 md:prose-p:text-xl      prose-p:text-grey3      '>\n      <h2><strong><span class=\"text-black\">Jetzt ausprobieren<\/span><\/strong><\/h2>\n<p><span class=\"text-black\">Die kostenlose Picnic-App ist verf\u00fcgbar f\u00fcr Android und iOS. Hol sie dir jetzt!<\/span><\/p>\n                      <div class=\"mt-6\">\n              <div class='buttons direct flex hero'>\n                  <a href='\/download%20app%20slug'\n                     class='locale btn ios transition-trigger js-download-ios -ios'><\/a>\n                  <a href='\/download%20app%20slug'\n                     class='locale btn android transition-trigger js-download-android -android'><\/a>\n                  <a href='\/download%20app%20slug'\n                     class='btn mobile transition-trigger red js-download justify-center !bg-none !bg-red !py-3 !px-4 !inline-block\n            md:!hidden '>download app<\/a>\n              <\/div>\n          <\/div>\n          <\/div>\n  <\/div>\n  <\/section>\n","protected":false},"excerpt":{"rendered":"","protected":false},"author":840,"featured_media":6954,"parent":6456,"menu_order":1,"comment_status":"closed","ping_status":"closed","template":"","meta":{"footnotes":""},"class_list":["post-6951","page","type-page","status-publish","has-post-thumbnail","hentry"],"acf":[],"yoast_head":"<!-- This site is optimized with the Yoast SEO Premium plugin v25.8 (Yoast SEO v25.9) - https:\/\/yoast.com\/wordpress\/plugins\/seo\/ -->\n<title>Die besten Angebote: Dein Supermarkt auf R\u00e4dern | Picnic<\/title>\n<meta name=\"description\" content=\"Spare jede Woche mit den Picnic-Angeboten! B\u00fcndel-Bonus, Europarade &amp; Kombikracher warten auf dich. Jetzt alle Deals entdecken und mehr sparen!\" \/>\n<meta name=\"robots\" content=\"index, follow, max-snippet:-1, max-image-preview:large, max-video-preview:-1\" \/>\n<link rel=\"canonical\" href=\"https:\/\/picnic.app\/de\/online-supermarkt\/angebote\/\" \/>\n<meta property=\"og:locale\" content=\"en_US\" \/>\n<meta property=\"og:type\" content=\"article\" \/>\n<meta property=\"og:title\" content=\"Die besten Angebote: Dein Supermarkt auf R\u00e4dern | Picnic\" \/>\n<meta property=\"og:description\" content=\"Spare jede Woche mit den Picnic-Angeboten! B\u00fcndel-Bonus, Europarade &amp; Kombikracher warten auf dich. Jetzt alle Deals entdecken und mehr sparen!\" \/>\n<meta property=\"og:url\" content=\"https:\/\/picnic.app\/de\/online-supermarkt\/angebote\/\" \/>\n<meta property=\"og:site_name\" content=\"Picnic DE\" \/>\n<meta property=\"article:modified_time\" content=\"2026-05-04T11:39:22+00:00\" \/>\n<meta property=\"og:image\" content=\"https:\/\/d2jxuf8ovdiw8x.cloudfront.net\/uploads\/sites\/24\/2025\/06\/Phone-mockup-11-2.png\" \/>\n\t<meta property=\"og:image:width\" content=\"1\" \/>\n\t<meta property=\"og:image:height\" content=\"1\" \/>\n\t<meta property=\"og:image:type\" content=\"image\/png\" \/>\n<meta name=\"twitter:card\" content=\"summary_large_image\" \/>\n<meta name=\"twitter:label1\" content=\"Est. reading time\" \/>\n\t<meta name=\"twitter:data1\" content=\"3 minutes\" \/>\n<script type=\"application\/ld+json\" class=\"yoast-schema-graph\">{\"@context\":\"https:\/\/schema.org\",\"@graph\":[{\"@type\":\"Article\",\"@id\":\"https:\/\/picnic.app\/de\/online-supermarkt\/angebote\/#article\",\"isPartOf\":{\"@id\":\"https:\/\/picnic.app\/de\/online-supermarkt\/angebote\/\"},\"author\":{\"name\":\"jscholand1\",\"@id\":\"https:\/\/picnic.app\/de\/#\/schema\/person\/16d345f2a705f0567e8a4d5f4cae641b\"},\"headline\":\"2025_DE_Promotions\",\"datePublished\":\"2025-06-27T09:47:47+00:00\",\"dateModified\":\"2026-05-04T11:39:22+00:00\",\"mainEntityOfPage\":{\"@id\":\"https:\/\/picnic.app\/de\/online-supermarkt\/angebote\/\"},\"wordCount\":2,\"publisher\":{\"@id\":\"https:\/\/picnic.app\/de\/#organization\"},\"image\":{\"@id\":\"https:\/\/picnic.app\/de\/online-supermarkt\/angebote\/#primaryimage\"},\"thumbnailUrl\":\"https:\/\/d2jxuf8ovdiw8x.cloudfront.net\/uploads\/sites\/24\/2025\/06\/Phone-mockup-11-2.png\",\"inLanguage\":\"en-US\"},{\"@type\":\"WebPage\",\"@id\":\"https:\/\/picnic.app\/de\/online-supermarkt\/angebote\/\",\"url\":\"https:\/\/picnic.app\/de\/online-supermarkt\/angebote\/\",\"name\":\"Die besten Angebote: Dein Supermarkt auf R\u00e4dern | Picnic\",\"isPartOf\":{\"@id\":\"https:\/\/picnic.app\/de\/#website\"},\"primaryImageOfPage\":{\"@id\":\"https:\/\/picnic.app\/de\/online-supermarkt\/angebote\/#primaryimage\"},\"image\":{\"@id\":\"https:\/\/picnic.app\/de\/online-supermarkt\/angebote\/#primaryimage\"},\"thumbnailUrl\":\"https:\/\/d2jxuf8ovdiw8x.cloudfront.net\/uploads\/sites\/24\/2025\/06\/Phone-mockup-11-2.png\",\"datePublished\":\"2025-06-27T09:47:47+00:00\",\"dateModified\":\"2026-05-04T11:39:22+00:00\",\"description\":\"Spare jede Woche mit den Picnic-Angeboten! B\u00fcndel-Bonus, Europarade & Kombikracher warten auf dich. Jetzt alle Deals entdecken und mehr sparen!\",\"breadcrumb\":{\"@id\":\"https:\/\/picnic.app\/de\/online-supermarkt\/angebote\/#breadcrumb\"},\"inLanguage\":\"en-US\",\"potentialAction\":[{\"@type\":\"ReadAction\",\"target\":[\"https:\/\/picnic.app\/de\/online-supermarkt\/angebote\/\"]}]},{\"@type\":\"ImageObject\",\"inLanguage\":\"en-US\",\"@id\":\"https:\/\/picnic.app\/de\/online-supermarkt\/angebote\/#primaryimage\",\"url\":\"https:\/\/d2jxuf8ovdiw8x.cloudfront.net\/uploads\/sites\/24\/2025\/06\/Phone-mockup-11-2.png\",\"contentUrl\":\"https:\/\/d2jxuf8ovdiw8x.cloudfront.net\/uploads\/sites\/24\/2025\/06\/Phone-mockup-11-2.png\",\"caption\":\"Lebensmittel\"},{\"@type\":\"BreadcrumbList\",\"@id\":\"https:\/\/picnic.app\/de\/online-supermarkt\/angebote\/#breadcrumb\",\"itemListElement\":[{\"@type\":\"ListItem\",\"position\":1,\"name\":\"Online Supermarkt\",\"item\":\"https:\/\/picnic.app\/de\/online-supermarkt\/\"},{\"@type\":\"ListItem\",\"position\":2,\"name\":\"Angebote\"}]},{\"@type\":\"WebSite\",\"@id\":\"https:\/\/picnic.app\/de\/#website\",\"url\":\"https:\/\/picnic.app\/de\/\",\"name\":\"Picnic DE\",\"description\":\"Der Online Supermarkt\",\"publisher\":{\"@id\":\"https:\/\/picnic.app\/de\/#organization\"},\"potentialAction\":[{\"@type\":\"SearchAction\",\"target\":{\"@type\":\"EntryPoint\",\"urlTemplate\":\"https:\/\/picnic.app\/de\/?s={search_term_string}\"},\"query-input\":{\"@type\":\"PropertyValueSpecification\",\"valueRequired\":true,\"valueName\":\"search_term_string\"}}],\"inLanguage\":\"en-US\"},{\"@type\":\"Organization\",\"@id\":\"https:\/\/picnic.app\/de\/#organization\",\"name\":\"Picnic DE\",\"url\":\"https:\/\/picnic.app\/de\/\",\"logo\":{\"@type\":\"ImageObject\",\"inLanguage\":\"en-US\",\"@id\":\"https:\/\/picnic.app\/de\/#\/schema\/logo\/image\/\",\"url\":\"https:\/\/d2jxuf8ovdiw8x.cloudfront.net\/uploads\/sites\/24\/2025\/06\/Favicon-Picnic-Logo.png\",\"contentUrl\":\"https:\/\/d2jxuf8ovdiw8x.cloudfront.net\/uploads\/sites\/24\/2025\/06\/Favicon-Picnic-Logo.png\",\"width\":\"1\",\"height\":\"1\",\"caption\":\"Picnic DE\"},\"image\":{\"@id\":\"https:\/\/picnic.app\/de\/#\/schema\/logo\/image\/\"}},{\"@type\":\"Person\",\"@id\":\"https:\/\/picnic.app\/de\/#\/schema\/person\/16d345f2a705f0567e8a4d5f4cae641b\",\"name\":\"jscholand1\",\"image\":{\"@type\":\"ImageObject\",\"inLanguage\":\"en-US\",\"@id\":\"https:\/\/picnic.app\/de\/#\/schema\/person\/image\/\",\"url\":\"https:\/\/secure.gravatar.com\/avatar\/b86a63e0f44ebacececdc1db02dae118662ec3b81133d587f293d7c084b2fa99?s=96&d=mm&r=g\",\"contentUrl\":\"https:\/\/secure.gravatar.com\/avatar\/b86a63e0f44ebacececdc1db02dae118662ec3b81133d587f293d7c084b2fa99?s=96&d=mm&r=g\",\"caption\":\"jscholand1\"},\"url\":\"https:\/\/picnic.app\/de\/author\/jscholand1\/\"}]}<\/script>\n<!-- \/ Yoast SEO Premium plugin. -->","yoast_head_json":{"title":"Die besten Angebote: Dein Supermarkt auf R\u00e4dern | Picnic","description":"Spare jede Woche mit den Picnic-Angeboten! B\u00fcndel-Bonus, Europarade & Kombikracher warten auf dich. Jetzt alle Deals entdecken und mehr sparen!","robots":{"index":"index","follow":"follow","max-snippet":"max-snippet:-1","max-image-preview":"max-image-preview:large","max-video-preview":"max-video-preview:-1"},"canonical":"https:\/\/picnic.app\/de\/online-supermarkt\/angebote\/","og_locale":"en_US","og_type":"article","og_title":"Die besten Angebote: Dein Supermarkt auf R\u00e4dern | Picnic","og_description":"Spare jede Woche mit den Picnic-Angeboten! B\u00fcndel-Bonus, Europarade & Kombikracher warten auf dich. Jetzt alle Deals entdecken und mehr sparen!","og_url":"https:\/\/picnic.app\/de\/online-supermarkt\/angebote\/","og_site_name":"Picnic DE","article_modified_time":"2026-05-04T11:39:22+00:00","og_image":[{"url":"https:\/\/d2jxuf8ovdiw8x.cloudfront.net\/uploads\/sites\/24\/2025\/06\/Phone-mockup-11-2.png","width":1,"height":1,"type":"image\/png"}],"twitter_card":"summary_large_image","twitter_misc":{"Est. reading time":"3 minutes"},"schema":{"@context":"https:\/\/schema.org","@graph":[{"@type":"Article","@id":"https:\/\/picnic.app\/de\/online-supermarkt\/angebote\/#article","isPartOf":{"@id":"https:\/\/picnic.app\/de\/online-supermarkt\/angebote\/"},"author":{"name":"jscholand1","@id":"https:\/\/picnic.app\/de\/#\/schema\/person\/16d345f2a705f0567e8a4d5f4cae641b"},"headline":"2025_DE_Promotions","datePublished":"2025-06-27T09:47:47+00:00","dateModified":"2026-05-04T11:39:22+00:00","mainEntityOfPage":{"@id":"https:\/\/picnic.app\/de\/online-supermarkt\/angebote\/"},"wordCount":2,"publisher":{"@id":"https:\/\/picnic.app\/de\/#organization"},"image":{"@id":"https:\/\/picnic.app\/de\/online-supermarkt\/angebote\/#primaryimage"},"thumbnailUrl":"https:\/\/d2jxuf8ovdiw8x.cloudfront.net\/uploads\/sites\/24\/2025\/06\/Phone-mockup-11-2.png","inLanguage":"en-US"},{"@type":"WebPage","@id":"https:\/\/picnic.app\/de\/online-supermarkt\/angebote\/","url":"https:\/\/picnic.app\/de\/online-supermarkt\/angebote\/","name":"Die besten Angebote: Dein Supermarkt auf R\u00e4dern | Picnic","isPartOf":{"@id":"https:\/\/picnic.app\/de\/#website"},"primaryImageOfPage":{"@id":"https:\/\/picnic.app\/de\/online-supermarkt\/angebote\/#primaryimage"},"image":{"@id":"https:\/\/picnic.app\/de\/online-supermarkt\/angebote\/#primaryimage"},"thumbnailUrl":"https:\/\/d2jxuf8ovdiw8x.cloudfront.net\/uploads\/sites\/24\/2025\/06\/Phone-mockup-11-2.png","datePublished":"2025-06-27T09:47:47+00:00","dateModified":"2026-05-04T11:39:22+00:00","description":"Spare jede Woche mit den Picnic-Angeboten! B\u00fcndel-Bonus, Europarade & Kombikracher warten auf dich. Jetzt alle Deals entdecken und mehr sparen!","breadcrumb":{"@id":"https:\/\/picnic.app\/de\/online-supermarkt\/angebote\/#breadcrumb"},"inLanguage":"en-US","potentialAction":[{"@type":"ReadAction","target":["https:\/\/picnic.app\/de\/online-supermarkt\/angebote\/"]}]},{"@type":"ImageObject","inLanguage":"en-US","@id":"https:\/\/picnic.app\/de\/online-supermarkt\/angebote\/#primaryimage","url":"https:\/\/d2jxuf8ovdiw8x.cloudfront.net\/uploads\/sites\/24\/2025\/06\/Phone-mockup-11-2.png","contentUrl":"https:\/\/d2jxuf8ovdiw8x.cloudfront.net\/uploads\/sites\/24\/2025\/06\/Phone-mockup-11-2.png","caption":"Lebensmittel"},{"@type":"BreadcrumbList","@id":"https:\/\/picnic.app\/de\/online-supermarkt\/angebote\/#breadcrumb","itemListElement":[{"@type":"ListItem","position":1,"name":"Online Supermarkt","item":"https:\/\/picnic.app\/de\/online-supermarkt\/"},{"@type":"ListItem","position":2,"name":"Angebote"}]},{"@type":"WebSite","@id":"https:\/\/picnic.app\/de\/#website","url":"https:\/\/picnic.app\/de\/","name":"Picnic DE","description":"Der Online Supermarkt","publisher":{"@id":"https:\/\/picnic.app\/de\/#organization"},"potentialAction":[{"@type":"SearchAction","target":{"@type":"EntryPoint","urlTemplate":"https:\/\/picnic.app\/de\/?s={search_term_string}"},"query-input":{"@type":"PropertyValueSpecification","valueRequired":true,"valueName":"search_term_string"}}],"inLanguage":"en-US"},{"@type":"Organization","@id":"https:\/\/picnic.app\/de\/#organization","name":"Picnic DE","url":"https:\/\/picnic.app\/de\/","logo":{"@type":"ImageObject","inLanguage":"en-US","@id":"https:\/\/picnic.app\/de\/#\/schema\/logo\/image\/","url":"https:\/\/d2jxuf8ovdiw8x.cloudfront.net\/uploads\/sites\/24\/2025\/06\/Favicon-Picnic-Logo.png","contentUrl":"https:\/\/d2jxuf8ovdiw8x.cloudfront.net\/uploads\/sites\/24\/2025\/06\/Favicon-Picnic-Logo.png","width":"1","height":"1","caption":"Picnic DE"},"image":{"@id":"https:\/\/picnic.app\/de\/#\/schema\/logo\/image\/"}},{"@type":"Person","@id":"https:\/\/picnic.app\/de\/#\/schema\/person\/16d345f2a705f0567e8a4d5f4cae641b","name":"jscholand1","image":{"@type":"ImageObject","inLanguage":"en-US","@id":"https:\/\/picnic.app\/de\/#\/schema\/person\/image\/","url":"https:\/\/secure.gravatar.com\/avatar\/b86a63e0f44ebacececdc1db02dae118662ec3b81133d587f293d7c084b2fa99?s=96&d=mm&r=g","contentUrl":"https:\/\/secure.gravatar.com\/avatar\/b86a63e0f44ebacececdc1db02dae118662ec3b81133d587f293d7c084b2fa99?s=96&d=mm&r=g","caption":"jscholand1"},"url":"https:\/\/picnic.app\/de\/author\/jscholand1\/"}]}},"_links":{"self":[{"href":"https:\/\/picnic.app\/de\/wp-json\/wp\/v2\/pages\/6951","targetHints":{"allow":["GET"]}}],"collection":[{"href":"https:\/\/picnic.app\/de\/wp-json\/wp\/v2\/pages"}],"about":[{"href":"https:\/\/picnic.app\/de\/wp-json\/wp\/v2\/types\/page"}],"author":[{"embeddable":true,"href":"https:\/\/picnic.app\/de\/wp-json\/wp\/v2\/users\/840"}],"replies":[{"embeddable":true,"href":"https:\/\/picnic.app\/de\/wp-json\/wp\/v2\/comments?post=6951"}],"version-history":[{"count":18,"href":"https:\/\/picnic.app\/de\/wp-json\/wp\/v2\/pages\/6951\/revisions"}],"predecessor-version":[{"id":9644,"href":"https:\/\/picnic.app\/de\/wp-json\/wp\/v2\/pages\/6951\/revisions\/9644"}],"up":[{"embeddable":true,"href":"https:\/\/picnic.app\/de\/wp-json\/wp\/v2\/pages\/6456"}],"wp:featuredmedia":[{"embeddable":true,"href":"https:\/\/picnic.app\/de\/wp-json\/wp\/v2\/media\/6954"}],"wp:attachment":[{"href":"https:\/\/picnic.app\/de\/wp-json\/wp\/v2\/media?parent=6951"}],"curies":[{"name":"wp","href":"https:\/\/api.w.org\/{rel}","templated":true}]}}