{"id":7035,"date":"2025-07-17T15:57:44","date_gmt":"2025-07-17T15:57:44","guid":{"rendered":"https:\/\/picnic.app\/de\/?page_id=7035"},"modified":"2026-04-10T13:09:05","modified_gmt":"2026-04-10T13:09:05","slug":"rabatte","status":"publish","type":"page","link":"https:\/\/picnic.app\/de\/online-supermarkt\/rabatte\/","title":{"rendered":"2026_DE_Discounts"},"content":{"rendered":"\n<style>\n  .location-hero-bg {\n    background-image: linear-gradient(13deg,rgba(0, 0, 0, 1) -60%, rgba(0, 0, 0, 0) 61%), url(https:\/\/d2jxuf8ovdiw8x.cloudfront.net\/uploads\/sites\/24\/2026\/04\/hero-desktopRabattNeu.png);\n  }\n\n  @media screen and (max-width: 768px) {\n    .location-hero-bg {\n      background-image: url(https:\/\/d2jxuf8ovdiw8x.cloudfront.net\/uploads\/sites\/24\/2026\/04\/hero-mobileRabattNeu.png);\n    }\n  }\n<\/style>\n\n<section id=\"\">\n\n  <div class=\"location-hero-bg bg-no-repeat bg-cover bg-center max-w-[1920px] mx-auto\">\n    <div class=\"text-center md:text-left content-center md:content-end px-6 md:px-10 lg:px-25 py-10 md:py-20 h-[480px] md:h-[640px] text-shadow-[0px 0px 25px black]\">\n      \n              <h1 class=\"text-[40px] mb-8 md:mb-4 text-black\">Doppelt sparen mit dem Picnic Rabattcode<\/h2>\n      \n              <div class=\"hidden w-1\/2 md:block text-base text-black\"><p>Wenn du Einkaufen mit Picnic genauso liebst wie wir, dann sag es weiter. Als <strong>Dankesch\u00f6n<\/strong> schenken wir dir und deinen Freunden jeweils 10 \u20ac Guthaben. Das spart Zeit \u2013 und bares Geld.<\/p>\n<\/div>\n      \n              <a class=\"js-download before:hidden !inline mt-4 bg-green8 p-3 rounded-xl text-white font-semibold md:!hidden\"\n           target=\"_blank\"\n           href='\/download%20app%20slug'>App herunterladen<\/a>\n      \n      <div class=\"buttons direct !hidden md:!flex mt-4 gap-2 relative flex-row\">\n        <a class=\"js-download-ios rounded-md bg-cover bg-center w-36 h-11 hover:opacity-80\"\n          style=\"background-image: url('https:\/\/d1gr3r269tafbs.cloudfront.net\/nextjs\/jobs\/app-store-dark_1737618798.png');\"\n          target=\"_blank\"\n          href='\/download%20app%20slug'><\/a>\n        <a class=\"js-download-android rounded-md bg-cover bg-center w-36 h-11 hover:opacity-80\"\n          style=\"background-image: url('https:\/\/d1gr3r269tafbs.cloudfront.net\/nextjs\/jobs\/play-store-dark_1737618858.png');\"\n          target=\"_blank\"\n          href='\/download%20app%20slug'><\/a>\n      <\/div>\n\n    <\/div>\n  <\/div>\n\n\n      <div class=\"block md:hidden text-base text-black px-6 pt-12 pb-4\"><p>Wenn du Einkaufen mit Picnic genauso liebst wie wir, dann sag es weiter. Als <strong>Dankesch\u00f6n<\/strong> schenken wir dir und deinen Freunden jeweils 10 \u20ac Guthaben. Das spart Zeit \u2013 und bares Geld.<\/p>\n<\/div>\n  <\/section>\n\n\n\n<section id='' class=\"text-media mx-auto px-0 md:px-24 bg-transparent \n  media-right non-overlap   \">\n  <div class=\"container !px-6 pb-10 flex items-center md:!gap-14 !min-h-[auto] md:px-0\n    md:flex-row-reverse    flex-col gap-8\">\n    <div class=\"media relative md:absolute z-10 left-0 basis-2\/3 w-full md:max-w-[712px] \">\n                <img class='image w-full h-full rounded-3xl mobile-rounded-0 object-cover' src='https:\/\/d2jxuf8ovdiw8x.cloudfront.net\/uploads\/sites\/24\/2026\/04\/Image-10eur41.png' alt=\"\">\n                    <\/div>\n    <div class='content relative md:absolute !w-full p-0 basis-1\/3 rounded-3xl right-0 z-20 md:max-w-lg\n      prose-headings:!mb-4 prose-p:text-base prose-p:leading-6 prose-p:!p-0 prose-p:!m-0\n      prose-headings:font-bold prose-headings:text-h3 md:prose-p:text-xl      prose-p:text-grey3      '>\n      <h2><strong><span class=\"text-black\">Freunde werben &amp;<br \/>\n10 \u20ac Gutschein sichern<\/span><\/strong><\/h2>\n<p><span class=\"text-black\">Ganz gleich, ob die liebe Nachbarin, die netten Kollegen oder deine besten Freunde \u2013 wenn du Picnic weiterempfiehlst, profitieren alle. So einfach geht\u2019s:<\/span><\/p>\n<ol>\n<li><span class=\"text-black\"><span class=\"text-black\">Klicke <a href=\"https:\/\/picnic.app\/de\/app-herunterladen\/\"><span class=\"text-green\">in der Picnic App<\/span><\/a> oben rechts auf das Profil-Icon und anschlie\u00dfend auf \u201cFreundschaftsrabatt\u201d.<\/span><\/span><\/li>\n<li><span class=\"text-black\"><span class=\"text-black\"><span class=\"text-black\">Hier findest du deinen pers\u00f6nlichen Code, den du mit Freunden teilen kannst.<\/span><\/span><\/span><\/li>\n<li><span class=\"text-black\">Freut euch beide auf 10 Euro Rabatt!<\/span><\/li>\n<\/ol>\n                <\/div>\n  <\/div>\n  <\/section>\n\n\n\n<section id='' class=\"text-media mx-auto px-0 md:px-24 bg-transparent \n  media-left non-overlap   \">\n  <div class=\"container !px-6 pb-10 flex items-center md:!gap-14 !min-h-[auto] md:px-0\n    md:flex-row    flex-col gap-8\">\n    <div class=\"media relative md:absolute z-10 left-0 basis-2\/3 w-full md:max-w-[712px] \">\n                <img class='image w-full h-full rounded-3xl mobile-rounded-0 object-cover' src='https:\/\/d2jxuf8ovdiw8x.cloudfront.net\/uploads\/sites\/24\/2026\/04\/Static1Euro.png' alt=\"\">\n                    <\/div>\n    <div class='content relative md:absolute !w-full p-0 basis-1\/3 rounded-3xl right-0 z-20 md:max-w-lg\n      prose-headings:!mb-4 prose-p:text-base prose-p:leading-6 prose-p:!p-0 prose-p:!m-0\n      prose-headings:font-bold prose-headings:text-h3 md:prose-p:text-xl      prose-p:text-grey3      '>\n      <h2><strong><span class=\"text-black\">Spare noch mehr mit unseren Angeboten<\/span><\/strong><\/h2>\n<p><span class=\"text-black\">Bei Picnic sparst du nicht nur mit Gutscheinen! Jede Woche gibt es neue <a href=\"https:\/\/picnic.app\/de\/online-supermarkt\/angebote\/\"><span class=\"text-green\">Angebote und Aktionen<\/span><\/a>. So gibt es bei der Europarade zum Beispiel Angebote f\u00fcr ein, zwei oder drei Euro, Mengenrabatte und Kombi-Deals.<\/span><\/p>\n            <div class=\"mt-6\">\n        <a href=\"https:\/\/picnic.app\/de\/online-supermarkt\/angebote\/\"\n   class=\"\"\n   target=\"_blank\">\n    <div class=\"inline-block px-3 py-2 text-body text-center text-white rounded-lg bg-green\">\n    <span class=\"hidden md:inline\">Noch mehr sparen<\/span>\n        <span class=\"inline md:hidden\">Noch mehr sparen<\/span>\n      <\/div>\n  <\/a>\n      <\/div>\n                <\/div>\n  <\/div>\n  <\/section>\n\n\n\n<section id='' class=\"faq-new bg-grey0\">\n  <div class=\"container\">\n    <div class=\"heading\">\n      <h3>H\u00e4ufig gestellte Fragen zu Picnic Rabatten<\/h3>\n      <p><\/p>\n    <\/div>\n\n        <ul class='questions'>\n      \n      <li class='question'>\n                <h4>Wie kann ich bei Picnic sparen?<\/h4>\n        \n                <p class='answer'><p><span class=\"text-black\">F\u00fcr das Werben von Freunden erh\u00e4ltst du 10 Euro Rabatt von Picnic. Als Kundin oder Kunde erh\u00e4ltst du au\u00dferdem immer mal wieder kleine \u00dcberraschungen von uns. Lass dich \u00fcberraschen!<\/span><\/p>\n<\/p>\n              <\/li>\n      \n      <li class='question'>\n                <h4>Kann man bei Picnic Gutscheine kaufen?<\/h4>\n        \n                <p class='answer'><p><span class=\"text-black\">Aktuell lassen sich bei Picnic keine Gutscheine kaufen.<\/span><\/p>\n<p>&nbsp;<\/p>\n<\/p>\n              <\/li>\n      \n      <li class='question'>\n                <h4>Wo finde ich meinen Rabattcode bei Picnic?<\/h4>\n        \n                <p class='answer'><p><span class=\"text-black\">Deinen individuellen Code f\u00fcr den Freundschaftsrabatt findest du, indem du das Profil-Icon oben rechts in der App anklickst und anschlie\u00dfend auf \u201cFreundschaftsrabatt\u201d klickst.<\/span><\/p>\n<\/p>\n              <\/li>\n      \n      <li class='question'>\n                <h4>Mein Picnic Rabattcode funktioniert nicht.<\/h4>\n        \n                <p class='answer'><p><span class=\"text-black\">Bitte vergewissere dich, dass dein Rabattcode nicht abgelaufen ist und frei von Tippfehlern ist. Immer noch kein Erfolg? Wende dich einfach an unseren <span class=\"text-green\"><a class=\"text-green\" href=\"https:\/\/picnic.app\/de\/kontakt\/\">freundlichen Kundenservice<\/a>.<\/span><\/span><\/p>\n<\/p>\n              <\/li>\n            <a href=\"\/locale\/questions%20slug\" class=\"cta\">\n      more questions      <\/a>\n    <\/ul>\n    \n  <\/div>\n<\/section>\n\n\n\n<section id='' class=\"text-media mx-auto px-0 md:px-24 bg-transparent \n  media-right non-overlap   \">\n  <div class=\"container !px-6 pb-10 flex items-center md:!gap-14 !min-h-[auto] md:px-0\n    md:flex-row-reverse    flex-col gap-8\">\n    <div class=\"media relative md:absolute z-10 left-0 basis-2\/3 w-full md:max-w-[712px] \">\n                <img class='image w-full h-full rounded-3xl mobile-rounded-0 object-cover' src='https:\/\/d2jxuf8ovdiw8x.cloudfront.net\/uploads\/sites\/24\/2026\/04\/EPV10Eur.png' alt=\"\">\n                    <\/div>\n    <div class='content relative md:absolute !w-full p-0 basis-1\/3 rounded-3xl right-0 z-20 md:max-w-lg\n      prose-headings:!mb-4 prose-p:text-base prose-p:leading-6 prose-p:!p-0 prose-p:!m-0\n      prose-headings:font-bold prose-headings:text-h3 md:prose-p:text-xl      prose-p:text-grey3      '>\n      <h2><span class=\"text-black\"><strong><span class=\"text-black\">Jetzt ausprobieren?<\/span><\/strong><\/span><\/h2>\n<p><span class=\"text-black\">Hol dir die kostenlose Picnic-App und entdecke die wohl entspannteste Art, deinen Wocheneinkauf zu erledigen.<\/span><\/p>\n                      <div class=\"mt-6\">\n              <div class='buttons direct flex hero'>\n                  <a href='\/download%20app%20slug'\n                     class='locale btn ios transition-trigger js-download-ios -ios'><\/a>\n                  <a href='\/download%20app%20slug'\n                     class='locale btn android transition-trigger js-download-android -android'><\/a>\n                  <a href='\/download%20app%20slug'\n                     class='btn mobile transition-trigger red js-download justify-center !bg-none !bg-red !py-3 !px-4 !inline-block\n            md:!hidden '>download app<\/a>\n              <\/div>\n          <\/div>\n          <\/div>\n  <\/div>\n  <\/section>\n","protected":false},"excerpt":{"rendered":"","protected":false},"author":840,"featured_media":9500,"parent":6456,"menu_order":0,"comment_status":"closed","ping_status":"closed","template":"","meta":{"footnotes":""},"class_list":["post-7035","page","type-page","status-publish","has-post-thumbnail","hentry"],"acf":[],"yoast_head":"<!-- This site is optimized with the Yoast SEO Premium plugin v25.8 (Yoast SEO v25.9) - https:\/\/yoast.com\/wordpress\/plugins\/seo\/ -->\n<title>Freunde werben &amp; jeweils 10 \u20ac\u00a0Rabatt sichern | Picnic<\/title>\n<meta name=\"description\" content=\"Mit deinem pers\u00f6nlichen Picnic Rabattcode schenkst du deinen Freunden 10 \u20ac und bekommst selbst 10 \u20ac Guthaben. Einfach Code teilen &amp; sparen.\" \/>\n<meta name=\"robots\" content=\"index, follow, max-snippet:-1, max-image-preview:large, max-video-preview:-1\" \/>\n<link rel=\"canonical\" href=\"https:\/\/picnic.app\/de\/online-supermarkt\/rabatte\/\" \/>\n<meta property=\"og:locale\" content=\"en_US\" \/>\n<meta property=\"og:type\" content=\"article\" \/>\n<meta property=\"og:title\" content=\"Freunde werben &amp; jeweils 10 \u20ac\u00a0Rabatt sichern | Picnic\" \/>\n<meta property=\"og:description\" content=\"Mit deinem pers\u00f6nlichen Picnic Rabattcode schenkst du deinen Freunden 10 \u20ac und bekommst selbst 10 \u20ac Guthaben. Einfach Code teilen &amp; sparen.\" \/>\n<meta property=\"og:url\" content=\"https:\/\/picnic.app\/de\/online-supermarkt\/rabatte\/\" \/>\n<meta property=\"og:site_name\" content=\"Picnic DE\" \/>\n<meta property=\"article:modified_time\" content=\"2026-04-10T13:09:05+00:00\" \/>\n<meta property=\"og:image\" content=\"https:\/\/d2jxuf8ovdiw8x.cloudfront.net\/uploads\/sites\/24\/2026\/04\/RabattNeuOverview.png\" \/>\n\t<meta property=\"og:image:width\" content=\"1\" \/>\n\t<meta property=\"og:image:height\" content=\"1\" \/>\n\t<meta property=\"og:image:type\" content=\"image\/png\" \/>\n<meta name=\"twitter:card\" content=\"summary_large_image\" \/>\n<meta name=\"twitter:label1\" content=\"Est. reading time\" \/>\n\t<meta name=\"twitter:data1\" content=\"2 minutes\" \/>\n<script type=\"application\/ld+json\" class=\"yoast-schema-graph\">{\"@context\":\"https:\/\/schema.org\",\"@graph\":[{\"@type\":\"Article\",\"@id\":\"https:\/\/picnic.app\/de\/online-supermarkt\/rabatte\/#article\",\"isPartOf\":{\"@id\":\"https:\/\/picnic.app\/de\/online-supermarkt\/rabatte\/\"},\"author\":{\"name\":\"jscholand1\",\"@id\":\"https:\/\/picnic.app\/de\/#\/schema\/person\/16d345f2a705f0567e8a4d5f4cae641b\"},\"headline\":\"2026_DE_Discounts\",\"datePublished\":\"2025-07-17T15:57:44+00:00\",\"dateModified\":\"2026-04-10T13:09:05+00:00\",\"mainEntityOfPage\":{\"@id\":\"https:\/\/picnic.app\/de\/online-supermarkt\/rabatte\/\"},\"wordCount\":2,\"publisher\":{\"@id\":\"https:\/\/picnic.app\/de\/#organization\"},\"image\":{\"@id\":\"https:\/\/picnic.app\/de\/online-supermarkt\/rabatte\/#primaryimage\"},\"thumbnailUrl\":\"https:\/\/d2jxuf8ovdiw8x.cloudfront.net\/uploads\/sites\/24\/2026\/04\/RabattNeuOverview.png\",\"inLanguage\":\"en-US\"},{\"@type\":\"WebPage\",\"@id\":\"https:\/\/picnic.app\/de\/online-supermarkt\/rabatte\/\",\"url\":\"https:\/\/picnic.app\/de\/online-supermarkt\/rabatte\/\",\"name\":\"Freunde werben & jeweils 10 \u20ac\u00a0Rabatt sichern | Picnic\",\"isPartOf\":{\"@id\":\"https:\/\/picnic.app\/de\/#website\"},\"primaryImageOfPage\":{\"@id\":\"https:\/\/picnic.app\/de\/online-supermarkt\/rabatte\/#primaryimage\"},\"image\":{\"@id\":\"https:\/\/picnic.app\/de\/online-supermarkt\/rabatte\/#primaryimage\"},\"thumbnailUrl\":\"https:\/\/d2jxuf8ovdiw8x.cloudfront.net\/uploads\/sites\/24\/2026\/04\/RabattNeuOverview.png\",\"datePublished\":\"2025-07-17T15:57:44+00:00\",\"dateModified\":\"2026-04-10T13:09:05+00:00\",\"description\":\"Mit deinem pers\u00f6nlichen Picnic Rabattcode schenkst du deinen Freunden 10 \u20ac und bekommst selbst 10 \u20ac Guthaben. Einfach Code teilen & sparen.\",\"breadcrumb\":{\"@id\":\"https:\/\/picnic.app\/de\/online-supermarkt\/rabatte\/#breadcrumb\"},\"inLanguage\":\"en-US\",\"potentialAction\":[{\"@type\":\"ReadAction\",\"target\":[\"https:\/\/picnic.app\/de\/online-supermarkt\/rabatte\/\"]}]},{\"@type\":\"ImageObject\",\"inLanguage\":\"en-US\",\"@id\":\"https:\/\/picnic.app\/de\/online-supermarkt\/rabatte\/#primaryimage\",\"url\":\"https:\/\/d2jxuf8ovdiw8x.cloudfront.net\/uploads\/sites\/24\/2026\/04\/RabattNeuOverview.png\",\"contentUrl\":\"https:\/\/d2jxuf8ovdiw8x.cloudfront.net\/uploads\/sites\/24\/2026\/04\/RabattNeuOverview.png\"},{\"@type\":\"BreadcrumbList\",\"@id\":\"https:\/\/picnic.app\/de\/online-supermarkt\/rabatte\/#breadcrumb\",\"itemListElement\":[{\"@type\":\"ListItem\",\"position\":1,\"name\":\"Online Supermarkt\",\"item\":\"https:\/\/picnic.app\/de\/online-supermarkt\/\"},{\"@type\":\"ListItem\",\"position\":2,\"name\":\"Spare mit dem Picnic Freundschafts-Rabatt\"}]},{\"@type\":\"WebSite\",\"@id\":\"https:\/\/picnic.app\/de\/#website\",\"url\":\"https:\/\/picnic.app\/de\/\",\"name\":\"Picnic DE\",\"description\":\"Der Online Supermarkt\",\"publisher\":{\"@id\":\"https:\/\/picnic.app\/de\/#organization\"},\"potentialAction\":[{\"@type\":\"SearchAction\",\"target\":{\"@type\":\"EntryPoint\",\"urlTemplate\":\"https:\/\/picnic.app\/de\/?s={search_term_string}\"},\"query-input\":{\"@type\":\"PropertyValueSpecification\",\"valueRequired\":true,\"valueName\":\"search_term_string\"}}],\"inLanguage\":\"en-US\"},{\"@type\":\"Organization\",\"@id\":\"https:\/\/picnic.app\/de\/#organization\",\"name\":\"Picnic DE\",\"url\":\"https:\/\/picnic.app\/de\/\",\"logo\":{\"@type\":\"ImageObject\",\"inLanguage\":\"en-US\",\"@id\":\"https:\/\/picnic.app\/de\/#\/schema\/logo\/image\/\",\"url\":\"https:\/\/d2jxuf8ovdiw8x.cloudfront.net\/uploads\/sites\/24\/2025\/06\/Favicon-Picnic-Logo.png\",\"contentUrl\":\"https:\/\/d2jxuf8ovdiw8x.cloudfront.net\/uploads\/sites\/24\/2025\/06\/Favicon-Picnic-Logo.png\",\"width\":\"1\",\"height\":\"1\",\"caption\":\"Picnic DE\"},\"image\":{\"@id\":\"https:\/\/picnic.app\/de\/#\/schema\/logo\/image\/\"}},{\"@type\":\"Person\",\"@id\":\"https:\/\/picnic.app\/de\/#\/schema\/person\/16d345f2a705f0567e8a4d5f4cae641b\",\"name\":\"jscholand1\",\"image\":{\"@type\":\"ImageObject\",\"inLanguage\":\"en-US\",\"@id\":\"https:\/\/picnic.app\/de\/#\/schema\/person\/image\/\",\"url\":\"https:\/\/secure.gravatar.com\/avatar\/b86a63e0f44ebacececdc1db02dae118662ec3b81133d587f293d7c084b2fa99?s=96&d=mm&r=g\",\"contentUrl\":\"https:\/\/secure.gravatar.com\/avatar\/b86a63e0f44ebacececdc1db02dae118662ec3b81133d587f293d7c084b2fa99?s=96&d=mm&r=g\",\"caption\":\"jscholand1\"},\"url\":\"https:\/\/picnic.app\/de\/author\/jscholand1\/\"}]}<\/script>\n<!-- \/ Yoast SEO Premium plugin. -->","yoast_head_json":{"title":"Freunde werben & jeweils 10 \u20ac\u00a0Rabatt sichern | Picnic","description":"Mit deinem pers\u00f6nlichen Picnic Rabattcode schenkst du deinen Freunden 10 \u20ac und bekommst selbst 10 \u20ac Guthaben. Einfach Code teilen & sparen.","robots":{"index":"index","follow":"follow","max-snippet":"max-snippet:-1","max-image-preview":"max-image-preview:large","max-video-preview":"max-video-preview:-1"},"canonical":"https:\/\/picnic.app\/de\/online-supermarkt\/rabatte\/","og_locale":"en_US","og_type":"article","og_title":"Freunde werben & jeweils 10 \u20ac\u00a0Rabatt sichern | Picnic","og_description":"Mit deinem pers\u00f6nlichen Picnic Rabattcode schenkst du deinen Freunden 10 \u20ac und bekommst selbst 10 \u20ac Guthaben. Einfach Code teilen & sparen.","og_url":"https:\/\/picnic.app\/de\/online-supermarkt\/rabatte\/","og_site_name":"Picnic DE","article_modified_time":"2026-04-10T13:09:05+00:00","og_image":[{"url":"https:\/\/d2jxuf8ovdiw8x.cloudfront.net\/uploads\/sites\/24\/2026\/04\/RabattNeuOverview.png","width":1,"height":1,"type":"image\/png"}],"twitter_card":"summary_large_image","twitter_misc":{"Est. reading time":"2 minutes"},"schema":{"@context":"https:\/\/schema.org","@graph":[{"@type":"Article","@id":"https:\/\/picnic.app\/de\/online-supermarkt\/rabatte\/#article","isPartOf":{"@id":"https:\/\/picnic.app\/de\/online-supermarkt\/rabatte\/"},"author":{"name":"jscholand1","@id":"https:\/\/picnic.app\/de\/#\/schema\/person\/16d345f2a705f0567e8a4d5f4cae641b"},"headline":"2026_DE_Discounts","datePublished":"2025-07-17T15:57:44+00:00","dateModified":"2026-04-10T13:09:05+00:00","mainEntityOfPage":{"@id":"https:\/\/picnic.app\/de\/online-supermarkt\/rabatte\/"},"wordCount":2,"publisher":{"@id":"https:\/\/picnic.app\/de\/#organization"},"image":{"@id":"https:\/\/picnic.app\/de\/online-supermarkt\/rabatte\/#primaryimage"},"thumbnailUrl":"https:\/\/d2jxuf8ovdiw8x.cloudfront.net\/uploads\/sites\/24\/2026\/04\/RabattNeuOverview.png","inLanguage":"en-US"},{"@type":"WebPage","@id":"https:\/\/picnic.app\/de\/online-supermarkt\/rabatte\/","url":"https:\/\/picnic.app\/de\/online-supermarkt\/rabatte\/","name":"Freunde werben & jeweils 10 \u20ac\u00a0Rabatt sichern | Picnic","isPartOf":{"@id":"https:\/\/picnic.app\/de\/#website"},"primaryImageOfPage":{"@id":"https:\/\/picnic.app\/de\/online-supermarkt\/rabatte\/#primaryimage"},"image":{"@id":"https:\/\/picnic.app\/de\/online-supermarkt\/rabatte\/#primaryimage"},"thumbnailUrl":"https:\/\/d2jxuf8ovdiw8x.cloudfront.net\/uploads\/sites\/24\/2026\/04\/RabattNeuOverview.png","datePublished":"2025-07-17T15:57:44+00:00","dateModified":"2026-04-10T13:09:05+00:00","description":"Mit deinem pers\u00f6nlichen Picnic Rabattcode schenkst du deinen Freunden 10 \u20ac und bekommst selbst 10 \u20ac Guthaben. Einfach Code teilen & sparen.","breadcrumb":{"@id":"https:\/\/picnic.app\/de\/online-supermarkt\/rabatte\/#breadcrumb"},"inLanguage":"en-US","potentialAction":[{"@type":"ReadAction","target":["https:\/\/picnic.app\/de\/online-supermarkt\/rabatte\/"]}]},{"@type":"ImageObject","inLanguage":"en-US","@id":"https:\/\/picnic.app\/de\/online-supermarkt\/rabatte\/#primaryimage","url":"https:\/\/d2jxuf8ovdiw8x.cloudfront.net\/uploads\/sites\/24\/2026\/04\/RabattNeuOverview.png","contentUrl":"https:\/\/d2jxuf8ovdiw8x.cloudfront.net\/uploads\/sites\/24\/2026\/04\/RabattNeuOverview.png"},{"@type":"BreadcrumbList","@id":"https:\/\/picnic.app\/de\/online-supermarkt\/rabatte\/#breadcrumb","itemListElement":[{"@type":"ListItem","position":1,"name":"Online Supermarkt","item":"https:\/\/picnic.app\/de\/online-supermarkt\/"},{"@type":"ListItem","position":2,"name":"Spare mit dem Picnic Freundschafts-Rabatt"}]},{"@type":"WebSite","@id":"https:\/\/picnic.app\/de\/#website","url":"https:\/\/picnic.app\/de\/","name":"Picnic DE","description":"Der Online Supermarkt","publisher":{"@id":"https:\/\/picnic.app\/de\/#organization"},"potentialAction":[{"@type":"SearchAction","target":{"@type":"EntryPoint","urlTemplate":"https:\/\/picnic.app\/de\/?s={search_term_string}"},"query-input":{"@type":"PropertyValueSpecification","valueRequired":true,"valueName":"search_term_string"}}],"inLanguage":"en-US"},{"@type":"Organization","@id":"https:\/\/picnic.app\/de\/#organization","name":"Picnic DE","url":"https:\/\/picnic.app\/de\/","logo":{"@type":"ImageObject","inLanguage":"en-US","@id":"https:\/\/picnic.app\/de\/#\/schema\/logo\/image\/","url":"https:\/\/d2jxuf8ovdiw8x.cloudfront.net\/uploads\/sites\/24\/2025\/06\/Favicon-Picnic-Logo.png","contentUrl":"https:\/\/d2jxuf8ovdiw8x.cloudfront.net\/uploads\/sites\/24\/2025\/06\/Favicon-Picnic-Logo.png","width":"1","height":"1","caption":"Picnic DE"},"image":{"@id":"https:\/\/picnic.app\/de\/#\/schema\/logo\/image\/"}},{"@type":"Person","@id":"https:\/\/picnic.app\/de\/#\/schema\/person\/16d345f2a705f0567e8a4d5f4cae641b","name":"jscholand1","image":{"@type":"ImageObject","inLanguage":"en-US","@id":"https:\/\/picnic.app\/de\/#\/schema\/person\/image\/","url":"https:\/\/secure.gravatar.com\/avatar\/b86a63e0f44ebacececdc1db02dae118662ec3b81133d587f293d7c084b2fa99?s=96&d=mm&r=g","contentUrl":"https:\/\/secure.gravatar.com\/avatar\/b86a63e0f44ebacececdc1db02dae118662ec3b81133d587f293d7c084b2fa99?s=96&d=mm&r=g","caption":"jscholand1"},"url":"https:\/\/picnic.app\/de\/author\/jscholand1\/"}]}},"_links":{"self":[{"href":"https:\/\/picnic.app\/de\/wp-json\/wp\/v2\/pages\/7035","targetHints":{"allow":["GET"]}}],"collection":[{"href":"https:\/\/picnic.app\/de\/wp-json\/wp\/v2\/pages"}],"about":[{"href":"https:\/\/picnic.app\/de\/wp-json\/wp\/v2\/types\/page"}],"author":[{"embeddable":true,"href":"https:\/\/picnic.app\/de\/wp-json\/wp\/v2\/users\/840"}],"replies":[{"embeddable":true,"href":"https:\/\/picnic.app\/de\/wp-json\/wp\/v2\/comments?post=7035"}],"version-history":[{"count":87,"href":"https:\/\/picnic.app\/de\/wp-json\/wp\/v2\/pages\/7035\/revisions"}],"predecessor-version":[{"id":9518,"href":"https:\/\/picnic.app\/de\/wp-json\/wp\/v2\/pages\/7035\/revisions\/9518"}],"up":[{"embeddable":true,"href":"https:\/\/picnic.app\/de\/wp-json\/wp\/v2\/pages\/6456"}],"wp:featuredmedia":[{"embeddable":true,"href":"https:\/\/picnic.app\/de\/wp-json\/wp\/v2\/media\/9500"}],"wp:attachment":[{"href":"https:\/\/picnic.app\/de\/wp-json\/wp\/v2\/media?parent=7035"}],"curies":[{"name":"wp","href":"https:\/\/api.w.org\/{rel}","templated":true}]}}