{"id":8396,"date":"2026-02-12T12:50:18","date_gmt":"2026-02-12T12:50:18","guid":{"rendered":"https:\/\/picnic.app\/de\/?page_id=8396"},"modified":"2026-03-16T08:47:26","modified_gmt":"2026-03-16T08:47:26","slug":"ueber-picnic","status":"publish","type":"page","link":"https:\/\/picnic.app\/de\/ueber-picnic\/","title":{"rendered":"2026_DE_About Picnic"},"content":{"rendered":"<style>\n  .simple-hero-bg {\n    background-image: url(https:\/\/d2jxuf8ovdiw8x.cloudfront.net\/uploads\/sites\/24\/2026\/02\/AboutPicnicHeaderMob.png);\n  }\n\n  @media screen and (max-width: 768px) {\n    .simple-hero-bg {\n      background-image: url(https:\/\/d2jxuf8ovdiw8x.cloudfront.net\/uploads\/sites\/24\/2026\/02\/AboutPicnicHeaderWeb.png);\n    }\n  }\n<\/style>\n\n<section\n  id=\"\"\n  class=\"md:min-h-[554px] relative -top-30 -mb-15 md:top-0 md:mb-0\">\n\n  <!-- Gradient overlay for small size -->\n      <div\n      class=\"z-[1] absolute bottom-0 -left-[35%] w-[120%] h-full\"\n      style=\"background: radial-gradient(circle at 45% 75%, rgba(0, 0, 0, 0.3) 20%, transparent 70%);\">\n    <\/div>\n  \n  <div class=\"simple-hero-bg bg-no-repeat bg-cover relative bg-center max-w-full\n              md:min-h-[554px] flex items-end pt-30\">\n    <div class=\"container py-10\">\n\n      <!-- Main content -->\n      <div class=\"relative z-[1] prose prose-strong:text-red prose-strong:font-semibold prose-headings:font-normal prose-headings:mb-4\n                  prose-h2:text-2xl md:prose-h2:text-6xl prose-p:leading-normal\">\n        <p>&nbsp;<\/p>\n<p>&nbsp;<\/p>\n<p>&nbsp;<\/p>\n<h1><span class=\"text-white\">\u00dcber Picnic<\/span><\/h1>\n<p><span class=\"text-white\">Wir wollen dir deinen Wocheneinkauf<strong><span class=\"text-white\"> so einfach wie m\u00f6glich<\/span><\/strong> machen. Deswegen liefern wir dir Lebensmittel stressfrei bis an die Haust\u00fcr. Aber auch sonst machen wir als Unternehmen vieles anders als herk\u00f6mmliche Superm\u00e4rkte. Was genau? Erf\u00e4hrst du hier!<\/span><\/p>\n      <\/div>\n\n              <!-- Custom button -->\n                  <div class=\"buttons direct flex mt-8 gap-2 relative z-[1] !flex-row\">\n                        <a href=\"\"\n               class=\"js-download-ios inline-block bg-white bg-cover bg-center border-0 rounded-lg duration-200 \\\n                ease-in-out active:animate-[click_200ms_ease-in-out] mb-2 lg:mb-0 \\\n                p-2.5 w-36 h-11 hover:opacity-80\"\n               style=\"background-image: url('https:\/\/d1gr3r269tafbs.cloudfront.net\/nextjs\/jobs\/app-store-dark_1737618798.png');\"><\/a>\n            <a href=\"https:\/\/app.adjust.com\/bn65k1?campaign=null&#038;adgroup=app-herunterladen\"\n               class=\"js-download-android inline-block bg-white bg-cover bg-center border-0 rounded-lg duration-200 \\\n                ease-in-out active:animate-[click_200ms_ease-in-out] mb-2 lg:mb-0 \\\n                p-2.5 w-36 h-11 hover:opacity-80\"\n               style=\"background-image: url('https:\/\/d1gr3r269tafbs.cloudfront.net\/nextjs\/jobs\/play-store-dark_1737618858.png');\"><\/a>\n          <\/div>\n              \n    <\/div>\n  <\/div>\n<\/section>\n\n\n\n<section id=\"\"\n         class=\"gallery-grid bg-transparent\">\n  <div class=\"px-5 py-10 mx-auto md:px-10 md:py-20 max-w-1400\">\n    <div>\n                    <div class=\"prose mb-4\">\n          <h2><span class=\"text-black\"><strong><span class=\"text-[32px]\">Frisches aus der Markthalle<\/span><\/strong><\/span><\/h2>\n<p><span class=\"text-black\">Das Beste am <strong>Wochenmarkt<\/strong>? Charakteristischer K\u00e4se vom K\u00e4seh\u00e4ndler, hochwertiges Fleisch vom Metzger und ofenfrisches Brot vom B\u00e4cker. \u2028Das Beste an Picnic? All das liefern wir dir gratis nach Hause. <\/span><\/p>\n<p>&nbsp;<\/p>\n        <\/div>\n      \n              <div class=\"grid gap-10 grid-cols-1 md:grid-cols-4\">\n                                    <a href=\"https:\/\/picnic.app\/de\/ueber-picnic\/markthalle\/\">\n                        <span class=\"block bg-center bg-no-repeat rounded-2xl h-75\n              bg-cover \"\n              style='background-image: url(https:\/\/d2jxuf8ovdiw8x.cloudfront.net\/uploads\/sites\/24\/2026\/03\/Wochenmarkt.png'><\/span>\n    \n    <div class='p-6 max-w-none prose prose-h3:text-2xl md:prose-h3:text-h3'>\n                    <h3>Das Beste vom Wochenmarkt<\/h3>\n        \n        <p><span class=\"text-black\"><span class=\"text-black\">Frische wie vom Markt \u2013<\/span> <span class=\"text-black\">aber ohne Anstehen! Entdecke die leckersten Lebensmittel aus deiner Region. <\/span><\/span><\/p>\n    <\/div>\n                <\/a>\n                                                <a href=\"https:\/\/picnic.app\/de\/ueber-picnic\/markthalle\/frisches-brot\/\">\n                        <span class=\"block bg-center bg-no-repeat rounded-2xl h-75\n              bg-cover \"\n              style='background-image: url(https:\/\/d2jxuf8ovdiw8x.cloudfront.net\/uploads\/sites\/24\/2026\/03\/Regionales-frisches-Brot.png'><\/span>\n    \n    <div class='p-6 max-w-none prose prose-h3:text-2xl md:prose-h3:text-h3'>\n                    <h3>Bei dem Brot bleibt\u2028kein Kr\u00fcmel \u00fcbrig<\/h3>\n        \n        <p><span class=\"text-black\">Hol dir das B\u00e4cker-Gef\u00fchl nach Hause!<\/span> <span class=\"text-black\">Lass dir die leckersten Backwaren deiner Region einfach liefern \u2013 ofenfrisch an deine Haust\u00fcr.<\/span><\/p>\n    <\/div>\n                <\/a>\n                                                <a href=\"https:\/\/picnic.app\/de\/ueber-picnic\/markthalle\/handgemachte-pasta\/\">\n                        <span class=\"block bg-center bg-no-repeat rounded-2xl h-75\n              bg-cover \"\n              style='background-image: url(https:\/\/d2jxuf8ovdiw8x.cloudfront.net\/uploads\/sites\/24\/2026\/03\/Pasta-fresh-header-without.png'><\/span>\n    \n    <div class='p-6 max-w-none prose prose-h3:text-2xl md:prose-h3:text-h3'>\n                    <h3>Pasta wie bei Nonna<\/h3>\n        \n        <p><span class=\"text-black\">Die beste Pasta kommt aus Italien.<\/span><span class=\"text-black\"> Und ganz frisch bis an deine Haust\u00fcr geliefert. Entdecke unsere Auswahl an Pasta-Spezialit\u00e4ten und hol dir Bella Italia direkt auf den Teller.<\/span><\/p>\n    <\/div>\n                <\/a>\n                                                <a href=\"https:\/\/picnic.app\/de\/ueber-picnic\/markthalle\/premium-steak\/\">\n                        <span class=\"block bg-center bg-no-repeat rounded-2xl h-75\n              bg-cover \"\n              style='background-image: url(https:\/\/d2jxuf8ovdiw8x.cloudfront.net\/uploads\/sites\/24\/2026\/03\/Header-small-mobile-15-1.png'><\/span>\n    \n    <div class='p-6 max-w-none prose prose-h3:text-2xl md:prose-h3:text-h3'>\n                    <h3>Feuer und Flamme f\u00fcr Premium-Steaks<\/h3>\n        \n        <p><span class=\"text-black\">F\u00fcr<\/span> <span class=\"text-black\">Genuss mit gutem Gef\u00fchl: Entdecke Fleisch aus verantwortungsvoller Haltung. Wir haben Cuts f\u00fcr jeden Geschmack. Heiz schon mal die Pfanne vor!<\/span><\/p>\n    <\/div>\n                <\/a>\n                              <\/div>\n          <\/div>\n  <\/div>\n<\/section>\n\n\n\n\n<section id=\"\"\n         class=\"gallery-grid bg-grey0\">\n  <div class=\"px-5 py-10 mx-auto md:px-10 md:py-20 max-w-1400\">\n    <div>\n                    <div class=\"prose mb-4\">\n          <h2><span class=\"text-black text-[34px]\"><strong>Nachhaltigkeit bei Picnic: <\/strong><\/span><span class=\"text-black text-[34px]\"><strong>Alles im gr\u00fcnen Bereich<\/strong><\/span><\/h2>\n<p><span class=\"text-black\"><span class=\"text-black\"><span class=\"text-black\">Nachhaltigkeit schreiben wir gro\u00df \u2013 nicht nur am Satzanfang: Wir hinterfragen st\u00e4ndig, wie wir dir<\/span> <span class=\"text-black\"><strong>deinen Einkauf noch umweltfreundlicher<\/strong><\/span><\/span><span class=\"text-black\"> gestalten k\u00f6nnen. Kleiner Spoiler: Daf\u00fcr haben wir jede Menge Ideen.<\/span><\/span><\/p>\n<p>&nbsp;<\/p>\n        <\/div>\n      \n              <div class=\"grid gap-10 grid-cols-1 md:grid-cols-4\">\n                                    <a href=\"https:\/\/picnic.app\/de\/ueber-picnic\/nachhaltige-logistik\/\">\n                        <span class=\"block bg-center bg-no-repeat rounded-2xl h-75\n              bg-cover \"\n              style='background-image: url(https:\/\/d2jxuf8ovdiw8x.cloudfront.net\/uploads\/sites\/24\/2026\/03\/HeroLogi.png'><\/span>\n    \n    <div class='p-6 max-w-none prose prose-h3:text-2xl md:prose-h3:text-h3'>\n                    <h3>Wir haben Logistik gr\u00fcn gedacht<\/h3>\n        \n        <p><span class=\"text-black\">Vom rein elektrischen Flitzer bis zum emissionsarmen Lieferzentrum \u2013 Nachhaltigkeit besch\u00e4ftigt uns \u00fcber alle Schritte hinweg.\u00a0<\/span><\/p>\n    <\/div>\n                <\/a>\n                                                <a href=\"https:\/\/picnic.app\/de\/ueber-picnic\/gemeinsam-gegen-lebensmittelverschwendung\/\">\n                        <span class=\"block bg-center bg-no-repeat rounded-2xl h-75\n              bg-cover \"\n              style='background-image: url(https:\/\/d2jxuf8ovdiw8x.cloudfront.net\/uploads\/sites\/24\/2025\/11\/SmallHeroFoodWaste.png'><\/span>\n    \n    <div class='p-6 max-w-none prose prose-h3:text-2xl md:prose-h3:text-h3'>\n                    <h3>So retten wir Lebensmittel<\/h3>\n        \n        <p><span class=\"text-black\">Niemand wirft gerne Lebensmittel weg \u2013 wir auch nicht. Lerne unsere Initiativen gegen Lebensmittelverschwendung kennen.\u00a0<\/span><\/p>\n    <\/div>\n                <\/a>\n                                                <a href=\"https:\/\/picnic.app\/de\/ueber-picnic\/nachhaltige-lebensmittel\/\">\n                        <span class=\"block bg-center bg-no-repeat rounded-2xl h-75\n              bg-cover \"\n              style='background-image: url(https:\/\/d2jxuf8ovdiw8x.cloudfront.net\/uploads\/sites\/24\/2026\/02\/FoodQualityHeroMob.png'><\/span>\n    \n    <div class='p-6 max-w-none prose prose-h3:text-2xl md:prose-h3:text-h3'>\n                    <h3>Nachhaltig kann so lecker sein<\/h3>\n        \n        <p><span class=\"text-black\">Frisches Obst und Gem\u00fcse, vegane und vegetarische Produkte sowie das Beste aus der Region: So geht nachhaltige Ern\u00e4hrung mit Picnic. <\/span><\/p>\n    <\/div>\n                <\/a>\n                                                <a href=\"https:\/\/picnic.app\/de\/ueber-picnic\/tipps-fuer-nachhaltiges-einkaufen\/\">\n                        <span class=\"block bg-center bg-no-repeat rounded-2xl h-75\n              bg-cover \"\n              style='background-image: url(https:\/\/d2jxuf8ovdiw8x.cloudfront.net\/uploads\/sites\/24\/2026\/02\/MobileSustainableHeaderFeb26.png.png'><\/span>\n    \n    <div class='p-6 max-w-none prose prose-h3:text-2xl md:prose-h3:text-h3'>\n                    <h3>8 Tipps f\u00fcr nachhaltiges Einkaufen<\/h3>\n        \n        <p><span class=\"text-black\">Du willst was ver\u00e4ndern? Wir verraten dir 8 Tipps, mit denen du deinen Einkauf sofort nachhaltiger gestalten kannst. <\/span><\/p>\n    <\/div>\n                <\/a>\n                                                <a href=\"https:\/\/picnic.app\/de\/ueber-picnic\/recycling\/\">\n                        <span class=\"block bg-center bg-no-repeat rounded-2xl h-75\n              bg-cover \"\n              style='background-image: url(https:\/\/d2jxuf8ovdiw8x.cloudfront.net\/uploads\/sites\/24\/2026\/02\/RecycleHeroFinMob.png'><\/span>\n    \n    <div class='p-6 max-w-none prose prose-h3:text-2xl md:prose-h3:text-h3'>\n                    <h3>Pfand-tastisch: So einfach geht Recycling <\/h3>\n        \n        <p><span class=\"text-black\">Pfand, unsere T\u00fcten, ausgediente Batterien \u2013 wir nehmen zur\u00fcck, was du nicht l\u00e4nger brauchst. Erfahre, wie es funktioniert.<\/span><\/p>\n    <\/div>\n                <\/a>\n                              <\/div>\n          <\/div>\n  <\/div>\n<\/section>\n\n\n\n\n<section id=\"\"\n         class=\"gallery-grid bg-transparent\">\n  <div class=\"px-5 py-10 mx-auto md:px-10 md:py-20 max-w-1400\">\n    <div>\n                    <div class=\"prose mb-4\">\n          <h2><span class=\"text-black\"><strong><span class=\"text-[34px]\">Unser Engagement:<\/span> <span class=\"text-[34px]\">Auf gute Nachbarschaft!<\/span><\/strong><\/span><\/h2>\n<p><span class=\"text-black\">Soziales Engagement ist uns wichtig: <strong>Picnic unterst\u00fctzt lokale Sportvereine<\/strong> und organisiert regelm\u00e4\u00dfig Familienfeste oder Tage der offenen T\u00fcr. Auch bei vielen Sportfesten und Stadtl\u00e4ufen sind wir am Start. Mit im Gep\u00e4ck: leckere Snacks und frische Getr\u00e4nke f\u00fcr durstige Sportler.<\/span><\/p>\n<p>&nbsp;<\/p>\n        <\/div>\n      \n              <div class=\"grid gap-10 grid-cols-1 md:grid-cols-4\">\n                                    <a href=\"https:\/\/picnic.app\/de\/ueber-picnic\/picnic-radsportteam\">\n                        <span class=\"block bg-center bg-no-repeat rounded-2xl h-75\n              bg-cover \"\n              style='background-image: url(https:\/\/d2jxuf8ovdiw8x.cloudfront.net\/uploads\/sites\/24\/2026\/02\/CycleFinalMob.png'><\/span>\n    \n    <div class='p-6 max-w-none prose prose-h3:text-2xl md:prose-h3:text-h3'>\n                    <h3>Stolzer Partner des Teams Picnic-PostNL <\/h3>\n        \n        <p><span class=\"text-black\">Wir freuen, auch in diesem Jahr stolzer Partner des Radsportteams Picnic-PostNL zu sein.<\/span><\/p>\n    <\/div>\n                <\/a>\n                              <\/div>\n          <\/div>\n  <\/div>\n<\/section>\n\n\n\n\n<section id='' class=\"text-media mx-auto px-0 md:px-24 bg-grey0 \n  media-left non-overlap   \">\n  <div class=\"container !px-6 pb-10 flex items-center md:!gap-14 !min-h-[auto] md:px-0\n    md:flex-row    flex-col gap-8\">\n    <div class=\"media relative md:absolute z-10 left-0 basis-2\/3 w-full md:max-w-[712px] \">\n                <img class='image w-full h-full rounded-3xl mobile-rounded-0 object-cover' src='https:\/\/d2jxuf8ovdiw8x.cloudfront.net\/uploads\/sites\/24\/2025\/06\/Group-2.png' alt=\"Elektrisches Picnic Fahrzeug\">\n                    <\/div>\n    <div class='content relative md:absolute !w-full p-0 basis-1\/3 rounded-3xl right-0 z-20 md:max-w-lg\n      prose-headings:!mb-4 prose-p:text-base prose-p:leading-6 prose-p:!p-0 prose-p:!m-0\n      prose-headings:font-bold prose-headings:text-h3 md:prose-p:text-xl      prose-p:text-grey3      '>\n      <h2><strong><span class=\"text-black\"><img loading=\"lazy\" decoding=\"async\" class=\"alignnone size-medium wp-image-6922\" src=\"https:\/\/d2jxuf8ovdiw8x.cloudfront.net\/uploads\/sites\/24\/2025\/06\/Group-2.png\" alt=\"\" width=\"1\" height=\"1\" \/>Hol dir die Picnic-App!<\/span><\/strong><\/h2>\n<p><span class=\"text-black\">Die kostenlose Picnic-App ist verf\u00fcgbar f\u00fcr iOS und Android. Hol sie dir jetzt!<\/span><\/p>\n                      <div class=\"mt-6\">\n              <div class='buttons direct flex hero'>\n                  <a href='\/download%20app%20slug'\n                     class='locale btn ios transition-trigger js-download-ios -ios'><\/a>\n                  <a href='\/download%20app%20slug'\n                     class='locale btn android transition-trigger js-download-android -android'><\/a>\n                  <a href='\/download%20app%20slug'\n                     class='btn mobile transition-trigger red js-download justify-center !bg-none !bg-red !py-3 !px-4 !inline-block\n            md:!hidden '>download app<\/a>\n              <\/div>\n          <\/div>\n          <\/div>\n  <\/div>\n  <\/section>\n\n\n\n<p><\/p>\n","protected":false},"excerpt":{"rendered":"","protected":false},"author":587,"featured_media":8425,"parent":0,"menu_order":0,"comment_status":"closed","ping_status":"closed","template":"","meta":{"footnotes":""},"class_list":["post-8396","page","type-page","status-publish","has-post-thumbnail","hentry"],"acf":[],"yoast_head":"<!-- This site is optimized with the Yoast SEO Premium plugin v25.8 (Yoast SEO v25.9) - https:\/\/yoast.com\/wordpress\/plugins\/seo\/ -->\n<title>\u00dcber Picnic: Unternehmen, Nachhaltigkeit &amp; Engagement | Picnic<\/title>\n<meta name=\"description\" content=\"Picnic liefert deinen Wocheneinkauf bis an die Haust\u00fcr. Erfahre mehr \u00fcber unser Unternehmen, Nachhaltigkeit und Engagement.\" \/>\n<meta name=\"robots\" content=\"index, follow, max-snippet:-1, max-image-preview:large, max-video-preview:-1\" \/>\n<link rel=\"canonical\" href=\"https:\/\/picnic.app\/de\/ueber-picnic\/\" \/>\n<meta property=\"og:locale\" content=\"en_US\" \/>\n<meta property=\"og:type\" content=\"article\" \/>\n<meta property=\"og:title\" content=\"\u00dcber Picnic: Unternehmen, Nachhaltigkeit &amp; Engagement | Picnic\" \/>\n<meta property=\"og:description\" content=\"Picnic liefert deinen Wocheneinkauf bis an die Haust\u00fcr. Erfahre mehr \u00fcber unser Unternehmen, Nachhaltigkeit und Engagement.\" \/>\n<meta property=\"og:url\" content=\"https:\/\/picnic.app\/de\/ueber-picnic\/\" \/>\n<meta property=\"og:site_name\" content=\"Picnic DE\" \/>\n<meta property=\"article:modified_time\" content=\"2026-03-16T08:47:26+00:00\" \/>\n<meta property=\"og:image\" content=\"https:\/\/d2jxuf8ovdiw8x.cloudfront.net\/uploads\/sites\/24\/2026\/02\/AboutPicnicHeaderWeb.png\" \/>\n\t<meta property=\"og:image:width\" content=\"1\" \/>\n\t<meta property=\"og:image:height\" content=\"1\" \/>\n\t<meta property=\"og:image:type\" content=\"image\/png\" \/>\n<meta name=\"twitter:card\" content=\"summary_large_image\" \/>\n<meta name=\"twitter:label1\" content=\"Est. reading time\" \/>\n\t<meta name=\"twitter:data1\" content=\"3 minutes\" \/>\n<script type=\"application\/ld+json\" class=\"yoast-schema-graph\">{\"@context\":\"https:\/\/schema.org\",\"@graph\":[{\"@type\":\"WebPage\",\"@id\":\"https:\/\/picnic.app\/de\/ueber-picnic\/\",\"url\":\"https:\/\/picnic.app\/de\/ueber-picnic\/\",\"name\":\"\u00dcber Picnic: Unternehmen, Nachhaltigkeit & Engagement | Picnic\",\"isPartOf\":{\"@id\":\"https:\/\/picnic.app\/de\/#website\"},\"primaryImageOfPage\":{\"@id\":\"https:\/\/picnic.app\/de\/ueber-picnic\/#primaryimage\"},\"image\":{\"@id\":\"https:\/\/picnic.app\/de\/ueber-picnic\/#primaryimage\"},\"thumbnailUrl\":\"https:\/\/d2jxuf8ovdiw8x.cloudfront.net\/uploads\/sites\/24\/2026\/02\/AboutPicnicHeaderWeb.png\",\"datePublished\":\"2026-02-12T12:50:18+00:00\",\"dateModified\":\"2026-03-16T08:47:26+00:00\",\"description\":\"Picnic liefert deinen Wocheneinkauf bis an die Haust\u00fcr. Erfahre mehr \u00fcber unser Unternehmen, Nachhaltigkeit und Engagement.\",\"inLanguage\":\"en-US\",\"potentialAction\":[{\"@type\":\"ReadAction\",\"target\":[\"https:\/\/picnic.app\/de\/ueber-picnic\/\"]}]},{\"@type\":\"ImageObject\",\"inLanguage\":\"en-US\",\"@id\":\"https:\/\/picnic.app\/de\/ueber-picnic\/#primaryimage\",\"url\":\"https:\/\/d2jxuf8ovdiw8x.cloudfront.net\/uploads\/sites\/24\/2026\/02\/AboutPicnicHeaderWeb.png\",\"contentUrl\":\"https:\/\/d2jxuf8ovdiw8x.cloudfront.net\/uploads\/sites\/24\/2026\/02\/AboutPicnicHeaderWeb.png\"},{\"@type\":\"WebSite\",\"@id\":\"https:\/\/picnic.app\/de\/#website\",\"url\":\"https:\/\/picnic.app\/de\/\",\"name\":\"Picnic DE\",\"description\":\"Der Online Supermarkt\",\"publisher\":{\"@id\":\"https:\/\/picnic.app\/de\/#organization\"},\"potentialAction\":[{\"@type\":\"SearchAction\",\"target\":{\"@type\":\"EntryPoint\",\"urlTemplate\":\"https:\/\/picnic.app\/de\/?s={search_term_string}\"},\"query-input\":{\"@type\":\"PropertyValueSpecification\",\"valueRequired\":true,\"valueName\":\"search_term_string\"}}],\"inLanguage\":\"en-US\"},{\"@type\":\"Organization\",\"@id\":\"https:\/\/picnic.app\/de\/#organization\",\"name\":\"Picnic DE\",\"url\":\"https:\/\/picnic.app\/de\/\",\"logo\":{\"@type\":\"ImageObject\",\"inLanguage\":\"en-US\",\"@id\":\"https:\/\/picnic.app\/de\/#\/schema\/logo\/image\/\",\"url\":\"https:\/\/d2jxuf8ovdiw8x.cloudfront.net\/uploads\/sites\/24\/2025\/06\/Favicon-Picnic-Logo.png\",\"contentUrl\":\"https:\/\/d2jxuf8ovdiw8x.cloudfront.net\/uploads\/sites\/24\/2025\/06\/Favicon-Picnic-Logo.png\",\"width\":\"1\",\"height\":\"1\",\"caption\":\"Picnic DE\"},\"image\":{\"@id\":\"https:\/\/picnic.app\/de\/#\/schema\/logo\/image\/\"}}]}<\/script>\n<!-- \/ Yoast SEO Premium plugin. -->","yoast_head_json":{"title":"\u00dcber Picnic: Unternehmen, Nachhaltigkeit & Engagement | Picnic","description":"Picnic liefert deinen Wocheneinkauf bis an die Haust\u00fcr. Erfahre mehr \u00fcber unser Unternehmen, Nachhaltigkeit und Engagement.","robots":{"index":"index","follow":"follow","max-snippet":"max-snippet:-1","max-image-preview":"max-image-preview:large","max-video-preview":"max-video-preview:-1"},"canonical":"https:\/\/picnic.app\/de\/ueber-picnic\/","og_locale":"en_US","og_type":"article","og_title":"\u00dcber Picnic: Unternehmen, Nachhaltigkeit & Engagement | Picnic","og_description":"Picnic liefert deinen Wocheneinkauf bis an die Haust\u00fcr. Erfahre mehr \u00fcber unser Unternehmen, Nachhaltigkeit und Engagement.","og_url":"https:\/\/picnic.app\/de\/ueber-picnic\/","og_site_name":"Picnic DE","article_modified_time":"2026-03-16T08:47:26+00:00","og_image":[{"url":"https:\/\/d2jxuf8ovdiw8x.cloudfront.net\/uploads\/sites\/24\/2026\/02\/AboutPicnicHeaderWeb.png","width":1,"height":1,"type":"image\/png"}],"twitter_card":"summary_large_image","twitter_misc":{"Est. reading time":"3 minutes"},"schema":{"@context":"https:\/\/schema.org","@graph":[{"@type":"WebPage","@id":"https:\/\/picnic.app\/de\/ueber-picnic\/","url":"https:\/\/picnic.app\/de\/ueber-picnic\/","name":"\u00dcber Picnic: Unternehmen, Nachhaltigkeit & Engagement | Picnic","isPartOf":{"@id":"https:\/\/picnic.app\/de\/#website"},"primaryImageOfPage":{"@id":"https:\/\/picnic.app\/de\/ueber-picnic\/#primaryimage"},"image":{"@id":"https:\/\/picnic.app\/de\/ueber-picnic\/#primaryimage"},"thumbnailUrl":"https:\/\/d2jxuf8ovdiw8x.cloudfront.net\/uploads\/sites\/24\/2026\/02\/AboutPicnicHeaderWeb.png","datePublished":"2026-02-12T12:50:18+00:00","dateModified":"2026-03-16T08:47:26+00:00","description":"Picnic liefert deinen Wocheneinkauf bis an die Haust\u00fcr. Erfahre mehr \u00fcber unser Unternehmen, Nachhaltigkeit und Engagement.","inLanguage":"en-US","potentialAction":[{"@type":"ReadAction","target":["https:\/\/picnic.app\/de\/ueber-picnic\/"]}]},{"@type":"ImageObject","inLanguage":"en-US","@id":"https:\/\/picnic.app\/de\/ueber-picnic\/#primaryimage","url":"https:\/\/d2jxuf8ovdiw8x.cloudfront.net\/uploads\/sites\/24\/2026\/02\/AboutPicnicHeaderWeb.png","contentUrl":"https:\/\/d2jxuf8ovdiw8x.cloudfront.net\/uploads\/sites\/24\/2026\/02\/AboutPicnicHeaderWeb.png"},{"@type":"WebSite","@id":"https:\/\/picnic.app\/de\/#website","url":"https:\/\/picnic.app\/de\/","name":"Picnic DE","description":"Der Online Supermarkt","publisher":{"@id":"https:\/\/picnic.app\/de\/#organization"},"potentialAction":[{"@type":"SearchAction","target":{"@type":"EntryPoint","urlTemplate":"https:\/\/picnic.app\/de\/?s={search_term_string}"},"query-input":{"@type":"PropertyValueSpecification","valueRequired":true,"valueName":"search_term_string"}}],"inLanguage":"en-US"},{"@type":"Organization","@id":"https:\/\/picnic.app\/de\/#organization","name":"Picnic DE","url":"https:\/\/picnic.app\/de\/","logo":{"@type":"ImageObject","inLanguage":"en-US","@id":"https:\/\/picnic.app\/de\/#\/schema\/logo\/image\/","url":"https:\/\/d2jxuf8ovdiw8x.cloudfront.net\/uploads\/sites\/24\/2025\/06\/Favicon-Picnic-Logo.png","contentUrl":"https:\/\/d2jxuf8ovdiw8x.cloudfront.net\/uploads\/sites\/24\/2025\/06\/Favicon-Picnic-Logo.png","width":"1","height":"1","caption":"Picnic DE"},"image":{"@id":"https:\/\/picnic.app\/de\/#\/schema\/logo\/image\/"}}]}},"_links":{"self":[{"href":"https:\/\/picnic.app\/de\/wp-json\/wp\/v2\/pages\/8396","targetHints":{"allow":["GET"]}}],"collection":[{"href":"https:\/\/picnic.app\/de\/wp-json\/wp\/v2\/pages"}],"about":[{"href":"https:\/\/picnic.app\/de\/wp-json\/wp\/v2\/types\/page"}],"author":[{"embeddable":true,"href":"https:\/\/picnic.app\/de\/wp-json\/wp\/v2\/users\/587"}],"replies":[{"embeddable":true,"href":"https:\/\/picnic.app\/de\/wp-json\/wp\/v2\/comments?post=8396"}],"version-history":[{"count":97,"href":"https:\/\/picnic.app\/de\/wp-json\/wp\/v2\/pages\/8396\/revisions"}],"predecessor-version":[{"id":9287,"href":"https:\/\/picnic.app\/de\/wp-json\/wp\/v2\/pages\/8396\/revisions\/9287"}],"wp:featuredmedia":[{"embeddable":true,"href":"https:\/\/picnic.app\/de\/wp-json\/wp\/v2\/media\/8425"}],"wp:attachment":[{"href":"https:\/\/picnic.app\/de\/wp-json\/wp\/v2\/media?parent=8396"}],"curies":[{"name":"wp","href":"https:\/\/api.w.org\/{rel}","templated":true}]}}