{"id":2276,"date":"2022-08-24T10:35:15","date_gmt":"2022-08-24T10:35:15","guid":{"rendered":"https:\/\/picnic.app\/fr\/?page_id=2276"},"modified":"2022-08-24T10:39:23","modified_gmt":"2022-08-24T10:39:23","slug":"conditions-parrainage","status":"publish","type":"page","link":"https:\/\/picnic.app\/fr\/conditions-parrainage\/","title":{"rendered":"Conditions du parrainage"},"content":{"rendered":"\n<section id='' class=\"small-hero-2 md:!h-[600px] \">\n  <div class=\"container md:!max-w-[1060px] md:!gap-60\">\n    <div class='content'>\n                    <h2 class=\"mb-2\"><p><span style=\"font-weight: 400\">Conditions du parrainage<\/span><\/p>\n<\/h2>\n        <p><span style=\"font-weight: 400\">Ici, vous trouverez toutes les informations sur les conditions du parrainage chez Picnic<\/span><\/p>\n                  <\/div>\n          <img class='image' src='https:\/\/d2jxuf8ovdiw8x.cloudfront.net\/uploads\/sites\/20\/2020\/11\/runnerbijepv.jpg' alt=\"Des personnes aimables vous livreront vos courses \u00e0 domicile.\"><\/img>\n      <\/div>\n\n<\/section>\n\n\n\n<section id='voorwaarden' class=\"text-image   image-right normal  \">\n  <div class=\"container\">\n    <div class='content'>\n      <h2><a id=\"user-content-picnic-vriendenkorting-is-bedoeld-voor\" class=\"anchor\" href=\"https:\/\/github.com\/PicnicSupermarket\/picnic-web\/blob\/development\/picnic-public-web\/content\/footerpages\/nl\/terms-member-to-member.md#picnic-vriendenkorting-is-bedoeld-voor\" aria-hidden=\"true\"><\/a>Le code parrain est pour :<\/h2>\n<div>\n<ul>\n<li>Vos amis qui ne sont pas encore clients ;<\/li>\n<li>Et qui ne vivent pas \u00e0 la m\u00eame adresse que vous.<\/li>\n<\/ul>\n<\/div>\n<h2><a id=\"user-content-vrienden-kunnen-jouw-actiecode-alleen-gebruiken\" class=\"anchor\" href=\"https:\/\/github.com\/PicnicSupermarket\/picnic-web\/blob\/development\/picnic-public-web\/content\/footerpages\/nl\/terms-member-to-member.md#vrienden-kunnen-jouw-actiecode-alleen-gebruiken\" aria-hidden=\"true\"><\/a>Vos amis peuvent utiliser ce code :<\/h2>\n<div>\n<ul>\n<li style=\"font-weight: 400\"><span style=\"font-weight: 400\">Lors de leur premi\u00e8re commande uniquement ;<\/span><\/li>\n<li style=\"font-weight: 400\"><span style=\"font-weight: 400\">S\u2019ils vivent dans un quartier o\u00f9 Picnic livre.<\/span><\/li>\n<\/ul>\n<\/div>\n<h2><a id=\"user-content-jij-krijgt-de-afgesproken-korting-als\" class=\"anchor\" href=\"https:\/\/github.com\/PicnicSupermarket\/picnic-web\/blob\/development\/picnic-public-web\/content\/footerpages\/nl\/terms-member-to-member.md#jij-krijgt-de-afgesproken-korting-als\" aria-hidden=\"true\"><\/a>Vous b\u00e9n\u00e9ficiez de la r\u00e9duction pr\u00e9vue si :<\/h2>\n<div>\n<ul>\n<li style=\"font-weight: 400\"><span style=\"font-weight: 400\">Un de vos amis utilise votre code parrain lors de sa premi\u00e8re commande ;<\/span><\/li>\n<li style=\"font-weight: 400\"><span style=\"font-weight: 400\">Cette commande est livr\u00e9e.<\/span><\/li>\n<\/ul>\n<\/div>\n<h2><a id=\"user-content-over-het-delen-van-je-persoonlijke-actiecode\" class=\"anchor\" href=\"https:\/\/github.com\/PicnicSupermarket\/picnic-web\/blob\/development\/picnic-public-web\/content\/footerpages\/nl\/terms-member-to-member.md#over-het-delen-van-je-persoonlijke-actiecode\" aria-hidden=\"true\"><\/a>\u00c0 propos du partage de votre code parrain :<\/h2>\n<div>\n<ul>\n<li style=\"font-weight: 400\"><span style=\"font-weight: 400\">Vous pouvez partager votre code avec tous vos amis, voisins, connaissances, famille par e-mail, Facebook, WhatsApp,Instagram, blogs personnels ou tout simplement en direct. N\u2019h\u00e9sitez pas !<\/span><\/li>\n<li style=\"font-weight: 400\"><span style=\"font-weight: 400\">Vous ne pouvez pas publier votre code parrain sur des sites web publics, ni par le biais de moteurs de recherche ou autres publicit\u00e9s ;<\/span><\/li>\n<li style=\"font-weight: 400\"><span style=\"font-weight: 400\">Que se passe-t-il si votre code est utilis\u00e9 de fa\u00e7on ill\u00e9gale ? Alors, celui-ci n\u2019est plus valable ;<\/span><\/li>\n<li style=\"font-weight: 400\"><span style=\"font-weight: 400\">Votre code parrain peut \u00eatre utilis\u00e9 jusqu\u2019\u00e0 50 fois. Profitez-en !<\/span><\/li>\n<\/ul>\n<\/div>\n\n          <\/div>\n\n      <\/div>\n<\/section>\n\n\n<section id=''\n         class=\"cta-new bg-\">\n  <div class=\"px-6 py-14 mx-auto max-w-3xl\">\n    <div class=\"rounded-2xl md:px-16 md:py-0 md:gap-8\n         flex \n          \n         bg-transparent \n         justify-center\">\n      <div class=\"flex-1 self-center md:min-w-[55%] order-1\">\n        <div class=\"prose-headings:mb-2 prose-p:text-base max-w-none\">\n                      <h2 class=\"text-header5 md:text-header3\"> T\u00e9l\u00e9charger l\u2019appli Picnic <\/h2>\n                                <p> L\u2019appli Picnic est gratuite et disponible sur Android et iOS. T\u00e9l\u00e9chargez-la maintenant! <\/p>\n                  <\/div>\n                  <div class=\"hidden md:flex gap-2 justify-between mt-5 md:justify-start md:mr-4\">\n              <a href=\"\/download%20app%20slug\"\n   class=\"app-download app-store\"\n   target=\"_blank\">\n    <img decoding=\"async\" src=\"https:\/\/picnic.app\/fr\/wp-content\/themes\/picnicMaster\/library\/images\/app-download\/app-store-nl.svg\"\n       class=\"inline-block max-w-full md:h-12 \">\n  <\/a>\n              <a href=\"\/download%20app%20slug\"\n   class=\"app-download google-play\"\n   target=\"_blank\">\n    <img decoding=\"async\" src=\"https:\/\/picnic.app\/fr\/wp-content\/themes\/picnicMaster\/library\/images\/app-download\/google-play-nl.svg\"\n       class=\"inline-block max-w-full md:h-12 \">\n  <\/a>\n          <\/div>\n          <div class=\"block md:hidden\">\n            <a href=\"\/download%20app%20slug\"\n   class=\"app-download app-download-auto\"\n   target=\"_blank\">\n    <div class=\"inline-block px-3 py-2 text-body text-center text-white rounded-lg bg-red\">\n    <span class=\"inline\">download app<\/span>\n      <\/div>\n  <\/a>\n          <\/div>\n                      <\/div>\n      <div class=\"flex-1 order-2\">\n                      <\/div>\n    <\/div>\n      <\/div>\n<\/section>\n","protected":false},"excerpt":{"rendered":"","protected":false},"author":70,"featured_media":0,"parent":0,"menu_order":0,"comment_status":"closed","ping_status":"closed","template":"","meta":{"footnotes":""},"class_list":["post-2276","page","type-page","status-publish","hentry"],"acf":[],"yoast_head":"<!-- This site is optimized with the Yoast SEO Premium plugin v25.8 (Yoast SEO v25.9) - https:\/\/yoast.com\/wordpress\/plugins\/seo\/ -->\n<title>Conditions du parrainage - Picnic FR<\/title>\n<meta name=\"robots\" content=\"index, follow, max-snippet:-1, max-image-preview:large, max-video-preview:-1\" \/>\n<link rel=\"canonical\" href=\"https:\/\/picnic.app\/fr\/conditions-parrainage\/\" \/>\n<meta property=\"og:locale\" content=\"en_US\" \/>\n<meta property=\"og:type\" content=\"article\" \/>\n<meta property=\"og:title\" content=\"Conditions du parrainage - Picnic FR\" \/>\n<meta property=\"og:url\" content=\"https:\/\/picnic.app\/fr\/conditions-parrainage\/\" \/>\n<meta property=\"og:site_name\" content=\"Picnic FR\" \/>\n<meta property=\"article:modified_time\" content=\"2022-08-24T10:39:23+00:00\" \/>\n<meta name=\"twitter:card\" content=\"summary_large_image\" \/>\n<script type=\"application\/ld+json\" class=\"yoast-schema-graph\">{\"@context\":\"https:\/\/schema.org\",\"@graph\":[{\"@type\":\"WebPage\",\"@id\":\"https:\/\/picnic.app\/fr\/conditions-parrainage\/\",\"url\":\"https:\/\/picnic.app\/fr\/conditions-parrainage\/\",\"name\":\"Conditions du parrainage - Picnic FR\",\"isPartOf\":{\"@id\":\"https:\/\/picnic.app\/fr\/#website\"},\"datePublished\":\"2022-08-24T10:35:15+00:00\",\"dateModified\":\"2022-08-24T10:39:23+00:00\",\"inLanguage\":\"en-US\",\"potentialAction\":[{\"@type\":\"ReadAction\",\"target\":[\"https:\/\/picnic.app\/fr\/conditions-parrainage\/\"]}]},{\"@type\":\"WebSite\",\"@id\":\"https:\/\/picnic.app\/fr\/#website\",\"url\":\"https:\/\/picnic.app\/fr\/\",\"name\":\"Picnic FR\",\"description\":\"Le supermarch\u00e9 en linge\",\"potentialAction\":[{\"@type\":\"SearchAction\",\"target\":{\"@type\":\"EntryPoint\",\"urlTemplate\":\"https:\/\/picnic.app\/fr\/?s={search_term_string}\"},\"query-input\":{\"@type\":\"PropertyValueSpecification\",\"valueRequired\":true,\"valueName\":\"search_term_string\"}}],\"inLanguage\":\"en-US\"}]}<\/script>\n<!-- \/ Yoast SEO Premium plugin. -->","yoast_head_json":{"title":"Conditions du parrainage - Picnic FR","robots":{"index":"index","follow":"follow","max-snippet":"max-snippet:-1","max-image-preview":"max-image-preview:large","max-video-preview":"max-video-preview:-1"},"canonical":"https:\/\/picnic.app\/fr\/conditions-parrainage\/","og_locale":"en_US","og_type":"article","og_title":"Conditions du parrainage - Picnic FR","og_url":"https:\/\/picnic.app\/fr\/conditions-parrainage\/","og_site_name":"Picnic FR","article_modified_time":"2022-08-24T10:39:23+00:00","twitter_card":"summary_large_image","schema":{"@context":"https:\/\/schema.org","@graph":[{"@type":"WebPage","@id":"https:\/\/picnic.app\/fr\/conditions-parrainage\/","url":"https:\/\/picnic.app\/fr\/conditions-parrainage\/","name":"Conditions du parrainage - Picnic FR","isPartOf":{"@id":"https:\/\/picnic.app\/fr\/#website"},"datePublished":"2022-08-24T10:35:15+00:00","dateModified":"2022-08-24T10:39:23+00:00","inLanguage":"en-US","potentialAction":[{"@type":"ReadAction","target":["https:\/\/picnic.app\/fr\/conditions-parrainage\/"]}]},{"@type":"WebSite","@id":"https:\/\/picnic.app\/fr\/#website","url":"https:\/\/picnic.app\/fr\/","name":"Picnic FR","description":"Le supermarch\u00e9 en linge","potentialAction":[{"@type":"SearchAction","target":{"@type":"EntryPoint","urlTemplate":"https:\/\/picnic.app\/fr\/?s={search_term_string}"},"query-input":{"@type":"PropertyValueSpecification","valueRequired":true,"valueName":"search_term_string"}}],"inLanguage":"en-US"}]}},"_links":{"self":[{"href":"https:\/\/picnic.app\/fr\/wp-json\/wp\/v2\/pages\/2276","targetHints":{"allow":["GET"]}}],"collection":[{"href":"https:\/\/picnic.app\/fr\/wp-json\/wp\/v2\/pages"}],"about":[{"href":"https:\/\/picnic.app\/fr\/wp-json\/wp\/v2\/types\/page"}],"author":[{"embeddable":true,"href":"https:\/\/picnic.app\/fr\/wp-json\/wp\/v2\/users\/70"}],"replies":[{"embeddable":true,"href":"https:\/\/picnic.app\/fr\/wp-json\/wp\/v2\/comments?post=2276"}],"version-history":[{"count":5,"href":"https:\/\/picnic.app\/fr\/wp-json\/wp\/v2\/pages\/2276\/revisions"}],"predecessor-version":[{"id":2282,"href":"https:\/\/picnic.app\/fr\/wp-json\/wp\/v2\/pages\/2276\/revisions\/2282"}],"wp:attachment":[{"href":"https:\/\/picnic.app\/fr\/wp-json\/wp\/v2\/media?parent=2276"}],"curies":[{"name":"wp","href":"https:\/\/api.w.org\/{rel}","templated":true}]}}