{"id":24,"date":"2020-09-29T12:59:11","date_gmt":"2020-09-29T12:59:11","guid":{"rendered":"https:\/\/picnic-web.opper.nl\/nl\/alle-locaties\/"},"modified":"2026-03-25T10:38:58","modified_gmt":"2026-03-25T10:38:58","slug":"emplacements","status":"publish","type":"page","link":"https:\/\/picnic.app\/fr\/emplacements\/","title":{"rendered":"Zones de livraison"},"content":{"rendered":"\n<section id='' class=\"small-hero-2 md:!h-[600px] bg-transparent\">\n  <div class=\"container md:!max-w-[1060px] md:!gap-60\">\n    <div class='content'>\n                    <h2 class=\"mb-2\"><h1><span class=\"text-black\">O\u00f9 livrons-nous ?<\/span><\/h1>\n<\/h2>\n        <p>Peut-\u00eatre chez vous \ud83d\ude09 Nous nous d\u00e9veloppons rapidement, de nouvelles villes et r\u00e9gions sont ajout\u00e9es chaque mois ! Passons-nous par chez vous ? V\u00e9rifiez votre adresse ci-dessous !<\/p>\n                  <\/div>\n          <img class='image' src='https:\/\/d2jxuf8ovdiw8x.cloudfront.net\/uploads\/sites\/20\/2021\/04\/france_hero-scaled-e1638191641862-1024x527.jpg' alt=\"Des personnes aimables vous livreront vos courses \u00e0 domicile.\"><\/img>\n      <\/div>\n\n<\/section>\n\n\n\n<section id='' class=\"zip-checker white  \">\n  <div class=\"container trim\">\n          <h2>Passons-nous par chez vous ?<\/h2>\n        <form class='check-address-form'>\n              <input data-automation-id='zip' class='zip' type='text' placeholder='zip code'>\n        <input data-automation-id='house-number' class='house-number' type='text' placeholder='house number'>\n        <input data-automation-id='extension' class='extension' type='text' placeholder='house number extension'>\n            <button data-automation-id=\"view-button\" class='btn green'>view<\/button>\n      <span class='custom-error req-field'>zip and house number are required<\/span>\n      <span class=\"custom-error postcode\" id=\"postcode\">invalid postcode<\/span>\n      <span class=\"custom-error housenumber\" id=\"housenumber\">invalid house number<\/span>\n      <span class=\"custom-error extension-error\" id=\"house-ext\">invalid house extension<\/span>\n      <span class=\"custom-error no-address\" id=\"no-address\">address not found<\/span>\n    <\/form>\n  <\/div>\n\n  <div class='served-modal'>\n    <span class='overlay'><\/span>\n\n    <div class='content'>\n      <span class='close'><\/span>\n\n      <img src='https:\/\/picnic.app\/fr\/wp-content\/themes\/picnic\/library\/images\/zip-checker-delivery-yes.png' alt=''>\n\n              <h2>Bonne nouvelle : on passe par chez vous !<\/h2>\n      \n              <p>T\u00e9l\u00e9chargez l\u2019appli Picnic et d\u00e9couvrez la magie du supermarch\u00e9 mobile.<\/p>\n      \n      <div class='buttons'>\n        <a data-automation-id=\"download-app-popup\" href='\/download%20app%20slug' class='btn transition-trigger green js-download'>\n          zip checker download app        <\/a>\n      <\/div>\n    <\/div>\n  <\/div>\n\n  <div class='register-modal'>\n    <span class='overlay'><\/span>\n\n    <div class='content'>\n      <span class='close'><\/span>\n\n      <div class='not-sent-wrapper'>\n        <img src='https:\/\/picnic.app\/fr\/wp-content\/themes\/picnic\/library\/images\/zip-checker-delivery-reserve-info.png' alt=''>\n                  <h2>Vous \u00eates un pionnier !<\/h2>\n        \n                  <p>On ne passe pas encore par l\u00e0. Laissez-nous vos coordonn\u00e9es et on vous informe d\u00e8s que la livraison sera disponible \u00e0 votre adresse.<\/p>\n        \n        <form class='register-user-form'>\n          <input data-automation-id=\"email\" class='email' type='email' placeholder='email-placeholder'>\n          <input data-automation-id=\"phone\" class='phone' type='text' placeholder='phone-placeholder'>\n          <button data-automation-id=\"reserve-button\" class='btn red'>reserve now<\/button>\n\n          <span class=\"register-error empty-field\">all fields are mandatory<\/span>\n          <span class=\"register-error invalid-email\">invalid email<\/span>\n          <span class=\"register-error no-phone\">no phone number<\/span>\n          <span class=\"register-error invalid-phone\">invalid phone number<\/span>\n\n        <\/form>\n      <\/div>\n\n      <div class='sent-wrapper'>\n        <img src='https:\/\/picnic.app\/fr\/wp-content\/themes\/picnic\/library\/images\/zip-checker-delivery-reserve-success.png' alt=''>\n                  <h2>Merci !<\/h2>\n        \n                  <p>Nous vous pr\u00e9viendrons d\u00e8s que nous livrerons \u00e0 votre adresse. En attendant, vous pouvez d\u00e9j\u00e0 d\u00e9couvrir <a href=\"https:\/\/picnic.app\/fr\/cuisiner-avec-picnic\/\">des centaines de recettes pour toute la famille<\/a> sur notre site.<\/p>\n              <\/div>\n    <\/div>\n  <\/div>\n<\/section>\n\n\n<section id=''\n         class=\"cta-new bg-\">\n  <div class=\"px-6 py-14 mx-auto max-w-3xl\">\n    <div class=\"rounded-2xl md:px-4 md:py-0 md:gap-8\n         flex \n          \n         bg-transparent \n         justify-center\">\n      <div class=\"flex-1 self-center md:min-w-[55%] order-2\">\n        <div class=\"prose-headings:mb-2 prose-p:text-base max-w-none\">\n                      <h2 class=\"text-header5 md:text-header3\"> Essayez Picnic ! <\/h2>\n                            <\/div>\n                  <div class=\"hidden md:flex gap-2 justify-between mt-5 md:justify-start md:mr-4\">\n              <a href=\"\/download%20app%20slug\"\n   class=\"app-download app-store\"\n   target=\"_blank\">\n    <img decoding=\"async\" src=\"https:\/\/picnic.app\/fr\/wp-content\/themes\/picnicMaster\/library\/images\/app-download\/app-store-nl.svg\"\n       class=\"inline-block max-w-full md:h-12 \">\n  <\/a>\n              <a href=\"\/download%20app%20slug\"\n   class=\"app-download google-play\"\n   target=\"_blank\">\n    <img decoding=\"async\" src=\"https:\/\/picnic.app\/fr\/wp-content\/themes\/picnicMaster\/library\/images\/app-download\/google-play-nl.svg\"\n       class=\"inline-block max-w-full md:h-12 \">\n  <\/a>\n          <\/div>\n          <div class=\"block md:hidden\">\n            <a href=\"\/download%20app%20slug\"\n   class=\"app-download app-download-auto\"\n   target=\"_blank\">\n    <div class=\"inline-block px-3 py-2 text-body text-center text-white rounded-lg bg-red\">\n    <span class=\"inline\">download app<\/span>\n      <\/div>\n  <\/a>\n          <\/div>\n                            <div class=\"hidden md:inline-block mt-2\">\n              \n<div class=\"dialog-pointer pointer-right\">\n   <div>\n        <p>\ud83c\udf81 Premi\u00e8re commande = <span class=\"text-red\">3 cadeaux<\/span> offerts !<\/p>\n   <\/div>\n<\/div>\n            <\/div>\n              <\/div>\n      <div class=\"flex-1 order-1\">\n                  <lottie-player src=\"https:\/\/d2jxuf8ovdiw8x.cloudfront.net\/uploads\/sites\/20\/2023\/03\/tote_heavy.json\"\n                         background=\"transparent\"\n                         loop\n                         autoplay\n                         speed=\"1\"x\n                         style=\"\n                         margin:0px 60px 0px 0px; padding:20px 20px 0px 0px;\">\n            >\n          <\/lottie-player>\n                      <\/div>\n    <\/div>\n          <div class=\"md:hidden\">\n        \n<div class=\"dialog-pointer pointer-right\">\n   <div>\n        <p>\ud83c\udf81 Premi\u00e8re commande = <span class=\"text-red\">3 cadeaux<\/span> offerts !<\/p>\n   <\/div>\n<\/div>\n      <\/div>\n      <\/div>\n<\/section>\n","protected":false},"excerpt":{"rendered":"","protected":false},"author":5,"featured_media":0,"parent":0,"menu_order":0,"comment_status":"closed","ping_status":"closed","template":"","meta":{"footnotes":""},"class_list":["post-24","page","type-page","status-publish","hentry"],"acf":[],"yoast_head":"<!-- This site is optimized with the Yoast SEO Premium plugin v25.8 (Yoast SEO v25.9) - https:\/\/yoast.com\/wordpress\/plugins\/seo\/ -->\n<title>Zones de livraison | Picnic<\/title>\n<meta name=\"description\" content=\"Indiquez votre code postal pour savoir si nous livrons chez vous. Si ce n\u2019est pas encore le cas, nous arrivons bient\u00f4t !\" \/>\n<meta name=\"robots\" content=\"index, follow, max-snippet:-1, max-image-preview:large, max-video-preview:-1\" \/>\n<link rel=\"canonical\" href=\"https:\/\/picnic.app\/fr\/emplacements\/\" \/>\n<meta property=\"og:locale\" content=\"en_US\" \/>\n<meta property=\"og:type\" content=\"article\" \/>\n<meta property=\"og:title\" content=\"Zones de livraison | Picnic\" \/>\n<meta property=\"og:description\" content=\"Indiquez votre code postal pour savoir si nous livrons chez vous. Si ce n\u2019est pas encore le cas, nous arrivons bient\u00f4t !\" \/>\n<meta property=\"og:url\" content=\"https:\/\/picnic.app\/fr\/emplacements\/\" \/>\n<meta property=\"og:site_name\" content=\"Picnic FR\" \/>\n<meta property=\"article:modified_time\" content=\"2026-03-25T10:38:58+00:00\" \/>\n<meta name=\"twitter:card\" content=\"summary_large_image\" \/>\n<meta name=\"twitter:label1\" content=\"Est. reading time\" \/>\n\t<meta name=\"twitter:data1\" content=\"2 minutes\" \/>\n<script type=\"application\/ld+json\" class=\"yoast-schema-graph\">{\"@context\":\"https:\/\/schema.org\",\"@graph\":[{\"@type\":\"WebPage\",\"@id\":\"https:\/\/picnic.app\/fr\/emplacements\/\",\"url\":\"https:\/\/picnic.app\/fr\/emplacements\/\",\"name\":\"Zones de livraison | Picnic\",\"isPartOf\":{\"@id\":\"https:\/\/picnic.app\/fr\/#website\"},\"datePublished\":\"2020-09-29T12:59:11+00:00\",\"dateModified\":\"2026-03-25T10:38:58+00:00\",\"description\":\"Indiquez votre code postal pour savoir si nous livrons chez vous. Si ce n\u2019est pas encore le cas, nous arrivons bient\u00f4t !\",\"inLanguage\":\"en-US\",\"potentialAction\":[{\"@type\":\"ReadAction\",\"target\":[\"https:\/\/picnic.app\/fr\/emplacements\/\"]}]},{\"@type\":\"WebSite\",\"@id\":\"https:\/\/picnic.app\/fr\/#website\",\"url\":\"https:\/\/picnic.app\/fr\/\",\"name\":\"Picnic FR\",\"description\":\"Le supermarch\u00e9 en linge\",\"potentialAction\":[{\"@type\":\"SearchAction\",\"target\":{\"@type\":\"EntryPoint\",\"urlTemplate\":\"https:\/\/picnic.app\/fr\/?s={search_term_string}\"},\"query-input\":{\"@type\":\"PropertyValueSpecification\",\"valueRequired\":true,\"valueName\":\"search_term_string\"}}],\"inLanguage\":\"en-US\"}]}<\/script>\n<!-- \/ Yoast SEO Premium plugin. -->","yoast_head_json":{"title":"Zones de livraison | Picnic","description":"Indiquez votre code postal pour savoir si nous livrons chez vous. Si ce n\u2019est pas encore le cas, nous arrivons bient\u00f4t !","robots":{"index":"index","follow":"follow","max-snippet":"max-snippet:-1","max-image-preview":"max-image-preview:large","max-video-preview":"max-video-preview:-1"},"canonical":"https:\/\/picnic.app\/fr\/emplacements\/","og_locale":"en_US","og_type":"article","og_title":"Zones de livraison | Picnic","og_description":"Indiquez votre code postal pour savoir si nous livrons chez vous. Si ce n\u2019est pas encore le cas, nous arrivons bient\u00f4t !","og_url":"https:\/\/picnic.app\/fr\/emplacements\/","og_site_name":"Picnic FR","article_modified_time":"2026-03-25T10:38:58+00:00","twitter_card":"summary_large_image","twitter_misc":{"Est. reading time":"2 minutes"},"schema":{"@context":"https:\/\/schema.org","@graph":[{"@type":"WebPage","@id":"https:\/\/picnic.app\/fr\/emplacements\/","url":"https:\/\/picnic.app\/fr\/emplacements\/","name":"Zones de livraison | Picnic","isPartOf":{"@id":"https:\/\/picnic.app\/fr\/#website"},"datePublished":"2020-09-29T12:59:11+00:00","dateModified":"2026-03-25T10:38:58+00:00","description":"Indiquez votre code postal pour savoir si nous livrons chez vous. Si ce n\u2019est pas encore le cas, nous arrivons bient\u00f4t !","inLanguage":"en-US","potentialAction":[{"@type":"ReadAction","target":["https:\/\/picnic.app\/fr\/emplacements\/"]}]},{"@type":"WebSite","@id":"https:\/\/picnic.app\/fr\/#website","url":"https:\/\/picnic.app\/fr\/","name":"Picnic FR","description":"Le supermarch\u00e9 en linge","potentialAction":[{"@type":"SearchAction","target":{"@type":"EntryPoint","urlTemplate":"https:\/\/picnic.app\/fr\/?s={search_term_string}"},"query-input":{"@type":"PropertyValueSpecification","valueRequired":true,"valueName":"search_term_string"}}],"inLanguage":"en-US"}]}},"_links":{"self":[{"href":"https:\/\/picnic.app\/fr\/wp-json\/wp\/v2\/pages\/24","targetHints":{"allow":["GET"]}}],"collection":[{"href":"https:\/\/picnic.app\/fr\/wp-json\/wp\/v2\/pages"}],"about":[{"href":"https:\/\/picnic.app\/fr\/wp-json\/wp\/v2\/types\/page"}],"author":[{"embeddable":true,"href":"https:\/\/picnic.app\/fr\/wp-json\/wp\/v2\/users\/5"}],"replies":[{"embeddable":true,"href":"https:\/\/picnic.app\/fr\/wp-json\/wp\/v2\/comments?post=24"}],"version-history":[{"count":32,"href":"https:\/\/picnic.app\/fr\/wp-json\/wp\/v2\/pages\/24\/revisions"}],"predecessor-version":[{"id":7536,"href":"https:\/\/picnic.app\/fr\/wp-json\/wp\/v2\/pages\/24\/revisions\/7536"}],"wp:attachment":[{"href":"https:\/\/picnic.app\/fr\/wp-json\/wp\/v2\/media?parent=24"}],"curies":[{"name":"wp","href":"https:\/\/api.w.org\/{rel}","templated":true}]}}