{"id":25,"date":"2020-09-28T11:54:00","date_gmt":"2020-09-28T11:54:00","guid":{"rendered":"https:\/\/picnic-web.opper.nl\/nl\/contact\/"},"modified":"2026-03-03T09:06:39","modified_gmt":"2026-03-03T09:06:39","slug":"contact","status":"publish","type":"page","link":"https:\/\/picnic.app\/fr\/contact\/","title":{"rendered":"Contact"},"content":{"rendered":"\n<section id='' class=\"small-hero-2 md:!h-[600px] bg-transparent\">\n  <div class=\"container md:!max-w-[1060px] md:!gap-60\">\n    <div class='content'>\n                    <h2 class=\"mb-2\"><h1><span class=\"text-black\">Contact<\/span><\/h1>\n<\/h2>\n        <p>Vous avez des questions, un p\u00e9pin, ou souhaitez nous informer de quelque chose ? Nous sommes l\u00e0 pour vous aider !<\/p>\n                  <\/div>\n          <img class='image' src='https:\/\/d2jxuf8ovdiw8x.cloudfront.net\/uploads\/sites\/20\/2020\/12\/CS_contact-1024x626.jpg' alt=\"service client\u00e8le\"><\/img>\n      <\/div>\n\n<\/section>\n\n\n\n<section id='' class=\"contact-info  \">\n  <div class=\"container\">\n    <div class='box-wrapper'>\n      <div class=\"column\">\n        <div class=\"heading\">\n          <p>Vous pouvez nous contacter par :<\/p>\n        <\/div>\n        <div class=\"item-wrapper\">\n                    <a class=\"item\" href=\"mailto:service@picnic-app.fr\"> \n            <p class=\"title\">Email<\/p>\n            <p class=\"link\">service@picnic-app.fr<\/p>\n          <\/a>\n                    <a class=\"item\" href=\"https:\/\/api.whatsapp.com\/send?phone=33187214733\"> \n            <p class=\"title\">WhatsApp<\/p>\n            <p class=\"link\">+33 1 87 21 47 33<\/p>\n          <\/a>\n                    <a class=\"item\" href=\"tel:+33187214733\"> \n            <p class=\"title\">T\u00e9l\u00e9phone<\/p>\n            <p class=\"link\">+33 1 87 21 47 33<\/p>\n          <\/a>\n                  <\/div>\n      <\/div>\n    <\/div>\n  <\/div>\n<\/section>\n\n\n<section id='' class=\"simple-text \">\n  <div class=\"relative max-w-1350 mx-auto my-0 w-full px-6 py-14\">\n        <div class=\"flex flex-col md:flex-row gap-x-10 max-w-full prose prose-a:text-red prose-a:font-bold prose-a:no-underline\">\n              <div class=\"flex-1\">\n          <h2>Nous sommes l\u00e0 pour vous :<\/h2>\n<p>Du lundi au dimanche de 9h \u00e0 23h<\/p>\n        <\/div>\n                <\/div>\n  <\/div>\n<\/section>\n\n\n\n<section id='' class=\"simple-text \">\n  <div class=\"relative max-w-1350 mx-auto my-0 w-full px-6 py-14\">\n        <div class=\"flex flex-col md:flex-row gap-x-10 max-w-full prose prose-a:text-red prose-a:font-bold prose-a:no-underline\">\n              <div class=\"flex-1\">\n          <h2>Autres services<\/h2>\n<p><a href=\"#ensemble\">Travailler ensemble<\/a><br \/>\n<a href=\"#presse\">Presse<\/a><br \/>\n<a href=\"#reclamations\">R\u00e9clamations<\/a><br \/>\n<a href=\"#contact\">Contact t\u00e9l\u00e9phonique<\/a><br \/>\n<a href=\"#securite\">S\u00e9curit\u00e9<\/a><br \/>\n<a href=\"#index\">Index \u00e9galit\u00e9 professionnelle<\/a><\/p>\n        <\/div>\n                <\/div>\n  <\/div>\n<\/section>\n\n\n\n<section id='' class=\"simple-text bg-transparent\">\n  <div class=\"relative max-w-1350 mx-auto my-0 w-full px-6 py-14\">\n        <div class=\"flex flex-col md:flex-row gap-x-10 max-w-full prose prose-a:text-red prose-a:font-bold prose-a:no-underline\">\n              <div class=\"flex-1\">\n          <h2 id=\"ensemble\">Travailler ensemble<\/h2>\n<p><strong>Assortiment<\/strong><br \/>\nVous souhaitez en savoir plus sur les possibilit\u00e9s d&#8217;inclure vos produits dans notre appli ? Veuillez nous \u00e9crire \u00e0 <a href=\"mailto:trading@picnic-app.fr\">trading@picnic-app.fr<\/a>. Notre \u00e9quipe charg\u00e9e de l&#8217;assortiment examinera votre demande et prendra contact avec vous.<\/p>\n<h2 id=\"presse\">Presse<\/h2>\n<p>Vous \u00eates journaliste et vous avez une question ? Veuillez envoyer un email \u00e0 <a href=\"mailto:service@picnic-app.fr\">service@picnic-app.fr<\/a>.<\/p>\n<p><strong>Partenariat<\/strong><br \/>\nPour toute autre question sur le parrainage et la coop\u00e9ration, veuillez envoyer un email \u00e0 <a href=\"mailto:service@picnic-app.fr\">service@picnic-app.fr<\/a>.<\/p>\n<p>Malheureusement, nous ne pouvons pas vous aider par t\u00e9l\u00e9phone ou par le biais de WhatsApp. Veuillez noter que nous ne sommes pas en mesure de r\u00e9pondre aux questions sur les partenariats qui nous parviennent \u00e0 l&#8217;adresse <a href=\"mailto:service@picnic-app.fr\">service@picnic-app.fr<\/a>.<\/p>\n<h2 id=\"reclamations\">R\u00e9clamations<\/h2>\n<p>Quelque chose cloche avec l\u2019appli, les produits ou notre service ? \u00c7a ne devrait pas \u00eatre le cas, et nous sommes l\u00e0 pour trouver une solution !<\/p>\n<p>Vous pouvez toujours nous contacter par t\u00e9l\u00e9phone, par WhatsApp ou par email sur <a href=\"mailto:service@picnic-app.fr\">service@picnic-app.fr<\/a>. Nous trouverons une solution dans les 5 jours maximum, souvent bien avant.<br \/>\nVous n\u2019\u00eates pas satisfait de notre r\u00e9ponse \u00e0 votre r\u00e9clamation ? Veuillez contacter Mathilde. Mathilde est notre responsable du service client\u00e8le et elle mettra tout en \u0153uvre pour trouver rapidement une solution qui vous convienne. Mathilde vous r\u00e9pondra dans un d\u00e9lai d\u2019une semaine. Vous pouvez la contacter par email ou lui envoyer un courrier :<\/p>\n<p>Picnic SAS<br \/>\n\u00c0 l\u2019attention de Mathilde<br \/>\n275 Rue du Chemin Vert<br \/>\n59273 Fretin<\/p>\n<p>&nbsp;<\/p>\n<h2 id=\"contact\">Contact t\u00e9l\u00e9phonique<\/h2>\n<p>Vous \u00eates (ou voulez \u00eatre) un client Picnic et vous avez une question ? Vous pouvez nous contacter par t\u00e9l\u00e9phone au +33 1 87 21 47 33.<\/p>\n<p><strong>Bon \u00e0 savoir :<\/strong><br \/>\nNous r\u00e9servons ce num\u00e9ro de t\u00e9l\u00e9phone \u00e0 nos clients. Nous ne pouvons pas vous renseigner sur les partenariats ou parrainages. Nous ne pouvons pas non plus vous mettre en relation avec d&#8217;autres employ\u00e9(e)s de Picnic.<\/p>\n<p><strong>Coordonn\u00e9es<\/strong><br \/>\nPicnic SAS &#8211; Si\u00e8ge social<br \/>\n6 place de la Madeleine<br \/>\n75008 Paris<br \/>\nImmatriculation au RCS : 879 108 223 R.C.S. Paris<br \/>\nSIRET : 879 108 223 00014<\/p>\n<h2 id=\"securite\">S\u00e9curit\u00e9<\/h2>\n<p>Si vous avez connaissance d&#8217;une faille potentielle dans la s\u00e9curit\u00e9 d&#8217;une applications logicielle Picnic, nous vous encourageons \u00e0 nous contacter imm\u00e9diatement \u00e0 l&#8217;adresse <a href=\"mailto:security@picnic-app.fr\">security@picnic-app.fr<\/a>. D\u00e8s r\u00e9ception de votre alerte, le personnel de Picnic vous contactera.<\/p>\n<h2>Index \u00e9galit\u00e9 professionnelle<\/h2>\n<div class=\"p-rich_text_section\">\n<p><span class=\"text-black\">Notre index \u00e9galit\u00e9 professionnelle femmes-hommes 2025, cacul\u00e9 pour la seconde ann\u00e9e, est de <strong>94 points r\u00e9sultats en progression par rapport \u00e0 2024<br \/>\n(index = 93 points)<\/strong>, le maximum atteignable \u00e9tant de 100 points. Le calcul de cet index se d\u00e9compose comme suit :<\/span><\/p>\n<ul>\n<li><span class=\"text-black\">Ecart de r\u00e9mun\u00e9ration : <strong>39<\/strong> \/ 40 points<\/span><\/li>\n<li><span class=\"text-black\">Ecart de taux d\u2019augmentations individuelles : <strong>20<\/strong> \/ 20 points<\/span><\/li>\n<li><span class=\"text-black\">Ecart du taux de promotion : <strong>15<\/strong> \/ 15 points<\/span><\/li>\n<li><span class=\"text-black\">Augmentation des salari\u00e9es au retour cong\u00e9s maternit\u00e9s : <strong>15<\/strong> \/ 15 points<\/span><\/li>\n<li><span class=\"text-black\">Part des femmes dans les 10 plus hautes r\u00e9mun\u00e9rations : <strong>5 <\/strong>\/ 10 points<\/span><\/li>\n<\/ul>\n<p><span class=\"text-black\">Vous \u00eates curieux d\u2019en savoir plus? Vous pouvez envoyer un email \u00e0 <a class=\"text-black\" href=\"mailto:service@picnic-app.fr\">service@picnic-app.fr<\/a>.<\/span><\/p>\n<\/div>\n        <\/div>\n                <\/div>\n  <\/div>\n<\/section>\n\n\n\n<section id=''\n         class=\"cta-new bg-\">\n  <div class=\"px-6 py-14 mx-auto max-w-3xl\">\n    <div class=\"rounded-2xl md:px-4 md:py-0 md:gap-8\n         flex \n          \n         bg-transparent \n         justify-center\">\n      <div class=\"flex-1 self-center md:min-w-[55%] order-2\">\n        <div class=\"prose-headings:mb-2 prose-p:text-base max-w-none\">\n                      <h2 class=\"text-header5 md:text-header3\"> Essayer Picnic? <\/h2>\n                            <\/div>\n                  <div class=\"hidden md:flex gap-2 justify-between mt-5 md:justify-start md:mr-4\">\n              <a href=\"\/download%20app%20slug\"\n   class=\"app-download app-store\"\n   target=\"_blank\">\n    <img decoding=\"async\" src=\"https:\/\/picnic.app\/fr\/wp-content\/themes\/picnicMaster\/library\/images\/app-download\/app-store-nl.svg\"\n       class=\"inline-block max-w-full md:h-12 \">\n  <\/a>\n              <a href=\"\/download%20app%20slug\"\n   class=\"app-download google-play\"\n   target=\"_blank\">\n    <img decoding=\"async\" src=\"https:\/\/picnic.app\/fr\/wp-content\/themes\/picnicMaster\/library\/images\/app-download\/google-play-nl.svg\"\n       class=\"inline-block max-w-full md:h-12 \">\n  <\/a>\n          <\/div>\n          <div class=\"block md:hidden\">\n            <a href=\"\/download%20app%20slug\"\n   class=\"app-download app-download-auto\"\n   target=\"_blank\">\n    <div class=\"inline-block px-3 py-2 text-body text-center text-white rounded-lg bg-red\">\n    <span class=\"inline\">download app<\/span>\n      <\/div>\n  <\/a>\n          <\/div>\n                            <div class=\"hidden md:inline-block mt-2\">\n              \n<div class=\"dialog-pointer pointer-right\">\n   <div>\n        <p>\ud83c\udf81 Premi\u00e8re commande =<span class=\"text-red\"> 3 cadeaux<\/span> offerts !<\/p>\n   <\/div>\n<\/div>\n            <\/div>\n              <\/div>\n      <div class=\"flex-1 order-1\">\n                  <lottie-player src=\"https:\/\/d2jxuf8ovdiw8x.cloudfront.net\/uploads\/sites\/20\/2023\/03\/tote_heavy.json\"\n                         background=\"transparent\"\n                         loop\n                         autoplay\n                         speed=\"1\"x\n                         style=\"\n                         margin:0px 60px 0px 0px; padding:20px 20px 0px 0px;\">\n            >\n          <\/lottie-player>\n                      <\/div>\n    <\/div>\n          <div class=\"md:hidden\">\n        \n<div class=\"dialog-pointer pointer-right\">\n   <div>\n        <p>\ud83c\udf81 Premi\u00e8re commande =<span class=\"text-red\"> 3 cadeaux<\/span> offerts !<\/p>\n   <\/div>\n<\/div>\n      <\/div>\n      <\/div>\n<\/section>\n","protected":false},"excerpt":{"rendered":"","protected":false},"author":5,"featured_media":0,"parent":0,"menu_order":0,"comment_status":"closed","ping_status":"closed","template":"","meta":{"footnotes":""},"class_list":["post-25","page","type-page","status-publish","hentry"],"acf":[],"yoast_head":"<!-- This site is optimized with the Yoast SEO Premium plugin v25.8 (Yoast SEO v25.9) - https:\/\/yoast.com\/wordpress\/plugins\/seo\/ -->\n<title>Contact | Picnic<\/title>\n<meta name=\"description\" content=\"Des questions ou demandes ? Notre service client est toujours l\u00e0 pour vous aider ! Trouvez comment nous contacter ici.\" \/>\n<meta name=\"robots\" content=\"index, follow, max-snippet:-1, max-image-preview:large, max-video-preview:-1\" \/>\n<link rel=\"canonical\" href=\"https:\/\/picnic.app\/fr\/contact\/\" \/>\n<meta property=\"og:locale\" content=\"en_US\" \/>\n<meta property=\"og:type\" content=\"article\" \/>\n<meta property=\"og:title\" content=\"Contact | Picnic\" \/>\n<meta property=\"og:description\" content=\"Des questions ou demandes ? Notre service client est toujours l\u00e0 pour vous aider ! Trouvez comment nous contacter ici.\" \/>\n<meta property=\"og:url\" content=\"https:\/\/picnic.app\/fr\/contact\/\" \/>\n<meta property=\"og:site_name\" content=\"Picnic FR\" \/>\n<meta property=\"article:modified_time\" content=\"2026-03-03T09:06:39+00:00\" \/>\n<meta name=\"twitter:card\" content=\"summary_large_image\" \/>\n<meta name=\"twitter:label1\" content=\"Est. reading time\" \/>\n\t<meta name=\"twitter:data1\" content=\"3 minutes\" \/>\n<script type=\"application\/ld+json\" class=\"yoast-schema-graph\">{\"@context\":\"https:\/\/schema.org\",\"@graph\":[{\"@type\":\"WebPage\",\"@id\":\"https:\/\/picnic.app\/fr\/contact\/\",\"url\":\"https:\/\/picnic.app\/fr\/contact\/\",\"name\":\"Contact | Picnic\",\"isPartOf\":{\"@id\":\"https:\/\/picnic.app\/fr\/#website\"},\"datePublished\":\"2020-09-28T11:54:00+00:00\",\"dateModified\":\"2026-03-03T09:06:39+00:00\",\"description\":\"Des questions ou demandes ? Notre service client est toujours l\u00e0 pour vous aider ! Trouvez comment nous contacter ici.\",\"inLanguage\":\"en-US\",\"potentialAction\":[{\"@type\":\"ReadAction\",\"target\":[\"https:\/\/picnic.app\/fr\/contact\/\"]}]},{\"@type\":\"WebSite\",\"@id\":\"https:\/\/picnic.app\/fr\/#website\",\"url\":\"https:\/\/picnic.app\/fr\/\",\"name\":\"Picnic FR\",\"description\":\"Le supermarch\u00e9 en linge\",\"potentialAction\":[{\"@type\":\"SearchAction\",\"target\":{\"@type\":\"EntryPoint\",\"urlTemplate\":\"https:\/\/picnic.app\/fr\/?s={search_term_string}\"},\"query-input\":{\"@type\":\"PropertyValueSpecification\",\"valueRequired\":true,\"valueName\":\"search_term_string\"}}],\"inLanguage\":\"en-US\"}]}<\/script>\n<!-- \/ Yoast SEO Premium plugin. -->","yoast_head_json":{"title":"Contact | Picnic","description":"Des questions ou demandes ? Notre service client est toujours l\u00e0 pour vous aider ! Trouvez comment nous contacter ici.","robots":{"index":"index","follow":"follow","max-snippet":"max-snippet:-1","max-image-preview":"max-image-preview:large","max-video-preview":"max-video-preview:-1"},"canonical":"https:\/\/picnic.app\/fr\/contact\/","og_locale":"en_US","og_type":"article","og_title":"Contact | Picnic","og_description":"Des questions ou demandes ? Notre service client est toujours l\u00e0 pour vous aider ! Trouvez comment nous contacter ici.","og_url":"https:\/\/picnic.app\/fr\/contact\/","og_site_name":"Picnic FR","article_modified_time":"2026-03-03T09:06:39+00:00","twitter_card":"summary_large_image","twitter_misc":{"Est. reading time":"3 minutes"},"schema":{"@context":"https:\/\/schema.org","@graph":[{"@type":"WebPage","@id":"https:\/\/picnic.app\/fr\/contact\/","url":"https:\/\/picnic.app\/fr\/contact\/","name":"Contact | Picnic","isPartOf":{"@id":"https:\/\/picnic.app\/fr\/#website"},"datePublished":"2020-09-28T11:54:00+00:00","dateModified":"2026-03-03T09:06:39+00:00","description":"Des questions ou demandes ? Notre service client est toujours l\u00e0 pour vous aider ! Trouvez comment nous contacter ici.","inLanguage":"en-US","potentialAction":[{"@type":"ReadAction","target":["https:\/\/picnic.app\/fr\/contact\/"]}]},{"@type":"WebSite","@id":"https:\/\/picnic.app\/fr\/#website","url":"https:\/\/picnic.app\/fr\/","name":"Picnic FR","description":"Le supermarch\u00e9 en linge","potentialAction":[{"@type":"SearchAction","target":{"@type":"EntryPoint","urlTemplate":"https:\/\/picnic.app\/fr\/?s={search_term_string}"},"query-input":{"@type":"PropertyValueSpecification","valueRequired":true,"valueName":"search_term_string"}}],"inLanguage":"en-US"}]}},"_links":{"self":[{"href":"https:\/\/picnic.app\/fr\/wp-json\/wp\/v2\/pages\/25","targetHints":{"allow":["GET"]}}],"collection":[{"href":"https:\/\/picnic.app\/fr\/wp-json\/wp\/v2\/pages"}],"about":[{"href":"https:\/\/picnic.app\/fr\/wp-json\/wp\/v2\/types\/page"}],"author":[{"embeddable":true,"href":"https:\/\/picnic.app\/fr\/wp-json\/wp\/v2\/users\/5"}],"replies":[{"embeddable":true,"href":"https:\/\/picnic.app\/fr\/wp-json\/wp\/v2\/comments?post=25"}],"version-history":[{"count":101,"href":"https:\/\/picnic.app\/fr\/wp-json\/wp\/v2\/pages\/25\/revisions"}],"predecessor-version":[{"id":7234,"href":"https:\/\/picnic.app\/fr\/wp-json\/wp\/v2\/pages\/25\/revisions\/7234"}],"wp:attachment":[{"href":"https:\/\/picnic.app\/fr\/wp-json\/wp\/v2\/media?parent=25"}],"curies":[{"name":"wp","href":"https:\/\/api.w.org\/{rel}","templated":true}]}}