{"id":6157,"date":"2025-07-31T09:08:31","date_gmt":"2025-07-31T09:08:31","guid":{"rendered":"https:\/\/picnic.app\/fr\/?page_id=6157"},"modified":"2026-04-03T09:48:08","modified_gmt":"2026-04-03T09:48:08","slug":"telecharger-app","status":"publish","type":"page","link":"https:\/\/picnic.app\/fr\/telecharger-app\/","title":{"rendered":"2025_FR_Download the App"},"content":{"rendered":"\n<style>\n  .location-hero-bg {\n    background-image: linear-gradient(13deg,rgba(0, 0, 0, 1) -60%, rgba(0, 0, 0, 0) 61%), url(https:\/\/d2jxuf8ovdiw8x.cloudfront.net\/uploads\/sites\/20\/2025\/07\/Group-6039-1.png);\n  }\n\n  @media screen and (max-width: 768px) {\n    .location-hero-bg {\n      background-image: url(https:\/\/d2jxuf8ovdiw8x.cloudfront.net\/uploads\/sites\/20\/2025\/07\/Header-mobile-9.png);\n    }\n  }\n<\/style>\n\n<section id=\"\">\n\n  <div class=\"location-hero-bg bg-no-repeat bg-cover bg-center max-w-[1920px] mx-auto\">\n    <div class=\"text-center md:text-left content-center md:content-end px-6 md:px-10 lg:px-25 py-10 md:py-20 h-[480px] md:h-[640px] text-shadow-[0px 0px 25px black]\">\n      \n              <h1 class=\"text-[40px] mb-8 md:mb-4 text-white\">T\u00e9l\u00e9chargez l\u2019appli Picnic<\/h2>\n      \n              <div class=\"hidden w-1\/2 md:block text-base text-white\"><p>Picnic, c\u2019est l\u2019appli pour faire les courses de toute la famille. Profitez de prix malins, de produits toujours frais et d\u2019une livraison gratuite \u00e0 domicile !<\/p>\n<\/div>\n      \n              <a class=\"js-download before:hidden !inline mt-4 bg-green8 p-3 rounded-xl text-white font-semibold md:!hidden\"\n           target=\"_blank\"\n           href='\/download%20app%20slug'>T\u00e9l\u00e9charger l&#039;appli<\/a>\n      \n      <div class=\"buttons direct !hidden md:!flex mt-4 gap-2 relative flex-row\">\n        <a class=\"js-download-ios rounded-md bg-cover bg-center w-36 h-11 hover:opacity-80\"\n          style=\"background-image: url('https:\/\/d2jxuf8ovdiw8x.cloudfront.net\/uploads\/sites\/24\/2025\/12\/App-store-white.png');\"\n          target=\"_blank\"\n          href='\/download%20app%20slug'><\/a>\n        <a class=\"js-download-android rounded-md bg-cover bg-center w-36 h-11 hover:opacity-80\"\n          style=\"background-image: url('https:\/\/d2jxuf8ovdiw8x.cloudfront.net\/uploads\/sites\/24\/2025\/12\/Google-play-white.png');\"\n          target=\"_blank\"\n          href='\/download%20app%20slug'><\/a>\n      <\/div>\n\n    <\/div>\n  <\/div>\n\n\n      <div class=\"block md:hidden text-base text-black px-6 pt-12 pb-4\"><p>Picnic, c\u2019est l\u2019appli pour faire les courses de toute la famille. Profitez de prix malins, de produits toujours frais et d\u2019une livraison gratuite \u00e0 domicile !<\/p>\n<\/div>\n  <\/section>\n\n\n\n<section id='' class=\"text-media mx-auto px-0 md:px-24 bg-grey0 \n  media-left non-overlap   \">\n  <div class=\"container !px-6 pb-10 flex items-center md:!gap-14 !min-h-[auto] md:px-0\n    md:flex-row    flex-col gap-8\">\n    <div class=\"media relative md:absolute z-10 left-0 basis-2\/3 w-full md:max-w-[712px] \">\n                <img class='image w-full h-full rounded-3xl mobile-rounded-0 object-cover' src='https:\/\/d2jxuf8ovdiw8x.cloudfront.net\/uploads\/sites\/20\/2025\/07\/EPV_Side_Wink-1.png' alt=\"V\u00e9hicule \u00e9lectrique Picnic\">\n                    <\/div>\n    <div class='content relative md:absolute !w-full p-0 basis-1\/3 rounded-3xl right-0 z-20 md:max-w-lg\n      prose-headings:!mb-4 prose-p:text-base prose-p:leading-6 prose-p:!p-0 prose-p:!m-0\n      prose-headings:font-bold prose-headings:text-h3 md:prose-p:text-xl      prose-p:text-grey3      '>\n      <h2><strong><span class=\"text-black\">Un jeu d\u2019enfant<\/span><\/strong><\/h2>\n<ol>\n<li><strong><span class=\"text-black\">Installer<\/span><\/strong><br \/>\n<span class=\"text-black\"><span class=\"text-black\"><span class=\"text-black\">T\u00e9l\u00e9chargez gratuitement l\u2019appli sur <strong><span class=\"text-green\"><a class=\"text-green\" href=\"https:\/\/app.adjust.com\/nzpq02?campaign=null&amp;adgroup=telecharger-app\">l\u2019App Store<\/a><\/span><\/strong> ou sur <strong><span class=\"text-green\"><a class=\"text-green\" href=\"https:\/\/app.adjust.com\/bn65k1?campaign=null&amp;adgroup=telecharger-app\">Google Play<\/a><\/span><\/strong>.<\/span><\/span><\/span><\/li>\n<li><strong><span class=\"text-black\">S\u2019inscrire\u2028<\/span><\/strong><br \/>\n<span class=\"text-black\"><span class=\"text-black\"><span class=\"text-black\"><span class=\"text-black\">Cr\u00e9ez votre compte gratuitement en quelques clics avec votre adresse.<\/span><\/span><\/span><\/span><\/li>\n<li><strong><span class=\"text-black\">C\u2019est parti !\u2028<\/span><\/strong><br \/>\n<span class=\"text-black\">Votre compte est pr\u00eat, vous pouvez commencer \u00e0 faire vos courses avec Picnic.<\/span><\/li>\n<\/ol>\n                      <div class=\"mt-6\">\n              <div class='buttons direct flex hero'>\n                  <a href='\/download%20app%20slug'\n                     class='locale btn ios transition-trigger js-download-ios -ios'><\/a>\n                  <a href='\/download%20app%20slug'\n                     class='locale btn android transition-trigger js-download-android -android'><\/a>\n                  <a href='\/download%20app%20slug'\n                     class='btn mobile transition-trigger red js-download justify-center !bg-none !bg-red !py-3 !px-4 !inline-block\n            md:!hidden '>download app<\/a>\n              <\/div>\n          <\/div>\n          <\/div>\n  <\/div>\n  <\/section>\n\n\n\n<section id='' class=\"text-media mx-auto px-0 md:px-24 bg-transparent \n  media-right non-overlap   \">\n  <div class=\"container !px-6 pb-10 flex items-center md:!gap-14 !min-h-[auto] md:px-0\n    md:flex-row-reverse    flex-col gap-8\">\n    <div class=\"media relative md:absolute z-10 left-0 basis-2\/3 w-full md:max-w-[712px] \">\n                <img class='image w-full h-full rounded-3xl mobile-rounded-0 object-cover' src='https:\/\/d2jxuf8ovdiw8x.cloudfront.net\/uploads\/sites\/20\/2025\/11\/Image-34-min.png' alt=\"Panier de Picnic\">\n                    <\/div>\n    <div class='content relative md:absolute !w-full p-0 basis-1\/3 rounded-3xl right-0 z-20 md:max-w-lg\n      prose-headings:!mb-4 prose-p:text-base prose-p:leading-6 prose-p:!p-0 prose-p:!m-0\n      prose-headings:font-bold prose-headings:text-h3 md:prose-p:text-xl      prose-p:text-grey3      '>\n      <h2><strong><span class=\"text-black\">Le plein de courses en quelques minutes<\/span><\/strong><\/h2>\n<p><span class=\"text-black\">Vous y trouverez tous vos produits pr\u00e9f\u00e9r\u00e9s : des grandes marques, des marques distributeurs, la marque Picnic, des l\u00e9gumes ultra frais, de la viande de qualit\u00e9, et m\u00eame tous vos essentiels pour la maison. Le plein de la semaine ? Fait en une minute !<\/span><\/p>\n                <\/div>\n  <\/div>\n  <\/section>\n\n\n\n<section id='' class=\"text-media mx-auto px-0 md:px-24 bg-grey0 \n  media-left non-overlap   \">\n  <div class=\"container !px-6 pb-10 flex items-center md:!gap-14 !min-h-[auto] md:px-0\n    md:flex-row    flex-col gap-8\">\n    <div class=\"media relative md:absolute z-10 left-0 basis-2\/3 w-full md:max-w-[712px] \">\n                <img class='image w-full h-full rounded-3xl mobile-rounded-0 object-cover' src='https:\/\/d2jxuf8ovdiw8x.cloudfront.net\/uploads\/sites\/20\/2025\/11\/Rectangle-776-1-min.png' alt=\"\u00c9conomisez sur vos achats de produits de marque chez Picnic\">\n                    <\/div>\n    <div class='content relative md:absolute !w-full p-0 basis-1\/3 rounded-3xl right-0 z-20 md:max-w-lg\n      prose-headings:!mb-4 prose-p:text-base prose-p:leading-6 prose-p:!p-0 prose-p:!m-0\n      prose-headings:font-bold prose-headings:text-h3 md:prose-p:text-xl      prose-p:text-grey3      '>\n      <h2><strong><span class=\"text-black\">\u00c9conomisez chaque semaine<\/span><\/strong><\/h2>\n<p><span class=\"text-black\">De nouvelles promos vous attendent chaque semaine dans l\u2019appli. En plus des <span class=\"text-green\"><a class=\"text-green\" href=\"https:\/\/picnic.app\/fr\/supermarche-en-ligne\/offres\/\">offres sp\u00e9ciales<\/a><\/span> comme l\u2019<strong>Euromania<\/strong> avec des produits \u00e0 1, 2 ou 3 euros.<\/span><\/p>\n<p>&nbsp;<\/p>\n<p><span class=\"text-black\">Et gr\u00e2ce aux lots <strong>\u00ab offres group\u00e9es \u00bb<\/strong>, plus vous achetez, plus vous \u00e9conomisez !<\/span><\/p>\n            <div class=\"mt-6\">\n        <a href=\"https:\/\/2a2d.adj.st\/store\/storefront?adj_t=1pb9mpvb_1podaszk&#038;adj_campaign=FR&#038;adj_adgroup=telecharger-app\"\n   class=\"\"\n   target=\"_blank\">\n    <div class=\"inline-block px-3 py-2 text-body text-center text-white rounded-lg bg-green\">\n    <span class=\"inline\">T\u00e9l\u00e9chargez l\u2019appli Picnic<\/span>\n      <\/div>\n  <\/a>\n      <\/div>\n                <\/div>\n  <\/div>\n  <\/section>\n\n\n\n<section id='' class=\"text-media mx-auto px-0 md:px-24 bg-transparent \n  media-right non-overlap   \">\n  <div class=\"container !px-6 pb-10 flex items-center md:!gap-14 !min-h-[auto] md:px-0\n    md:flex-row-reverse    flex-col gap-8\">\n    <div class=\"media relative md:absolute z-10 left-0 basis-2\/3 w-full md:max-w-[712px] \">\n                <img class='image w-full h-full rounded-3xl mobile-rounded-0 object-cover' src='https:\/\/d2jxuf8ovdiw8x.cloudfront.net\/uploads\/sites\/20\/2026\/04\/Screens-new-Meals-FR.png' alt=\"\">\n                    <\/div>\n    <div class='content relative md:absolute !w-full p-0 basis-1\/3 rounded-3xl right-0 z-20 md:max-w-lg\n      prose-headings:!mb-4 prose-p:text-base prose-p:leading-6 prose-p:!p-0 prose-p:!m-0\n      prose-headings:font-bold prose-headings:text-h3 md:prose-p:text-xl      prose-p:text-grey3      '>\n      <h2><span class=\"text-black\"><strong>Des recettes pour toute la famille<\/strong><\/span><\/h2>\n<p><span class=\"text-black\">Dans l\u2019appli, d\u00e9couvrez plus de <span class=\"text-green\"><a class=\"text-green\" href=\"https:\/\/picnic.app\/fr\/recettes\/\"><strong>2 000 recettes pour toute la famille<\/strong><\/a><\/span> &#8211; m\u00eame les plus difficiles. Cherchez une recette pr\u00e9cise ou explorez des cat\u00e9gories comme <strong>\u00ab Rapide \u00bb, \u00ab Kids friendly \u00bb ou \u00ab \u00c9conomique \u00bb<\/strong>. <\/span><\/p>\n<p>&nbsp;<\/p>\n<p><span class=\"text-black\"><strong>En 1 clic, vous pouvez ajouter les ingr\u00e9dients \u00e0 votre panier.<\/strong> Et d\u00e8s que c\u2019est livr\u00e9, retrouvez facilement les recettes que vous avez command\u00e9es dans l\u2019appli. Vous n\u2019aurez plus qu\u2019\u00e0 commencer \u00e0 cuisiner en suivant toutes les \u00e9tapes. <\/span><\/p>\n                <\/div>\n  <\/div>\n  <\/section>\n\n\n\n<section id='' class=\"text-media mx-auto px-0 md:px-24 bg-grey0 \n  media-left non-overlap   \">\n  <div class=\"container !px-6 pb-10 flex items-center md:!gap-14 !min-h-[auto] md:px-0\n    md:flex-row    flex-col gap-8\">\n    <div class=\"media relative md:absolute z-10 left-0 basis-2\/3 w-full md:max-w-[712px] \">\n                <img class='image w-full h-full rounded-3xl mobile-rounded-0 object-cover' src='https:\/\/d2jxuf8ovdiw8x.cloudfront.net\/uploads\/sites\/20\/2025\/07\/Frame-1507.png' alt=\"S\u00e9lectionnez un cr\u00e9neau horaire pour votre livraison dans l&#039;application Picnic.\">\n                    <\/div>\n    <div class='content relative md:absolute !w-full p-0 basis-1\/3 rounded-3xl right-0 z-20 md:max-w-lg\n      prose-headings:!mb-4 prose-p:text-base prose-p:leading-6 prose-p:!p-0 prose-p:!m-0\n      prose-headings:font-bold prose-headings:text-h3 md:prose-p:text-xl      prose-p:text-grey3      '>\n      <h2><span class=\"text-black\"><strong><span class=\"text-black\">Choisissez votre cr\u00e9neau de livraison<\/span><\/strong><\/span><\/h2>\n<p><span class=\"text-black\">Dans l\u2019appli, choisissez le jour et l\u2019heure qui vous conviennent. Le jour J, vous savez \u00e0 la minute pr\u00e8s quand votre commande arrive. C\u2019est \u00e7a, la livraison Picnic !<\/span><\/p>\n            <div class=\"mt-6\">\n        <a href=\"https:\/\/2a2d.adj.st\/store\/storefront?adj_t=1pb9mpvb_1podaszk&#038;adj_campaign=FR&#038;adj_adgroup=telecharger-app\"\n   class=\"\"\n   target=\"_blank\">\n    <div class=\"inline-block px-3 py-2 text-body text-center text-white rounded-lg bg-green\">\n    <span class=\"inline\">T\u00e9l\u00e9chargez l\u2019appli Picnic<\/span>\n      <\/div>\n  <\/a>\n      <\/div>\n                <\/div>\n  <\/div>\n  <\/section>\n\n\n\n<section id='' class=\"text-media mx-auto px-0 md:px-24 bg-transparent \n  media-right non-overlap   \">\n  <div class=\"container !px-6 pb-10 flex items-center md:!gap-14 !min-h-[auto] md:px-0\n    md:flex-row-reverse    flex-col gap-8\">\n    <div class=\"media relative md:absolute z-10 left-0 basis-2\/3 w-full md:max-w-[712px] \">\n                <img class='image w-full h-full rounded-3xl mobile-rounded-0 object-cover' src='https:\/\/d2jxuf8ovdiw8x.cloudfront.net\/uploads\/sites\/20\/2025\/07\/Frame-12347644.png' alt=\"Suivez l&#039;\u00e9tat de votre commande dans l&#039;application Picnic.\">\n                    <\/div>\n    <div class='content relative md:absolute !w-full p-0 basis-1\/3 rounded-3xl right-0 z-20 md:max-w-lg\n      prose-headings:!mb-4 prose-p:text-base prose-p:leading-6 prose-p:!p-0 prose-p:!m-0\n      prose-headings:font-bold prose-headings:text-h3 md:prose-p:text-xl      prose-p:text-grey3      '>\n      <h2><strong>Suivez votre livraison en direct<\/strong><\/h2>\n<p><span class=\"text-black\"><span class=\"text-black\">Le jour de la<\/span> <span class=\"text-green\"><a class=\"text-green\" href=\"https:\/\/picnic.app\/fr\/supermarche-en-ligne\/livraison-courses\/\">livraison<\/a><\/span>, <span class=\"text-black\">suivez votre livreur en temps r\u00e9el sur l\u2019appli. Il est d\u00e9j\u00e0 dans votre rue ?<\/span><\/span><\/p>\n                <\/div>\n  <\/div>\n  <\/section>\n\n\n\n<section id='' class=\"text-media mx-auto px-0 md:px-24 bg-grey0 \n  media-left non-overlap   \">\n  <div class=\"container !px-6 pb-10 flex items-center md:!gap-14 !min-h-[auto] md:px-0\n    md:flex-row    flex-col-reverse gap-4\">\n    <div class=\"media relative md:absolute z-10 left-0 basis-2\/3 w-full md:max-w-[712px] \">\n                <div class=\"w-full pt-[56.25%] relative overflow-hidden\">\n              <iframe class=\"rounded-xl absolute top-0 bottom-0 right-0 left-0 w-full h-full\" src=\"https:\/\/www.youtube.com\/embed\/8CofOGVaeTQ?si=TD1qxZTD0L63lTSb\" frameborder=\"0\" allow=\"encrypted-media\" allowfullscreen=\"\"><\/iframe>\n          <\/div>\n          <\/div>\n    <div class='content relative md:absolute !w-full p-0 basis-1\/3 rounded-3xl right-0 z-20 md:max-w-lg\n      prose-headings:!mb-4 prose-p:text-base prose-p:leading-6 prose-p:!p-0 prose-p:!m-0\n      prose-headings:font-bold prose-headings:text-h3 md:prose-p:text-xl      prose-p:text-grey3      '>\n      <h2><strong><span class=\"text-black\">Les meilleures fonctionnalit\u00e9s de l\u2019appli Picnic<\/span><\/strong><\/h2>\n                <\/div>\n  <\/div>\n  <\/section>\n\n\n\n<section id='' class=\"text-image bg-transparent  image-right normal  \">\n  <div class=\"container\">\n    <div class='content'>\n      <h2><strong><span class=\"text-black\">Des questions sur Picnic?<\/span><\/strong><\/h2>\n<p><span class=\"text-black\">Consultez notre <span class=\"text-green\"><a class=\"text-green\" href=\"https:\/\/picnic.app\/fr\/faq\">FAQ<\/a><\/span> ou contactez directement notre <span class=\"text-green\"><a class=\"text-green\" href=\"https:\/\/picnic.app\/fr\/contact\/\">service client<\/a><\/span>. Ils sont toujours l\u00e0 pour vous aider.<\/span><\/p>\n\n              <div class='buttons'>\n                              <a\n            href='https:\/\/2a2d.adj.st\/store\/storefront?adj_t=1pb9mpvb_1podaszk&#038;adj_campaign=FR&#038;adj_adgroup=telecharger-app'\n            target=''\n            class='btn transition-trigger green'\n          >\n            T\u00e9l\u00e9chargez l\u2019appli Picnic          <\/a>\n                            <\/div>\n          <\/div>\n\n      <\/div>\n<\/section>\n\n\n\n<section id='' class=\"text-media mx-auto px-0 md:px-24 bg-grey0 \n  media-right non-overlap   \">\n  <div class=\"container !px-6 pb-10 flex items-center md:!gap-14 !min-h-[auto] md:px-0\n    md:flex-row-reverse    flex-col gap-8\">\n    <div class=\"media relative md:absolute z-10 left-0 basis-2\/3 w-full md:max-w-[712px] \">\n                <img class='image w-full h-full rounded-3xl mobile-rounded-0 object-cover' src='https:\/\/d2jxuf8ovdiw8x.cloudfront.net\/uploads\/sites\/20\/2025\/07\/Group-6.png' alt=\"V\u00e9hicule \u00e9lectrique Picnic\">\n                    <\/div>\n    <div class='content relative md:absolute !w-full p-0 basis-1\/3 rounded-3xl right-0 z-20 md:max-w-lg\n      prose-headings:!mb-4 prose-p:text-base prose-p:leading-6 prose-p:!p-0 prose-p:!m-0\n      prose-headings:font-bold prose-headings:text-h3 md:prose-p:text-xl      prose-p:text-grey3      '>\n      <h2><span class=\"text-black\"><strong><span class=\"text-black\">T\u00e9l\u00e9chargez l\u2019appli Picnic<\/span><\/strong><\/span><\/h2>\n<p><span class=\"text-black\">L\u2019appli Picnic est 100 % gratuite et dispo sur iOS et Android. Essayez !<\/span><\/p>\n                      <div class=\"mt-6\">\n              <div class='buttons direct flex hero'>\n                  <a href='\/download%20app%20slug'\n                     class='locale btn ios transition-trigger js-download-ios -ios'><\/a>\n                  <a href='\/download%20app%20slug'\n                     class='locale btn android transition-trigger js-download-android -android'><\/a>\n                  <a href='\/download%20app%20slug'\n                     class='btn mobile transition-trigger red js-download justify-center !bg-none !bg-red !py-3 !px-4 !inline-block\n            md:!hidden '>download app<\/a>\n              <\/div>\n          <\/div>\n          <\/div>\n  <\/div>\n  <\/section>\n","protected":false},"excerpt":{"rendered":"","protected":false},"author":840,"featured_media":6158,"parent":0,"menu_order":0,"comment_status":"closed","ping_status":"closed","template":"","meta":{"footnotes":""},"class_list":["post-6157","page","type-page","status-publish","has-post-thumbnail","hentry"],"acf":[],"yoast_head":"<!-- This site is optimized with the Yoast SEO Premium plugin v25.8 (Yoast SEO v25.9) - https:\/\/yoast.com\/wordpress\/plugins\/seo\/ -->\n<title>T\u00e9l\u00e9chargez l\u2019appli Picnic \u2013 Courses livr\u00e9es gratuitement | Picnic<\/title>\n<meta name=\"description\" content=\"Faites vos courses avec l\u2019application Picnic : produits frais, livraison gratuite et prix bas. T\u00e9l\u00e9chargez l\u2019appli et commencez d\u00e8s maintenant !\" \/>\n<meta name=\"robots\" content=\"index, follow, max-snippet:-1, max-image-preview:large, max-video-preview:-1\" \/>\n<link rel=\"canonical\" href=\"https:\/\/picnic.app\/fr\/telecharger-app\/\" \/>\n<meta property=\"og:locale\" content=\"en_US\" \/>\n<meta property=\"og:type\" content=\"article\" \/>\n<meta property=\"og:title\" content=\"T\u00e9l\u00e9chargez l\u2019appli Picnic \u2013 Courses livr\u00e9es gratuitement | Picnic\" \/>\n<meta property=\"og:description\" content=\"Faites vos courses avec l\u2019application Picnic : produits frais, livraison gratuite et prix bas. T\u00e9l\u00e9chargez l\u2019appli et commencez d\u00e8s maintenant !\" \/>\n<meta property=\"og:url\" content=\"https:\/\/picnic.app\/fr\/telecharger-app\/\" \/>\n<meta property=\"og:site_name\" content=\"Picnic FR\" \/>\n<meta property=\"article:modified_time\" content=\"2026-04-03T09:48:08+00:00\" \/>\n<meta property=\"og:image\" content=\"https:\/\/d2jxuf8ovdiw8x.cloudfront.net\/uploads\/sites\/20\/2025\/07\/Group-6039-1.png\" \/>\n\t<meta property=\"og:image:width\" content=\"1\" \/>\n\t<meta property=\"og:image:height\" content=\"1\" \/>\n\t<meta property=\"og:image:type\" content=\"image\/png\" \/>\n<meta name=\"twitter:card\" content=\"summary_large_image\" \/>\n<meta name=\"twitter:label1\" content=\"Est. reading time\" \/>\n\t<meta name=\"twitter:data1\" content=\"4 minutes\" \/>\n<script type=\"application\/ld+json\" class=\"yoast-schema-graph\">{\"@context\":\"https:\/\/schema.org\",\"@graph\":[{\"@type\":\"WebPage\",\"@id\":\"https:\/\/picnic.app\/fr\/telecharger-app\/\",\"url\":\"https:\/\/picnic.app\/fr\/telecharger-app\/\",\"name\":\"T\u00e9l\u00e9chargez l\u2019appli Picnic \u2013 Courses livr\u00e9es gratuitement | Picnic\",\"isPartOf\":{\"@id\":\"https:\/\/picnic.app\/fr\/#website\"},\"primaryImageOfPage\":{\"@id\":\"https:\/\/picnic.app\/fr\/telecharger-app\/#primaryimage\"},\"image\":{\"@id\":\"https:\/\/picnic.app\/fr\/telecharger-app\/#primaryimage\"},\"thumbnailUrl\":\"https:\/\/d2jxuf8ovdiw8x.cloudfront.net\/uploads\/sites\/20\/2025\/07\/Group-6039-1.png\",\"datePublished\":\"2025-07-31T09:08:31+00:00\",\"dateModified\":\"2026-04-03T09:48:08+00:00\",\"description\":\"Faites vos courses avec l\u2019application Picnic : produits frais, livraison gratuite et prix bas. T\u00e9l\u00e9chargez l\u2019appli et commencez d\u00e8s maintenant !\",\"inLanguage\":\"en-US\",\"potentialAction\":[{\"@type\":\"ReadAction\",\"target\":[\"https:\/\/picnic.app\/fr\/telecharger-app\/\"]}]},{\"@type\":\"ImageObject\",\"inLanguage\":\"en-US\",\"@id\":\"https:\/\/picnic.app\/fr\/telecharger-app\/#primaryimage\",\"url\":\"https:\/\/d2jxuf8ovdiw8x.cloudfront.net\/uploads\/sites\/20\/2025\/07\/Group-6039-1.png\",\"contentUrl\":\"https:\/\/d2jxuf8ovdiw8x.cloudfront.net\/uploads\/sites\/20\/2025\/07\/Group-6039-1.png\",\"caption\":\"Nous sommes favorables aux familles\"},{\"@type\":\"WebSite\",\"@id\":\"https:\/\/picnic.app\/fr\/#website\",\"url\":\"https:\/\/picnic.app\/fr\/\",\"name\":\"Picnic FR\",\"description\":\"Le supermarch\u00e9 en linge\",\"potentialAction\":[{\"@type\":\"SearchAction\",\"target\":{\"@type\":\"EntryPoint\",\"urlTemplate\":\"https:\/\/picnic.app\/fr\/?s={search_term_string}\"},\"query-input\":{\"@type\":\"PropertyValueSpecification\",\"valueRequired\":true,\"valueName\":\"search_term_string\"}}],\"inLanguage\":\"en-US\"},{\"@type\":\"Person\",\"@id\":\"https:\/\/picnic.app\/fr\/#\/schema\/person\/16d345f2a705f0567e8a4d5f4cae641b\",\"name\":\"jscholand1\",\"image\":{\"@type\":\"ImageObject\",\"inLanguage\":\"en-US\",\"@id\":\"https:\/\/picnic.app\/fr\/#\/schema\/person\/image\/\",\"url\":\"https:\/\/secure.gravatar.com\/avatar\/b86a63e0f44ebacececdc1db02dae118662ec3b81133d587f293d7c084b2fa99?s=96&d=mm&r=g\",\"contentUrl\":\"https:\/\/secure.gravatar.com\/avatar\/b86a63e0f44ebacececdc1db02dae118662ec3b81133d587f293d7c084b2fa99?s=96&d=mm&r=g\",\"caption\":\"jscholand1\"},\"url\":\"https:\/\/picnic.app\/fr\/author\/jscholand1\/\"}]}<\/script>\n<!-- \/ Yoast SEO Premium plugin. -->","yoast_head_json":{"title":"T\u00e9l\u00e9chargez l\u2019appli Picnic \u2013 Courses livr\u00e9es gratuitement | Picnic","description":"Faites vos courses avec l\u2019application Picnic : produits frais, livraison gratuite et prix bas. T\u00e9l\u00e9chargez l\u2019appli et commencez d\u00e8s maintenant !","robots":{"index":"index","follow":"follow","max-snippet":"max-snippet:-1","max-image-preview":"max-image-preview:large","max-video-preview":"max-video-preview:-1"},"canonical":"https:\/\/picnic.app\/fr\/telecharger-app\/","og_locale":"en_US","og_type":"article","og_title":"T\u00e9l\u00e9chargez l\u2019appli Picnic \u2013 Courses livr\u00e9es gratuitement | Picnic","og_description":"Faites vos courses avec l\u2019application Picnic : produits frais, livraison gratuite et prix bas. T\u00e9l\u00e9chargez l\u2019appli et commencez d\u00e8s maintenant !","og_url":"https:\/\/picnic.app\/fr\/telecharger-app\/","og_site_name":"Picnic FR","article_modified_time":"2026-04-03T09:48:08+00:00","og_image":[{"url":"https:\/\/d2jxuf8ovdiw8x.cloudfront.net\/uploads\/sites\/20\/2025\/07\/Group-6039-1.png","width":1,"height":1,"type":"image\/png"}],"twitter_card":"summary_large_image","twitter_misc":{"Est. reading time":"4 minutes"},"schema":{"@context":"https:\/\/schema.org","@graph":[{"@type":"WebPage","@id":"https:\/\/picnic.app\/fr\/telecharger-app\/","url":"https:\/\/picnic.app\/fr\/telecharger-app\/","name":"T\u00e9l\u00e9chargez l\u2019appli Picnic \u2013 Courses livr\u00e9es gratuitement | Picnic","isPartOf":{"@id":"https:\/\/picnic.app\/fr\/#website"},"primaryImageOfPage":{"@id":"https:\/\/picnic.app\/fr\/telecharger-app\/#primaryimage"},"image":{"@id":"https:\/\/picnic.app\/fr\/telecharger-app\/#primaryimage"},"thumbnailUrl":"https:\/\/d2jxuf8ovdiw8x.cloudfront.net\/uploads\/sites\/20\/2025\/07\/Group-6039-1.png","datePublished":"2025-07-31T09:08:31+00:00","dateModified":"2026-04-03T09:48:08+00:00","description":"Faites vos courses avec l\u2019application Picnic : produits frais, livraison gratuite et prix bas. T\u00e9l\u00e9chargez l\u2019appli et commencez d\u00e8s maintenant !","inLanguage":"en-US","potentialAction":[{"@type":"ReadAction","target":["https:\/\/picnic.app\/fr\/telecharger-app\/"]}]},{"@type":"ImageObject","inLanguage":"en-US","@id":"https:\/\/picnic.app\/fr\/telecharger-app\/#primaryimage","url":"https:\/\/d2jxuf8ovdiw8x.cloudfront.net\/uploads\/sites\/20\/2025\/07\/Group-6039-1.png","contentUrl":"https:\/\/d2jxuf8ovdiw8x.cloudfront.net\/uploads\/sites\/20\/2025\/07\/Group-6039-1.png","caption":"Nous sommes favorables aux familles"},{"@type":"WebSite","@id":"https:\/\/picnic.app\/fr\/#website","url":"https:\/\/picnic.app\/fr\/","name":"Picnic FR","description":"Le supermarch\u00e9 en linge","potentialAction":[{"@type":"SearchAction","target":{"@type":"EntryPoint","urlTemplate":"https:\/\/picnic.app\/fr\/?s={search_term_string}"},"query-input":{"@type":"PropertyValueSpecification","valueRequired":true,"valueName":"search_term_string"}}],"inLanguage":"en-US"},{"@type":"Person","@id":"https:\/\/picnic.app\/fr\/#\/schema\/person\/16d345f2a705f0567e8a4d5f4cae641b","name":"jscholand1","image":{"@type":"ImageObject","inLanguage":"en-US","@id":"https:\/\/picnic.app\/fr\/#\/schema\/person\/image\/","url":"https:\/\/secure.gravatar.com\/avatar\/b86a63e0f44ebacececdc1db02dae118662ec3b81133d587f293d7c084b2fa99?s=96&d=mm&r=g","contentUrl":"https:\/\/secure.gravatar.com\/avatar\/b86a63e0f44ebacececdc1db02dae118662ec3b81133d587f293d7c084b2fa99?s=96&d=mm&r=g","caption":"jscholand1"},"url":"https:\/\/picnic.app\/fr\/author\/jscholand1\/"}]}},"_links":{"self":[{"href":"https:\/\/picnic.app\/fr\/wp-json\/wp\/v2\/pages\/6157","targetHints":{"allow":["GET"]}}],"collection":[{"href":"https:\/\/picnic.app\/fr\/wp-json\/wp\/v2\/pages"}],"about":[{"href":"https:\/\/picnic.app\/fr\/wp-json\/wp\/v2\/types\/page"}],"author":[{"embeddable":true,"href":"https:\/\/picnic.app\/fr\/wp-json\/wp\/v2\/users\/840"}],"replies":[{"embeddable":true,"href":"https:\/\/picnic.app\/fr\/wp-json\/wp\/v2\/comments?post=6157"}],"version-history":[{"count":62,"href":"https:\/\/picnic.app\/fr\/wp-json\/wp\/v2\/pages\/6157\/revisions"}],"predecessor-version":[{"id":7703,"href":"https:\/\/picnic.app\/fr\/wp-json\/wp\/v2\/pages\/6157\/revisions\/7703"}],"wp:featuredmedia":[{"embeddable":true,"href":"https:\/\/picnic.app\/fr\/wp-json\/wp\/v2\/media\/6158"}],"wp:attachment":[{"href":"https:\/\/picnic.app\/fr\/wp-json\/wp\/v2\/media?parent=6157"}],"curies":[{"name":"wp","href":"https:\/\/api.w.org\/{rel}","templated":true}]}}