{"id":6234,"date":"2025-07-31T09:40:18","date_gmt":"2025-07-31T09:40:18","guid":{"rendered":"https:\/\/picnic.app\/fr\/?page_id=6234"},"modified":"2026-03-24T11:15:38","modified_gmt":"2026-03-24T11:15:38","slug":"supermarche-en-ligne","status":"publish","type":"page","link":"https:\/\/picnic.app\/fr\/supermarche-en-ligne\/","title":{"rendered":"2025_FR_Supermarche en ligne"},"content":{"rendered":"\n<style>\n  .location-hero-bg {\n    background-image: linear-gradient(13deg,rgba(0, 0, 0, 1) -60%, rgba(0, 0, 0, 0) 61%), url(https:\/\/d2jxuf8ovdiw8x.cloudfront.net\/uploads\/sites\/20\/2026\/03\/new-Onlinesupermarket-FR-desktop-1.png);\n  }\n\n  @media screen and (max-width: 768px) {\n    .location-hero-bg {\n      background-image: url(https:\/\/d2jxuf8ovdiw8x.cloudfront.net\/uploads\/sites\/20\/2026\/03\/new-Onlinesupermarket-FR-mobile.png);\n    }\n  }\n<\/style>\n\n<section id=\"\">\n\n  <div class=\"location-hero-bg bg-no-repeat bg-cover bg-center max-w-[1920px] mx-auto\">\n    <div class=\"text-center md:text-left content-center md:content-end px-6 md:px-10 lg:px-25 py-10 md:py-20 h-[480px] md:h-[640px] text-shadow-[0px 0px 25px black]\">\n      \n              <h1 class=\"text-[40px] mb-8 md:mb-4 text-white\">Services et offres du supermarch\u00e9 en ligne<\/h2>\n      \n              <div class=\"hidden w-1\/2 md:block text-base text-white\"><p>Picnic, c\u2019est bien plus qu\u2019un simple supermarch\u00e9 mobile. Nous simplifions votre quotidien avec des prix bas, des promos personnalis\u00e9es, un large choix de recettes et une gamme de produits allant des classiques du supermarch\u00e9 \u00e0 une s\u00e9lection de petits producteurs. Et bien s\u00fbr, la livraison \u00e0 domicile est toujours gratuite. D\u00e9couvrez tout ce que Picnic peut faire pour vous et votre famille.<\/p>\n<\/div>\n      \n              <a class=\"js-download before:hidden !inline mt-4 bg-green8 p-3 rounded-xl text-white font-semibold md:!hidden\"\n           target=\"_blank\"\n           href='\/download%20app%20slug'>T\u00e9l\u00e9chargez l\u2019appli<\/a>\n      \n      <div class=\"buttons direct !hidden md:!flex mt-4 gap-2 relative flex-row\">\n        <a class=\"js-download-ios rounded-md bg-cover bg-center w-36 h-11 hover:opacity-80\"\n          style=\"background-image: url('https:\/\/d2jxuf8ovdiw8x.cloudfront.net\/uploads\/sites\/24\/2025\/12\/App-store-white.png');\"\n          target=\"_blank\"\n          href='\/download%20app%20slug'><\/a>\n        <a class=\"js-download-android rounded-md bg-cover bg-center w-36 h-11 hover:opacity-80\"\n          style=\"background-image: url('https:\/\/d2jxuf8ovdiw8x.cloudfront.net\/uploads\/sites\/24\/2025\/12\/Google-play-white.png');\"\n          target=\"_blank\"\n          href='\/download%20app%20slug'><\/a>\n      <\/div>\n\n    <\/div>\n  <\/div>\n\n\n      <div class=\"block md:hidden text-base text-black px-6 pt-12 pb-4\"><p>Picnic, c\u2019est bien plus qu\u2019un simple supermarch\u00e9 mobile. Nous simplifions votre quotidien avec des prix bas, des promos personnalis\u00e9es, un large choix de recettes et une gamme de produits allant des classiques du supermarch\u00e9 \u00e0 une s\u00e9lection de petits producteurs. Et bien s\u00fbr, la livraison \u00e0 domicile est toujours gratuite. D\u00e9couvrez tout ce que Picnic peut faire pour vous et votre famille.<\/p>\n<\/div>\n  <\/section>\n\n\n\n<section id=\"\"\n         class=\"gallery-grid bg-transparent\">\n  <div class=\"px-5 py-10 mx-auto md:px-10 md:py-20 max-w-1400\">\n    <div>\n                    <div class=\"prose mb-4\">\n          <h2><span class=\"text-3xl text-black\"><strong>Livraison &amp; services suppl\u00e9mentaires<\/strong><\/span><\/h2>\n<p><span class=\"text-black\">En tant que supermarch\u00e9 mobile, nous livrons toutes vos courses et vos recettes pr\u00e9f\u00e9r\u00e9es directement chez vous \u2013 toujours gratuitement et \u00e0 l\u2019heure. Et parce que nous sommes d\u00e9j\u00e0 \u00e0 votre porte, profitez aussi de services suppl\u00e9mentaires pratiques au quotidien.<\/span><\/p>\n<p>&nbsp;<\/p>\n        <\/div>\n      \n              <div class=\"grid gap-10 grid-cols-1 md:grid-cols-4\">\n                                    <a href=\"https:\/\/picnic.app\/fr\/supermarche-en-ligne\/comment-ca-marche\/\">\n                        <span class=\"block bg-center bg-no-repeat rounded-2xl h-75\n              bg-cover \"\n              style='background-image: url(https:\/\/d2jxuf8ovdiw8x.cloudfront.net\/uploads\/sites\/20\/2025\/09\/FRmob-How-does-Picnic-work.png'><\/span>\n    \n    <div class='p-6 max-w-none prose prose-h3:text-2xl md:prose-h3:text-h3'>\n                    <h3>Comment fonctionne Picnic?<\/h3>\n        \n        <p><span class=\"text-black\">De la commande dans l\u2019appli jusqu\u2019\u00e0 la livraison : d\u00e9couvrez comment commander vos courses en ligne avec Picnic. Facile, rapide et livraison gratuite !<\/span><\/p>\n    <\/div>\n                <\/a>\n                                                <a href=\"https:\/\/picnic.app\/fr\/supermarche-en-ligne\/livraison-courses\/\">\n                        <span class=\"block bg-center bg-no-repeat rounded-2xl h-75\n              bg-cover \"\n              style='background-image: url(https:\/\/d2jxuf8ovdiw8x.cloudfront.net\/uploads\/sites\/20\/2025\/07\/Header-small-mobile-10.png'><\/span>\n    \n    <div class='p-6 max-w-none prose prose-h3:text-2xl md:prose-h3:text-h3'>\n                    <h3>Picnic livre vos courses \u00e0 domicile<\/h3>\n        \n        <p><span class=\"text-black\">La livraison de courses \u00e0 domicile est gratuite avec Picnic. D\u00e9couvrez comment se faire livrer ses courses !<\/span><\/p>\n    <\/div>\n                <\/a>\n                                                <a href=\"https:\/\/picnic.app\/fr\/emplacements\/\">\n                        <span class=\"block bg-center bg-no-repeat rounded-2xl h-75\n              bg-cover \"\n              style='background-image: url(https:\/\/d2jxuf8ovdiw8x.cloudfront.net\/uploads\/sites\/20\/2021\/04\/france_hero-scaled-e1638191641862-1024x527.jpg'><\/span>\n    \n    <div class='p-6 max-w-none prose prose-h3:text-2xl md:prose-h3:text-h3'>\n                    <h3>O\u00f9 livrons-nous ?<\/h3>\n        \n        <p><span class=\"text-black\">Nous nous d\u00e9veloppons rapidement, de nouvelles villes et r\u00e9gions sont ajout\u00e9es chaque mois ! Passons-nous par chez vous ? V\u00e9rifiez votre adresse !<\/span><\/p>\n    <\/div>\n                <\/a>\n                              <\/div>\n          <\/div>\n  <\/div>\n<\/section>\n\n\n\n\n<section id=\"\"\n         class=\"gallery-grid bg-transparent\">\n  <div class=\"px-5 py-10 mx-auto md:px-10 md:py-20 max-w-1400\">\n    <div>\n                    <div class=\"prose mb-4\">\n          <h2><span class=\"text-3xl text-black\"><strong>Assortiment &amp; promotions<\/strong><\/span><\/h2>\n<p><span class=\"text-black\">Chez Picnic, les prix justes vont de soi. Nous faisons en sorte que vos courses du quotidien restent abordables. Et lorsque c\u2019est possible, nous ajoutons encore des promotions suppl\u00e9mentaires !<\/span><\/p>\n<p>&nbsp;<\/p>\n        <\/div>\n      \n              <div class=\"grid gap-10 grid-cols-1 md:grid-cols-4\">\n                                    <a href=\"https:\/\/picnic.app\/fr\/supermarche-en-ligne\/offres\/\">\n                        <span class=\"block bg-center bg-no-repeat rounded-2xl h-75\n              bg-cover \"\n              style='background-image: url(https:\/\/d2jxuf8ovdiw8x.cloudfront.net\/uploads\/sites\/20\/2025\/08\/FR15promoscreen.png'><\/span>\n    \n    <div class='p-6 max-w-none prose prose-h3:text-2xl md:prose-h3:text-h3'>\n                    <h3>D\u00e9couvrez les promos Picnic  de la semaine<\/h3>\n        \n        <p><span class=\"text-black\">Profitez chaque semaine des promos Picnic ! Super-Bonus, Euromania et Offres Group\u00e9es vous attendent. D\u00e9couvrez tous nos bons plans et \u00e9conomisez !<\/span><\/p>\n    <\/div>\n                <\/a>\n                                                <a href=\"https:\/\/picnic.app\/fr\/supermarche-en-ligne\/reductions\/\">\n                        <span class=\"block bg-center bg-no-repeat rounded-2xl h-75\n              bg-cover \"\n              style='background-image: url(https:\/\/d2jxuf8ovdiw8x.cloudfront.net\/uploads\/sites\/20\/2025\/08\/FRDiscJPGM1.jpg'><\/span>\n    \n    <div class='p-6 max-w-none prose prose-h3:text-2xl md:prose-h3:text-h3'>\n                    <h3>\u00c9conomisez avec les r\u00e9ductions Picnic<\/h3>\n        \n        <p><span class=\"text-black\">Profitez des codes promo Picnic ! 10 \u20ac offerts pour les nouveaux clients + cadeaux gratuits. Parrainez vos amis et gagnez encore plus.<\/span><\/p>\n    <\/div>\n                <\/a>\n                                                <a href=\"https:\/\/picnic.app\/fr\/assortiment\/\">\n                        <span class=\"block bg-center bg-no-repeat rounded-2xl h-75\n              bg-cover \"\n              style='background-image: url(https:\/\/d2jxuf8ovdiw8x.cloudfront.net\/uploads\/sites\/20\/2025\/07\/Image-34.png'><\/span>\n    \n    <div class='p-6 max-w-none prose prose-h3:text-2xl md:prose-h3:text-h3'>\n                    <h3>Petites voiturette, large choix<\/h3>\n        \n        <p><span class=\"text-black\">Des produits de grandes marques aux l\u00e9gumes super frais, du rayon boucherie \u00e0 la coupe \u00e0 celui des produits m\u00e9nagers.<\/span><\/p>\n    <\/div>\n                <\/a>\n                              <\/div>\n          <\/div>\n  <\/div>\n<\/section>\n\n\n\n\n<section id='' class=\"text-media mx-auto px-0 md:px-24 bg-transparent \n  media-left non-overlap   \">\n  <div class=\"container !px-6 pb-10 flex items-center md:!gap-14 !min-h-[auto] md:px-0\n    md:flex-row    flex-col gap-8\">\n    <div class=\"media relative md:absolute z-10 left-0 basis-2\/3 w-full md:max-w-[712px] \">\n                <img class='image w-full h-full rounded-3xl mobile-rounded-0 object-cover' src='https:\/\/d2jxuf8ovdiw8x.cloudfront.net\/uploads\/sites\/20\/2025\/07\/Group-6.png' alt=\"V\u00e9hicule \u00e9lectrique Picnic\">\n                    <\/div>\n    <div class='content relative md:absolute !w-full p-0 basis-1\/3 rounded-3xl right-0 z-20 md:max-w-lg\n      prose-headings:!mb-4 prose-p:text-base prose-p:leading-6 prose-p:!p-0 prose-p:!m-0\n      prose-headings:font-bold prose-headings:text-h3 md:prose-p:text-xl      prose-p:text-grey3      '>\n      <h2><span class=\"text-black\"><strong>T\u00e9l\u00e9chargez l\u2019appli Picnic<\/strong><\/span><\/h2>\n<p><span class=\"text-black\">L\u2019appli Picnic est gratuite sur iOS et Android. Cliquez ci-dessous et rejoignez l\u2019aventure Picnic !<\/span><\/p>\n                      <div class=\"mt-6\">\n              <div class='buttons direct flex hero'>\n                  <a href='\/download%20app%20slug'\n                     class='locale btn ios transition-trigger js-download-ios -ios'><\/a>\n                  <a href='\/download%20app%20slug'\n                     class='locale btn android transition-trigger js-download-android -android'><\/a>\n                  <a href='\/download%20app%20slug'\n                     class='btn mobile transition-trigger red js-download justify-center !bg-none !bg-red !py-3 !px-4 !inline-block\n            md:!hidden '>download app<\/a>\n              <\/div>\n          <\/div>\n          <\/div>\n  <\/div>\n  <\/section>\n","protected":false},"excerpt":{"rendered":"","protected":false},"author":840,"featured_media":6526,"parent":0,"menu_order":0,"comment_status":"closed","ping_status":"closed","template":"","meta":{"footnotes":""},"class_list":["post-6234","page","type-page","status-publish","has-post-thumbnail","hentry"],"acf":[],"yoast_head":"<!-- This site is optimized with the Yoast SEO Premium plugin v25.8 (Yoast SEO v25.9) - https:\/\/yoast.com\/wordpress\/plugins\/seo\/ -->\n<title>Supermarch\u00e9 en ligne Picnic : Services &amp; Offres | Picnic<\/title>\n<meta name=\"description\" content=\"D\u00e9couvrez tous les services et les offres du supermarch\u00e9 en ligne Picnic. Livraison gratuite, promos chaque semaine et plus encore \u00e0 d\u00e9couvrir ici !\" \/>\n<meta name=\"robots\" content=\"index, follow, max-snippet:-1, max-image-preview:large, max-video-preview:-1\" \/>\n<link rel=\"canonical\" href=\"https:\/\/picnic.app\/fr\/supermarche-en-ligne\/\" \/>\n<meta property=\"og:locale\" content=\"en_US\" \/>\n<meta property=\"og:type\" content=\"article\" \/>\n<meta property=\"og:title\" content=\"Supermarch\u00e9 en ligne Picnic : Services &amp; Offres | Picnic\" \/>\n<meta property=\"og:description\" content=\"D\u00e9couvrez tous les services et les offres du supermarch\u00e9 en ligne Picnic. Livraison gratuite, promos chaque semaine et plus encore \u00e0 d\u00e9couvrir ici !\" \/>\n<meta property=\"og:url\" content=\"https:\/\/picnic.app\/fr\/supermarche-en-ligne\/\" \/>\n<meta property=\"og:site_name\" content=\"Picnic FR\" \/>\n<meta property=\"article:modified_time\" content=\"2026-03-24T11:15:38+00:00\" \/>\n<meta property=\"og:image\" content=\"https:\/\/d2jxuf8ovdiw8x.cloudfront.net\/uploads\/sites\/20\/2025\/08\/newOSM15.png\" \/>\n\t<meta property=\"og:image:width\" content=\"1\" \/>\n\t<meta property=\"og:image:height\" content=\"1\" \/>\n\t<meta property=\"og:image:type\" content=\"image\/png\" \/>\n<meta name=\"twitter:card\" content=\"summary_large_image\" \/>\n<meta name=\"twitter:label1\" content=\"Est. reading time\" \/>\n\t<meta name=\"twitter:data1\" content=\"3 minutes\" \/>\n<script type=\"application\/ld+json\" class=\"yoast-schema-graph\">{\"@context\":\"https:\/\/schema.org\",\"@graph\":[{\"@type\":\"WebPage\",\"@id\":\"https:\/\/picnic.app\/fr\/supermarche-en-ligne\/\",\"url\":\"https:\/\/picnic.app\/fr\/supermarche-en-ligne\/\",\"name\":\"Supermarch\u00e9 en ligne Picnic : Services & Offres | Picnic\",\"isPartOf\":{\"@id\":\"https:\/\/picnic.app\/fr\/#website\"},\"primaryImageOfPage\":{\"@id\":\"https:\/\/picnic.app\/fr\/supermarche-en-ligne\/#primaryimage\"},\"image\":{\"@id\":\"https:\/\/picnic.app\/fr\/supermarche-en-ligne\/#primaryimage\"},\"thumbnailUrl\":\"https:\/\/d2jxuf8ovdiw8x.cloudfront.net\/uploads\/sites\/20\/2025\/08\/newOSM15.png\",\"datePublished\":\"2025-07-31T09:40:18+00:00\",\"dateModified\":\"2026-03-24T11:15:38+00:00\",\"description\":\"D\u00e9couvrez tous les services et les offres du supermarch\u00e9 en ligne Picnic. Livraison gratuite, promos chaque semaine et plus encore \u00e0 d\u00e9couvrir ici !\",\"inLanguage\":\"en-US\",\"potentialAction\":[{\"@type\":\"ReadAction\",\"target\":[\"https:\/\/picnic.app\/fr\/supermarche-en-ligne\/\"]}]},{\"@type\":\"ImageObject\",\"inLanguage\":\"en-US\",\"@id\":\"https:\/\/picnic.app\/fr\/supermarche-en-ligne\/#primaryimage\",\"url\":\"https:\/\/d2jxuf8ovdiw8x.cloudfront.net\/uploads\/sites\/20\/2025\/08\/newOSM15.png\",\"contentUrl\":\"https:\/\/d2jxuf8ovdiw8x.cloudfront.net\/uploads\/sites\/20\/2025\/08\/newOSM15.png\",\"caption\":\"Des personnes aimables vous livreront vos courses \u00e0 domicile.\"},{\"@type\":\"WebSite\",\"@id\":\"https:\/\/picnic.app\/fr\/#website\",\"url\":\"https:\/\/picnic.app\/fr\/\",\"name\":\"Picnic FR\",\"description\":\"Le supermarch\u00e9 en linge\",\"potentialAction\":[{\"@type\":\"SearchAction\",\"target\":{\"@type\":\"EntryPoint\",\"urlTemplate\":\"https:\/\/picnic.app\/fr\/?s={search_term_string}\"},\"query-input\":{\"@type\":\"PropertyValueSpecification\",\"valueRequired\":true,\"valueName\":\"search_term_string\"}}],\"inLanguage\":\"en-US\"}]}<\/script>\n<!-- \/ Yoast SEO Premium plugin. -->","yoast_head_json":{"title":"Supermarch\u00e9 en ligne Picnic : Services & Offres | Picnic","description":"D\u00e9couvrez tous les services et les offres du supermarch\u00e9 en ligne Picnic. Livraison gratuite, promos chaque semaine et plus encore \u00e0 d\u00e9couvrir ici !","robots":{"index":"index","follow":"follow","max-snippet":"max-snippet:-1","max-image-preview":"max-image-preview:large","max-video-preview":"max-video-preview:-1"},"canonical":"https:\/\/picnic.app\/fr\/supermarche-en-ligne\/","og_locale":"en_US","og_type":"article","og_title":"Supermarch\u00e9 en ligne Picnic : Services & Offres | Picnic","og_description":"D\u00e9couvrez tous les services et les offres du supermarch\u00e9 en ligne Picnic. Livraison gratuite, promos chaque semaine et plus encore \u00e0 d\u00e9couvrir ici !","og_url":"https:\/\/picnic.app\/fr\/supermarche-en-ligne\/","og_site_name":"Picnic FR","article_modified_time":"2026-03-24T11:15:38+00:00","og_image":[{"url":"https:\/\/d2jxuf8ovdiw8x.cloudfront.net\/uploads\/sites\/20\/2025\/08\/newOSM15.png","width":1,"height":1,"type":"image\/png"}],"twitter_card":"summary_large_image","twitter_misc":{"Est. reading time":"3 minutes"},"schema":{"@context":"https:\/\/schema.org","@graph":[{"@type":"WebPage","@id":"https:\/\/picnic.app\/fr\/supermarche-en-ligne\/","url":"https:\/\/picnic.app\/fr\/supermarche-en-ligne\/","name":"Supermarch\u00e9 en ligne Picnic : Services & Offres | Picnic","isPartOf":{"@id":"https:\/\/picnic.app\/fr\/#website"},"primaryImageOfPage":{"@id":"https:\/\/picnic.app\/fr\/supermarche-en-ligne\/#primaryimage"},"image":{"@id":"https:\/\/picnic.app\/fr\/supermarche-en-ligne\/#primaryimage"},"thumbnailUrl":"https:\/\/d2jxuf8ovdiw8x.cloudfront.net\/uploads\/sites\/20\/2025\/08\/newOSM15.png","datePublished":"2025-07-31T09:40:18+00:00","dateModified":"2026-03-24T11:15:38+00:00","description":"D\u00e9couvrez tous les services et les offres du supermarch\u00e9 en ligne Picnic. Livraison gratuite, promos chaque semaine et plus encore \u00e0 d\u00e9couvrir ici !","inLanguage":"en-US","potentialAction":[{"@type":"ReadAction","target":["https:\/\/picnic.app\/fr\/supermarche-en-ligne\/"]}]},{"@type":"ImageObject","inLanguage":"en-US","@id":"https:\/\/picnic.app\/fr\/supermarche-en-ligne\/#primaryimage","url":"https:\/\/d2jxuf8ovdiw8x.cloudfront.net\/uploads\/sites\/20\/2025\/08\/newOSM15.png","contentUrl":"https:\/\/d2jxuf8ovdiw8x.cloudfront.net\/uploads\/sites\/20\/2025\/08\/newOSM15.png","caption":"Des personnes aimables vous livreront vos courses \u00e0 domicile."},{"@type":"WebSite","@id":"https:\/\/picnic.app\/fr\/#website","url":"https:\/\/picnic.app\/fr\/","name":"Picnic FR","description":"Le supermarch\u00e9 en linge","potentialAction":[{"@type":"SearchAction","target":{"@type":"EntryPoint","urlTemplate":"https:\/\/picnic.app\/fr\/?s={search_term_string}"},"query-input":{"@type":"PropertyValueSpecification","valueRequired":true,"valueName":"search_term_string"}}],"inLanguage":"en-US"}]}},"_links":{"self":[{"href":"https:\/\/picnic.app\/fr\/wp-json\/wp\/v2\/pages\/6234","targetHints":{"allow":["GET"]}}],"collection":[{"href":"https:\/\/picnic.app\/fr\/wp-json\/wp\/v2\/pages"}],"about":[{"href":"https:\/\/picnic.app\/fr\/wp-json\/wp\/v2\/types\/page"}],"author":[{"embeddable":true,"href":"https:\/\/picnic.app\/fr\/wp-json\/wp\/v2\/users\/840"}],"replies":[{"embeddable":true,"href":"https:\/\/picnic.app\/fr\/wp-json\/wp\/v2\/comments?post=6234"}],"version-history":[{"count":35,"href":"https:\/\/picnic.app\/fr\/wp-json\/wp\/v2\/pages\/6234\/revisions"}],"predecessor-version":[{"id":7503,"href":"https:\/\/picnic.app\/fr\/wp-json\/wp\/v2\/pages\/6234\/revisions\/7503"}],"wp:featuredmedia":[{"embeddable":true,"href":"https:\/\/picnic.app\/fr\/wp-json\/wp\/v2\/media\/6526"}],"wp:attachment":[{"href":"https:\/\/picnic.app\/fr\/wp-json\/wp\/v2\/media?parent=6234"}],"curies":[{"name":"wp","href":"https:\/\/api.w.org\/{rel}","templated":true}]}}