{"id":6516,"date":"2025-08-20T08:55:16","date_gmt":"2025-08-20T08:55:16","guid":{"rendered":"https:\/\/picnic.app\/fr\/?page_id=6516"},"modified":"2025-08-28T11:50:52","modified_gmt":"2025-08-28T11:50:52","slug":"archive-rappels-produits","status":"publish","type":"page","link":"https:\/\/picnic.app\/fr\/archive-rappels-produits\/","title":{"rendered":"2025_FR_Archive Product Recall"},"content":{"rendered":"<style>\n  .simple-hero-bg {\n    background-image: url(https:\/\/d2jxuf8ovdiw8x.cloudfront.net\/uploads\/sites\/20\/2025\/07\/Header-desktop-8.png);\n  }\n\n  @media screen and (max-width: 768px) {\n    .simple-hero-bg {\n      background-image: url(https:\/\/d2jxuf8ovdiw8x.cloudfront.net\/uploads\/sites\/20\/2025\/07\/Header-mobile-11.png);\n    }\n  }\n<\/style>\n\n<section\n  id=\"\"\n  class=\"h-full min-h-[25rem] md:min-h-[420px] relative -top-30 -mb-15 md:top-0 md:mb-0\">\n\n  <!-- Gradient overlay for small size -->\n      <div\n      class=\"z-[1] absolute bottom-0 -left-[35%] w-[120%] h-full\"\n      style=\"background: radial-gradient(circle at 45% 75%, rgba(0, 0, 0, 0.3) 20%, transparent 70%);\">\n    <\/div>\n  \n  <div class=\"simple-hero-bg bg-no-repeat bg-cover relative bg-center max-w-full\n              h-full min-h-[25rem] md:min-h-[420px] flex items-end pt-30\">\n    <div class=\"container py-10\">\n\n      <!-- Main content -->\n      <div class=\"relative z-[1] prose prose-strong:text-red prose-strong:font-semibold prose-headings:font-normal prose-headings:mb-4\n                  prose-h2:text-2xl md:prose-h2:text-6xl prose-p:leading-normal\">\n        <h1><span class=\"text-white\">Archive des rappels de produits<\/span><\/h1>\n<h1><span class=\"text-white\">alimentaires en cours<\/span><\/h1>\n<p><span class=\"text-white\">Vous trouverez ici tous les rappels de produits pass\u00e9s.<\/span><\/p>\n      <\/div>\n\n      \n    <\/div>\n  <\/div>\n<\/section>\n\n\n\n<section id='' class=\"text-image bg-transparent  image-right normal has-image   \">\n  <div class=\"container\">\n    <div class='content'>\n      <p><span class=\"text-3xl\"><strong>Tipiak Couscous parfum\u00e9 pices douces &amp; Couscous sachet cuisson<\/strong><\/span><\/p>\n<p>Nous venons d\u2019\u00eatre inform\u00e9s par le fournisseur que ces produits pourraient ne pas \u00eatre propre \u00e0 la consommation.<\/p>\n<p>Cette alerte concerne uniquement les lots portant les caract\u00e9ristiques suivantes :<\/p>\n<p>Produit : COUSCOUS PARFUME EPICES DOUCES<br \/>\nConditionnement\/EAN : Format 500 g \/ 3165440008782<br \/>\nN\u00b0 de lot : 1S32977083 \/ 1S32988747<br \/>\nDate de Durabilit\u00e9 Minimale : 01\/02\/2025<\/p>\n<p>Produits : COUSCOUS SACHET CUISSON<br \/>\nConditionnement\/EAN : Format 500 g \/ 3165440006702<br \/>\nN\u00b0 de lot : 1G32987500<br \/>\nDate de Durabilit\u00e9 Minimale : 01\/11\/2025<\/p>\n<p>Code emballeur :44150B<br \/>\nMotif rappel : Risque potentiel de fils plastiques bleus<br \/>\nModalit\u00e9s du rappel :Par mesure de pr\u00e9caution, nous demandons aux consommateurs de ne pas<br \/>\nle consommer et de le rapporter sur son lieu d\u2019achat o\u00f9 il sera rembours\u00e9.<br \/>\nN\u00b0 d\u2019information \u00e0 votre disposition :TIPIAK 02 28 0309 30<\/p>\n<p>&nbsp;<\/p>\n<p>Si vous avez des questions, contactez le 02 28 0309 30\u00a0(appel non surtax\u00e9).<\/p>\n\n          <\/div>\n\n          <span class='image' style='background-image: url(https:\/\/d2jxuf8ovdiw8x.cloudfront.net\/uploads\/sites\/20\/2025\/07\/Image-34.png); background-position: center'><\/span>\n      <\/div>\n<\/section>\n\n\n\n<section id='' class=\"text-image bg-transparent  image-right normal has-image   \">\n  <div class=\"container\">\n    <div class='content'>\n      \n          <\/div>\n\n          <span class='image' style='background-image: url(https:\/\/d2jxuf8ovdiw8x.cloudfront.net\/uploads\/sites\/20\/2025\/07\/Image-34.png); background-position: center'><\/span>\n      <\/div>\n<\/section>\n\n\n\n<section id='' class=\"text-image bg-transparent  image-right normal has-image   \">\n  <div class=\"container\">\n    <div class='content'>\n      \n          <\/div>\n\n          <span class='image' style='background-image: url(https:\/\/d2jxuf8ovdiw8x.cloudfront.net\/uploads\/sites\/20\/2025\/07\/Image-34.png); background-position: center'><\/span>\n      <\/div>\n<\/section>\n\n\n<section id='' class=\"simple-text bg-transparent\">\n  <div class=\"relative max-w-1350 mx-auto my-0 w-full px-6 py-14\">\n        <div class=\"flex flex-col md:flex-row gap-x-10 max-w-full prose prose-a:text-red prose-a:font-bold prose-a:no-underline\">\n              <div class=\"flex-1\">\n          <h2 class=\"text-left\"><strong><span class=\"text-black\">Que faire si un produit alimentaire est rappel\u00e9 ?<\/span><\/strong><\/h2>\n<p class=\"text-left\"><span class=\"text-black\">Si vous avez achet\u00e9 un produit chez nous qui est concern\u00e9 par un rappel, nous vous en informerons imm\u00e9diatement. vous pouvez \u00e9galement vous adresser directement \u00e0 notre <strong><a href=\"https:\/\/picnic.app\/fr\/contact\/\"><span class=\"text-green\">super<\/span> <span class=\"text-green\">service<\/span> <span class=\"text-green\">client<\/span><\/a><\/strong> via l&#8217;appli.<\/span><\/p>\n        <\/div>\n                <\/div>\n  <\/div>\n<\/section>\n\n\n\n\n<p><\/p>\n","protected":false},"excerpt":{"rendered":"","protected":false},"author":587,"featured_media":6198,"parent":0,"menu_order":0,"comment_status":"closed","ping_status":"closed","template":"","meta":{"footnotes":""},"class_list":["post-6516","page","type-page","status-publish","has-post-thumbnail","hentry"],"acf":[],"yoast_head":"<!-- This site is optimized with the Yoast SEO Premium plugin v25.8 (Yoast SEO v25.9) - https:\/\/yoast.com\/wordpress\/plugins\/seo\/ -->\n<title>Archive des rappels de produits | Picnic<\/title>\n<meta name=\"description\" content=\"Vous trouverez ici tous les rappels de produits pass\u00e9s.\" \/>\n<meta name=\"robots\" content=\"index, follow, max-snippet:-1, max-image-preview:large, max-video-preview:-1\" \/>\n<link rel=\"canonical\" href=\"https:\/\/picnic.app\/fr\/archive-rappels-produits\/\" \/>\n<meta property=\"og:locale\" content=\"en_US\" \/>\n<meta property=\"og:type\" content=\"article\" \/>\n<meta property=\"og:title\" content=\"Archive des rappels de produits | Picnic\" \/>\n<meta property=\"og:description\" content=\"Vous trouverez ici tous les rappels de produits pass\u00e9s.\" \/>\n<meta property=\"og:url\" content=\"https:\/\/picnic.app\/fr\/archive-rappels-produits\/\" \/>\n<meta property=\"og:site_name\" content=\"Picnic FR\" \/>\n<meta property=\"article:modified_time\" content=\"2025-08-28T11:50:52+00:00\" \/>\n<meta property=\"og:image\" content=\"https:\/\/d2jxuf8ovdiw8x.cloudfront.net\/uploads\/sites\/20\/2025\/07\/Header-desktop-8.png\" \/>\n\t<meta property=\"og:image:width\" content=\"1\" \/>\n\t<meta property=\"og:image:height\" content=\"1\" \/>\n\t<meta property=\"og:image:type\" content=\"image\/png\" \/>\n<meta name=\"twitter:card\" content=\"summary_large_image\" \/>\n<script type=\"application\/ld+json\" class=\"yoast-schema-graph\">{\"@context\":\"https:\/\/schema.org\",\"@graph\":[{\"@type\":\"WebPage\",\"@id\":\"https:\/\/picnic.app\/fr\/archive-rappels-produits\/\",\"url\":\"https:\/\/picnic.app\/fr\/archive-rappels-produits\/\",\"name\":\"Archive des rappels de produits | Picnic\",\"isPartOf\":{\"@id\":\"https:\/\/picnic.app\/fr\/#website\"},\"primaryImageOfPage\":{\"@id\":\"https:\/\/picnic.app\/fr\/archive-rappels-produits\/#primaryimage\"},\"image\":{\"@id\":\"https:\/\/picnic.app\/fr\/archive-rappels-produits\/#primaryimage\"},\"thumbnailUrl\":\"https:\/\/d2jxuf8ovdiw8x.cloudfront.net\/uploads\/sites\/20\/2025\/07\/Header-desktop-8.png\",\"datePublished\":\"2025-08-20T08:55:16+00:00\",\"dateModified\":\"2025-08-28T11:50:52+00:00\",\"description\":\"Vous trouverez ici tous les rappels de produits pass\u00e9s.\",\"inLanguage\":\"en-US\",\"potentialAction\":[{\"@type\":\"ReadAction\",\"target\":[\"https:\/\/picnic.app\/fr\/archive-rappels-produits\/\"]}]},{\"@type\":\"ImageObject\",\"inLanguage\":\"en-US\",\"@id\":\"https:\/\/picnic.app\/fr\/archive-rappels-produits\/#primaryimage\",\"url\":\"https:\/\/d2jxuf8ovdiw8x.cloudfront.net\/uploads\/sites\/20\/2025\/07\/Header-desktop-8.png\",\"contentUrl\":\"https:\/\/d2jxuf8ovdiw8x.cloudfront.net\/uploads\/sites\/20\/2025\/07\/Header-desktop-8.png\",\"caption\":\"Les produits alimentaires chez Picnic sont frais et savoureux.\"},{\"@type\":\"WebSite\",\"@id\":\"https:\/\/picnic.app\/fr\/#website\",\"url\":\"https:\/\/picnic.app\/fr\/\",\"name\":\"Picnic FR\",\"description\":\"Le supermarch\u00e9 en linge\",\"potentialAction\":[{\"@type\":\"SearchAction\",\"target\":{\"@type\":\"EntryPoint\",\"urlTemplate\":\"https:\/\/picnic.app\/fr\/?s={search_term_string}\"},\"query-input\":{\"@type\":\"PropertyValueSpecification\",\"valueRequired\":true,\"valueName\":\"search_term_string\"}}],\"inLanguage\":\"en-US\"},{\"@type\":\"Person\",\"@id\":\"https:\/\/picnic.app\/fr\/#\/schema\/person\/975f2230d106c2ecf234ff712a49cdc7\",\"name\":\"pstahl\",\"image\":{\"@type\":\"ImageObject\",\"inLanguage\":\"en-US\",\"@id\":\"https:\/\/picnic.app\/fr\/#\/schema\/person\/image\/\",\"url\":\"https:\/\/secure.gravatar.com\/avatar\/7e63b5818c2c82f4c161a815b8c867c9790fd7500e4eba4ae041eca5c7ad9166?s=96&d=mm&r=g\",\"contentUrl\":\"https:\/\/secure.gravatar.com\/avatar\/7e63b5818c2c82f4c161a815b8c867c9790fd7500e4eba4ae041eca5c7ad9166?s=96&d=mm&r=g\",\"caption\":\"pstahl\"},\"url\":\"https:\/\/picnic.app\/fr\/author\/pstahl\/\"}]}<\/script>\n<!-- \/ Yoast SEO Premium plugin. -->","yoast_head_json":{"title":"Archive des rappels de produits | Picnic","description":"Vous trouverez ici tous les rappels de produits pass\u00e9s.","robots":{"index":"index","follow":"follow","max-snippet":"max-snippet:-1","max-image-preview":"max-image-preview:large","max-video-preview":"max-video-preview:-1"},"canonical":"https:\/\/picnic.app\/fr\/archive-rappels-produits\/","og_locale":"en_US","og_type":"article","og_title":"Archive des rappels de produits | Picnic","og_description":"Vous trouverez ici tous les rappels de produits pass\u00e9s.","og_url":"https:\/\/picnic.app\/fr\/archive-rappels-produits\/","og_site_name":"Picnic FR","article_modified_time":"2025-08-28T11:50:52+00:00","og_image":[{"url":"https:\/\/d2jxuf8ovdiw8x.cloudfront.net\/uploads\/sites\/20\/2025\/07\/Header-desktop-8.png","width":1,"height":1,"type":"image\/png"}],"twitter_card":"summary_large_image","schema":{"@context":"https:\/\/schema.org","@graph":[{"@type":"WebPage","@id":"https:\/\/picnic.app\/fr\/archive-rappels-produits\/","url":"https:\/\/picnic.app\/fr\/archive-rappels-produits\/","name":"Archive des rappels de produits | Picnic","isPartOf":{"@id":"https:\/\/picnic.app\/fr\/#website"},"primaryImageOfPage":{"@id":"https:\/\/picnic.app\/fr\/archive-rappels-produits\/#primaryimage"},"image":{"@id":"https:\/\/picnic.app\/fr\/archive-rappels-produits\/#primaryimage"},"thumbnailUrl":"https:\/\/d2jxuf8ovdiw8x.cloudfront.net\/uploads\/sites\/20\/2025\/07\/Header-desktop-8.png","datePublished":"2025-08-20T08:55:16+00:00","dateModified":"2025-08-28T11:50:52+00:00","description":"Vous trouverez ici tous les rappels de produits pass\u00e9s.","inLanguage":"en-US","potentialAction":[{"@type":"ReadAction","target":["https:\/\/picnic.app\/fr\/archive-rappels-produits\/"]}]},{"@type":"ImageObject","inLanguage":"en-US","@id":"https:\/\/picnic.app\/fr\/archive-rappels-produits\/#primaryimage","url":"https:\/\/d2jxuf8ovdiw8x.cloudfront.net\/uploads\/sites\/20\/2025\/07\/Header-desktop-8.png","contentUrl":"https:\/\/d2jxuf8ovdiw8x.cloudfront.net\/uploads\/sites\/20\/2025\/07\/Header-desktop-8.png","caption":"Les produits alimentaires chez Picnic sont frais et savoureux."},{"@type":"WebSite","@id":"https:\/\/picnic.app\/fr\/#website","url":"https:\/\/picnic.app\/fr\/","name":"Picnic FR","description":"Le supermarch\u00e9 en linge","potentialAction":[{"@type":"SearchAction","target":{"@type":"EntryPoint","urlTemplate":"https:\/\/picnic.app\/fr\/?s={search_term_string}"},"query-input":{"@type":"PropertyValueSpecification","valueRequired":true,"valueName":"search_term_string"}}],"inLanguage":"en-US"},{"@type":"Person","@id":"https:\/\/picnic.app\/fr\/#\/schema\/person\/975f2230d106c2ecf234ff712a49cdc7","name":"pstahl","image":{"@type":"ImageObject","inLanguage":"en-US","@id":"https:\/\/picnic.app\/fr\/#\/schema\/person\/image\/","url":"https:\/\/secure.gravatar.com\/avatar\/7e63b5818c2c82f4c161a815b8c867c9790fd7500e4eba4ae041eca5c7ad9166?s=96&d=mm&r=g","contentUrl":"https:\/\/secure.gravatar.com\/avatar\/7e63b5818c2c82f4c161a815b8c867c9790fd7500e4eba4ae041eca5c7ad9166?s=96&d=mm&r=g","caption":"pstahl"},"url":"https:\/\/picnic.app\/fr\/author\/pstahl\/"}]}},"_links":{"self":[{"href":"https:\/\/picnic.app\/fr\/wp-json\/wp\/v2\/pages\/6516","targetHints":{"allow":["GET"]}}],"collection":[{"href":"https:\/\/picnic.app\/fr\/wp-json\/wp\/v2\/pages"}],"about":[{"href":"https:\/\/picnic.app\/fr\/wp-json\/wp\/v2\/types\/page"}],"author":[{"embeddable":true,"href":"https:\/\/picnic.app\/fr\/wp-json\/wp\/v2\/users\/587"}],"replies":[{"embeddable":true,"href":"https:\/\/picnic.app\/fr\/wp-json\/wp\/v2\/comments?post=6516"}],"version-history":[{"count":14,"href":"https:\/\/picnic.app\/fr\/wp-json\/wp\/v2\/pages\/6516\/revisions"}],"predecessor-version":[{"id":6774,"href":"https:\/\/picnic.app\/fr\/wp-json\/wp\/v2\/pages\/6516\/revisions\/6774"}],"wp:featuredmedia":[{"embeddable":true,"href":"https:\/\/picnic.app\/fr\/wp-json\/wp\/v2\/media\/6198"}],"wp:attachment":[{"href":"https:\/\/picnic.app\/fr\/wp-json\/wp\/v2\/media?parent=6516"}],"curies":[{"name":"wp","href":"https:\/\/api.w.org\/{rel}","templated":true}]}}