{"id":6551,"date":"2025-08-22T15:25:05","date_gmt":"2025-08-22T15:25:05","guid":{"rendered":"https:\/\/picnic.app\/fr\/?page_id=6551"},"modified":"2026-03-25T15:23:32","modified_gmt":"2026-03-25T15:23:32","slug":"offres","status":"publish","type":"page","link":"https:\/\/picnic.app\/fr\/supermarche-en-ligne\/offres\/","title":{"rendered":"2025_FR_Promotions"},"content":{"rendered":"<style>\n  .simple-hero-bg {\n    background-image: url(https:\/\/d2jxuf8ovdiw8x.cloudfront.net\/uploads\/sites\/20\/2025\/08\/newFRPromo075D.png);\n  }\n\n  @media screen and (max-width: 768px) {\n    .simple-hero-bg {\n      background-image: url(https:\/\/d2jxuf8ovdiw8x.cloudfront.net\/uploads\/sites\/20\/2025\/08\/FR-Promotions-M1.png);\n    }\n  }\n<\/style>\n\n<section\n  id=\"\"\n  class=\"md:min-h-[554px] relative -top-30 -mb-15 md:top-0 md:mb-0\">\n\n  <!-- Gradient overlay for small size -->\n      <div\n      class=\"z-[1] absolute bottom-0 -left-[35%] w-[120%] h-full\"\n      style=\"background: radial-gradient(circle at 45% 75%, rgba(0, 0, 0, 0.3) 20%, transparent 70%);\">\n    <\/div>\n  \n  <div class=\"simple-hero-bg bg-no-repeat bg-cover relative bg-center max-w-full\n              md:min-h-[554px] flex items-end pt-30\">\n    <div class=\"container py-10\">\n\n      <!-- Main content -->\n      <div class=\"relative z-[1] prose prose-strong:text-red prose-strong:font-semibold prose-headings:font-normal prose-headings:mb-4\n                  prose-h2:text-2xl md:prose-h2:text-6xl prose-p:leading-normal\">\n        <h1><span class=\"text-white\">D\u00e9couvrez les promos Picnic de la semaine<\/span><\/h1>\n<p><span class=\"text-white\">Faire ses courses sur l\u2019appli Picnic, c\u2019est toujours une bonne id\u00e9e. Et avec nos promos hebdomadaires sur vos produits alimentaires pr\u00e9f\u00e9r\u00e9s, c\u2019est encore plus avantageux ! La cerise sur l\u2019appli ? Des offres r\u00e9currentes pour vous faire \u00e9conomiser toute l\u2019ann\u00e9e. Gardez un \u0153il sur l\u2019appli pour ne rien louper.<\/span><\/p>\n      <\/div>\n\n              <!-- Custom button -->\n                  <div class=\"buttons direct flex mt-8 gap-2 relative z-[1] !flex-row\">\n                        <a href=\"\"\n               class=\"js-download-ios inline-block bg-white bg-cover bg-center border-0 rounded-lg duration-200 \\\n                ease-in-out active:animate-[click_200ms_ease-in-out] mb-2 lg:mb-0 \\\n                p-2.5 w-36 h-11 hover:opacity-80\"\n               style=\"background-image: url('https:\/\/d1gr3r269tafbs.cloudfront.net\/nextjs\/jobs\/app-store-dark_1737618798.png');\"><\/a>\n            <a href=\"https:\/\/app.adjust.com\/bn65k1?campaign=null&#038;adgroup=telecharger-app\"\n               class=\"js-download-android inline-block bg-white bg-cover bg-center border-0 rounded-lg duration-200 \\\n                ease-in-out active:animate-[click_200ms_ease-in-out] mb-2 lg:mb-0 \\\n                p-2.5 w-36 h-11 hover:opacity-80\"\n               style=\"background-image: url('https:\/\/d1gr3r269tafbs.cloudfront.net\/nextjs\/jobs\/play-store-dark_1737618858.png');\"><\/a>\n          <\/div>\n              \n    <\/div>\n  <\/div>\n<\/section>\n\n\n\n<section id='' class=\"text-media mx-auto px-0 md:px-24 bg-transparent \n  media-right non-overlap   \">\n  <div class=\"container !px-6 pb-10 flex items-center md:!gap-14 !min-h-[auto] md:px-0\n    md:flex-row-reverse    flex-col-reverse gap-4\">\n    <div class=\"media relative md:absolute z-10 left-0 basis-2\/3 w-full md:max-w-[712px] \">\n                <img class='image w-full h-full rounded-3xl mobile-rounded-0 object-cover' src='https:\/\/d2jxuf8ovdiw8x.cloudfront.net\/uploads\/sites\/20\/2025\/08\/FRSuperbonus1.png' alt=\"Articles de marque \u00e0 prix r\u00e9duits\">\n                    <\/div>\n    <div class='content relative md:absolute !w-full p-0 basis-1\/3 rounded-3xl right-0 z-20 md:max-w-lg\n      prose-headings:!mb-4 prose-p:text-base prose-p:leading-6 prose-p:!p-0 prose-p:!m-0\n      prose-headings:font-bold prose-headings:text-h3 md:prose-p:text-xl      prose-p:text-grey3      '>\n      <h2><span class=\"text-black\"><strong>La semaine des Super-Bonus<\/strong><\/span><\/h2>\n<p><span class=\"text-black\">Pendant la semaine des Super-Bonus, profitez de super remises sur des lots de produits s\u00e9lectionn\u00e9s. Parfait pour remplir les placards avec un budget serr\u00e9.<\/span><\/p>\n                <\/div>\n  <\/div>\n  <\/section>\n\n\n\n<section id='' class=\"text-media mx-auto px-0 md:px-24 bg-transparent \n  media-left non-overlap   \">\n  <div class=\"container !px-6 pb-10 flex items-center md:!gap-14 !min-h-[auto] md:px-0\n    md:flex-row    flex-col-reverse gap-4\">\n    <div class=\"media relative md:absolute z-10 left-0 basis-2\/3 w-full md:max-w-[712px] \">\n                <div class=\"w-full pt-[56.25%] relative overflow-hidden\">\n              <iframe class=\"rounded-xl absolute top-0 bottom-0 right-0 left-0 w-full h-full\" src=\"https:\/\/www.youtube.com\/embed\/14-fNMyBP48?si=WoB8ClX8y-BZ2WzN\" frameborder=\"0\" allow=\"encrypted-media\" allowfullscreen=\"\"><\/iframe>\n          <\/div>\n          <\/div>\n    <div class='content relative md:absolute !w-full p-0 basis-1\/3 rounded-3xl right-0 z-20 md:max-w-lg\n      prose-headings:!mb-4 prose-p:text-base prose-p:leading-6 prose-p:!p-0 prose-p:!m-0\n      prose-headings:font-bold prose-headings:text-h3 md:prose-p:text-xl      prose-p:text-grey3      '>\n      <h2><span class=\"text-black\"><strong>Vive l\u2019Euromania !<\/strong><\/span><\/h2>\n<p><span class=\"text-black\">Des prix minis pour faire le plein : avec l\u2019Euromania, retrouvez vos produits pr\u00e9f\u00e9r\u00e9s \u00e0 1, 2 ou 3 euros. C\u2019est la f\u00eate aux bonnes affaires !<\/span><\/p>\n                <\/div>\n  <\/div>\n  <\/section>\n\n\n\n<section id='' class=\"text-media mx-auto px-0 md:px-24 bg-transparent \n  media-right non-overlap   \">\n  <div class=\"container !px-6 pb-10 flex items-center md:!gap-14 !min-h-[auto] md:px-0\n    md:flex-row-reverse    flex-col-reverse gap-4\">\n    <div class=\"media relative md:absolute z-10 left-0 basis-2\/3 w-full md:max-w-[712px] \">\n                <div class=\"w-full pt-[56.25%] relative overflow-hidden\">\n              <iframe class=\"rounded-xl absolute top-0 bottom-0 right-0 left-0 w-full h-full\" src=\"https:\/\/www.youtube.com\/embed\/q7nfF39QtOc?si=b1mFidb_w2kPXpsQ\" frameborder=\"0\" allow=\"encrypted-media\" allowfullscreen=\"\"><\/iframe>\n          <\/div>\n          <\/div>\n    <div class='content relative md:absolute !w-full p-0 basis-1\/3 rounded-3xl right-0 z-20 md:max-w-lg\n      prose-headings:!mb-4 prose-p:text-base prose-p:leading-6 prose-p:!p-0 prose-p:!m-0\n      prose-headings:font-bold prose-headings:text-h3 md:prose-p:text-xl      prose-p:text-grey3      '>\n      <h2><span class=\"text-black\"><strong>Toute l\u2019ann\u00e9e, des Offres Group\u00e9es<\/strong><\/span><\/h2>\n<p><span class=\"text-black\">Les produits en lot, c\u2019est plus pratique\u2026 et moins cher ! Avec les Offres Group\u00e9es, plus vous achetez, plus vous \u00e9conomisez. Pensez-y pour vos essentiels du quotidien.<\/span><\/p>\n                <\/div>\n  <\/div>\n  <\/section>\n\n\n\n<section id='' class=\"text-image bg-transparent  image-right image-to-side small-image  pull-down   \">\n  <div class=\"container\">\n    <div class='content'>\n      <h2><span class=\"text-black\"><strong>Encore plus d\u2019avantages avec nos r\u00e9ductions<\/strong><\/span><\/h2>\n<p><span class=\"text-black\"><span class=\"text-green\"><strong><a class=\"text-green\" href=\"https:\/\/picnic.app\/fr\/supermarche-en-ligne\/reductions\/\">Envie de faire encore plus d\u2019\u00e9conomies ? C\u2019est possible !<\/a><\/strong><\/span> En tant que nouveau client, vous pouvez recevoir jusqu\u2019\u00e0 25 \u20ac de r\u00e9duction sur votre premi\u00e8re commande. Et si vous parrainez un ami, vous gagnez tous les deux 10 \u20ac.<\/span><\/p>\n\n          <\/div>\n\n      <\/div>\n<\/section>\n\n\n\n<section id='' class=\"faq-accordion bg-transparent\">\n  <div class=\"container !max-w-700\">\n          <h3 class=\"mb-10 text-center text-h3\">Questions fr\u00e9quentes sur les promotions Picnic<\/h3>         \n          <ul class='p-0 list-none picnic-accordion '>\n        \n          <li class=''>\n                          <h4 class=\"relative text-lg font-medium cursor-pointer !mb-4 flex\">\n                <span class=\"w-[90%]\">Quelles sont les promos Picnic de la semaine prochaine ?<\/span>\n                <span class=\"items-center justify-center text-red after:content-['\\e912'] after:absolute after:right-0 after:top-1\/2 after:-translate-y-1\/2 after:font-iconfont\n                         after:text-xs after:text-red after:transition after:ease-in-out after:inline-block after:pl-0.5 after:w-5\"> <\/span>\n              <\/h4>\n            \n                          <div class='overflow-hidden mb-1 max-w-none max-h-0 duration-300 ease-in-out prose prose-p:text-base transition-height'>\n                <p><span class=\"text-black\">Le plus simple : inscrivez-vous \u00e0 notre newsletter <span class=\"text-green\"><strong><a class=\"text-green\" href=\"https:\/\/picnic.app\/fr\/telecharger-app\/\">dans l\u2019appli<\/a><\/strong><\/span> pour recevoir chaque semaine toutes nos nouveaut\u00e9s. Et bien s\u00fbr, toutes les promos actuelles sont visibles directement dans l\u2019appli.<\/span><\/p>\n<p>&nbsp;<\/p>\n              <\/div>\n                      <\/li>\n        \n          <li class=''>\n                          <h4 class=\"relative text-lg font-medium cursor-pointer !mb-4 flex\">\n                <span class=\"w-[90%]\">Picnic propose-t-il un catalogue \u00e0 feuilleter ?<\/span>\n                <span class=\"items-center justify-center text-red after:content-['\\e912'] after:absolute after:right-0 after:top-1\/2 after:-translate-y-1\/2 after:font-iconfont\n                         after:text-xs after:text-red after:transition after:ease-in-out after:inline-block after:pl-0.5 after:w-5\"> <\/span>\n              <\/h4>\n            \n                          <div class='overflow-hidden mb-1 max-w-none max-h-0 duration-300 ease-in-out prose prose-p:text-base transition-height'>\n                <p><span class=\"text-black\">Pas de prospectus papier ici \u2013 toutes nos offres sont disponibles dans l\u2019appli. Et si vous vous abonnez \u00e0 la newsletter, vous ne raterez aucune bonne affaire !<\/span><\/p>\n<p>&nbsp;<\/p>\n              <\/div>\n                      <\/li>\n        \n          <li class=''>\n                          <h4 class=\"relative text-lg font-medium cursor-pointer !mb-4 flex\">\n                <span class=\"w-[90%]\">Quand sortent les nouvelles offres Picnic ?<\/span>\n                <span class=\"items-center justify-center text-red after:content-['\\e912'] after:absolute after:right-0 after:top-1\/2 after:-translate-y-1\/2 after:font-iconfont\n                         after:text-xs after:text-red after:transition after:ease-in-out after:inline-block after:pl-0.5 after:w-5\"> <\/span>\n              <\/h4>\n            \n                          <div class='overflow-hidden mb-1 max-w-none max-h-0 duration-300 ease-in-out prose prose-p:text-base transition-height'>\n                <p><span class=\"text-black\">De nouvelles promos vous attendent chaque samedi dans l\u2019appli Picnic. Un bon r\u00e9flexe \u00e0 adopter chaque fin de semaine !<\/span><\/p>\n              <\/div>\n                      <\/li>\n              <\/ul>\n      <\/div>\n<\/section>\n\n\n\n<section id='' class=\"text-media mx-auto px-0 md:px-24 bg-transparent \n  media-right non-overlap   \">\n  <div class=\"container !px-6 pb-10 flex items-center md:!gap-14 !min-h-[auto] md:px-0\n    md:flex-row-reverse    flex-col gap-8\">\n    <div class=\"media relative md:absolute z-10 left-0 basis-2\/3 w-full md:max-w-[712px] \">\n                <img class='image w-full h-full rounded-3xl mobile-rounded-0 object-cover' src='https:\/\/d2jxuf8ovdiw8x.cloudfront.net\/uploads\/sites\/20\/2025\/11\/FR-Discounts-CTA-Image-15-min.png' alt=\"jusqu&#039;a 25\u20ac offre de bienvenue\">\n                    <\/div>\n    <div class='content relative md:absolute !w-full p-0 basis-1\/3 rounded-3xl right-0 z-20 md:max-w-lg\n      prose-headings:!mb-4 prose-p:text-base prose-p:leading-6 prose-p:!p-0 prose-p:!m-0\n      prose-headings:font-bold prose-headings:text-h3 md:prose-p:text-xl      prose-p:text-grey3      '>\n      <h2><span class=\"text-black\"><strong>Testez Picnic d\u00e8s maintenant<\/strong><\/span><\/h2>\n<p><span class=\"text-black\">T\u00e9l\u00e9chargez gratuitement l\u2019appli et b\u00e9n\u00e9ficiez d\u2019un \ud83c\udf81 cadeau de bienvenue d\u2019une valeur de jusqu\u2019\u00e0 25\u202f\u20ac sur votre premi\u00e8re commande.<\/span><\/p>\n                      <div class=\"mt-6\">\n              <div class='buttons direct flex hero'>\n                  <a href='\/download%20app%20slug'\n                     class='locale btn ios transition-trigger js-download-ios -ios'><\/a>\n                  <a href='\/download%20app%20slug'\n                     class='locale btn android transition-trigger js-download-android -android'><\/a>\n                  <a href='\/download%20app%20slug'\n                     class='btn mobile transition-trigger red js-download justify-center !bg-none !bg-red !py-3 !px-4 !inline-block\n            md:!hidden '>download app<\/a>\n              <\/div>\n          <\/div>\n          <\/div>\n  <\/div>\n  <\/section>\n","protected":false},"excerpt":{"rendered":"","protected":false},"author":587,"featured_media":6552,"parent":6234,"menu_order":0,"comment_status":"closed","ping_status":"closed","template":"","meta":{"footnotes":""},"class_list":["post-6551","page","type-page","status-publish","has-post-thumbnail","hentry"],"acf":[],"yoast_head":"<!-- This site is optimized with the Yoast SEO Premium plugin v25.8 (Yoast SEO v25.9) - https:\/\/yoast.com\/wordpress\/plugins\/seo\/ -->\n<title>Les meilleures offres : votre supermarch\u00e9 mobile | Picnic<\/title>\n<meta name=\"description\" content=\"Profitez chaque semaine des promos Picnic ! Super-Bonus, Euromania et Offres Group\u00e9es vous attendent. D\u00e9couvrez tous nos bons plans et \u00e9conomisez !\" \/>\n<meta name=\"robots\" content=\"index, follow, max-snippet:-1, max-image-preview:large, max-video-preview:-1\" \/>\n<link rel=\"canonical\" href=\"https:\/\/picnic.app\/fr\/supermarche-en-ligne\/offres\/\" \/>\n<meta property=\"og:locale\" content=\"en_US\" \/>\n<meta property=\"og:type\" content=\"article\" \/>\n<meta property=\"og:title\" content=\"Les meilleures offres : votre supermarch\u00e9 mobile | Picnic\" \/>\n<meta property=\"og:description\" content=\"Profitez chaque semaine des promos Picnic ! Super-Bonus, Euromania et Offres Group\u00e9es vous attendent. D\u00e9couvrez tous nos bons plans et \u00e9conomisez !\" \/>\n<meta property=\"og:url\" content=\"https:\/\/picnic.app\/fr\/supermarche-en-ligne\/offres\/\" \/>\n<meta property=\"og:site_name\" content=\"Picnic FR\" \/>\n<meta property=\"article:modified_time\" content=\"2026-03-25T15:23:32+00:00\" \/>\n<meta property=\"og:image\" content=\"https:\/\/d2jxuf8ovdiw8x.cloudfront.net\/uploads\/sites\/20\/2025\/08\/FR-Promotions-M1.png\" \/>\n\t<meta property=\"og:image:width\" content=\"1\" \/>\n\t<meta property=\"og:image:height\" content=\"1\" \/>\n\t<meta property=\"og:image:type\" content=\"image\/png\" \/>\n<meta name=\"twitter:card\" content=\"summary_large_image\" \/>\n<meta name=\"twitter:label1\" content=\"Est. reading time\" \/>\n\t<meta name=\"twitter:data1\" content=\"3 minutes\" \/>\n<script type=\"application\/ld+json\" class=\"yoast-schema-graph\">{\"@context\":\"https:\/\/schema.org\",\"@graph\":[{\"@type\":\"WebPage\",\"@id\":\"https:\/\/picnic.app\/fr\/supermarche-en-ligne\/offres\/\",\"url\":\"https:\/\/picnic.app\/fr\/supermarche-en-ligne\/offres\/\",\"name\":\"Les meilleures offres : votre supermarch\u00e9 mobile | Picnic\",\"isPartOf\":{\"@id\":\"https:\/\/picnic.app\/fr\/#website\"},\"primaryImageOfPage\":{\"@id\":\"https:\/\/picnic.app\/fr\/supermarche-en-ligne\/offres\/#primaryimage\"},\"image\":{\"@id\":\"https:\/\/picnic.app\/fr\/supermarche-en-ligne\/offres\/#primaryimage\"},\"thumbnailUrl\":\"https:\/\/d2jxuf8ovdiw8x.cloudfront.net\/uploads\/sites\/20\/2025\/08\/FR-Promotions-M1.png\",\"datePublished\":\"2025-08-22T15:25:05+00:00\",\"dateModified\":\"2026-03-25T15:23:32+00:00\",\"description\":\"Profitez chaque semaine des promos Picnic ! Super-Bonus, Euromania et Offres Group\u00e9es vous attendent. D\u00e9couvrez tous nos bons plans et \u00e9conomisez !\",\"breadcrumb\":{\"@id\":\"https:\/\/picnic.app\/fr\/supermarche-en-ligne\/offres\/#breadcrumb\"},\"inLanguage\":\"en-US\",\"potentialAction\":[{\"@type\":\"ReadAction\",\"target\":[\"https:\/\/picnic.app\/fr\/supermarche-en-ligne\/offres\/\"]}]},{\"@type\":\"ImageObject\",\"inLanguage\":\"en-US\",\"@id\":\"https:\/\/picnic.app\/fr\/supermarche-en-ligne\/offres\/#primaryimage\",\"url\":\"https:\/\/d2jxuf8ovdiw8x.cloudfront.net\/uploads\/sites\/20\/2025\/08\/FR-Promotions-M1.png\",\"contentUrl\":\"https:\/\/d2jxuf8ovdiw8x.cloudfront.net\/uploads\/sites\/20\/2025\/08\/FR-Promotions-M1.png\",\"caption\":\"Spaghetti Barilla et du pain frais\"},{\"@type\":\"BreadcrumbList\",\"@id\":\"https:\/\/picnic.app\/fr\/supermarche-en-ligne\/offres\/#breadcrumb\",\"itemListElement\":[{\"@type\":\"ListItem\",\"position\":1,\"name\":\"Supermarch\u00e9 en ligne\",\"item\":\"https:\/\/picnic.app\/fr\/supermarche-en-ligne\/\"},{\"@type\":\"ListItem\",\"position\":2,\"name\":\"Offres Picnic\"}]},{\"@type\":\"WebSite\",\"@id\":\"https:\/\/picnic.app\/fr\/#website\",\"url\":\"https:\/\/picnic.app\/fr\/\",\"name\":\"Picnic FR\",\"description\":\"Le supermarch\u00e9 en linge\",\"potentialAction\":[{\"@type\":\"SearchAction\",\"target\":{\"@type\":\"EntryPoint\",\"urlTemplate\":\"https:\/\/picnic.app\/fr\/?s={search_term_string}\"},\"query-input\":{\"@type\":\"PropertyValueSpecification\",\"valueRequired\":true,\"valueName\":\"search_term_string\"}}],\"inLanguage\":\"en-US\"},{\"@type\":\"Person\",\"@id\":\"https:\/\/picnic.app\/fr\/#\/schema\/person\/975f2230d106c2ecf234ff712a49cdc7\",\"name\":\"pstahl\",\"image\":{\"@type\":\"ImageObject\",\"inLanguage\":\"en-US\",\"@id\":\"https:\/\/picnic.app\/fr\/#\/schema\/person\/image\/\",\"url\":\"https:\/\/secure.gravatar.com\/avatar\/7e63b5818c2c82f4c161a815b8c867c9790fd7500e4eba4ae041eca5c7ad9166?s=96&d=mm&r=g\",\"contentUrl\":\"https:\/\/secure.gravatar.com\/avatar\/7e63b5818c2c82f4c161a815b8c867c9790fd7500e4eba4ae041eca5c7ad9166?s=96&d=mm&r=g\",\"caption\":\"pstahl\"},\"url\":\"https:\/\/picnic.app\/fr\/author\/pstahl\/\"}]}<\/script>\n<!-- \/ Yoast SEO Premium plugin. -->","yoast_head_json":{"title":"Les meilleures offres : votre supermarch\u00e9 mobile | Picnic","description":"Profitez chaque semaine des promos Picnic ! Super-Bonus, Euromania et Offres Group\u00e9es vous attendent. D\u00e9couvrez tous nos bons plans et \u00e9conomisez !","robots":{"index":"index","follow":"follow","max-snippet":"max-snippet:-1","max-image-preview":"max-image-preview:large","max-video-preview":"max-video-preview:-1"},"canonical":"https:\/\/picnic.app\/fr\/supermarche-en-ligne\/offres\/","og_locale":"en_US","og_type":"article","og_title":"Les meilleures offres : votre supermarch\u00e9 mobile | Picnic","og_description":"Profitez chaque semaine des promos Picnic ! Super-Bonus, Euromania et Offres Group\u00e9es vous attendent. D\u00e9couvrez tous nos bons plans et \u00e9conomisez !","og_url":"https:\/\/picnic.app\/fr\/supermarche-en-ligne\/offres\/","og_site_name":"Picnic FR","article_modified_time":"2026-03-25T15:23:32+00:00","og_image":[{"url":"https:\/\/d2jxuf8ovdiw8x.cloudfront.net\/uploads\/sites\/20\/2025\/08\/FR-Promotions-M1.png","width":1,"height":1,"type":"image\/png"}],"twitter_card":"summary_large_image","twitter_misc":{"Est. reading time":"3 minutes"},"schema":{"@context":"https:\/\/schema.org","@graph":[{"@type":"WebPage","@id":"https:\/\/picnic.app\/fr\/supermarche-en-ligne\/offres\/","url":"https:\/\/picnic.app\/fr\/supermarche-en-ligne\/offres\/","name":"Les meilleures offres : votre supermarch\u00e9 mobile | Picnic","isPartOf":{"@id":"https:\/\/picnic.app\/fr\/#website"},"primaryImageOfPage":{"@id":"https:\/\/picnic.app\/fr\/supermarche-en-ligne\/offres\/#primaryimage"},"image":{"@id":"https:\/\/picnic.app\/fr\/supermarche-en-ligne\/offres\/#primaryimage"},"thumbnailUrl":"https:\/\/d2jxuf8ovdiw8x.cloudfront.net\/uploads\/sites\/20\/2025\/08\/FR-Promotions-M1.png","datePublished":"2025-08-22T15:25:05+00:00","dateModified":"2026-03-25T15:23:32+00:00","description":"Profitez chaque semaine des promos Picnic ! Super-Bonus, Euromania et Offres Group\u00e9es vous attendent. D\u00e9couvrez tous nos bons plans et \u00e9conomisez !","breadcrumb":{"@id":"https:\/\/picnic.app\/fr\/supermarche-en-ligne\/offres\/#breadcrumb"},"inLanguage":"en-US","potentialAction":[{"@type":"ReadAction","target":["https:\/\/picnic.app\/fr\/supermarche-en-ligne\/offres\/"]}]},{"@type":"ImageObject","inLanguage":"en-US","@id":"https:\/\/picnic.app\/fr\/supermarche-en-ligne\/offres\/#primaryimage","url":"https:\/\/d2jxuf8ovdiw8x.cloudfront.net\/uploads\/sites\/20\/2025\/08\/FR-Promotions-M1.png","contentUrl":"https:\/\/d2jxuf8ovdiw8x.cloudfront.net\/uploads\/sites\/20\/2025\/08\/FR-Promotions-M1.png","caption":"Spaghetti Barilla et du pain frais"},{"@type":"BreadcrumbList","@id":"https:\/\/picnic.app\/fr\/supermarche-en-ligne\/offres\/#breadcrumb","itemListElement":[{"@type":"ListItem","position":1,"name":"Supermarch\u00e9 en ligne","item":"https:\/\/picnic.app\/fr\/supermarche-en-ligne\/"},{"@type":"ListItem","position":2,"name":"Offres Picnic"}]},{"@type":"WebSite","@id":"https:\/\/picnic.app\/fr\/#website","url":"https:\/\/picnic.app\/fr\/","name":"Picnic FR","description":"Le supermarch\u00e9 en linge","potentialAction":[{"@type":"SearchAction","target":{"@type":"EntryPoint","urlTemplate":"https:\/\/picnic.app\/fr\/?s={search_term_string}"},"query-input":{"@type":"PropertyValueSpecification","valueRequired":true,"valueName":"search_term_string"}}],"inLanguage":"en-US"},{"@type":"Person","@id":"https:\/\/picnic.app\/fr\/#\/schema\/person\/975f2230d106c2ecf234ff712a49cdc7","name":"pstahl","image":{"@type":"ImageObject","inLanguage":"en-US","@id":"https:\/\/picnic.app\/fr\/#\/schema\/person\/image\/","url":"https:\/\/secure.gravatar.com\/avatar\/7e63b5818c2c82f4c161a815b8c867c9790fd7500e4eba4ae041eca5c7ad9166?s=96&d=mm&r=g","contentUrl":"https:\/\/secure.gravatar.com\/avatar\/7e63b5818c2c82f4c161a815b8c867c9790fd7500e4eba4ae041eca5c7ad9166?s=96&d=mm&r=g","caption":"pstahl"},"url":"https:\/\/picnic.app\/fr\/author\/pstahl\/"}]}},"_links":{"self":[{"href":"https:\/\/picnic.app\/fr\/wp-json\/wp\/v2\/pages\/6551","targetHints":{"allow":["GET"]}}],"collection":[{"href":"https:\/\/picnic.app\/fr\/wp-json\/wp\/v2\/pages"}],"about":[{"href":"https:\/\/picnic.app\/fr\/wp-json\/wp\/v2\/types\/page"}],"author":[{"embeddable":true,"href":"https:\/\/picnic.app\/fr\/wp-json\/wp\/v2\/users\/587"}],"replies":[{"embeddable":true,"href":"https:\/\/picnic.app\/fr\/wp-json\/wp\/v2\/comments?post=6551"}],"version-history":[{"count":41,"href":"https:\/\/picnic.app\/fr\/wp-json\/wp\/v2\/pages\/6551\/revisions"}],"predecessor-version":[{"id":7579,"href":"https:\/\/picnic.app\/fr\/wp-json\/wp\/v2\/pages\/6551\/revisions\/7579"}],"up":[{"embeddable":true,"href":"https:\/\/picnic.app\/fr\/wp-json\/wp\/v2\/pages\/6234"}],"wp:featuredmedia":[{"embeddable":true,"href":"https:\/\/picnic.app\/fr\/wp-json\/wp\/v2\/media\/6552"}],"wp:attachment":[{"href":"https:\/\/picnic.app\/fr\/wp-json\/wp\/v2\/media?parent=6551"}],"curies":[{"name":"wp","href":"https:\/\/api.w.org\/{rel}","templated":true}]}}