{"id":6592,"date":"2025-08-25T13:23:58","date_gmt":"2025-08-25T13:23:58","guid":{"rendered":"https:\/\/picnic.app\/fr\/?page_id=6592"},"modified":"2026-03-25T15:35:44","modified_gmt":"2026-03-25T15:35:44","slug":"reductions","status":"publish","type":"page","link":"https:\/\/picnic.app\/fr\/supermarche-en-ligne\/reductions\/","title":{"rendered":"2025_FR_Discounts"},"content":{"rendered":"\n<style>\n  .location-hero-bg {\n    background-image: linear-gradient(13deg,rgba(0, 0, 0, 1) -60%, rgba(0, 0, 0, 0) 61%), url(https:\/\/d2jxuf8ovdiw8x.cloudfront.net\/uploads\/sites\/20\/2025\/08\/FRDiscountsHDJPG075.jpg);\n  }\n\n  @media screen and (max-width: 768px) {\n    .location-hero-bg {\n      background-image: url(https:\/\/d2jxuf8ovdiw8x.cloudfront.net\/uploads\/sites\/20\/2026\/03\/Header-small-mobileEcon.jpg);\n    }\n  }\n<\/style>\n\n<section id=\"\">\n\n  <div class=\"location-hero-bg bg-no-repeat bg-cover bg-center max-w-[1920px] mx-auto\">\n    <div class=\"text-center md:text-left content-center md:content-end px-6 md:px-10 lg:px-25 py-10 md:py-20 h-[480px] md:h-[640px] text-shadow-[0px 0px 25px black]\">\n      \n              <h1 class=\"text-[40px] mb-8 md:mb-4 text-white\">\u00c9conomisez avec les r\u00e9ductions Picnic<\/h2>\n      \n              <div class=\"hidden w-1\/2 md:block text-base text-white\"><p>Chez Picnic, il est facile d\u2019\u00e9conomiser gr\u00e2ce \u00e0 nos codes promo et nos bons plans. On vous explique comment obtenir et utiliser un coupon Picnic en quelques clics !<\/p>\n<\/div>\n      \n              <a class=\"js-download before:hidden !inline mt-4 bg-green8 p-3 rounded-xl text-white font-semibold md:!hidden\"\n           target=\"_blank\"\n           href='\/download%20app%20slug'>T\u00e9l\u00e9charger l&#039;appli<\/a>\n      \n      <div class=\"buttons direct !hidden md:!flex mt-4 gap-2 relative flex-row\">\n        <a class=\"js-download-ios rounded-md bg-cover bg-center w-36 h-11 hover:opacity-80\"\n          style=\"background-image: url('https:\/\/d2jxuf8ovdiw8x.cloudfront.net\/uploads\/sites\/24\/2025\/12\/App-store-white.png');\"\n          target=\"_blank\"\n          href='\/download%20app%20slug'><\/a>\n        <a class=\"js-download-android rounded-md bg-cover bg-center w-36 h-11 hover:opacity-80\"\n          style=\"background-image: url('https:\/\/d2jxuf8ovdiw8x.cloudfront.net\/uploads\/sites\/24\/2025\/12\/Google-play-white.png');\"\n          target=\"_blank\"\n          href='\/download%20app%20slug'><\/a>\n      <\/div>\n\n    <\/div>\n  <\/div>\n\n\n      <div class=\"block md:hidden text-base text-black px-6 pt-12 pb-4\"><p>Chez Picnic, il est facile d\u2019\u00e9conomiser gr\u00e2ce \u00e0 nos codes promo et nos bons plans. On vous explique comment obtenir et utiliser un coupon Picnic en quelques clics !<\/p>\n<\/div>\n  <\/section>\n\n\n\n<section id='' class=\"text-media mx-auto px-0 md:px-24 bg-transparent \n  media-right non-overlap   \">\n  <div class=\"container !px-6 pb-10 flex items-center md:!gap-14 !min-h-[auto] md:px-0\n    md:flex-row-reverse    flex-col gap-8\">\n    <div class=\"media relative md:absolute z-10 left-0 basis-2\/3 w-full md:max-w-[712px] \">\n                <img class='image w-full h-full rounded-3xl mobile-rounded-0 object-cover' src='https:\/\/d2jxuf8ovdiw8x.cloudfront.net\/uploads\/sites\/20\/2025\/08\/FRScreensDiscount1.png' alt=\"Application Picnic\">\n                    <\/div>\n    <div class='content relative md:absolute !w-full p-0 basis-1\/3 rounded-3xl right-0 z-20 md:max-w-lg\n      prose-headings:!mb-4 prose-p:text-base prose-p:leading-6 prose-p:!p-0 prose-p:!m-0\n      prose-headings:font-bold prose-headings:text-h3 md:prose-p:text-xl            '>\n      <h2><strong>R\u00e9duction pour les nouveaux clients Picnic<\/strong><\/h2>\n<p>Avec le code <strong>GOPICNIC<\/strong>, profitez de jusqu\u2019\u00e0 25 \u20ac de r\u00e9duction sur votre premi\u00e8re commande ! Et ce n\u2019est pas tout&#8230;<\/p>\n                <\/div>\n  <\/div>\n  <\/section>\n\n\n\n<section id='' class=\"text-media mx-auto px-0 md:px-24 bg-transparent \n  media-left non-overlap   \">\n  <div class=\"container !px-6 pb-10 flex items-center md:!gap-14 !min-h-[auto] md:px-0\n    md:flex-row    flex-col gap-8\">\n    <div class=\"media relative md:absolute z-10 left-0 basis-2\/3 w-full md:max-w-[712px] \">\n                <img class='image w-full h-full rounded-3xl mobile-rounded-0 object-cover' src='https:\/\/d2jxuf8ovdiw8x.cloudfront.net\/uploads\/sites\/20\/2025\/08\/Image-43.png' alt=\"V\u00e9hicule \u00e9lectrique Picnic\">\n                    <\/div>\n    <div class='content relative md:absolute !w-full p-0 basis-1\/3 rounded-3xl right-0 z-20 md:max-w-lg\n      prose-headings:!mb-4 prose-p:text-base prose-p:leading-6 prose-p:!p-0 prose-p:!m-0\n      prose-headings:font-bold prose-headings:text-h3 md:prose-p:text-xl            '>\n      <h2><strong>Les cadeaux Picnic<\/strong><\/h2>\n<p>En plus d\u2019une r\u00e9duction pour les nouveaux clients, recevez des cadeaux gratuitement. Voici ce qui vous attend :<\/p>\n<ul>\n<li>Des produits frais<\/li>\n<li>Des produits d\u2019hygi\u00e8ne et d\u2019entretien<\/li>\n<li>Les ingr\u00e9dients de certaines recettes<\/li>\n<li>Des snacks sucr\u00e9s ou sal\u00e9s<\/li>\n<\/ul>\n                <\/div>\n  <\/div>\n  <\/section>\n\n\n\n<section id='' class=\"text-media mx-auto px-0 md:px-24 bg-transparent \n  media-right non-overlap   \">\n  <div class=\"container !px-6 pb-10 flex items-center md:!gap-14 !min-h-[auto] md:px-0\n    md:flex-row-reverse    flex-col gap-8\">\n    <div class=\"media relative md:absolute z-10 left-0 basis-2\/3 w-full md:max-w-[712px] \">\n                <img class='image w-full h-full rounded-3xl mobile-rounded-0 object-cover' src='https:\/\/d2jxuf8ovdiw8x.cloudfront.net\/uploads\/sites\/20\/2025\/08\/FR-Friendship-discount.png' alt=\"10\u20ac Code parrainage\">\n                    <\/div>\n    <div class='content relative md:absolute !w-full p-0 basis-1\/3 rounded-3xl right-0 z-20 md:max-w-lg\n      prose-headings:!mb-4 prose-p:text-base prose-p:leading-6 prose-p:!p-0 prose-p:!m-0\n      prose-headings:font-bold prose-headings:text-h3 md:prose-p:text-xl            '>\n      <h2><strong>Parrainez vos amis<\/strong><\/h2>\n<p>Chez Picnic, parrainer ses amis, c\u2019est doublement avantageux. <strong>Vous recevez 10 \u20ac chacun<\/strong> pour votre prochaine commande. Voici comment faire :<\/p>\n<ol>\n<li>Ouvrez <strong><span class=\"text-green\"><a class=\"text-green\" href=\"https:\/\/picnic.app\/fr\/telecharger-app\/\"><span class=\"text-green\">l\u2019appli<\/span> <span class=\"text-green\">Picnic<\/span><\/a><\/span><\/strong> et cliquez sur l&#8217;ic\u00f4ne de profil en haut \u00e0 droite.<\/li>\n<li>S\u00e9lectionnez &#8220;Parrainage&#8221; pour trouver votre code personnel.<\/li>\n<li>Partagez-le avec vos amis\u2026 et profitez de 10 \u20ac de r\u00e9duction chacun !<\/li>\n<\/ol>\n                <\/div>\n  <\/div>\n  <\/section>\n\n\n\n<section id='' class=\"text-media mx-auto px-0 md:px-24 bg-transparent \n  media-left non-overlap   \">\n  <div class=\"container !px-6 pb-10 flex items-center md:!gap-14 !min-h-[auto] md:px-0\n    md:flex-row    flex-col gap-8\">\n    <div class=\"media relative md:absolute z-10 left-0 basis-2\/3 w-full md:max-w-[712px] \">\n                <img class='image w-full h-full rounded-3xl mobile-rounded-0 object-cover' src='https:\/\/d2jxuf8ovdiw8x.cloudfront.net\/uploads\/sites\/20\/2025\/11\/FR15promoscreen-min.png' alt=\"Application Picnic\">\n                    <\/div>\n    <div class='content relative md:absolute !w-full p-0 basis-1\/3 rounded-3xl right-0 z-20 md:max-w-lg\n      prose-headings:!mb-4 prose-p:text-base prose-p:leading-6 prose-p:!p-0 prose-p:!m-0\n      prose-headings:font-bold prose-headings:text-h3 md:prose-p:text-xl            '>\n      <h2><strong>Plus d&#8217;\u00e9conomies avec nos offres<\/strong><\/h2>\n<p>Avec Picnic, ce n\u2019est pas seulement gr\u00e2ce aux codes que vous \u00e9conomisez ! Chaque semaine, d\u00e9couvrez de <span class=\"text-green\"><strong><a class=\"text-green\" href=\"https:\/\/picnic.app\/fr\/supermarche-en-ligne\/offres\/\"><span class=\"text-green\">nouvelles<\/span> <span class=\"text-green\">offres<\/span> <span class=\"text-green\">et<\/span> <span class=\"text-green\">promotions<\/span><\/a><\/strong><\/span> : produits \u00e0 1, 2 ou 3 euros, offres group\u00e9es, et offres bonus.<\/p>\n            <div class=\"mt-6\">\n        <a href=\"https:\/\/picnic.app\/fr\/supermarche-en-ligne\/offres\/\"\n   class=\"\"\n   target=\"_blank\">\n    <div class=\"inline-block px-3 py-2 text-body text-center text-white rounded-lg bg-green\">\n    <span class=\"hidden md:inline\">\u00c9conomisez encore plus<\/span>\n        <span class=\"inline md:hidden\">\u00c9conomisez encore plus<\/span>\n      <\/div>\n  <\/a>\n      <\/div>\n                <\/div>\n  <\/div>\n  <\/section>\n\n\n\n<section id='' class=\"faq-accordion bg-transparent\">\n  <div class=\"container !max-w-700\">\n          <h3 class=\"mb-10 text-center text-h3\">Questions fr\u00e9quentes sur les r\u00e9ductions Picnic<\/h3>         \n          <ul class='p-0 list-none picnic-accordion '>\n        \n          <li class=''>\n                          <h4 class=\"relative text-lg font-medium cursor-pointer !mb-4 flex\">\n                <span class=\"w-[90%]\">Quand re\u00e7oit-on des produits gratuits chez Picnic ?<\/span>\n                <span class=\"items-center justify-center text-red after:content-['\\e912'] after:absolute after:right-0 after:top-1\/2 after:-translate-y-1\/2 after:font-iconfont\n                         after:text-xs after:text-red after:transition after:ease-in-out after:inline-block after:pl-0.5 after:w-5\"> <\/span>\n              <\/h4>\n            \n                          <div class='overflow-hidden mb-1 max-w-none max-h-0 duration-300 ease-in-out prose prose-p:text-base transition-height'>\n                <p><span class=\"text-black\">En tant que nouveau client, vous b\u00e9n\u00e9ficiez d\u2019avantages de bienvenue d\u2019une valeur pouvant aller jusqu\u2019\u00e0 25 \u20ac : 10 \u20ac de r\u00e9duction sur votre premi\u00e8re commande + jusqu\u2019\u00e0 15 \u20ac de cadeaux gratuits.<\/span><br \/>\n<span class=\"text-black\">En plus, si vous parrainez vos amis, vous gagnez encore 10 \u20ac de r\u00e9duction chacun. Et tout au long de l\u2019ann\u00e9e, attendez-vous \u00e0 recevoir de petites surprises de notre part !<\/span><\/p>\n<p>&nbsp;<\/p>\n              <\/div>\n                      <\/li>\n        \n          <li class=''>\n                          <h4 class=\"relative text-lg font-medium cursor-pointer !mb-4 flex\">\n                <span class=\"w-[90%]\">O\u00f9 trouver mon code promo Picnic ?<\/span>\n                <span class=\"items-center justify-center text-red after:content-['\\e912'] after:absolute after:right-0 after:top-1\/2 after:-translate-y-1\/2 after:font-iconfont\n                         after:text-xs after:text-red after:transition after:ease-in-out after:inline-block after:pl-0.5 after:w-5\"> <\/span>\n              <\/h4>\n            \n                          <div class='overflow-hidden mb-1 max-w-none max-h-0 duration-300 ease-in-out prose prose-p:text-base transition-height'>\n                <p><span class=\"text-black\">Le code de 10 \u20ac pour les nouveaux clients est : <strong>GOPICNIC<\/strong>.<\/span><br \/>\n<span class=\"text-black\">Votre code personnel de parrainage est disponible en cliquant sur votre profil dans l\u2019appli, puis sur Parrainage.<\/span><\/p>\n<p>&nbsp;<\/p>\n              <\/div>\n                      <\/li>\n        \n          <li class=''>\n                          <h4 class=\"relative text-lg font-medium cursor-pointer !mb-4 flex\">\n                <span class=\"w-[90%]\">Peut-on acheter des cartes cadeaux Picnic ?<\/span>\n                <span class=\"items-center justify-center text-red after:content-['\\e912'] after:absolute after:right-0 after:top-1\/2 after:-translate-y-1\/2 after:font-iconfont\n                         after:text-xs after:text-red after:transition after:ease-in-out after:inline-block after:pl-0.5 after:w-5\"> <\/span>\n              <\/h4>\n            \n                          <div class='overflow-hidden mb-1 max-w-none max-h-0 duration-300 ease-in-out prose prose-p:text-base transition-height'>\n                <p><span class=\"text-black\">Pour le moment, il n\u2019est pas possible d\u2019acheter des cartes cadeaux chez Picnic.<\/span><\/p>\n<p>&nbsp;<\/p>\n              <\/div>\n                      <\/li>\n        \n          <li class=''>\n                          <h4 class=\"relative text-lg font-medium cursor-pointer !mb-4 flex\">\n                <span class=\"w-[90%]\">Mon code promo Picnic ne fonctionne pas.<\/span>\n                <span class=\"items-center justify-center text-red after:content-['\\e912'] after:absolute after:right-0 after:top-1\/2 after:-translate-y-1\/2 after:font-iconfont\n                         after:text-xs after:text-red after:transition after:ease-in-out after:inline-block after:pl-0.5 after:w-5\"> <\/span>\n              <\/h4>\n            \n                          <div class='overflow-hidden mb-1 max-w-none max-h-0 duration-300 ease-in-out prose prose-p:text-base transition-height'>\n                <p><span class=\"text-black\">Assurez-vous que votre code est bien orthographi\u00e9. \u00c7a ne fonctionne toujours pas ? Contactez notre super <span class=\"text-green\"><strong><a class=\"text-green\" href=\"https:\/\/picnic.app\/fr\/contact\/\">service client<\/a><\/strong><\/span>.<\/span><\/p>\n              <\/div>\n                      <\/li>\n              <\/ul>\n      <\/div>\n<\/section>\n\n\n\n<section id='' class=\"text-media mx-auto px-0 md:px-24 bg-transparent \n  media-right non-overlap   \">\n  <div class=\"container !px-6 pb-10 flex items-center md:!gap-14 !min-h-[auto] md:px-0\n    md:flex-row-reverse    flex-col gap-8\">\n    <div class=\"media relative md:absolute z-10 left-0 basis-2\/3 w-full md:max-w-[712px] \">\n                <img class='image w-full h-full rounded-3xl mobile-rounded-0 object-cover' src='https:\/\/d2jxuf8ovdiw8x.cloudfront.net\/uploads\/sites\/20\/2025\/11\/FR-Discounts-CTA-Image-15-min.png' alt=\"jusqu&#039;a 25\u20ac offre de bienvenue\">\n                    <\/div>\n    <div class='content relative md:absolute !w-full p-0 basis-1\/3 rounded-3xl right-0 z-20 md:max-w-lg\n      prose-headings:!mb-4 prose-p:text-base prose-p:leading-6 prose-p:!p-0 prose-p:!m-0\n      prose-headings:font-bold prose-headings:text-h3 md:prose-p:text-xl            '>\n      <h2><strong>T\u00e9l\u00e9chargez l&#8217;appli Picnic<\/strong><\/h2>\n<p>T\u00e9l\u00e9chargez gratuitement l\u2019appli Picnic et b\u00e9n\u00e9ficiez d\u2019un \ud83c\udf81 cadeau de bienvenue d\u2019une valeur de jusqu\u2019\u00e0 25\u202f\u20ac sur votre premi\u00e8re commande.<\/p>\n                      <div class=\"mt-6\">\n              <div class='buttons direct flex hero'>\n                  <a href='\/download%20app%20slug'\n                     class='locale btn ios transition-trigger js-download-ios -ios'><\/a>\n                  <a href='\/download%20app%20slug'\n                     class='locale btn android transition-trigger js-download-android -android'><\/a>\n                  <a href='\/download%20app%20slug'\n                     class='btn mobile transition-trigger red js-download justify-center !bg-none !bg-red !py-3 !px-4 !inline-block\n            md:!hidden '>download app<\/a>\n              <\/div>\n          <\/div>\n          <\/div>\n  <\/div>\n  <\/section>\n\n\n\n<p><\/p>\n","protected":false},"excerpt":{"rendered":"","protected":false},"author":587,"featured_media":6594,"parent":6234,"menu_order":0,"comment_status":"closed","ping_status":"closed","template":"","meta":{"footnotes":""},"class_list":["post-6592","page","type-page","status-publish","has-post-thumbnail","hentry"],"acf":[],"yoast_head":"<!-- This site is optimized with the Yoast SEO Premium plugin v25.8 (Yoast SEO v25.9) - https:\/\/yoast.com\/wordpress\/plugins\/seo\/ -->\n<title>Codes promo et r\u00e9ductions Picnic | Picnic<\/title>\n<meta name=\"description\" content=\"Profitez des codes promo Picnic ! 10 \u20ac offerts pour les nouveaux clients + cadeaux gratuits. Parrainez vos amis et gagnez encore plus. Obtenez votre code !\" \/>\n<meta name=\"robots\" content=\"index, follow, max-snippet:-1, max-image-preview:large, max-video-preview:-1\" \/>\n<link rel=\"canonical\" href=\"https:\/\/picnic.app\/fr\/supermarche-en-ligne\/reductions\/\" \/>\n<meta property=\"og:locale\" content=\"en_US\" \/>\n<meta property=\"og:type\" content=\"article\" \/>\n<meta property=\"og:title\" content=\"Codes promo et r\u00e9ductions Picnic | Picnic\" \/>\n<meta property=\"og:description\" content=\"Profitez des codes promo Picnic ! 10 \u20ac offerts pour les nouveaux clients + cadeaux gratuits. Parrainez vos amis et gagnez encore plus. Obtenez votre code !\" \/>\n<meta property=\"og:url\" content=\"https:\/\/picnic.app\/fr\/supermarche-en-ligne\/reductions\/\" \/>\n<meta property=\"og:site_name\" content=\"Picnic FR\" \/>\n<meta property=\"article:modified_time\" content=\"2026-03-25T15:35:44+00:00\" \/>\n<meta property=\"og:image\" content=\"https:\/\/d2jxuf8ovdiw8x.cloudfront.net\/uploads\/sites\/20\/2025\/08\/FRDiscJPGM1.jpg\" \/>\n\t<meta property=\"og:image:width\" content=\"1\" \/>\n\t<meta property=\"og:image:height\" content=\"1\" \/>\n\t<meta property=\"og:image:type\" content=\"image\/jpeg\" \/>\n<meta name=\"twitter:card\" content=\"summary_large_image\" \/>\n<meta name=\"twitter:label1\" content=\"Est. reading time\" \/>\n\t<meta name=\"twitter:data1\" content=\"3 minutes\" \/>\n<script type=\"application\/ld+json\" class=\"yoast-schema-graph\">{\"@context\":\"https:\/\/schema.org\",\"@graph\":[{\"@type\":\"WebPage\",\"@id\":\"https:\/\/picnic.app\/fr\/supermarche-en-ligne\/reductions\/\",\"url\":\"https:\/\/picnic.app\/fr\/supermarche-en-ligne\/reductions\/\",\"name\":\"Codes promo et r\u00e9ductions Picnic | Picnic\",\"isPartOf\":{\"@id\":\"https:\/\/picnic.app\/fr\/#website\"},\"primaryImageOfPage\":{\"@id\":\"https:\/\/picnic.app\/fr\/supermarche-en-ligne\/reductions\/#primaryimage\"},\"image\":{\"@id\":\"https:\/\/picnic.app\/fr\/supermarche-en-ligne\/reductions\/#primaryimage\"},\"thumbnailUrl\":\"https:\/\/d2jxuf8ovdiw8x.cloudfront.net\/uploads\/sites\/20\/2025\/08\/FRDiscJPGM1.jpg\",\"datePublished\":\"2025-08-25T13:23:58+00:00\",\"dateModified\":\"2026-03-25T15:35:44+00:00\",\"description\":\"Profitez des codes promo Picnic ! 10 \u20ac offerts pour les nouveaux clients + cadeaux gratuits. Parrainez vos amis et gagnez encore plus. Obtenez votre code !\",\"breadcrumb\":{\"@id\":\"https:\/\/picnic.app\/fr\/supermarche-en-ligne\/reductions\/#breadcrumb\"},\"inLanguage\":\"en-US\",\"potentialAction\":[{\"@type\":\"ReadAction\",\"target\":[\"https:\/\/picnic.app\/fr\/supermarche-en-ligne\/reductions\/\"]}]},{\"@type\":\"ImageObject\",\"inLanguage\":\"en-US\",\"@id\":\"https:\/\/picnic.app\/fr\/supermarche-en-ligne\/reductions\/#primaryimage\",\"url\":\"https:\/\/d2jxuf8ovdiw8x.cloudfront.net\/uploads\/sites\/20\/2025\/08\/FRDiscJPGM1.jpg\",\"contentUrl\":\"https:\/\/d2jxuf8ovdiw8x.cloudfront.net\/uploads\/sites\/20\/2025\/08\/FRDiscJPGM1.jpg\",\"caption\":\"Des personnes aimables vous livreront vos courses \u00e0 domicile.\"},{\"@type\":\"BreadcrumbList\",\"@id\":\"https:\/\/picnic.app\/fr\/supermarche-en-ligne\/reductions\/#breadcrumb\",\"itemListElement\":[{\"@type\":\"ListItem\",\"position\":1,\"name\":\"Supermarch\u00e9 en ligne\",\"item\":\"https:\/\/picnic.app\/fr\/supermarche-en-ligne\/\"},{\"@type\":\"ListItem\",\"position\":2,\"name\":\"\u00c9conomisez avec les r\u00e9ductions Picnic\"}]},{\"@type\":\"WebSite\",\"@id\":\"https:\/\/picnic.app\/fr\/#website\",\"url\":\"https:\/\/picnic.app\/fr\/\",\"name\":\"Picnic FR\",\"description\":\"Le supermarch\u00e9 en linge\",\"potentialAction\":[{\"@type\":\"SearchAction\",\"target\":{\"@type\":\"EntryPoint\",\"urlTemplate\":\"https:\/\/picnic.app\/fr\/?s={search_term_string}\"},\"query-input\":{\"@type\":\"PropertyValueSpecification\",\"valueRequired\":true,\"valueName\":\"search_term_string\"}}],\"inLanguage\":\"en-US\"},{\"@type\":\"Person\",\"@id\":\"https:\/\/picnic.app\/fr\/#\/schema\/person\/975f2230d106c2ecf234ff712a49cdc7\",\"name\":\"pstahl\",\"image\":{\"@type\":\"ImageObject\",\"inLanguage\":\"en-US\",\"@id\":\"https:\/\/picnic.app\/fr\/#\/schema\/person\/image\/\",\"url\":\"https:\/\/secure.gravatar.com\/avatar\/7e63b5818c2c82f4c161a815b8c867c9790fd7500e4eba4ae041eca5c7ad9166?s=96&d=mm&r=g\",\"contentUrl\":\"https:\/\/secure.gravatar.com\/avatar\/7e63b5818c2c82f4c161a815b8c867c9790fd7500e4eba4ae041eca5c7ad9166?s=96&d=mm&r=g\",\"caption\":\"pstahl\"},\"url\":\"https:\/\/picnic.app\/fr\/author\/pstahl\/\"}]}<\/script>\n<!-- \/ Yoast SEO Premium plugin. -->","yoast_head_json":{"title":"Codes promo et r\u00e9ductions Picnic | Picnic","description":"Profitez des codes promo Picnic ! 10 \u20ac offerts pour les nouveaux clients + cadeaux gratuits. Parrainez vos amis et gagnez encore plus. Obtenez votre code !","robots":{"index":"index","follow":"follow","max-snippet":"max-snippet:-1","max-image-preview":"max-image-preview:large","max-video-preview":"max-video-preview:-1"},"canonical":"https:\/\/picnic.app\/fr\/supermarche-en-ligne\/reductions\/","og_locale":"en_US","og_type":"article","og_title":"Codes promo et r\u00e9ductions Picnic | Picnic","og_description":"Profitez des codes promo Picnic ! 10 \u20ac offerts pour les nouveaux clients + cadeaux gratuits. Parrainez vos amis et gagnez encore plus. Obtenez votre code !","og_url":"https:\/\/picnic.app\/fr\/supermarche-en-ligne\/reductions\/","og_site_name":"Picnic FR","article_modified_time":"2026-03-25T15:35:44+00:00","og_image":[{"url":"https:\/\/d2jxuf8ovdiw8x.cloudfront.net\/uploads\/sites\/20\/2025\/08\/FRDiscJPGM1.jpg","width":1,"height":1,"type":"image\/jpeg"}],"twitter_card":"summary_large_image","twitter_misc":{"Est. reading time":"3 minutes"},"schema":{"@context":"https:\/\/schema.org","@graph":[{"@type":"WebPage","@id":"https:\/\/picnic.app\/fr\/supermarche-en-ligne\/reductions\/","url":"https:\/\/picnic.app\/fr\/supermarche-en-ligne\/reductions\/","name":"Codes promo et r\u00e9ductions Picnic | Picnic","isPartOf":{"@id":"https:\/\/picnic.app\/fr\/#website"},"primaryImageOfPage":{"@id":"https:\/\/picnic.app\/fr\/supermarche-en-ligne\/reductions\/#primaryimage"},"image":{"@id":"https:\/\/picnic.app\/fr\/supermarche-en-ligne\/reductions\/#primaryimage"},"thumbnailUrl":"https:\/\/d2jxuf8ovdiw8x.cloudfront.net\/uploads\/sites\/20\/2025\/08\/FRDiscJPGM1.jpg","datePublished":"2025-08-25T13:23:58+00:00","dateModified":"2026-03-25T15:35:44+00:00","description":"Profitez des codes promo Picnic ! 10 \u20ac offerts pour les nouveaux clients + cadeaux gratuits. Parrainez vos amis et gagnez encore plus. Obtenez votre code !","breadcrumb":{"@id":"https:\/\/picnic.app\/fr\/supermarche-en-ligne\/reductions\/#breadcrumb"},"inLanguage":"en-US","potentialAction":[{"@type":"ReadAction","target":["https:\/\/picnic.app\/fr\/supermarche-en-ligne\/reductions\/"]}]},{"@type":"ImageObject","inLanguage":"en-US","@id":"https:\/\/picnic.app\/fr\/supermarche-en-ligne\/reductions\/#primaryimage","url":"https:\/\/d2jxuf8ovdiw8x.cloudfront.net\/uploads\/sites\/20\/2025\/08\/FRDiscJPGM1.jpg","contentUrl":"https:\/\/d2jxuf8ovdiw8x.cloudfront.net\/uploads\/sites\/20\/2025\/08\/FRDiscJPGM1.jpg","caption":"Des personnes aimables vous livreront vos courses \u00e0 domicile."},{"@type":"BreadcrumbList","@id":"https:\/\/picnic.app\/fr\/supermarche-en-ligne\/reductions\/#breadcrumb","itemListElement":[{"@type":"ListItem","position":1,"name":"Supermarch\u00e9 en ligne","item":"https:\/\/picnic.app\/fr\/supermarche-en-ligne\/"},{"@type":"ListItem","position":2,"name":"\u00c9conomisez avec les r\u00e9ductions Picnic"}]},{"@type":"WebSite","@id":"https:\/\/picnic.app\/fr\/#website","url":"https:\/\/picnic.app\/fr\/","name":"Picnic FR","description":"Le supermarch\u00e9 en linge","potentialAction":[{"@type":"SearchAction","target":{"@type":"EntryPoint","urlTemplate":"https:\/\/picnic.app\/fr\/?s={search_term_string}"},"query-input":{"@type":"PropertyValueSpecification","valueRequired":true,"valueName":"search_term_string"}}],"inLanguage":"en-US"},{"@type":"Person","@id":"https:\/\/picnic.app\/fr\/#\/schema\/person\/975f2230d106c2ecf234ff712a49cdc7","name":"pstahl","image":{"@type":"ImageObject","inLanguage":"en-US","@id":"https:\/\/picnic.app\/fr\/#\/schema\/person\/image\/","url":"https:\/\/secure.gravatar.com\/avatar\/7e63b5818c2c82f4c161a815b8c867c9790fd7500e4eba4ae041eca5c7ad9166?s=96&d=mm&r=g","contentUrl":"https:\/\/secure.gravatar.com\/avatar\/7e63b5818c2c82f4c161a815b8c867c9790fd7500e4eba4ae041eca5c7ad9166?s=96&d=mm&r=g","caption":"pstahl"},"url":"https:\/\/picnic.app\/fr\/author\/pstahl\/"}]}},"_links":{"self":[{"href":"https:\/\/picnic.app\/fr\/wp-json\/wp\/v2\/pages\/6592","targetHints":{"allow":["GET"]}}],"collection":[{"href":"https:\/\/picnic.app\/fr\/wp-json\/wp\/v2\/pages"}],"about":[{"href":"https:\/\/picnic.app\/fr\/wp-json\/wp\/v2\/types\/page"}],"author":[{"embeddable":true,"href":"https:\/\/picnic.app\/fr\/wp-json\/wp\/v2\/users\/587"}],"replies":[{"embeddable":true,"href":"https:\/\/picnic.app\/fr\/wp-json\/wp\/v2\/comments?post=6592"}],"version-history":[{"count":36,"href":"https:\/\/picnic.app\/fr\/wp-json\/wp\/v2\/pages\/6592\/revisions"}],"predecessor-version":[{"id":7587,"href":"https:\/\/picnic.app\/fr\/wp-json\/wp\/v2\/pages\/6592\/revisions\/7587"}],"up":[{"embeddable":true,"href":"https:\/\/picnic.app\/fr\/wp-json\/wp\/v2\/pages\/6234"}],"wp:featuredmedia":[{"embeddable":true,"href":"https:\/\/picnic.app\/fr\/wp-json\/wp\/v2\/media\/6594"}],"wp:attachment":[{"href":"https:\/\/picnic.app\/fr\/wp-json\/wp\/v2\/media?parent=6592"}],"curies":[{"name":"wp","href":"https:\/\/api.w.org\/{rel}","templated":true}]}}