{"id":6650,"date":"2026-04-10T07:56:59","date_gmt":"2026-04-10T07:56:59","guid":{"rendered":"https:\/\/picnic.app\/fr\/?page_id=6650"},"modified":"2026-04-10T07:57:00","modified_gmt":"2026-04-10T07:57:00","slug":"conditions-generales-programme-fidelite","status":"publish","type":"page","link":"https:\/\/picnic.app\/fr\/conditions-generales-programme-fidelite\/","title":{"rendered":"Loyalty &#8211; Terms &amp; Conditions"},"content":{"rendered":"\n<section id='' class=\"small-hero-2 md:!h-[600px] bg-transparent\">\n  <div class=\"container md:!max-w-[1060px] md:!gap-60\">\n    <div class='content'>\n                    <h2 class=\"mb-2\"><h1>Conditions g\u00e9n\u00e9rales du programme de fid\u00e9lit\u00e9 Picnic (Guzzini)<\/h1>\n<\/h2>\n                          <\/div>\n          <img class='image' src='https:\/\/d2jxuf8ovdiw8x.cloudfront.net\/uploads\/sites\/20\/2025\/08\/loyalty-programme-image.jpg' alt=\"Des personnes aimables vous livreront vos courses \u00e0 domicile.\"><\/img>\n      <\/div>\n\n<\/section>\n\n\n\n\n<section id=\"\" class=\"post-content index bg-transparent\">\n  <div class='container'>\n    \n          <ul class='chapter-index'>\n                  <li>\n            <span class='count'>1.<\/span>\n            <a href='#-1'>Comment recevoir des points de fid\u00e9lit\u00e9 Picnic<\/a>\n          <\/li>\n                  <li>\n            <span class='count'>2.<\/span>\n            <a href='#-2'>Utiliser vos points de fid\u00e9lit\u00e9<\/a>\n          <\/li>\n                  <li>\n            <span class='count'>3.<\/span>\n            <a href='#-3'>Conditions suppl\u00e9mentaires<\/a>\n          <\/li>\n              <\/ul>\n      <\/div>\n<\/section>\n\n<section class='post-content chapters \nchapters-2'>\n  <div class='container'>\n                    <div class='single-chapter' id='-1'>\n                        <h3><span class='count'>1.<\/span> Comment recevoir des points de fid\u00e9lit\u00e9 Picnic<\/h3>\n            \n                          <ul>\n<li>Du 13 avril au 5 juillet 2026, chaque 10 \u20ac (dix euros) d\u00e9pens\u00e9s chez Picnic vous rapportera un point de fid\u00e9lit\u00e9.<\/li>\n<li>Le nombre de points de fid\u00e9lit\u00e9 est calcul\u00e9 sur le montant final de votre commande, tel qu\u2019il est affich\u00e9 lors du paiement. Si vous ajoutez des produits \u00e0 une commande ult\u00e9rieure, le nombre de points cumul\u00e9s est mis \u00e0 jour en fonction du nouveau montant total de votre commande.<\/li>\n<li>Les points de fid\u00e9lit\u00e9 sont attribu\u00e9s une fois que la commande a \u00e9t\u00e9 pay\u00e9e\/valid\u00e9e. Vous pouvez consulter le nombre de points de fid\u00e9lit\u00e9 obtenus dans la partie de l\u2019application Picnic d\u00e9di\u00e9e aux promotions, ou dans votre mail de confirmation de commande.<\/li>\n<li>Si une partie d&#8217;une commande ne peut \u00eatre livr\u00e9e, vous recevrez tout de m\u00eame les points de fid\u00e9lit\u00e9 correspondant au montant total de la commande initiale. En revanche, si vous annulez une commande, ou si Picnic doit l&#8217;annuler, vous ne recevrez pas de point de fid\u00e9lit\u00e9. Si vous avez utilis\u00e9 des points de fid\u00e9lit\u00e9 pour acheter un produit de fid\u00e9lit\u00e9, mais que vous ne l\u2019avez pas re\u00e7u puisqu\u2019il devait \u00eatre livr\u00e9 dans le cadre d\u2019une commande finalement annul\u00e9e (par vous ou par Picnic), ces points vous seront restitu\u00e9s.<\/li>\n<li>Les points de fid\u00e9lit\u00e9 ne peuvent \u00eatre obtenus que par l\u2019usage de l&#8217;application Picnic. Picnic ne donne pas de points de fid\u00e9lit\u00e9 par un moyen physique ou via une carte de fid\u00e9lit\u00e9.<\/li>\n<\/ul>\n                    <\/div>\n                <div class='single-chapter' id='-2'>\n                        <h3><span class='count'>2.<\/span> Utiliser vos points de fid\u00e9lit\u00e9<\/h3>\n            \n                          <ul>\n<li>Vous pouvez utiliser vos points de fid\u00e9lit\u00e9 en les \u00e9changeant contre n&#8217;importe quel produit de fid\u00e9lit\u00e9 Guzzini, tel que propos\u00e9 dans l&#8217;application Picnic et pendant la dur\u00e9e du programme de fid\u00e9lit\u00e9 Picnic. Les points de fid\u00e9lit\u00e9 non utilis\u00e9s expirent \u00e0 la fin de ce programme aux dates indiqu\u00e9es.<\/li>\n<li>Vous pouvez acheter un produit de fid\u00e9lit\u00e9 tel que propos\u00e9 avec 25 ou 35 points de fid\u00e9lit\u00e9 (selon le produit de fid\u00e9lit\u00e9) auquel s\u2019additionne une somme d\u2019argent suppl\u00e9mentaire (un paiement suppl\u00e9mentaire), dont le montant d\u00e9pend du produit de fid\u00e9lit\u00e9 s\u00e9lectionn\u00e9.<\/li>\n<li>Vous recevrez le produit de fid\u00e9lit\u00e9 de votre choix en l\u2019ajoutant \u00e0 votre panier. Nous vous le livrerons ensuite lors de votre prochaine commande Picnic. Les produits de fid\u00e9lit\u00e9 sont disponibles jusqu&#8217;\u00e0 \u00e9puisement des stocks. Vous ne recevrez aucune compensation pour les points de fid\u00e9lit\u00e9 non utilis\u00e9s si les produits de fid\u00e9lit\u00e9 ne sont plus disponibles, m\u00eame avant la date de fin du programme.<\/li>\n<li>Vous pouvez retourner un produit de fid\u00e9lit\u00e9 re\u00e7u dans un d\u00e9lai de 14 jours ouvrables. Pour cela, veuillez contacter notre service client. Les frais de retour sont \u00e0 la charge du client. Dans ce cas, d\u00e8s r\u00e9ception du produit de fid\u00e9lit\u00e9, nous vous rembourserons le suppl\u00e9ment pay\u00e9 et cr\u00e9diterons \u00e0 nouveau les points de fid\u00e9lit\u00e9 sur votre compte.<\/li>\n<li>Si un produit est endommag\u00e9 ou d\u00e9fectueux au moment de la livraison, veuillez contacter notre service client et lui envoyer une photo du produit concern\u00e9.<\/li>\n<li>Les points de fid\u00e9lit\u00e9 ne peuvent \u00eatre transf\u00e9r\u00e9s ni \u00e9chang\u00e9s contre de l&#8217;argent ou toute autre compensation.<\/li>\n<\/ul>\n                    <\/div>\n                <div class='single-chapter' id='-3'>\n                        <h3><span class='count'>3.<\/span> Conditions suppl\u00e9mentaires<\/h3>\n            \n                          <ul>\n<li>Le programme de fid\u00e9lit\u00e9 Picnic est exclusivement r\u00e9serv\u00e9 aux clients Picnic (personne priv\u00e9e) qui souhaitent y participer.<\/li>\n<li>Le programme de fid\u00e9lit\u00e9 fonctionne avec l&#8217;application Picnic version 1.15.279 (IOS) ou 1.15.254 (Android) et les versions ult\u00e9rieures.<\/li>\n<li>Picnic peut fixer une limite au nombre de produits de fid\u00e9lit\u00e9 pouvant \u00eatre command\u00e9s par commande le cas \u00e9ch\u00e9ant.<\/li>\n<li>Picnic ne peut \u00eatre tenu responsable en cas de d\u00e9faillances techniques, de probl\u00e8mes de r\u00e9seau ou d\u2019autres probl\u00e8mes techniques pouvant entra\u00eener la non-attribution ou l\u2019impossibilit\u00e9 d\u2019utiliser des points de fid\u00e9lit\u00e9.<\/li>\n<li>Picnic n&#8217;est pas responsable de tous dommages survenant en cons\u00e9quence du programme de fid\u00e9lit\u00e9, ni de tout \u00e9ventuel dommage ou de toutes blessures caus\u00e9s \u00e0 des biens et\/ou \u00e0 des personnes, \u00e0 la suite de l&#8217;utilisation des produits de fid\u00e9lit\u00e9.<\/li>\n<li>Picnic n&#8217;est pas responsable des erreurs typographiques ou autres erreurs dans le mat\u00e9riel de communication relatif \u00e0 la campagne de fid\u00e9lit\u00e9.<\/li>\n<li>Pour enregistrer et\/ou confirmer la participation au programme de fid\u00e9lit\u00e9, attribuer les points de fid\u00e9lit\u00e9 aux participants et envoyer les produits de fid\u00e9lit\u00e9 command\u00e9s, Picnic utilise les donn\u00e9es personnelles des participants qu&#8217;ils ont communiqu\u00e9es via l&#8217;application Picnic, notamment lors de leur inscription. La politique de confidentialit\u00e9 de<\/li>\n<li>Picnic s&#8217;applique lors de l&#8217;utilisation de l&#8217;application Picnic et de la participation \u00e0 la campagne de fid\u00e9lit\u00e9.<\/li>\n<li>Certains participants font partie d&#8217;un programme sp\u00e9cial. Ce programme est r\u00e9serv\u00e9 \u00e0 certains participants s\u00e9lectionn\u00e9s par Picnic.<\/li>\n<li>Picnic peut d\u00e9terminer qui a acc\u00e8s au programme de fid\u00e9lit\u00e9 Picnic ainsi qu\u2019au programme sp\u00e9cial.<\/li>\n<li>En cas de fraude, de suspicion de fraude ou de toute interf\u00e9rence potentiellement illicite en lien avec le programme, Picnic se r\u00e9serve le droit d&#8217;exclure des participants.<\/li>\n<li>Picnic se r\u00e9serve le droit de mettre fin au programme de fid\u00e9lit\u00e9 ou d&#8217;en modifier les conditions g\u00e9n\u00e9rales \u00e0 tout moment, sans \u00eatre tenu de verser une compensation ou toute autre r\u00e9mun\u00e9ration aux participants, sous r\u00e9serve de les en informer.<\/li>\n<li>Les pr\u00e9sentes conditions g\u00e9n\u00e9rales s&#8217;appliquent au programme de fid\u00e9lit\u00e9 de Picnic. En passant une commande aupr\u00e8s de Picnic pendant la dur\u00e9e du programme de fid\u00e9lit\u00e9 et en recevant des points de fid\u00e9lit\u00e9, vous acceptez les pr\u00e9sentes conditions g\u00e9n\u00e9rales du programme.<\/li>\n<li>Le programme de fid\u00e9lit\u00e9 Picnic est \u00e9galement soumis aux conditions g\u00e9n\u00e9rales principales de Picnic.<\/li>\n<li>Pour toute question, r\u00e9clamation et\/ou commentaire concernant ce programme, veuillez contacter notre service client au <a href=\"tel:0187214733\"><strong><span class=\"text-red\">01 87 21 47 33<\/span><\/strong><\/a>.<\/li>\n<\/ul>\n                    <\/div>\n              <\/div>\n<\/section>\n\n\n\n\n<p class=\"has-text-align-center\">Paris, le 8 avril 2026<\/p>\n\n\n\n<div style=\"height:60px\" aria-hidden=\"true\" class=\"wp-block-spacer\"><\/div>\n","protected":false},"excerpt":{"rendered":"<p>Paris, le 8 avril 2026<\/p>\n","protected":false},"author":55,"featured_media":0,"parent":0,"menu_order":0,"comment_status":"closed","ping_status":"closed","template":"","meta":{"footnotes":""},"class_list":["post-6650","page","type-page","status-publish","hentry"],"acf":[],"yoast_head":"<!-- This site is optimized with the Yoast SEO Premium plugin v25.8 (Yoast SEO v25.9) - https:\/\/yoast.com\/wordpress\/plugins\/seo\/ -->\n<title>Loyalty - Terms &amp; Conditions - Picnic FR<\/title>\n<meta name=\"robots\" content=\"index, follow, max-snippet:-1, max-image-preview:large, max-video-preview:-1\" \/>\n<link rel=\"canonical\" href=\"https:\/\/picnic.app\/fr\/conditions-generales-programme-fidelite\/\" \/>\n<meta property=\"og:locale\" content=\"en_US\" \/>\n<meta property=\"og:type\" content=\"article\" \/>\n<meta property=\"og:title\" content=\"Loyalty - Terms &amp; Conditions - Picnic FR\" \/>\n<meta property=\"og:description\" content=\"Paris, le 8 avril 2026\" \/>\n<meta property=\"og:url\" content=\"https:\/\/picnic.app\/fr\/conditions-generales-programme-fidelite\/\" \/>\n<meta property=\"og:site_name\" content=\"Picnic FR\" \/>\n<meta property=\"article:modified_time\" content=\"2026-04-10T07:57:00+00:00\" \/>\n<meta name=\"twitter:card\" content=\"summary_large_image\" \/>\n<meta name=\"twitter:label1\" content=\"Est. reading time\" \/>\n\t<meta name=\"twitter:data1\" content=\"5 minutes\" \/>\n<script type=\"application\/ld+json\" class=\"yoast-schema-graph\">{\"@context\":\"https:\/\/schema.org\",\"@graph\":[{\"@type\":\"WebPage\",\"@id\":\"https:\/\/picnic.app\/fr\/conditions-generales-programme-fidelite\/\",\"url\":\"https:\/\/picnic.app\/fr\/conditions-generales-programme-fidelite\/\",\"name\":\"Loyalty - Terms &amp; Conditions - Picnic FR\",\"isPartOf\":{\"@id\":\"https:\/\/picnic.app\/fr\/#website\"},\"datePublished\":\"2026-04-10T07:56:59+00:00\",\"dateModified\":\"2026-04-10T07:57:00+00:00\",\"inLanguage\":\"en-US\",\"potentialAction\":[{\"@type\":\"ReadAction\",\"target\":[\"https:\/\/picnic.app\/fr\/conditions-generales-programme-fidelite\/\"]}]},{\"@type\":\"WebSite\",\"@id\":\"https:\/\/picnic.app\/fr\/#website\",\"url\":\"https:\/\/picnic.app\/fr\/\",\"name\":\"Picnic FR\",\"description\":\"Le supermarch\u00e9 en linge\",\"potentialAction\":[{\"@type\":\"SearchAction\",\"target\":{\"@type\":\"EntryPoint\",\"urlTemplate\":\"https:\/\/picnic.app\/fr\/?s={search_term_string}\"},\"query-input\":{\"@type\":\"PropertyValueSpecification\",\"valueRequired\":true,\"valueName\":\"search_term_string\"}}],\"inLanguage\":\"en-US\"}]}<\/script>\n<!-- \/ Yoast SEO Premium plugin. -->","yoast_head_json":{"title":"Loyalty - Terms &amp; Conditions - Picnic FR","robots":{"index":"index","follow":"follow","max-snippet":"max-snippet:-1","max-image-preview":"max-image-preview:large","max-video-preview":"max-video-preview:-1"},"canonical":"https:\/\/picnic.app\/fr\/conditions-generales-programme-fidelite\/","og_locale":"en_US","og_type":"article","og_title":"Loyalty - Terms &amp; Conditions - Picnic FR","og_description":"Paris, le 8 avril 2026","og_url":"https:\/\/picnic.app\/fr\/conditions-generales-programme-fidelite\/","og_site_name":"Picnic FR","article_modified_time":"2026-04-10T07:57:00+00:00","twitter_card":"summary_large_image","twitter_misc":{"Est. reading time":"5 minutes"},"schema":{"@context":"https:\/\/schema.org","@graph":[{"@type":"WebPage","@id":"https:\/\/picnic.app\/fr\/conditions-generales-programme-fidelite\/","url":"https:\/\/picnic.app\/fr\/conditions-generales-programme-fidelite\/","name":"Loyalty - Terms &amp; Conditions - Picnic FR","isPartOf":{"@id":"https:\/\/picnic.app\/fr\/#website"},"datePublished":"2026-04-10T07:56:59+00:00","dateModified":"2026-04-10T07:57:00+00:00","inLanguage":"en-US","potentialAction":[{"@type":"ReadAction","target":["https:\/\/picnic.app\/fr\/conditions-generales-programme-fidelite\/"]}]},{"@type":"WebSite","@id":"https:\/\/picnic.app\/fr\/#website","url":"https:\/\/picnic.app\/fr\/","name":"Picnic FR","description":"Le supermarch\u00e9 en linge","potentialAction":[{"@type":"SearchAction","target":{"@type":"EntryPoint","urlTemplate":"https:\/\/picnic.app\/fr\/?s={search_term_string}"},"query-input":{"@type":"PropertyValueSpecification","valueRequired":true,"valueName":"search_term_string"}}],"inLanguage":"en-US"}]}},"_links":{"self":[{"href":"https:\/\/picnic.app\/fr\/wp-json\/wp\/v2\/pages\/6650","targetHints":{"allow":["GET"]}}],"collection":[{"href":"https:\/\/picnic.app\/fr\/wp-json\/wp\/v2\/pages"}],"about":[{"href":"https:\/\/picnic.app\/fr\/wp-json\/wp\/v2\/types\/page"}],"author":[{"embeddable":true,"href":"https:\/\/picnic.app\/fr\/wp-json\/wp\/v2\/users\/55"}],"replies":[{"embeddable":true,"href":"https:\/\/picnic.app\/fr\/wp-json\/wp\/v2\/comments?post=6650"}],"version-history":[{"count":23,"href":"https:\/\/picnic.app\/fr\/wp-json\/wp\/v2\/pages\/6650\/revisions"}],"predecessor-version":[{"id":7780,"href":"https:\/\/picnic.app\/fr\/wp-json\/wp\/v2\/pages\/6650\/revisions\/7780"}],"wp:attachment":[{"href":"https:\/\/picnic.app\/fr\/wp-json\/wp\/v2\/media?parent=6650"}],"curies":[{"name":"wp","href":"https:\/\/api.w.org\/{rel}","templated":true}]}}