{"id":7162,"date":"2026-02-11T09:57:39","date_gmt":"2026-02-11T09:57:39","guid":{"rendered":"https:\/\/picnic.app\/fr\/?page_id=7162"},"modified":"2026-02-11T10:19:07","modified_gmt":"2026-02-11T10:19:07","slug":"qualites-et-caracteristiques-environnementales","status":"publish","type":"page","link":"https:\/\/picnic.app\/fr\/qualites-et-caracteristiques-environnementales\/","title":{"rendered":"2026_FR_Qualit\u00e9s et Caract\u00e9ristiques Environnementales"},"content":{"rendered":"\n<div class=\"wp-block-columns are-vertically-aligned-top is-layout-flex wp-container-core-columns-is-layout-9d6595d7 wp-block-columns-is-layout-flex\">\n<div class=\"wp-block-column is-vertically-aligned-top is-layout-flow wp-block-column-is-layout-flow\">\n<div class=\"relative text-center w-full max-w-full py-6 px-5 md:pt-12 md:px-10\">\n  <div class='w-64 my-0 mx-auto md:w-96'>\n    <div class=\"prose prose-h3:text-red prose-p:m-0 prose-img:w-auto prose-img:h-60 prose-img:mb-5 last:m-0 md:prose-img:h-72\">\n      \n                    <img src='https:\/\/d2jxuf8ovdiw8x.cloudfront.net\/uploads\/sites\/20\/2025\/07\/Image-36.png' alt=''>\n          <\/div>\n  <\/div>\n<\/div>\n\n\n<section id='' class=\"simple-text bg-transparent\">\n  <div class=\"relative max-w-1350 mx-auto my-0 w-full px-6 py-14\">\n        <div class=\"flex flex-col md:flex-row gap-x-10 max-w-full prose prose-a:text-red prose-a:font-bold prose-a:no-underline\">\n              <div class=\"flex-1\">\n          <h1 class=\"text-center\"><span class=\"text-black\"><strong>Qualit\u00e9s et Caract\u00e9ristiques Environnementales<\/strong><\/span><\/h1>\n<p class=\"text-center\"><span class=\"text-black\">Conform\u00e9ment \u00e0 la loi anti-gaspillage pour une \u00e9conomie circulaire (AGEC) du 10 f\u00e9vrier 2020, les fabricants et importateurs de produits sont d\u00e9sormais tenus de d\u00e9tailler les caract\u00e9ristiques environnementales de certains de leurs articles. Cette obligation de transparence vise \u00e0 mieux informer le public sur des crit\u00e8res tels que le taux de mati\u00e8res recycl\u00e9es, la recyclabilit\u00e9, l&#8217;usage de substances \u00e0 risque, la teneur en m\u00e9taux pr\u00e9cieux ou terres rares, ainsi que l\u2019origine g\u00e9ographique de la production textile. Cette page est en cours de cr\u00e9ation. Des informations peuvent \u00eatre manquantes.<\/span><\/p>\n        <\/div>\n                <\/div>\n  <\/div>\n<\/section>\n\n\n\n\n<div class=\"wp-block-buttons is-content-justification-center is-layout-flex wp-container-core-buttons-is-layout-16018d1d wp-block-buttons-is-layout-flex\">\n<div class=\"wp-block-button\"><a class=\"wp-block-button__link has-white-color has-vivid-red-background-color has-text-color has-background wp-element-button\" href=\"https:\/\/d2jxuf8ovdiw8x.cloudfront.net\/uploads\/sites\/20\/2026\/02\/FR-SAS-QCE-sheets.pdf\" target=\"_blank\" rel=\"noreferrer noopener\">En savoir plus<\/a><\/div>\n<\/div>\n<\/div>\n<\/div>\n\n\n\n<p><\/p>\n\n\n\n<p><\/p>\n\n\n<section id='' class=\"simple-text bg-transparent\">\n  <div class=\"relative max-w-1350 mx-auto my-0 w-full px-6 py-14\">\n        <div class=\"flex flex-col md:flex-row gap-x-10 max-w-full prose prose-a:text-red prose-a:font-bold prose-a:no-underline\">\n                <\/div>\n  <\/div>\n<\/section>\n\n\n\n\n<p><\/p>\n","protected":false},"excerpt":{"rendered":"","protected":false},"author":1102,"featured_media":0,"parent":0,"menu_order":0,"comment_status":"closed","ping_status":"closed","template":"","meta":{"footnotes":""},"class_list":["post-7162","page","type-page","status-publish","hentry"],"acf":[],"yoast_head":"<!-- This site is optimized with the Yoast SEO Premium plugin v25.8 (Yoast SEO v25.9) - https:\/\/yoast.com\/wordpress\/plugins\/seo\/ -->\n<title>Qualit\u00e9s et Caract\u00e9ristiques Environnementales | Picnic<\/title>\n<meta name=\"description\" content=\"Qualit\u00e9s et Caract\u00e9ristiques Environnementales\" \/>\n<meta name=\"robots\" content=\"index, follow, max-snippet:-1, max-image-preview:large, max-video-preview:-1\" \/>\n<link rel=\"canonical\" href=\"https:\/\/picnic.app\/fr\/qualites-et-caracteristiques-environnementales\/\" \/>\n<meta property=\"og:locale\" content=\"en_US\" \/>\n<meta property=\"og:type\" content=\"article\" \/>\n<meta property=\"og:title\" content=\"Qualit\u00e9s et Caract\u00e9ristiques Environnementales | Picnic\" \/>\n<meta property=\"og:description\" content=\"Qualit\u00e9s et Caract\u00e9ristiques Environnementales\" \/>\n<meta property=\"og:url\" content=\"https:\/\/picnic.app\/fr\/qualites-et-caracteristiques-environnementales\/\" \/>\n<meta property=\"og:site_name\" content=\"Picnic FR\" \/>\n<meta property=\"article:modified_time\" content=\"2026-02-11T10:19:07+00:00\" \/>\n<meta name=\"twitter:card\" content=\"summary_large_image\" \/>\n<meta name=\"twitter:label1\" content=\"Est. reading time\" \/>\n\t<meta name=\"twitter:data1\" content=\"1 minute\" \/>\n<script type=\"application\/ld+json\" class=\"yoast-schema-graph\">{\"@context\":\"https:\/\/schema.org\",\"@graph\":[{\"@type\":\"WebPage\",\"@id\":\"https:\/\/picnic.app\/fr\/qualites-et-caracteristiques-environnementales\/\",\"url\":\"https:\/\/picnic.app\/fr\/qualites-et-caracteristiques-environnementales\/\",\"name\":\"Qualit\u00e9s et Caract\u00e9ristiques Environnementales | Picnic\",\"isPartOf\":{\"@id\":\"https:\/\/picnic.app\/fr\/#website\"},\"datePublished\":\"2026-02-11T09:57:39+00:00\",\"dateModified\":\"2026-02-11T10:19:07+00:00\",\"description\":\"Qualit\u00e9s et Caract\u00e9ristiques Environnementales\",\"inLanguage\":\"en-US\",\"potentialAction\":[{\"@type\":\"ReadAction\",\"target\":[\"https:\/\/picnic.app\/fr\/qualites-et-caracteristiques-environnementales\/\"]}]},{\"@type\":\"WebSite\",\"@id\":\"https:\/\/picnic.app\/fr\/#website\",\"url\":\"https:\/\/picnic.app\/fr\/\",\"name\":\"Picnic FR\",\"description\":\"Le supermarch\u00e9 en linge\",\"potentialAction\":[{\"@type\":\"SearchAction\",\"target\":{\"@type\":\"EntryPoint\",\"urlTemplate\":\"https:\/\/picnic.app\/fr\/?s={search_term_string}\"},\"query-input\":{\"@type\":\"PropertyValueSpecification\",\"valueRequired\":true,\"valueName\":\"search_term_string\"}}],\"inLanguage\":\"en-US\"}]}<\/script>\n<!-- \/ Yoast SEO Premium plugin. -->","yoast_head_json":{"title":"Qualit\u00e9s et Caract\u00e9ristiques Environnementales | Picnic","description":"Qualit\u00e9s et Caract\u00e9ristiques Environnementales","robots":{"index":"index","follow":"follow","max-snippet":"max-snippet:-1","max-image-preview":"max-image-preview:large","max-video-preview":"max-video-preview:-1"},"canonical":"https:\/\/picnic.app\/fr\/qualites-et-caracteristiques-environnementales\/","og_locale":"en_US","og_type":"article","og_title":"Qualit\u00e9s et Caract\u00e9ristiques Environnementales | Picnic","og_description":"Qualit\u00e9s et Caract\u00e9ristiques Environnementales","og_url":"https:\/\/picnic.app\/fr\/qualites-et-caracteristiques-environnementales\/","og_site_name":"Picnic FR","article_modified_time":"2026-02-11T10:19:07+00:00","twitter_card":"summary_large_image","twitter_misc":{"Est. reading time":"1 minute"},"schema":{"@context":"https:\/\/schema.org","@graph":[{"@type":"WebPage","@id":"https:\/\/picnic.app\/fr\/qualites-et-caracteristiques-environnementales\/","url":"https:\/\/picnic.app\/fr\/qualites-et-caracteristiques-environnementales\/","name":"Qualit\u00e9s et Caract\u00e9ristiques Environnementales | Picnic","isPartOf":{"@id":"https:\/\/picnic.app\/fr\/#website"},"datePublished":"2026-02-11T09:57:39+00:00","dateModified":"2026-02-11T10:19:07+00:00","description":"Qualit\u00e9s et Caract\u00e9ristiques Environnementales","inLanguage":"en-US","potentialAction":[{"@type":"ReadAction","target":["https:\/\/picnic.app\/fr\/qualites-et-caracteristiques-environnementales\/"]}]},{"@type":"WebSite","@id":"https:\/\/picnic.app\/fr\/#website","url":"https:\/\/picnic.app\/fr\/","name":"Picnic FR","description":"Le supermarch\u00e9 en linge","potentialAction":[{"@type":"SearchAction","target":{"@type":"EntryPoint","urlTemplate":"https:\/\/picnic.app\/fr\/?s={search_term_string}"},"query-input":{"@type":"PropertyValueSpecification","valueRequired":true,"valueName":"search_term_string"}}],"inLanguage":"en-US"}]}},"_links":{"self":[{"href":"https:\/\/picnic.app\/fr\/wp-json\/wp\/v2\/pages\/7162","targetHints":{"allow":["GET"]}}],"collection":[{"href":"https:\/\/picnic.app\/fr\/wp-json\/wp\/v2\/pages"}],"about":[{"href":"https:\/\/picnic.app\/fr\/wp-json\/wp\/v2\/types\/page"}],"author":[{"embeddable":true,"href":"https:\/\/picnic.app\/fr\/wp-json\/wp\/v2\/users\/1102"}],"replies":[{"embeddable":true,"href":"https:\/\/picnic.app\/fr\/wp-json\/wp\/v2\/comments?post=7162"}],"version-history":[{"count":25,"href":"https:\/\/picnic.app\/fr\/wp-json\/wp\/v2\/pages\/7162\/revisions"}],"predecessor-version":[{"id":7195,"href":"https:\/\/picnic.app\/fr\/wp-json\/wp\/v2\/pages\/7162\/revisions\/7195"}],"wp:attachment":[{"href":"https:\/\/picnic.app\/fr\/wp-json\/wp\/v2\/media?parent=7162"}],"curies":[{"name":"wp","href":"https:\/\/api.w.org\/{rel}","templated":true}]}}