{"id":7235,"date":"2026-03-05T10:55:27","date_gmt":"2026-03-05T10:55:27","guid":{"rendered":"https:\/\/picnic.app\/fr\/?page_id=7235"},"modified":"2026-04-07T11:22:06","modified_gmt":"2026-04-07T11:22:06","slug":"a-propos","status":"publish","type":"page","link":"https:\/\/picnic.app\/fr\/a-propos\/","title":{"rendered":"2026_FR_About Picnic"},"content":{"rendered":"\n<style>\n  .location-hero-bg {\n    background-image: linear-gradient(13deg,rgba(0, 0, 0, 1) -60%, rgba(0, 0, 0, 0) 61%), url(https:\/\/d2jxuf8ovdiw8x.cloudfront.net\/uploads\/sites\/20\/2026\/03\/new-FR-About-Picnic-desktop-hero-1.png);\n  }\n\n  @media screen and (max-width: 768px) {\n    .location-hero-bg {\n      background-image: url(https:\/\/d2jxuf8ovdiw8x.cloudfront.net\/uploads\/sites\/20\/2026\/03\/Header-small-mobileAbout.png);\n    }\n  }\n<\/style>\n\n<section id=\"\">\n\n  <div class=\"location-hero-bg bg-no-repeat bg-cover bg-center max-w-[1920px] mx-auto\">\n    <div class=\"text-center md:text-left content-center md:content-end px-6 md:px-10 lg:px-25 py-10 md:py-20 h-[480px] md:h-[640px] text-shadow-[0px 0px 25px black]\">\n      \n              <h1 class=\"text-[40px] mb-8 md:mb-4 text-white\">\u00c0 propos de Picnic<\/h2>\n      \n              <div class=\"hidden w-1\/2 md:block text-base text-white\"><p>Notre mission : simplifier au maximum les courses de la semaine. C\u2019est pour \u00e7a qu\u2019on vous livre vos produits sans stress, directement \u00e0 votre porte. Et ce n\u2019est pas tout : on fait aussi les choses autrement que les supermarch\u00e9s traditionnels. Comment exactement ? Vous le d\u00e9couvrirez ici !<\/p>\n<\/div>\n      \n              <a class=\"js-download before:hidden !inline mt-4 bg-green8 p-3 rounded-xl text-white font-semibold md:!hidden\"\n           target=\"_blank\"\n           href='\/download%20app%20slug'>T\u00e9l\u00e9chargez l\u2019appli<\/a>\n      \n      <div class=\"buttons direct !hidden md:!flex mt-4 gap-2 relative flex-row\">\n        <a class=\"js-download-ios rounded-md bg-cover bg-center w-36 h-11 hover:opacity-80\"\n          style=\"background-image: url('https:\/\/d2jxuf8ovdiw8x.cloudfront.net\/uploads\/sites\/24\/2025\/12\/App-store-white.png');\"\n          target=\"_blank\"\n          href='\/download%20app%20slug'><\/a>\n        <a class=\"js-download-android rounded-md bg-cover bg-center w-36 h-11 hover:opacity-80\"\n          style=\"background-image: url('https:\/\/d2jxuf8ovdiw8x.cloudfront.net\/uploads\/sites\/24\/2025\/12\/Google-play-white.png');\"\n          target=\"_blank\"\n          href='\/download%20app%20slug'><\/a>\n      <\/div>\n\n    <\/div>\n  <\/div>\n\n\n      <div class=\"block md:hidden text-base text-black px-6 pt-12 pb-4\"><p>Notre mission : simplifier au maximum les courses de la semaine. C\u2019est pour \u00e7a qu\u2019on vous livre vos produits sans stress, directement \u00e0 votre porte. Et ce n\u2019est pas tout : on fait aussi les choses autrement que les supermarch\u00e9s traditionnels. Comment exactement ? Vous le d\u00e9couvrirez ici !<\/p>\n<\/div>\n  <\/section>\n\n\n\n<section id=\"\"\n         class=\"gallery-grid bg-transparent\">\n  <div class=\"px-5 py-10 mx-auto md:px-10 md:py-20 max-w-1400\">\n    <div>\n                    <div class=\"prose mb-4\">\n          <h2><strong><span class=\"text-black\"><span class=\"text-3xl\">Notre<\/span> <span class=\"text-3xl\">March\u00e9<\/span> <span class=\"text-3xl\">Frais<\/span><\/span><\/strong><\/h2>\n<p><span class=\"text-black\">Un bon poulet fermier, un fromage affin\u00e9, des fruits et l\u00e9gumes cultiv\u00e9s avec amour ? \u00c0 port\u00e9e de clic : bienvenue dans notre <strong>March\u00e9 Frais<\/strong>. <\/span><\/p>\n<p>&nbsp;<\/p>\n        <\/div>\n      \n              <div class=\"grid gap-10 grid-cols-1 md:grid-cols-4\">\n                                    <a href=\"https:\/\/picnic.app\/fr\/a-propos\/notre-marche-frais\/\">\n                        <span class=\"block bg-center bg-no-repeat rounded-2xl h-75\n              bg-cover \"\n              style='background-image: url(https:\/\/d2jxuf8ovdiw8x.cloudfront.net\/uploads\/sites\/20\/2026\/03\/FR-Quality-preview.png'><\/span>\n    \n    <div class='p-6 max-w-none prose prose-h3:text-2xl md:prose-h3:text-h3'>\n                    <h3>Le go\u00fbt de la qualit\u00e9<\/h3>\n        \n        <p><span class=\"text-black\">Frais<\/span> <span class=\"text-black\">et bon comme au march\u00e9, sans bouger. Fruits, l\u00e9gumes, viande et fromage de qualit\u00e9 sup\u00e9rieure, livr\u00e9s gratuitement en 1 clic.<\/span><\/p>\n    <\/div>\n                <\/a>\n                                                <a href=\"https:\/\/picnic.app\/fr\/a-propos\/notre-marche-frais\/le-canard-de-la-ferme-de-phalange\/\">\n                        <span class=\"block bg-center bg-no-repeat rounded-2xl h-75\n              bg-cover \"\n              style='background-image: url(https:\/\/d2jxuf8ovdiw8x.cloudfront.net\/uploads\/sites\/20\/2026\/03\/Featured-image-FR-Ducks.png'><\/span>\n    \n    <div class='p-6 max-w-none prose prose-h3:text-2xl md:prose-h3:text-h3'>\n                    <h3>La tradition du canard gersois \u00e0 la ferme de Phalange <\/h3>\n        \n        <p><span class=\"text-black\">\u00c0 la<\/span> <span class=\"text-black\">rencontre de l\u2019\u00e9levage artisanal de Claude et Pierre Senac : un savoir-faire exigeant pour vous apporter le meilleur du Sud-Ouest<\/span><\/p>\n    <\/div>\n                <\/a>\n                                                <a href=\"https:\/\/picnic.app\/fr\/a-propos\/notre-marche-frais\/le-poulet-label-rouge\/\">\n                        <span class=\"block bg-center bg-no-repeat rounded-2xl h-75\n              bg-cover \"\n              style='background-image: url(https:\/\/d2jxuf8ovdiw8x.cloudfront.net\/uploads\/sites\/20\/2026\/03\/Header-small-mobile-14-1.png'><\/span>\n    \n    <div class='p-6 max-w-none prose prose-h3:text-2xl md:prose-h3:text-h3'>\n                    <h3>Le vrai poulet fermier de Normandie<\/h3>\n        \n        <p><span class=\"text-black\">Retrouvez<\/span> <span class=\"text-black\">le vrai go\u00fbt du poulet normand \u00e9lev\u00e9 en plein air : une volaille certifi\u00e9e IGP et Label Rouge \u00e0 la chair ferme et naturellement beurr\u00e9e<\/span><\/p>\n    <\/div>\n                <\/a>\n                                                <a href=\"https:\/\/picnic.app\/fr\/a-propos\/notre-marche-frais\/les-pommes-du-domaine-nicolai\/\">\n                        <span class=\"block bg-center bg-no-repeat rounded-2xl h-75\n              bg-cover \"\n              style='background-image: url(https:\/\/d2jxuf8ovdiw8x.cloudfront.net\/uploads\/sites\/20\/2026\/03\/HeaderApplesMob.png'><\/span>\n    \n    <div class='p-6 max-w-none prose prose-h3:text-2xl md:prose-h3:text-h3'>\n                    <h3>Les pommes du domaine de Moismont<\/h3>\n        \n        <p><span class=\"text-black\">Rencontrez notre producteur :<\/span> <span class=\"text-black\">un verger familial engag\u00e9, des fruits cueillis \u00e0 la main et cultiv\u00e9s au rythme des saisons<\/span><\/p>\n    <\/div>\n                <\/a>\n                              <\/div>\n          <\/div>\n  <\/div>\n<\/section>\n\n\n\n\n<section id=\"\"\n         class=\"gallery-grid bg-grey0\">\n  <div class=\"px-5 py-10 mx-auto md:px-10 md:py-20 max-w-1400\">\n    <div>\n                    <div class=\"prose mb-4\">\n          <h2><strong><span class=\"text-black text-3xl\">Notre action pour la plan\u00e8te<\/span><\/strong><\/h2>\n<p><span class=\"text-black\">Gr\u00e2ce \u00e0 nos voiturettes 100 % \u00e9lectriques, nous \u00e9vitons jusqu\u2019\u00e0 15 trajets en voiture au supermarch\u00e9 \u00e0 chaque tourn\u00e9e de livraison. Le recyclage est aussi une priorit\u00e9 : lors de nos livraisons, le livreur r\u00e9cup\u00e8re vos sacs en plastique consign\u00e9s et cartouches de CO2.<\/span><\/p>\n<p>&nbsp;<\/p>\n        <\/div>\n      \n              <div class=\"grid gap-10 grid-cols-1 md:grid-cols-4\">\n                                    <a href=\"https:\/\/picnic.app\/fr\/a-propos\/ensemble-contre-gaspillage-alimentaire\/\">\n                        <span class=\"block bg-center bg-no-repeat rounded-2xl h-75\n              bg-cover \"\n              style='background-image: url(https:\/\/d2jxuf8ovdiw8x.cloudfront.net\/uploads\/sites\/20\/2025\/11\/FRHeroMob-min.png'><\/span>\n    \n    <div class='p-6 max-w-none prose prose-h3:text-2xl md:prose-h3:text-h3'>\n                    <h3>Ensemble contre le gaspillage alimentaire<\/h3>\n        \n        <p><span class=\"text-black\">Personne n\u2019aime jeter. D\u00e9couvrez comment Picnic lutte contre le gaspillage alimentaire et r\u00e9duit les d\u00e9chets alimentaires au quotidien.<\/span><\/p>\n    <\/div>\n                <\/a>\n                                                <a href=\"https:\/\/picnic.app\/fr\/a-propos\/conseils-courses-durables\/\">\n                        <span class=\"block bg-center bg-no-repeat rounded-2xl h-75\n              bg-cover \"\n              style='background-image: url(https:\/\/d2jxuf8ovdiw8x.cloudfront.net\/uploads\/sites\/20\/2026\/03\/FRSusShopMob.png'><\/span>\n    \n    <div class='p-6 max-w-none prose prose-h3:text-2xl md:prose-h3:text-h3'>\n                    <h3>8 astuces pour des courses plus vertes<\/h3>\n        \n        <p><span class=\"text-black\">Envie de faire des courses plus durables, sans prise de t\u00eate ? D\u00e9couvrez 8 conseils simples pour gagner du temps, r\u00e9duire le CO\u2082 et limiter les d\u00e9chets.<\/span><\/p>\n    <\/div>\n                <\/a>\n                                                <a href=\"https:\/\/picnic.app\/fr\/a-propos\/aliments-bio-durables\/\">\n                        <span class=\"block bg-center bg-no-repeat rounded-2xl h-75\n              bg-cover \"\n              style='background-image: url(https:\/\/d2jxuf8ovdiw8x.cloudfront.net\/uploads\/sites\/20\/2026\/04\/SusQualityWeb.png'><\/span>\n    \n    <div class='p-6 max-w-none prose prose-h3:text-2xl md:prose-h3:text-h3'>\n                    <h3>Vos courses bio, en 1 clic sur Picnic<\/h3>\n        \n        <p><span class=\"text-black\">Le bio, c\u2019est simple : Picnic vous livre des produits biologiques frais et durables directement jusqu\u2019\u00e0 votre porte, pour des courses bio en ligne sans effort.<\/span><\/p>\n    <\/div>\n                <\/a>\n                              <\/div>\n          <\/div>\n  <\/div>\n<\/section>\n\n\n\n\n<section id=\"\"\n         class=\"gallery-grid bg-transparent\">\n  <div class=\"px-5 py-10 mx-auto md:px-10 md:py-20 max-w-1400\">\n    <div>\n                    <div class=\"prose mb-4\">\n          <h2><span class=\"text-black text-3xl\"><strong>Notre engagement<\/strong><\/span><\/h2>\n<p><span class=\"text-black\">L\u2019engagement solidaire est important pour nous. Par exemple, Picnic soutient des \u00e9quipes sportives comme l\u2019\u00e9quipe cycliste Picnic PostNL. Nous sommes aussi pr\u00e9sents sur de nombreuses f\u00eates du sport et courses en ville. Dans nos sacs : des snacks gourmands et des boissons fra\u00eeches pour les sportifs.<\/span><\/p>\n<p>&nbsp;<\/p>\n        <\/div>\n      \n              <div class=\"grid gap-10 grid-cols-1 md:grid-cols-4\">\n                                    <a href=\"https:\/\/picnic.app\/fr\/a-propos\/cycliste-picnic\/\">\n                        <span class=\"block bg-center bg-no-repeat rounded-2xl h-75\n              bg-cover \"\n              style='background-image: url(https:\/\/d2jxuf8ovdiw8x.cloudfront.net\/uploads\/sites\/20\/2026\/03\/Picnic-PostNL-excl-bikes-sky-replacement-2-color-3-1.png'><\/span>\n    \n    <div class='p-6 max-w-none prose prose-h3:text-2xl md:prose-h3:text-h3'>\n                    <h3>Fier partenaire de l&#8217;\u00e9quipe cycliste Team Picnic PostNL<\/h3>\n        \n        <p><span class=\"text-black\"><span class=\"text-black\">D\u00e9couvrez<\/span> <span class=\"text-black\">comment Picnic contribue au cyclisme en tant que fier sponsor de l\u2019\u00e9quipe Team Picnic PostNL. De cycliste \u00e0 Runner : en savoir plus !<\/span><\/span><\/p>\n    <\/div>\n                <\/a>\n                                                <div>\n                \n    <div class='p-6 max-w-none prose prose-h3:text-2xl md:prose-h3:text-h3'>\n        \n            <\/div>\n                <\/div>\n                                                <div>\n                \n    <div class='p-6 max-w-none prose prose-h3:text-2xl md:prose-h3:text-h3'>\n        \n            <\/div>\n                <\/div>\n                              <\/div>\n          <\/div>\n  <\/div>\n<\/section>\n\n\n\n\n<section id='' class=\"text-media mx-auto px-0 md:px-24 bg-transparent \n  media-left non-overlap   \">\n  <div class=\"container !px-6 pb-10 flex items-center md:!gap-14 !min-h-[auto] md:px-0\n    md:flex-row    flex-col gap-8\">\n    <div class=\"media relative md:absolute z-10 left-0 basis-2\/3 w-full md:max-w-[712px] \">\n                <img class='image w-full h-full rounded-3xl mobile-rounded-0 object-cover' src='https:\/\/d2jxuf8ovdiw8x.cloudfront.net\/uploads\/sites\/20\/2025\/07\/Group-6.png' alt=\"V\u00e9hicule \u00e9lectrique Picnic\">\n                    <\/div>\n    <div class='content relative md:absolute !w-full p-0 basis-1\/3 rounded-3xl right-0 z-20 md:max-w-lg\n      prose-headings:!mb-4 prose-p:text-base prose-p:leading-6 prose-p:!p-0 prose-p:!m-0\n      prose-headings:font-bold prose-headings:text-h3 md:prose-p:text-xl      prose-p:text-grey3      '>\n      <h2><span class=\"text-black\"><strong>T\u00e9l\u00e9chargez l\u2019appli Picnic<\/strong><\/span><\/h2>\n<p><span class=\"text-black\">L\u2019appli Picnic est gratuite sur iOS et Android. Cliquez ci-dessous et rejoignez l\u2019aventure Picnic !<\/span><\/p>\n                      <div class=\"mt-6\">\n              <div class='buttons direct flex hero'>\n                  <a href='\/download%20app%20slug'\n                     class='locale btn ios transition-trigger js-download-ios -ios'><\/a>\n                  <a href='\/download%20app%20slug'\n                     class='locale btn android transition-trigger js-download-android -android'><\/a>\n                  <a href='\/download%20app%20slug'\n                     class='btn mobile transition-trigger red js-download justify-center !bg-none !bg-red !py-3 !px-4 !inline-block\n            md:!hidden '>download app<\/a>\n              <\/div>\n          <\/div>\n          <\/div>\n  <\/div>\n  <\/section>\n","protected":false},"excerpt":{"rendered":"","protected":false},"author":587,"featured_media":7244,"parent":0,"menu_order":0,"comment_status":"closed","ping_status":"closed","template":"","meta":{"footnotes":""},"class_list":["post-7235","page","type-page","status-publish","has-post-thumbnail","hentry"],"acf":[],"yoast_head":"<!-- This site is optimized with the Yoast SEO Premium plugin v25.8 (Yoast SEO v25.9) - https:\/\/yoast.com\/wordpress\/plugins\/seo\/ -->\n<title>\u00c0 propos de Picnic : entreprise, durabilit\u00e9 &amp; engagement | Picnic<\/title>\n<meta name=\"description\" content=\"Picnic livre vos courses de la semaine directement \u00e0 votre porte. D\u00e9couvrez notre entreprise, nos engagements pour la durabilit\u00e9 et nos actions.\" \/>\n<meta name=\"robots\" content=\"index, follow, max-snippet:-1, max-image-preview:large, max-video-preview:-1\" \/>\n<link rel=\"canonical\" href=\"https:\/\/picnic.app\/fr\/a-propos\/\" \/>\n<meta property=\"og:locale\" content=\"en_US\" \/>\n<meta property=\"og:type\" content=\"article\" \/>\n<meta property=\"og:title\" content=\"\u00c0 propos de Picnic : entreprise, durabilit\u00e9 &amp; engagement | Picnic\" \/>\n<meta property=\"og:description\" content=\"Picnic livre vos courses de la semaine directement \u00e0 votre porte. D\u00e9couvrez notre entreprise, nos engagements pour la durabilit\u00e9 et nos actions.\" \/>\n<meta property=\"og:url\" content=\"https:\/\/picnic.app\/fr\/a-propos\/\" \/>\n<meta property=\"og:site_name\" content=\"Picnic FR\" \/>\n<meta property=\"article:modified_time\" content=\"2026-04-07T11:22:06+00:00\" \/>\n<meta property=\"og:image\" content=\"https:\/\/d2jxuf8ovdiw8x.cloudfront.net\/uploads\/sites\/20\/2026\/03\/without-About-Picnic-Header-small-mobile-5.png\" \/>\n\t<meta property=\"og:image:width\" content=\"1\" \/>\n\t<meta property=\"og:image:height\" content=\"1\" \/>\n\t<meta property=\"og:image:type\" content=\"image\/png\" \/>\n<meta name=\"twitter:card\" content=\"summary_large_image\" \/>\n<meta name=\"twitter:label1\" content=\"Est. reading time\" \/>\n\t<meta name=\"twitter:data1\" content=\"3 minutes\" \/>\n<script type=\"application\/ld+json\" class=\"yoast-schema-graph\">{\"@context\":\"https:\/\/schema.org\",\"@graph\":[{\"@type\":\"WebPage\",\"@id\":\"https:\/\/picnic.app\/fr\/a-propos\/\",\"url\":\"https:\/\/picnic.app\/fr\/a-propos\/\",\"name\":\"\u00c0 propos de Picnic : entreprise, durabilit\u00e9 & engagement | Picnic\",\"isPartOf\":{\"@id\":\"https:\/\/picnic.app\/fr\/#website\"},\"primaryImageOfPage\":{\"@id\":\"https:\/\/picnic.app\/fr\/a-propos\/#primaryimage\"},\"image\":{\"@id\":\"https:\/\/picnic.app\/fr\/a-propos\/#primaryimage\"},\"thumbnailUrl\":\"https:\/\/d2jxuf8ovdiw8x.cloudfront.net\/uploads\/sites\/20\/2026\/03\/without-About-Picnic-Header-small-mobile-5.png\",\"datePublished\":\"2026-03-05T10:55:27+00:00\",\"dateModified\":\"2026-04-07T11:22:06+00:00\",\"description\":\"Picnic livre vos courses de la semaine directement \u00e0 votre porte. D\u00e9couvrez notre entreprise, nos engagements pour la durabilit\u00e9 et nos actions.\",\"inLanguage\":\"en-US\",\"potentialAction\":[{\"@type\":\"ReadAction\",\"target\":[\"https:\/\/picnic.app\/fr\/a-propos\/\"]}]},{\"@type\":\"ImageObject\",\"inLanguage\":\"en-US\",\"@id\":\"https:\/\/picnic.app\/fr\/a-propos\/#primaryimage\",\"url\":\"https:\/\/d2jxuf8ovdiw8x.cloudfront.net\/uploads\/sites\/20\/2026\/03\/without-About-Picnic-Header-small-mobile-5.png\",\"contentUrl\":\"https:\/\/d2jxuf8ovdiw8x.cloudfront.net\/uploads\/sites\/20\/2026\/03\/without-About-Picnic-Header-small-mobile-5.png\"},{\"@type\":\"WebSite\",\"@id\":\"https:\/\/picnic.app\/fr\/#website\",\"url\":\"https:\/\/picnic.app\/fr\/\",\"name\":\"Picnic FR\",\"description\":\"Le supermarch\u00e9 en linge\",\"potentialAction\":[{\"@type\":\"SearchAction\",\"target\":{\"@type\":\"EntryPoint\",\"urlTemplate\":\"https:\/\/picnic.app\/fr\/?s={search_term_string}\"},\"query-input\":{\"@type\":\"PropertyValueSpecification\",\"valueRequired\":true,\"valueName\":\"search_term_string\"}}],\"inLanguage\":\"en-US\"}]}<\/script>\n<!-- \/ Yoast SEO Premium plugin. -->","yoast_head_json":{"title":"\u00c0 propos de Picnic : entreprise, durabilit\u00e9 & engagement | Picnic","description":"Picnic livre vos courses de la semaine directement \u00e0 votre porte. D\u00e9couvrez notre entreprise, nos engagements pour la durabilit\u00e9 et nos actions.","robots":{"index":"index","follow":"follow","max-snippet":"max-snippet:-1","max-image-preview":"max-image-preview:large","max-video-preview":"max-video-preview:-1"},"canonical":"https:\/\/picnic.app\/fr\/a-propos\/","og_locale":"en_US","og_type":"article","og_title":"\u00c0 propos de Picnic : entreprise, durabilit\u00e9 & engagement | Picnic","og_description":"Picnic livre vos courses de la semaine directement \u00e0 votre porte. D\u00e9couvrez notre entreprise, nos engagements pour la durabilit\u00e9 et nos actions.","og_url":"https:\/\/picnic.app\/fr\/a-propos\/","og_site_name":"Picnic FR","article_modified_time":"2026-04-07T11:22:06+00:00","og_image":[{"url":"https:\/\/d2jxuf8ovdiw8x.cloudfront.net\/uploads\/sites\/20\/2026\/03\/without-About-Picnic-Header-small-mobile-5.png","width":1,"height":1,"type":"image\/png"}],"twitter_card":"summary_large_image","twitter_misc":{"Est. reading time":"3 minutes"},"schema":{"@context":"https:\/\/schema.org","@graph":[{"@type":"WebPage","@id":"https:\/\/picnic.app\/fr\/a-propos\/","url":"https:\/\/picnic.app\/fr\/a-propos\/","name":"\u00c0 propos de Picnic : entreprise, durabilit\u00e9 & engagement | Picnic","isPartOf":{"@id":"https:\/\/picnic.app\/fr\/#website"},"primaryImageOfPage":{"@id":"https:\/\/picnic.app\/fr\/a-propos\/#primaryimage"},"image":{"@id":"https:\/\/picnic.app\/fr\/a-propos\/#primaryimage"},"thumbnailUrl":"https:\/\/d2jxuf8ovdiw8x.cloudfront.net\/uploads\/sites\/20\/2026\/03\/without-About-Picnic-Header-small-mobile-5.png","datePublished":"2026-03-05T10:55:27+00:00","dateModified":"2026-04-07T11:22:06+00:00","description":"Picnic livre vos courses de la semaine directement \u00e0 votre porte. D\u00e9couvrez notre entreprise, nos engagements pour la durabilit\u00e9 et nos actions.","inLanguage":"en-US","potentialAction":[{"@type":"ReadAction","target":["https:\/\/picnic.app\/fr\/a-propos\/"]}]},{"@type":"ImageObject","inLanguage":"en-US","@id":"https:\/\/picnic.app\/fr\/a-propos\/#primaryimage","url":"https:\/\/d2jxuf8ovdiw8x.cloudfront.net\/uploads\/sites\/20\/2026\/03\/without-About-Picnic-Header-small-mobile-5.png","contentUrl":"https:\/\/d2jxuf8ovdiw8x.cloudfront.net\/uploads\/sites\/20\/2026\/03\/without-About-Picnic-Header-small-mobile-5.png"},{"@type":"WebSite","@id":"https:\/\/picnic.app\/fr\/#website","url":"https:\/\/picnic.app\/fr\/","name":"Picnic FR","description":"Le supermarch\u00e9 en linge","potentialAction":[{"@type":"SearchAction","target":{"@type":"EntryPoint","urlTemplate":"https:\/\/picnic.app\/fr\/?s={search_term_string}"},"query-input":{"@type":"PropertyValueSpecification","valueRequired":true,"valueName":"search_term_string"}}],"inLanguage":"en-US"}]}},"_links":{"self":[{"href":"https:\/\/picnic.app\/fr\/wp-json\/wp\/v2\/pages\/7235","targetHints":{"allow":["GET"]}}],"collection":[{"href":"https:\/\/picnic.app\/fr\/wp-json\/wp\/v2\/pages"}],"about":[{"href":"https:\/\/picnic.app\/fr\/wp-json\/wp\/v2\/types\/page"}],"author":[{"embeddable":true,"href":"https:\/\/picnic.app\/fr\/wp-json\/wp\/v2\/users\/587"}],"replies":[{"embeddable":true,"href":"https:\/\/picnic.app\/fr\/wp-json\/wp\/v2\/comments?post=7235"}],"version-history":[{"count":47,"href":"https:\/\/picnic.app\/fr\/wp-json\/wp\/v2\/pages\/7235\/revisions"}],"predecessor-version":[{"id":7757,"href":"https:\/\/picnic.app\/fr\/wp-json\/wp\/v2\/pages\/7235\/revisions\/7757"}],"wp:featuredmedia":[{"embeddable":true,"href":"https:\/\/picnic.app\/fr\/wp-json\/wp\/v2\/media\/7244"}],"wp:attachment":[{"href":"https:\/\/picnic.app\/fr\/wp-json\/wp\/v2\/media?parent=7235"}],"curies":[{"name":"wp","href":"https:\/\/api.w.org\/{rel}","templated":true}]}}