{"id":7263,"date":"2026-03-09T08:52:27","date_gmt":"2026-03-09T08:52:27","guid":{"rendered":"https:\/\/picnic.app\/fr\/?page_id=7263"},"modified":"2026-03-09T08:58:37","modified_gmt":"2026-03-09T08:58:37","slug":"le-canard-de-la-ferme-de-phalange","status":"publish","type":"page","link":"https:\/\/picnic.app\/fr\/a-propos\/notre-marche-frais\/le-canard-de-la-ferme-de-phalange\/","title":{"rendered":"2026_FR_Duck maker story"},"content":{"rendered":"\n<style>\n  .location-hero-bg {\n    background-image: linear-gradient(13deg,rgba(0, 0, 0, 1) -60%, rgba(0, 0, 0, 0) 61%), url(https:\/\/d2jxuf8ovdiw8x.cloudfront.net\/uploads\/sites\/20\/2026\/03\/FR-Desktop-hero-Ducks-1.png);\n  }\n\n  @media screen and (max-width: 768px) {\n    .location-hero-bg {\n      background-image: url(https:\/\/d2jxuf8ovdiw8x.cloudfront.net\/uploads\/sites\/20\/2026\/03\/FR-Duck-Mobile-2-Header-small-mobile-5.png);\n    }\n  }\n<\/style>\n\n<section id=\"\">\n\n  <div class=\"location-hero-bg bg-no-repeat bg-cover bg-center max-w-[1920px] mx-auto\">\n    <div class=\"text-center md:text-left content-center md:content-end px-6 md:px-10 lg:px-25 py-10 md:py-20 h-[480px] md:h-[640px] text-shadow-[0px 0px 25px black]\">\n      \n              <h1 class=\"text-[40px] mb-8 md:mb-4 text-white\">La tradition du canard gersois \u00e0 la ferme de Phalange<\/h2>\n      \n              <div class=\"hidden w-1\/2 md:block text-base text-white\"><p>Pour les fr\u00e8res Senac, le canard, c\u2019est une histoire d\u2019amour. Apr\u00e8s une jeunesse sur les terrains de rugby, Claude et Pierre ont repris la ferme familiale. Ils s\u2019y consacrent \u00e0 la deuxi\u00e8me tradition de la r\u00e9gion avec une passion h\u00e9rit\u00e9e de g\u00e9n\u00e9ration en g\u00e9n\u00e9ration.<\/p>\n<\/div>\n      \n              <a class=\"js-download before:hidden !inline mt-4 bg-green8 p-3 rounded-xl text-white font-semibold md:!hidden\"\n           target=\"_blank\"\n           href='\/download%20app%20slug'>T\u00e9l\u00e9chargez l\u2019appli<\/a>\n      \n      <div class=\"buttons direct !hidden md:!flex mt-4 gap-2 relative flex-row\">\n        <a class=\"js-download-ios rounded-md bg-cover bg-center w-36 h-11 hover:opacity-80\"\n          style=\"background-image: url('https:\/\/d2jxuf8ovdiw8x.cloudfront.net\/uploads\/sites\/24\/2025\/12\/App-store-white.png');\"\n          target=\"_blank\"\n          href='\/download%20app%20slug'><\/a>\n        <a class=\"js-download-android rounded-md bg-cover bg-center w-36 h-11 hover:opacity-80\"\n          style=\"background-image: url('https:\/\/d2jxuf8ovdiw8x.cloudfront.net\/uploads\/sites\/24\/2025\/12\/Google-play-white.png');\"\n          target=\"_blank\"\n          href='\/download%20app%20slug'><\/a>\n      <\/div>\n\n    <\/div>\n  <\/div>\n\n\n      <div class=\"block md:hidden text-base text-black px-6 pt-12 pb-4\"><p>Pour les fr\u00e8res Senac, le canard, c\u2019est une histoire d\u2019amour. Apr\u00e8s une jeunesse sur les terrains de rugby, Claude et Pierre ont repris la ferme familiale. Ils s\u2019y consacrent \u00e0 la deuxi\u00e8me tradition de la r\u00e9gion avec une passion h\u00e9rit\u00e9e de g\u00e9n\u00e9ration en g\u00e9n\u00e9ration.<\/p>\n<\/div>\n  <\/section>\n\n\n\n<section id='' class=\"text-media mx-auto px-0 md:px-24 bg-transparent \n  media-right non-overlap   \">\n  <div class=\"container !px-6 pb-10 flex items-center md:!gap-14 !min-h-[auto] md:px-0\n    md:flex-row-reverse    flex-col gap-8\">\n    <div class=\"media relative md:absolute z-10 left-0 basis-2\/3 w-full md:max-w-[712px] \">\n                <img class='image w-full h-full rounded-3xl mobile-rounded-0 object-cover' src='https:\/\/d2jxuf8ovdiw8x.cloudfront.net\/uploads\/sites\/20\/2026\/03\/Duck-farm-FR.png' alt=\"\">\n                    <\/div>\n    <div class='content relative md:absolute !w-full p-0 basis-1\/3 rounded-3xl right-0 z-20 md:max-w-lg\n      prose-headings:!mb-4 prose-p:text-base prose-p:leading-6 prose-p:!p-0 prose-p:!m-0\n      prose-headings:font-bold prose-headings:text-h3 md:prose-p:text-xl      prose-p:text-grey3      '>\n      <h2><span class=\"text-black\"><strong>Le go\u00fbt des bonnes choses<\/strong><\/span><\/h2>\n<p><span class=\"text-black\">Ce qui guide Claude et Pierre Senac ? L\u2019amour des bons produits et la joie d\u2019une belle table. Ce go\u00fbt du terroir, c\u2019est un \u00e9tat d\u2019esprit qui se retrouve au c\u0153ur de leur m\u00e9tier. \u00c0 la ferme de Phalange, ils \u00e9l\u00e8vent leurs canards comme on le fait depuis toujours dans le Gers : avec patience, au grain et en plein air.<\/span><\/p>\n            <div class=\"mt-6\">\n        <a href=\"https:\/\/2a2d.adj.st\/store\/page;id=theme-page-202611-duck-magret?adj_t=1ynm743d_1ypkgsky&#038;adj_campaign=FR&#038;adj_adgroup=telecharger-app&#038;adj_fallback=https%3A%2F%2Fpicnic.app%2Ffr%2Ftelecharger-app%2F&#038;adj_redirect_macos=https%3A%2F%2Fpicnic.app%2Ffr%2Ftelecharger-app%2F\"\n   class=\"\"\n   target=\"_blank\">\n    <div class=\"inline-block px-3 py-2 text-body text-center text-white rounded-lg bg-green\">\n    <span class=\"hidden md:inline\">Essayez le canard de la ferme de Phalange<\/span>\n        <span class=\"inline md:hidden\">Essayez le canard de la ferme de Phalange<\/span>\n      <\/div>\n  <\/a>\n      <\/div>\n                <\/div>\n  <\/div>\n  <\/section>\n\n\n\n<section id='' class=\"text-media mx-auto px-0 md:px-24 bg-grey0 \n  media-left non-overlap   \">\n  <div class=\"container !px-6 pb-10 flex items-center md:!gap-14 !min-h-[auto] md:px-0\n    md:flex-row    flex-col gap-8\">\n    <div class=\"media relative md:absolute z-10 left-0 basis-2\/3 w-full md:max-w-[712px] \">\n                <img class='image w-full h-full rounded-3xl mobile-rounded-0 object-cover' src='https:\/\/d2jxuf8ovdiw8x.cloudfront.net\/uploads\/sites\/20\/2026\/03\/Happy-Ducks-FR-1.png' alt=\"\">\n                    <\/div>\n    <div class='content relative md:absolute !w-full p-0 basis-1\/3 rounded-3xl right-0 z-20 md:max-w-lg\n      prose-headings:!mb-4 prose-p:text-base prose-p:leading-6 prose-p:!p-0 prose-p:!m-0\n      prose-headings:font-bold prose-headings:text-h3 md:prose-p:text-xl      prose-p:text-grey3      '>\n      <h2><span class=\"text-black\"><strong>La garantie du plein air<\/strong><\/span><\/h2>\n<p><span class=\"text-black\">D\u00e8s leur premier jour \u00e0 la ferme de Phalange, les canards s\u2019\u00e9panouissent en totale libert\u00e9 sur des parcours herbeux entrelac\u00e9s de sillons de ma\u00efs. Les canards se nourrissent d\u2019herbe, des c\u00e9r\u00e9ales cultiv\u00e9es sur place et de prot\u00e9ines v\u00e9g\u00e9tales. Un cadre naturel et une alimentation qui garantissent une croissance sereine. <\/span><\/p>\n                <\/div>\n  <\/div>\n  <\/section>\n\n\n<section id='' class=\"simple-text bg-transparent\">\n  <div class=\"relative max-w-1350 mx-auto my-0 w-full px-6 py-14\">\n        <div class=\"flex flex-col md:flex-row gap-x-10 max-w-full prose prose-a:text-red prose-a:font-bold prose-a:no-underline\">\n              <div class=\"flex-1\">\n          <p class=\"text-center\"><span class=\"text-2xl\"><em><span class=\"text-black\">\u201cLe bien-\u00eatre de nos canards est notre priorit\u00e9. C\u2019est ce qui garantit notre qualit\u00e9.\u201d<\/span><\/em><\/span><\/p>\n<p class=\"text-center\"><span class=\"text-2xl\">\u00a0<span class=\"text-black\">&#8211; Claude et Pierre Senac<\/span><\/span><\/p>\n        <\/div>\n                <\/div>\n  <\/div>\n<\/section>\n\n\n\n\n<section id='' class=\"text-media mx-auto px-0 md:px-24 bg-grey0 \n  media-right non-overlap   \">\n  <div class=\"container !px-6 pb-10 flex items-center md:!gap-14 !min-h-[auto] md:px-0\n    md:flex-row-reverse    flex-col gap-8\">\n    <div class=\"media relative md:absolute z-10 left-0 basis-2\/3 w-full md:max-w-[712px] \">\n                <img class='image w-full h-full rounded-3xl mobile-rounded-0 object-cover' src='https:\/\/d2jxuf8ovdiw8x.cloudfront.net\/uploads\/sites\/20\/2026\/03\/FR-Group-of-Ducks-1.png' alt=\"\">\n                    <\/div>\n    <div class='content relative md:absolute !w-full p-0 basis-1\/3 rounded-3xl right-0 z-20 md:max-w-lg\n      prose-headings:!mb-4 prose-p:text-base prose-p:leading-6 prose-p:!p-0 prose-p:!m-0\n      prose-headings:font-bold prose-headings:text-h3 md:prose-p:text-xl      prose-p:text-grey3      '>\n      <h2><span class=\"text-black\"><strong>Des producteurs qui veillent au grain <\/strong><\/span><\/h2>\n<p><span class=\"text-black\">\u00c0 la ferme de Phalange, l\u2019exigence de qualit\u00e9 guide chaque geste. Pour la garantir, Claude et Pierre ma\u00eetrisent personnellement chaque \u00e9tape du parcours sans interm\u00e9diaire. Ils s\u2019occupent de leurs canards de l\u2019\u00e9levage \u00e0 la pr\u00e9paration, en ne laissant rien au hasard. <\/span><\/p>\n                <\/div>\n  <\/div>\n  <\/section>\n\n\n\n<section id='' class=\"text-media mx-auto px-0 md:px-24 bg-transparent \n  media-right non-overlap   \">\n  <div class=\"container !px-6 pb-10 flex items-center md:!gap-14 !min-h-[auto] md:px-0\n    md:flex-row-reverse    flex-col gap-8\">\n    <div class=\"media relative md:absolute z-10 left-0 basis-2\/3 w-full md:max-w-[712px] \">\n                <img class='image w-full h-full rounded-3xl mobile-rounded-0 object-cover' src='https:\/\/d2jxuf8ovdiw8x.cloudfront.net\/uploads\/sites\/20\/2026\/03\/FR-Duck-Farm-Panorama.jpg' alt=\"\">\n                    <\/div>\n    <div class='content relative md:absolute !w-full p-0 basis-1\/3 rounded-3xl right-0 z-20 md:max-w-lg\n      prose-headings:!mb-4 prose-p:text-base prose-p:leading-6 prose-p:!p-0 prose-p:!m-0\n      prose-headings:font-bold prose-headings:text-h3 md:prose-p:text-xl      prose-p:text-grey3      '>\n      <h2><span class=\"text-black\"><strong>D\u00e9couvrez le canard de la ferme de Phalange sur Picnic<\/strong><\/span><\/h2>\n<p><span class=\"text-black\">Chez Picnic, on aime les bonnes choses. <strong>La viande<\/strong> d\u2019origine, <strong>le fromage<\/strong> affin\u00e9 comme il faut, <strong>les fruits et l\u00e9gumes<\/strong> de nos r\u00e9gions\u2026 Alors on va les chercher chez les meilleurs producteurs r\u00e9gionaux, et on vous les <span class=\"text-green\"><strong><a class=\"text-green\" href=\"https:\/\/picnic.app\/fr\/supermarche-en-ligne\/livraison-courses\/\">livre gratuitement chez vous<\/a><\/strong><\/span>.<\/span><\/p>\n<p>&nbsp;<\/p>\n<p><span class=\"text-black\">T\u00e9l\u00e9chargez <span class=\"text-green\"><strong><a class=\"text-green\" href=\"https:\/\/picnic.app\/fr\/telecharger-app\/\">l\u2019appli Picnic<\/a><\/strong><\/span> pour go\u00fbter l\u2019excellence de la Ferme de Phalange. <\/span><\/p>\n                      <div class=\"mt-6\">\n              <div class='buttons direct flex hero'>\n                  <a href='\/download%20app%20slug'\n                     class='locale btn ios transition-trigger js-download-ios -ios'><\/a>\n                  <a href='\/download%20app%20slug'\n                     class='locale btn android transition-trigger js-download-android -android'><\/a>\n                  <a href='\/download%20app%20slug'\n                     class='btn mobile transition-trigger red js-download justify-center !bg-none !bg-red !py-3 !px-4 !inline-block\n            md:!hidden '>download app<\/a>\n              <\/div>\n          <\/div>\n          <\/div>\n  <\/div>\n  <\/section>\n","protected":false},"excerpt":{"rendered":"","protected":false},"author":587,"featured_media":7272,"parent":7284,"menu_order":0,"comment_status":"closed","ping_status":"closed","template":"","meta":{"footnotes":""},"class_list":["post-7263","page","type-page","status-publish","has-post-thumbnail","hentry"],"acf":[],"yoast_head":"<!-- This site is optimized with the Yoast SEO Premium plugin v25.8 (Yoast SEO v25.9) - https:\/\/yoast.com\/wordpress\/plugins\/seo\/ -->\n<title>La tradition du canard gersois \u00e0 la ferme de Phalange | Picnic<\/title>\n<meta name=\"description\" content=\"\u00c0 la rencontre de l\u2019\u00e9levage artisanal de Claude et Pierre Senac : un savoir-faire exigeant pour vous apporter le meilleur du Sud-Ouest \ud83e\udd86\u2728\" \/>\n<meta name=\"robots\" content=\"index, follow, max-snippet:-1, max-image-preview:large, max-video-preview:-1\" \/>\n<link rel=\"canonical\" href=\"https:\/\/picnic.app\/fr\/a-propos\/notre-marche-frais\/le-canard-de-la-ferme-de-phalange\/\" \/>\n<meta property=\"og:locale\" content=\"en_US\" \/>\n<meta property=\"og:type\" content=\"article\" \/>\n<meta property=\"og:title\" content=\"La tradition du canard gersois \u00e0 la ferme de Phalange | Picnic\" \/>\n<meta property=\"og:description\" content=\"\u00c0 la rencontre de l\u2019\u00e9levage artisanal de Claude et Pierre Senac : un savoir-faire exigeant pour vous apporter le meilleur du Sud-Ouest \ud83e\udd86\u2728\" \/>\n<meta property=\"og:url\" content=\"https:\/\/picnic.app\/fr\/a-propos\/notre-marche-frais\/le-canard-de-la-ferme-de-phalange\/\" \/>\n<meta property=\"og:site_name\" content=\"Picnic FR\" \/>\n<meta property=\"article:modified_time\" content=\"2026-03-09T08:58:37+00:00\" \/>\n<meta property=\"og:image\" content=\"https:\/\/d2jxuf8ovdiw8x.cloudfront.net\/uploads\/sites\/20\/2026\/03\/Featured-image-FR-Ducks.png\" \/>\n\t<meta property=\"og:image:width\" content=\"1\" \/>\n\t<meta property=\"og:image:height\" content=\"1\" \/>\n\t<meta property=\"og:image:type\" content=\"image\/png\" \/>\n<meta name=\"twitter:card\" content=\"summary_large_image\" \/>\n<meta name=\"twitter:label1\" content=\"Est. reading time\" \/>\n\t<meta name=\"twitter:data1\" content=\"3 minutes\" \/>\n<script type=\"application\/ld+json\" class=\"yoast-schema-graph\">{\"@context\":\"https:\/\/schema.org\",\"@graph\":[{\"@type\":\"WebPage\",\"@id\":\"https:\/\/picnic.app\/fr\/a-propos\/notre-marche-frais\/le-canard-de-la-ferme-de-phalange\/\",\"url\":\"https:\/\/picnic.app\/fr\/a-propos\/notre-marche-frais\/le-canard-de-la-ferme-de-phalange\/\",\"name\":\"La tradition du canard gersois \u00e0 la ferme de Phalange | Picnic\",\"isPartOf\":{\"@id\":\"https:\/\/picnic.app\/fr\/#website\"},\"primaryImageOfPage\":{\"@id\":\"https:\/\/picnic.app\/fr\/a-propos\/notre-marche-frais\/le-canard-de-la-ferme-de-phalange\/#primaryimage\"},\"image\":{\"@id\":\"https:\/\/picnic.app\/fr\/a-propos\/notre-marche-frais\/le-canard-de-la-ferme-de-phalange\/#primaryimage\"},\"thumbnailUrl\":\"https:\/\/d2jxuf8ovdiw8x.cloudfront.net\/uploads\/sites\/20\/2026\/03\/Featured-image-FR-Ducks.png\",\"datePublished\":\"2026-03-09T08:52:27+00:00\",\"dateModified\":\"2026-03-09T08:58:37+00:00\",\"description\":\"\u00c0 la rencontre de l\u2019\u00e9levage artisanal de Claude et Pierre Senac : un savoir-faire exigeant pour vous apporter le meilleur du Sud-Ouest \ud83e\udd86\u2728\",\"breadcrumb\":{\"@id\":\"https:\/\/picnic.app\/fr\/a-propos\/notre-marche-frais\/le-canard-de-la-ferme-de-phalange\/#breadcrumb\"},\"inLanguage\":\"en-US\",\"potentialAction\":[{\"@type\":\"ReadAction\",\"target\":[\"https:\/\/picnic.app\/fr\/a-propos\/notre-marche-frais\/le-canard-de-la-ferme-de-phalange\/\"]}]},{\"@type\":\"ImageObject\",\"inLanguage\":\"en-US\",\"@id\":\"https:\/\/picnic.app\/fr\/a-propos\/notre-marche-frais\/le-canard-de-la-ferme-de-phalange\/#primaryimage\",\"url\":\"https:\/\/d2jxuf8ovdiw8x.cloudfront.net\/uploads\/sites\/20\/2026\/03\/Featured-image-FR-Ducks.png\",\"contentUrl\":\"https:\/\/d2jxuf8ovdiw8x.cloudfront.net\/uploads\/sites\/20\/2026\/03\/Featured-image-FR-Ducks.png\"},{\"@type\":\"BreadcrumbList\",\"@id\":\"https:\/\/picnic.app\/fr\/a-propos\/notre-marche-frais\/le-canard-de-la-ferme-de-phalange\/#breadcrumb\",\"itemListElement\":[{\"@type\":\"ListItem\",\"position\":1,\"name\":\"\u00c0 propos\",\"item\":\"https:\/\/picnic.app\/fr\/a-propos\/\"},{\"@type\":\"ListItem\",\"position\":2,\"name\":\"Le canard de la ferme de Phalange\",\"item\":\"https:\/\/picnic.app\/fr\/a-propos\/notre-marche-frais\/\"},{\"@type\":\"ListItem\",\"position\":3,\"name\":\"Le canard de la ferme de Phalange\"}]},{\"@type\":\"WebSite\",\"@id\":\"https:\/\/picnic.app\/fr\/#website\",\"url\":\"https:\/\/picnic.app\/fr\/\",\"name\":\"Picnic FR\",\"description\":\"Le supermarch\u00e9 en linge\",\"potentialAction\":[{\"@type\":\"SearchAction\",\"target\":{\"@type\":\"EntryPoint\",\"urlTemplate\":\"https:\/\/picnic.app\/fr\/?s={search_term_string}\"},\"query-input\":{\"@type\":\"PropertyValueSpecification\",\"valueRequired\":true,\"valueName\":\"search_term_string\"}}],\"inLanguage\":\"en-US\"}]}<\/script>\n<!-- \/ Yoast SEO Premium plugin. -->","yoast_head_json":{"title":"La tradition du canard gersois \u00e0 la ferme de Phalange | Picnic","description":"\u00c0 la rencontre de l\u2019\u00e9levage artisanal de Claude et Pierre Senac : un savoir-faire exigeant pour vous apporter le meilleur du Sud-Ouest \ud83e\udd86\u2728","robots":{"index":"index","follow":"follow","max-snippet":"max-snippet:-1","max-image-preview":"max-image-preview:large","max-video-preview":"max-video-preview:-1"},"canonical":"https:\/\/picnic.app\/fr\/a-propos\/notre-marche-frais\/le-canard-de-la-ferme-de-phalange\/","og_locale":"en_US","og_type":"article","og_title":"La tradition du canard gersois \u00e0 la ferme de Phalange | Picnic","og_description":"\u00c0 la rencontre de l\u2019\u00e9levage artisanal de Claude et Pierre Senac : un savoir-faire exigeant pour vous apporter le meilleur du Sud-Ouest \ud83e\udd86\u2728","og_url":"https:\/\/picnic.app\/fr\/a-propos\/notre-marche-frais\/le-canard-de-la-ferme-de-phalange\/","og_site_name":"Picnic FR","article_modified_time":"2026-03-09T08:58:37+00:00","og_image":[{"url":"https:\/\/d2jxuf8ovdiw8x.cloudfront.net\/uploads\/sites\/20\/2026\/03\/Featured-image-FR-Ducks.png","width":1,"height":1,"type":"image\/png"}],"twitter_card":"summary_large_image","twitter_misc":{"Est. reading time":"3 minutes"},"schema":{"@context":"https:\/\/schema.org","@graph":[{"@type":"WebPage","@id":"https:\/\/picnic.app\/fr\/a-propos\/notre-marche-frais\/le-canard-de-la-ferme-de-phalange\/","url":"https:\/\/picnic.app\/fr\/a-propos\/notre-marche-frais\/le-canard-de-la-ferme-de-phalange\/","name":"La tradition du canard gersois \u00e0 la ferme de Phalange | Picnic","isPartOf":{"@id":"https:\/\/picnic.app\/fr\/#website"},"primaryImageOfPage":{"@id":"https:\/\/picnic.app\/fr\/a-propos\/notre-marche-frais\/le-canard-de-la-ferme-de-phalange\/#primaryimage"},"image":{"@id":"https:\/\/picnic.app\/fr\/a-propos\/notre-marche-frais\/le-canard-de-la-ferme-de-phalange\/#primaryimage"},"thumbnailUrl":"https:\/\/d2jxuf8ovdiw8x.cloudfront.net\/uploads\/sites\/20\/2026\/03\/Featured-image-FR-Ducks.png","datePublished":"2026-03-09T08:52:27+00:00","dateModified":"2026-03-09T08:58:37+00:00","description":"\u00c0 la rencontre de l\u2019\u00e9levage artisanal de Claude et Pierre Senac : un savoir-faire exigeant pour vous apporter le meilleur du Sud-Ouest \ud83e\udd86\u2728","breadcrumb":{"@id":"https:\/\/picnic.app\/fr\/a-propos\/notre-marche-frais\/le-canard-de-la-ferme-de-phalange\/#breadcrumb"},"inLanguage":"en-US","potentialAction":[{"@type":"ReadAction","target":["https:\/\/picnic.app\/fr\/a-propos\/notre-marche-frais\/le-canard-de-la-ferme-de-phalange\/"]}]},{"@type":"ImageObject","inLanguage":"en-US","@id":"https:\/\/picnic.app\/fr\/a-propos\/notre-marche-frais\/le-canard-de-la-ferme-de-phalange\/#primaryimage","url":"https:\/\/d2jxuf8ovdiw8x.cloudfront.net\/uploads\/sites\/20\/2026\/03\/Featured-image-FR-Ducks.png","contentUrl":"https:\/\/d2jxuf8ovdiw8x.cloudfront.net\/uploads\/sites\/20\/2026\/03\/Featured-image-FR-Ducks.png"},{"@type":"BreadcrumbList","@id":"https:\/\/picnic.app\/fr\/a-propos\/notre-marche-frais\/le-canard-de-la-ferme-de-phalange\/#breadcrumb","itemListElement":[{"@type":"ListItem","position":1,"name":"\u00c0 propos","item":"https:\/\/picnic.app\/fr\/a-propos\/"},{"@type":"ListItem","position":2,"name":"Le canard de la ferme de Phalange","item":"https:\/\/picnic.app\/fr\/a-propos\/notre-marche-frais\/"},{"@type":"ListItem","position":3,"name":"Le canard de la ferme de Phalange"}]},{"@type":"WebSite","@id":"https:\/\/picnic.app\/fr\/#website","url":"https:\/\/picnic.app\/fr\/","name":"Picnic FR","description":"Le supermarch\u00e9 en linge","potentialAction":[{"@type":"SearchAction","target":{"@type":"EntryPoint","urlTemplate":"https:\/\/picnic.app\/fr\/?s={search_term_string}"},"query-input":{"@type":"PropertyValueSpecification","valueRequired":true,"valueName":"search_term_string"}}],"inLanguage":"en-US"}]}},"_links":{"self":[{"href":"https:\/\/picnic.app\/fr\/wp-json\/wp\/v2\/pages\/7263","targetHints":{"allow":["GET"]}}],"collection":[{"href":"https:\/\/picnic.app\/fr\/wp-json\/wp\/v2\/pages"}],"about":[{"href":"https:\/\/picnic.app\/fr\/wp-json\/wp\/v2\/types\/page"}],"author":[{"embeddable":true,"href":"https:\/\/picnic.app\/fr\/wp-json\/wp\/v2\/users\/587"}],"replies":[{"embeddable":true,"href":"https:\/\/picnic.app\/fr\/wp-json\/wp\/v2\/comments?post=7263"}],"version-history":[{"count":9,"href":"https:\/\/picnic.app\/fr\/wp-json\/wp\/v2\/pages\/7263\/revisions"}],"predecessor-version":[{"id":7280,"href":"https:\/\/picnic.app\/fr\/wp-json\/wp\/v2\/pages\/7263\/revisions\/7280"}],"up":[{"embeddable":true,"href":"https:\/\/picnic.app\/fr\/wp-json\/wp\/v2\/pages\/7284"}],"wp:featuredmedia":[{"embeddable":true,"href":"https:\/\/picnic.app\/fr\/wp-json\/wp\/v2\/media\/7272"}],"wp:attachment":[{"href":"https:\/\/picnic.app\/fr\/wp-json\/wp\/v2\/media?parent=7263"}],"curies":[{"name":"wp","href":"https:\/\/api.w.org\/{rel}","templated":true}]}}