{"id":7330,"date":"2026-03-10T14:44:54","date_gmt":"2026-03-10T14:44:54","guid":{"rendered":"https:\/\/picnic.app\/fr\/?page_id=7330"},"modified":"2026-03-25T12:01:33","modified_gmt":"2026-03-25T12:01:33","slug":"conseils-courses-durables","status":"publish","type":"page","link":"https:\/\/picnic.app\/fr\/a-propos\/conseils-courses-durables\/","title":{"rendered":"2026_FR_Sustainable Grocery Shopping"},"content":{"rendered":"\n<style>\n  .location-hero-bg {\n    background-image: linear-gradient(13deg,rgba(0, 0, 0, 1) -60%, rgba(0, 0, 0, 0) 61%), url(https:\/\/d2jxuf8ovdiw8x.cloudfront.net\/uploads\/sites\/20\/2026\/03\/FRSusShopWeb.png);\n  }\n\n  @media screen and (max-width: 768px) {\n    .location-hero-bg {\n      background-image: url(https:\/\/d2jxuf8ovdiw8x.cloudfront.net\/uploads\/sites\/20\/2026\/03\/Header-mobileSus.png);\n    }\n  }\n<\/style>\n\n<section id=\"\">\n\n  <div class=\"location-hero-bg bg-no-repeat bg-cover bg-center max-w-[1920px] mx-auto\">\n    <div class=\"text-center md:text-left content-center md:content-end px-6 md:px-10 lg:px-25 py-10 md:py-20 h-[480px] md:h-[640px] text-shadow-[0px 0px 25px black]\">\n      \n              <h1 class=\"text-[40px] mb-8 md:mb-4 text-white\">8 r\u00e9flexes simples pour des courses plus vertes<\/h2>\n      \n              <div class=\"hidden w-1\/2 md:block text-base text-white\"><p>Pas besoin de changer toutes ses habitudes pour agir. Quelques petits changements dans votre panier permettent d\u00e9j\u00e0 de r\u00e9duire votre impact. Voici 8 id\u00e9es faciles \u00e0 mettre en place d\u00e8s votre prochaine commande.<\/p>\n<\/div>\n      \n              <a class=\"js-download before:hidden !inline mt-4 bg-green8 p-3 rounded-xl text-white font-semibold md:!hidden\"\n           target=\"_blank\"\n           href='\/download%20app%20slug'>T\u00e9l\u00e9charger l&#039;appli<\/a>\n      \n      <div class=\"buttons direct !hidden md:!flex mt-4 gap-2 relative flex-row\">\n        <a class=\"js-download-ios rounded-md bg-cover bg-center w-36 h-11 hover:opacity-80\"\n          style=\"background-image: url('https:\/\/d2jxuf8ovdiw8x.cloudfront.net\/uploads\/sites\/24\/2025\/12\/App-store-white.png');\"\n          target=\"_blank\"\n          href='\/download%20app%20slug'><\/a>\n        <a class=\"js-download-android rounded-md bg-cover bg-center w-36 h-11 hover:opacity-80\"\n          style=\"background-image: url('https:\/\/d2jxuf8ovdiw8x.cloudfront.net\/uploads\/sites\/24\/2025\/12\/Google-play-white.png');\"\n          target=\"_blank\"\n          href='\/download%20app%20slug'><\/a>\n      <\/div>\n\n    <\/div>\n  <\/div>\n\n\n      <div class=\"block md:hidden text-base text-black px-6 pt-12 pb-4\"><p>Pas besoin de changer toutes ses habitudes pour agir. Quelques petits changements dans votre panier permettent d\u00e9j\u00e0 de r\u00e9duire votre impact. Voici 8 id\u00e9es faciles \u00e0 mettre en place d\u00e8s votre prochaine commande.<\/p>\n<\/div>\n  <\/section>\n\n\n<section id='' class=\"simple-text bg-grey0\">\n  <div class=\"relative max-w-1350 mx-auto my-0 w-full px-6 py-14\">\n        <div class=\"flex flex-col md:flex-row gap-x-10 max-w-full prose prose-a:text-red prose-a:font-bold prose-a:no-underline\">\n              <div class=\"flex-1\">\n          <h2 class=\"text-left\"><strong><span class=\"text-black\">Vos courses font la diff\u00e9rence<\/span><\/strong><\/h2>\n<p><span class=\"text-black\">Saviez-vous que votre liste de courses a du pouvoir ? Choisir le bon produit, c&#8217;est aussi dire non au gaspillage et aux surplus d\u2019emballage. Et en plus, consommation responsable rime souvent avec plus grande fra\u00eecheur. Meilleur pour la plan\u00e8te, et meilleur tout court.<\/span><\/p>\n        <\/div>\n                <\/div>\n  <\/div>\n<\/section>\n\n\n\n<section id='' class=\"simple-text bg-grey0\">\n  <div class=\"relative max-w-1350 mx-auto my-0 w-full px-6 py-14\">\n        <div class=\"flex flex-col md:flex-row gap-x-10 max-w-full prose prose-a:text-red prose-a:font-bold prose-a:no-underline\">\n              <div class=\"flex-1\">\n          <h2 class=\"text-left\"><span class=\"text-black\"><strong><span class=\"text-black\">8 astuces pour des courses plus vertes avec Picnic<\/span><\/strong> <span class=\"text-black\">\ud83c\udf31<\/span><\/span><\/h2>\n<h3><span class=\"text-black\"><strong><span class=\"text-black\">1. Essayez le v\u00e9g\u00e9tal<\/span><\/strong><\/span><\/h3>\n<p><span class=\"text-black\"><span class=\"text-black\">Les alternatives v\u00e9g\u00e9tales consomment moins d&#8217;eau et d&#8217;espace agricole que les produits d&#8217;origine animale. Essayez les<\/span> <a href=\"https:\/\/picnic.app\/fr\/cuisiner-avec-picnic\/idees-recettes\/recettes-vegetaliennes\"><span class=\"text-green\">recettes vegan<\/span><\/a>, <a href=\"https:\/\/picnic.app\/fr\/cuisiner-avec-picnic\/idees-recettes\/recettes-vegetariennes\"><span class=\"text-green\">v\u00e9g\u00e9tariennes<\/span><\/a> <span class=\"text-black\">et options v\u00e9g\u00e9tales dans l\u2019appli. En plus, <strong>toutes nos recettes sont flexibles<\/strong> : vous pouvez remplacez les produits animaux par du v\u00e9g\u00e9tal en un clic.<\/span><\/span><\/p>\n<h3><span class=\"text-black\"><strong><span class=\"text-black\">2. Planifiez vos repas<\/span><\/strong><\/span><\/h3>\n<p><span class=\"text-black\"><span class=\"text-black\">La planification, c&#8217;est bon pour la plan\u00e8te, et encore meilleur pour votre porte-monnaie. Sur Picnic, m\u00eame pas besoin de liste de courses : choisissez simplement<\/span> <a href=\"https:\/\/picnic.app\/fr\/recettes\/\"><span class=\"text-green\">vos recettes<\/span><\/a> <span class=\"text-black\">de la semaine et ajoutez tous les ingr\u00e9dients en un clic. Vous ne recevez <strong><span class=\"text-black\">que ce que vous allez vraiment cuisiner. <\/span><\/strong><\/span><\/span><\/p>\n<h3><strong><span class=\"text-black\">3. Mangez local<\/span><\/strong><\/h3>\n<p><span class=\"text-black\"><span class=\"text-black\">Pourquoi faire faire le tour du monde \u00e0 une pomme ? Privil\u00e9gier les produits de la r\u00e9gion, c&#8217;est <strong>r\u00e9duire radicalement son empreinte<\/strong>. Moins de transport, moins de CO2 et surtout plus de vitamines dans votre assiette : un fruit cueilli \u00e0 maturit\u00e9 pr\u00e8s de chez vous est plus frais, plus croquant et plus riche en nutriments. M\u00eame pas besoin de chercher : nous vous indiquons<\/span> <a href=\"https:\/\/picnic.app\/fr\/a-propos\/notre-marche-frais\/\"><span class=\"text-green\">les produits locaux<\/span><\/a> <span class=\"text-black\">dans l\u2019appli, pour qu\u2019ils se retrouvent dans votre panier en 1 clic. <\/span><\/span><\/p>\n<h3><span class=\"text-black\"><strong><span class=\"text-black\">4. Rep\u00e9rez les bonnes \u00e9tiquettes<\/span><\/strong><\/span><\/h3>\n<p><span class=\"text-black\"><span class=\"text-black\">Les labels <strong>Bio<\/strong> et <strong>Fairtrade<\/strong> sont vos meilleurs alli\u00e9s pour un panier engag\u00e9. Le Bio garantit une culture sans produits chimiques et un meilleur respect du bien-\u00eatre animal. Le <strong>label Fairtrade<\/strong> assure une r\u00e9mun\u00e9ration juste et des conditions de travail dignes pour les producteurs. Pour vous simplifier la vie, ces mentions sont directement int\u00e9gr\u00e9es au nom des produits<\/span> <a href=\"https:\/\/picnic.app\/fr\/telecharger-app\/\"><span class=\"text-green\">dans l&#8217;appli<\/span><\/a><span class=\"text-black\">. Vous pouvez m\u00eame utiliser nos filtres de recherche pour les trouver en un clin d\u2019\u0153il.<\/span> <\/span><\/p>\n<h3><span class=\"text-black\"><strong>5. Faites-vous livrer (et oui !)<\/strong> <\/span><\/h3>\n<p><span class=\"text-black\"><span class=\"text-black\">Contrairement \u00e0 ce qu\u2019on pense, la<\/span> <a href=\"https:\/\/picnic.app\/fr\/supermarche-en-ligne\/livraison-courses\/\"><span class=\"text-green\">livraison \u00e0 domicile<\/span><\/a> <span class=\"text-black\">est souvent moins polluante que le trajet au supermarch\u00e9. Plut\u00f4t que 25 voitures individuelles qui vont au supermarch\u00e9, nos voiturettes \u00e9lectriques livrent tout votre quartier en <strong>une seule tourn\u00e9e<\/strong>. Vous \u00e9conomisez votre \u00e9nergie et celle de la plan\u00e8te. Et comme tout est centralis\u00e9 sur l\u2019appli, pas besoin de faire le tour de la ville pour trouver du bio ou du v\u00e9g\u00e9tal. <\/span><\/span><\/p>\n<h3><strong><span class=\"text-black\">6. Recyclez sans bouger de chez vous<\/span><\/strong><\/h3>\n<p><span class=\"text-black\"><span class=\"text-black\">Ne laissez plus vos sacs et vos bouteilles vides encombrer votre cuisine. Nous simplifions le recyclage en reprenant tout lors de votre prochaine livraison. Rendez vos <strong>sacs Picnic<\/strong> \u00e0 votre livreur et confiez-lui vos <strong>cylindres Sodastream<\/strong>. On s\u2019occupe de tout : votre consigne est cr\u00e9dit\u00e9e instantan\u00e9ment et vos d\u00e9chets finissent dans le bon circuit.<\/span> <\/span><\/p>\n<h3><strong><span class=\"text-black\">7. V\u00e9rifiez l\u2019essentiel<\/span><\/strong><\/h3>\n<p><span class=\"text-black\">D\u2019o\u00f9 vient votre concombre ? Comment sont trait\u00e9es les vaches qui produisent votre lait ? Pour consommer responsable, privil\u00e9giez les <strong>marques transparentes<\/strong> sur le bien-\u00eatre animal, l&#8217;\u00e9thique et les emballages. Et pour vous \u00e9viter de d\u00e9chiffrer chaque \u00e9tiquette, un clic sur un produit et on vous r\u00e9v\u00e8le tout : <strong>origine, mode de production<\/strong> et <strong>impact environnemental<\/strong>.<\/span><\/p>\n<h3><span class=\"text-black\"><strong><span class=\"text-black\">8. Adoptez le r\u00e9flexe recharge<\/span><\/strong><\/span><\/h3>\n<p><span class=\"text-black\"><span class=\"text-black\">Et si on embellissait vos placards ? Plut\u00f4t que de multiplier les petits flacons en plastique, passez au format sup\u00e9rieur. Huiles, \u00e9pices ou entretien : <strong>achetez en grand<\/strong> et<\/span> <span class=\"text-black\"><strong>remplissez vos propres contenants<\/strong> \u00e0 la maison. C\u2019est moins de d\u00e9chets pour la plan\u00e8te, moins de plastique dans la poubelle et une organisation digne d\u2019un magazine de<\/span> <span class=\"text-black\">d\u00e9co. <\/span><\/span><\/p>\n        <\/div>\n                <\/div>\n  <\/div>\n<\/section>\n\n\n\n\n<section id='' class=\"text-media mx-auto px-0 md:px-24 bg-transparent \n  media-right non-overlap   \">\n  <div class=\"container !px-6 pb-10 flex items-center md:!gap-14 !min-h-[auto] md:px-0\n    md:flex-row-reverse    flex-col gap-8\">\n    <div class=\"media relative md:absolute z-10 left-0 basis-2\/3 w-full md:max-w-[712px] \">\n                <img class='image w-full h-full rounded-3xl mobile-rounded-0 object-cover' src='https:\/\/d2jxuf8ovdiw8x.cloudfront.net\/uploads\/sites\/20\/2026\/03\/FRProdukte.png' alt=\"\">\n                    <\/div>\n    <div class='content relative md:absolute !w-full p-0 basis-1\/3 rounded-3xl right-0 z-20 md:max-w-lg\n      prose-headings:!mb-4 prose-p:text-base prose-p:leading-6 prose-p:!p-0 prose-p:!m-0\n      prose-headings:font-bold prose-headings:text-h3 md:prose-p:text-xl      prose-p:text-grey3      '>\n      <h2><strong><span class=\"text-black\">Faites le premier pas, on s&#8217;occupe du reste<\/span><\/strong><\/h2>\n<p><span class=\"text-black\">Pas besoin de devenir un expert de l\u2019\u00e9cologie du jour au lendemain. Commencez doucement avec une ou deux id\u00e9es qui vous plaisent. Que ce soit en d\u00e9nichant des p\u00e9pites locales, en <a href=\"https:\/\/picnic.app\/fr\/cuisiner-avec-picnic\/\"><span class=\"text-green\">planifiant vos repas de la semaine<\/span><\/a> ou en testant une recette veggie, l&#8217;appli Picnic transforme vos bonnes intentions en r\u00e9flexes simples.<\/span><\/p>\n                <\/div>\n  <\/div>\n  <\/section>\n\n\n\n<section id='' class=\"text-media mx-auto px-0 md:px-24 bg-grey0 \n  media-left non-overlap   \">\n  <div class=\"container !px-6 pb-10 flex items-center md:!gap-14 !min-h-[auto] md:px-0\n    md:flex-row    flex-col gap-8\">\n    <div class=\"media relative md:absolute z-10 left-0 basis-2\/3 w-full md:max-w-[712px] \">\n                <img class='image w-full h-full rounded-3xl mobile-rounded-0 object-cover' src='https:\/\/d2jxuf8ovdiw8x.cloudfront.net\/uploads\/sites\/20\/2025\/11\/HighResPicnicVanFR.png' alt=\"V\u00e9hicule \u00e9lectrique Picnic\">\n                    <\/div>\n    <div class='content relative md:absolute !w-full p-0 basis-1\/3 rounded-3xl right-0 z-20 md:max-w-lg\n      prose-headings:!mb-4 prose-p:text-base prose-p:leading-6 prose-p:!p-0 prose-p:!m-0\n      prose-headings:font-bold prose-headings:text-h3 md:prose-p:text-xl      prose-p:text-grey3      '>\n      <h2><span class=\"text-black\"><strong><span class=\"text-black\">T\u00e9l\u00e9chargez l\u2019appli Picnic<\/span><\/strong><\/span><\/h2>\n<p><span class=\"text-black\">L\u2019application Picnic est gratuite et disponible sur iOS et Android. T\u00e9l\u00e9chargez-la d\u00e8s maintenant\u202f!<\/span><\/p>\n                      <div class=\"mt-6\">\n              <div class='buttons direct flex hero'>\n                  <a href='\/download%20app%20slug'\n                     class='locale btn ios transition-trigger js-download-ios -ios'><\/a>\n                  <a href='\/download%20app%20slug'\n                     class='locale btn android transition-trigger js-download-android -android'><\/a>\n                  <a href='\/download%20app%20slug'\n                     class='btn mobile transition-trigger red js-download justify-center !bg-none !bg-red !py-3 !px-4 !inline-block\n            md:!hidden '>download app<\/a>\n              <\/div>\n          <\/div>\n          <\/div>\n  <\/div>\n  <\/section>\n","protected":false},"excerpt":{"rendered":"","protected":false},"author":1102,"featured_media":7331,"parent":7235,"menu_order":0,"comment_status":"closed","ping_status":"closed","template":"","meta":{"footnotes":""},"class_list":["post-7330","page","type-page","status-publish","has-post-thumbnail","hentry"],"acf":[],"yoast_head":"<!-- This site is optimized with the Yoast SEO Premium plugin v25.8 (Yoast SEO v25.9) - https:\/\/yoast.com\/wordpress\/plugins\/seo\/ -->\n<title>Courses alimentaires durables : 8 conseils | Picnic<\/title>\n<meta name=\"description\" content=\"Envie de faire des courses plus durables, sans prise de t\u00eate ? D\u00e9couvrez 8 conseils simples pour gagner du temps, r\u00e9duire le CO\u2082 et limiter les d\u00e9chets.\" \/>\n<meta name=\"robots\" content=\"index, follow, max-snippet:-1, max-image-preview:large, max-video-preview:-1\" \/>\n<link rel=\"canonical\" href=\"https:\/\/picnic.app\/fr\/a-propos\/conseils-courses-durables\/\" \/>\n<meta property=\"og:locale\" content=\"en_US\" \/>\n<meta property=\"og:type\" content=\"article\" \/>\n<meta property=\"og:title\" content=\"Courses alimentaires durables : 8 conseils | Picnic\" \/>\n<meta property=\"og:description\" content=\"Envie de faire des courses plus durables, sans prise de t\u00eate ? D\u00e9couvrez 8 conseils simples pour gagner du temps, r\u00e9duire le CO\u2082 et limiter les d\u00e9chets.\" \/>\n<meta property=\"og:url\" content=\"https:\/\/picnic.app\/fr\/a-propos\/conseils-courses-durables\/\" \/>\n<meta property=\"og:site_name\" content=\"Picnic FR\" \/>\n<meta property=\"article:modified_time\" content=\"2026-03-25T12:01:33+00:00\" \/>\n<meta property=\"og:image\" content=\"https:\/\/d2jxuf8ovdiw8x.cloudfront.net\/uploads\/sites\/20\/2026\/03\/FRSusShopMob.png\" \/>\n\t<meta property=\"og:image:width\" content=\"1\" \/>\n\t<meta property=\"og:image:height\" content=\"1\" \/>\n\t<meta property=\"og:image:type\" content=\"image\/png\" \/>\n<meta name=\"twitter:card\" content=\"summary_large_image\" \/>\n<meta name=\"twitter:label1\" content=\"Est. reading time\" \/>\n\t<meta name=\"twitter:data1\" content=\"4 minutes\" \/>\n<script type=\"application\/ld+json\" class=\"yoast-schema-graph\">{\"@context\":\"https:\/\/schema.org\",\"@graph\":[{\"@type\":\"WebPage\",\"@id\":\"https:\/\/picnic.app\/fr\/a-propos\/conseils-courses-durables\/\",\"url\":\"https:\/\/picnic.app\/fr\/a-propos\/conseils-courses-durables\/\",\"name\":\"Courses alimentaires durables : 8 conseils | Picnic\",\"isPartOf\":{\"@id\":\"https:\/\/picnic.app\/fr\/#website\"},\"primaryImageOfPage\":{\"@id\":\"https:\/\/picnic.app\/fr\/a-propos\/conseils-courses-durables\/#primaryimage\"},\"image\":{\"@id\":\"https:\/\/picnic.app\/fr\/a-propos\/conseils-courses-durables\/#primaryimage\"},\"thumbnailUrl\":\"https:\/\/d2jxuf8ovdiw8x.cloudfront.net\/uploads\/sites\/20\/2026\/03\/FRSusShopMob.png\",\"datePublished\":\"2026-03-10T14:44:54+00:00\",\"dateModified\":\"2026-03-25T12:01:33+00:00\",\"description\":\"Envie de faire des courses plus durables, sans prise de t\u00eate ? D\u00e9couvrez 8 conseils simples pour gagner du temps, r\u00e9duire le CO\u2082 et limiter les d\u00e9chets.\",\"breadcrumb\":{\"@id\":\"https:\/\/picnic.app\/fr\/a-propos\/conseils-courses-durables\/#breadcrumb\"},\"inLanguage\":\"en-US\",\"potentialAction\":[{\"@type\":\"ReadAction\",\"target\":[\"https:\/\/picnic.app\/fr\/a-propos\/conseils-courses-durables\/\"]}]},{\"@type\":\"ImageObject\",\"inLanguage\":\"en-US\",\"@id\":\"https:\/\/picnic.app\/fr\/a-propos\/conseils-courses-durables\/#primaryimage\",\"url\":\"https:\/\/d2jxuf8ovdiw8x.cloudfront.net\/uploads\/sites\/20\/2026\/03\/FRSusShopMob.png\",\"contentUrl\":\"https:\/\/d2jxuf8ovdiw8x.cloudfront.net\/uploads\/sites\/20\/2026\/03\/FRSusShopMob.png\"},{\"@type\":\"BreadcrumbList\",\"@id\":\"https:\/\/picnic.app\/fr\/a-propos\/conseils-courses-durables\/#breadcrumb\",\"itemListElement\":[{\"@type\":\"ListItem\",\"position\":1,\"name\":\"\u00c0 propos\",\"item\":\"https:\/\/picnic.app\/fr\/a-propos\/\"},{\"@type\":\"ListItem\",\"position\":2,\"name\":\"8 conseils pour des courses alimentaires plus durables\"}]},{\"@type\":\"WebSite\",\"@id\":\"https:\/\/picnic.app\/fr\/#website\",\"url\":\"https:\/\/picnic.app\/fr\/\",\"name\":\"Picnic FR\",\"description\":\"Le supermarch\u00e9 en linge\",\"potentialAction\":[{\"@type\":\"SearchAction\",\"target\":{\"@type\":\"EntryPoint\",\"urlTemplate\":\"https:\/\/picnic.app\/fr\/?s={search_term_string}\"},\"query-input\":{\"@type\":\"PropertyValueSpecification\",\"valueRequired\":true,\"valueName\":\"search_term_string\"}}],\"inLanguage\":\"en-US\"},{\"@type\":\"Person\",\"@id\":\"https:\/\/picnic.app\/fr\/#\/schema\/person\/db867755fd6eda03b7e05cfe43f32916\",\"name\":\"kfritz\",\"image\":{\"@type\":\"ImageObject\",\"inLanguage\":\"en-US\",\"@id\":\"https:\/\/picnic.app\/fr\/#\/schema\/person\/image\/\",\"url\":\"https:\/\/secure.gravatar.com\/avatar\/2041e344e06d250c10693ea6ae237d20867c5efa64058e97fa6b99fdc890d0ed?s=96&d=mm&r=g\",\"contentUrl\":\"https:\/\/secure.gravatar.com\/avatar\/2041e344e06d250c10693ea6ae237d20867c5efa64058e97fa6b99fdc890d0ed?s=96&d=mm&r=g\",\"caption\":\"kfritz\"},\"url\":\"https:\/\/picnic.app\/fr\/author\/kfritz\/\"}]}<\/script>\n<!-- \/ Yoast SEO Premium plugin. -->","yoast_head_json":{"title":"Courses alimentaires durables : 8 conseils | Picnic","description":"Envie de faire des courses plus durables, sans prise de t\u00eate ? D\u00e9couvrez 8 conseils simples pour gagner du temps, r\u00e9duire le CO\u2082 et limiter les d\u00e9chets.","robots":{"index":"index","follow":"follow","max-snippet":"max-snippet:-1","max-image-preview":"max-image-preview:large","max-video-preview":"max-video-preview:-1"},"canonical":"https:\/\/picnic.app\/fr\/a-propos\/conseils-courses-durables\/","og_locale":"en_US","og_type":"article","og_title":"Courses alimentaires durables : 8 conseils | Picnic","og_description":"Envie de faire des courses plus durables, sans prise de t\u00eate ? D\u00e9couvrez 8 conseils simples pour gagner du temps, r\u00e9duire le CO\u2082 et limiter les d\u00e9chets.","og_url":"https:\/\/picnic.app\/fr\/a-propos\/conseils-courses-durables\/","og_site_name":"Picnic FR","article_modified_time":"2026-03-25T12:01:33+00:00","og_image":[{"url":"https:\/\/d2jxuf8ovdiw8x.cloudfront.net\/uploads\/sites\/20\/2026\/03\/FRSusShopMob.png","width":1,"height":1,"type":"image\/png"}],"twitter_card":"summary_large_image","twitter_misc":{"Est. reading time":"4 minutes"},"schema":{"@context":"https:\/\/schema.org","@graph":[{"@type":"WebPage","@id":"https:\/\/picnic.app\/fr\/a-propos\/conseils-courses-durables\/","url":"https:\/\/picnic.app\/fr\/a-propos\/conseils-courses-durables\/","name":"Courses alimentaires durables : 8 conseils | Picnic","isPartOf":{"@id":"https:\/\/picnic.app\/fr\/#website"},"primaryImageOfPage":{"@id":"https:\/\/picnic.app\/fr\/a-propos\/conseils-courses-durables\/#primaryimage"},"image":{"@id":"https:\/\/picnic.app\/fr\/a-propos\/conseils-courses-durables\/#primaryimage"},"thumbnailUrl":"https:\/\/d2jxuf8ovdiw8x.cloudfront.net\/uploads\/sites\/20\/2026\/03\/FRSusShopMob.png","datePublished":"2026-03-10T14:44:54+00:00","dateModified":"2026-03-25T12:01:33+00:00","description":"Envie de faire des courses plus durables, sans prise de t\u00eate ? D\u00e9couvrez 8 conseils simples pour gagner du temps, r\u00e9duire le CO\u2082 et limiter les d\u00e9chets.","breadcrumb":{"@id":"https:\/\/picnic.app\/fr\/a-propos\/conseils-courses-durables\/#breadcrumb"},"inLanguage":"en-US","potentialAction":[{"@type":"ReadAction","target":["https:\/\/picnic.app\/fr\/a-propos\/conseils-courses-durables\/"]}]},{"@type":"ImageObject","inLanguage":"en-US","@id":"https:\/\/picnic.app\/fr\/a-propos\/conseils-courses-durables\/#primaryimage","url":"https:\/\/d2jxuf8ovdiw8x.cloudfront.net\/uploads\/sites\/20\/2026\/03\/FRSusShopMob.png","contentUrl":"https:\/\/d2jxuf8ovdiw8x.cloudfront.net\/uploads\/sites\/20\/2026\/03\/FRSusShopMob.png"},{"@type":"BreadcrumbList","@id":"https:\/\/picnic.app\/fr\/a-propos\/conseils-courses-durables\/#breadcrumb","itemListElement":[{"@type":"ListItem","position":1,"name":"\u00c0 propos","item":"https:\/\/picnic.app\/fr\/a-propos\/"},{"@type":"ListItem","position":2,"name":"8 conseils pour des courses alimentaires plus durables"}]},{"@type":"WebSite","@id":"https:\/\/picnic.app\/fr\/#website","url":"https:\/\/picnic.app\/fr\/","name":"Picnic FR","description":"Le supermarch\u00e9 en linge","potentialAction":[{"@type":"SearchAction","target":{"@type":"EntryPoint","urlTemplate":"https:\/\/picnic.app\/fr\/?s={search_term_string}"},"query-input":{"@type":"PropertyValueSpecification","valueRequired":true,"valueName":"search_term_string"}}],"inLanguage":"en-US"},{"@type":"Person","@id":"https:\/\/picnic.app\/fr\/#\/schema\/person\/db867755fd6eda03b7e05cfe43f32916","name":"kfritz","image":{"@type":"ImageObject","inLanguage":"en-US","@id":"https:\/\/picnic.app\/fr\/#\/schema\/person\/image\/","url":"https:\/\/secure.gravatar.com\/avatar\/2041e344e06d250c10693ea6ae237d20867c5efa64058e97fa6b99fdc890d0ed?s=96&d=mm&r=g","contentUrl":"https:\/\/secure.gravatar.com\/avatar\/2041e344e06d250c10693ea6ae237d20867c5efa64058e97fa6b99fdc890d0ed?s=96&d=mm&r=g","caption":"kfritz"},"url":"https:\/\/picnic.app\/fr\/author\/kfritz\/"}]}},"_links":{"self":[{"href":"https:\/\/picnic.app\/fr\/wp-json\/wp\/v2\/pages\/7330","targetHints":{"allow":["GET"]}}],"collection":[{"href":"https:\/\/picnic.app\/fr\/wp-json\/wp\/v2\/pages"}],"about":[{"href":"https:\/\/picnic.app\/fr\/wp-json\/wp\/v2\/types\/page"}],"author":[{"embeddable":true,"href":"https:\/\/picnic.app\/fr\/wp-json\/wp\/v2\/users\/1102"}],"replies":[{"embeddable":true,"href":"https:\/\/picnic.app\/fr\/wp-json\/wp\/v2\/comments?post=7330"}],"version-history":[{"count":32,"href":"https:\/\/picnic.app\/fr\/wp-json\/wp\/v2\/pages\/7330\/revisions"}],"predecessor-version":[{"id":7557,"href":"https:\/\/picnic.app\/fr\/wp-json\/wp\/v2\/pages\/7330\/revisions\/7557"}],"up":[{"embeddable":true,"href":"https:\/\/picnic.app\/fr\/wp-json\/wp\/v2\/pages\/7235"}],"wp:featuredmedia":[{"embeddable":true,"href":"https:\/\/picnic.app\/fr\/wp-json\/wp\/v2\/media\/7331"}],"wp:attachment":[{"href":"https:\/\/picnic.app\/fr\/wp-json\/wp\/v2\/media?parent=7330"}],"curies":[{"name":"wp","href":"https:\/\/api.w.org\/{rel}","templated":true}]}}