{"id":7712,"date":"2026-04-07T11:04:07","date_gmt":"2026-04-07T11:04:07","guid":{"rendered":"https:\/\/picnic.app\/fr\/?page_id=7712"},"modified":"2026-04-07T13:12:41","modified_gmt":"2026-04-07T13:12:41","slug":"aliments-bio-durables","status":"publish","type":"page","link":"https:\/\/picnic.app\/fr\/a-propos\/aliments-bio-durables\/","title":{"rendered":"2026_FR_Food Quality (Sustainability)"},"content":{"rendered":"\n<style>\n  .location-hero-bg {\n    background-image: linear-gradient(13deg,rgba(0, 0, 0, 1) -60%, rgba(0, 0, 0, 0) 61%), url(https:\/\/d2jxuf8ovdiw8x.cloudfront.net\/uploads\/sites\/20\/2026\/04\/SusQualityWeb.png);\n  }\n\n  @media screen and (max-width: 768px) {\n    .location-hero-bg {\n      background-image: url(https:\/\/d2jxuf8ovdiw8x.cloudfront.net\/uploads\/sites\/20\/2026\/04\/SusQualityMob.png);\n    }\n  }\n<\/style>\n\n<section id=\"\">\n\n  <div class=\"location-hero-bg bg-no-repeat bg-cover bg-center max-w-[1920px] mx-auto\">\n    <div class=\"text-center md:text-left content-center md:content-end px-6 md:px-10 lg:px-25 py-10 md:py-20 h-[480px] md:h-[640px] text-shadow-[0px 0px 25px black]\">\n      \n              <h1 class=\"text-[40px] mb-8 md:mb-4 text-black\">Vos courses bio, en 1 clic sur Picnic<\/h2>\n      \n              <div class=\"hidden w-1\/2 md:block text-base text-black\"><p>Courir de magasin en magasin pour trouver du bio ? Non merci ! Avec Picnic, commandez vos produits biologiques pr\u00e9f\u00e9r\u00e9s et vos articles du quotidien en quelques clics et nous les livrons directement \u00e0 domicile. Simple, pratique, et pens\u00e9 pour faciliter vos courses bio en ligne.<\/p>\n<\/div>\n      \n              <a class=\"js-download before:hidden !inline mt-4 bg-green8 p-3 rounded-xl text-white font-semibold md:!hidden\"\n           target=\"_blank\"\n           href='\/download%20app%20slug'>T\u00e9l\u00e9chargez l\u2019appli<\/a>\n      \n      <div class=\"buttons direct !hidden md:!flex mt-4 gap-2 relative flex-row\">\n        <a class=\"js-download-ios rounded-md bg-cover bg-center w-36 h-11 hover:opacity-80\"\n          style=\"background-image: url('https:\/\/d1gr3r269tafbs.cloudfront.net\/nextjs\/jobs\/app-store-dark_1737618798.png');\"\n          target=\"_blank\"\n          href='\/download%20app%20slug'><\/a>\n        <a class=\"js-download-android rounded-md bg-cover bg-center w-36 h-11 hover:opacity-80\"\n          style=\"background-image: url('https:\/\/d1gr3r269tafbs.cloudfront.net\/nextjs\/jobs\/play-store-dark_1737618858.png');\"\n          target=\"_blank\"\n          href='\/download%20app%20slug'><\/a>\n      <\/div>\n\n    <\/div>\n  <\/div>\n\n\n      <div class=\"block md:hidden text-base text-black px-6 pt-12 pb-4\"><p>Courir de magasin en magasin pour trouver du bio ? Non merci ! Avec Picnic, commandez vos produits biologiques pr\u00e9f\u00e9r\u00e9s et vos articles du quotidien en quelques clics et nous les livrons directement \u00e0 domicile. Simple, pratique, et pens\u00e9 pour faciliter vos courses bio en ligne.<\/p>\n<\/div>\n  <\/section>\n\n\n\n<section id='' class=\"text-media mx-auto px-0 md:px-24 bg-transparent \n  media-right non-overlap   \">\n  <div class=\"container !px-6 pb-10 flex items-center md:!gap-14 !min-h-[auto] md:px-0\n    md:flex-row-reverse    flex-col gap-8\">\n    <div class=\"media relative md:absolute z-10 left-0 basis-2\/3 w-full md:max-w-[712px] \">\n                <img class='image w-full h-full rounded-3xl mobile-rounded-0 object-cover' src='https:\/\/d2jxuf8ovdiw8x.cloudfront.net\/uploads\/sites\/20\/2026\/04\/EcoVan.png' alt=\"\">\n                    <\/div>\n    <div class='content relative md:absolute !w-full p-0 basis-1\/3 rounded-3xl right-0 z-20 md:max-w-lg\n      prose-headings:!mb-4 prose-p:text-base prose-p:leading-6 prose-p:!p-0 prose-p:!m-0\n      prose-headings:font-bold prose-headings:text-h3 md:prose-p:text-xl      prose-p:text-grey3      '>\n      <h2><strong><span class=\"text-black\">Bio, local et plus responsable :<\/span><\/strong><br \/>\n<strong><span class=\"text-black\">ce que \u00e7a change au quotidien<\/span><\/strong><\/h2>\n<p><span class=\"text-black\">Choisir des aliments bio, c\u2019est bon pour vous\u2026 et pour l\u2019environnement. Chez Picnic, on vous aide \u00e0 rendre vos courses plus durables, sans changer vos habitudes.<\/span><\/p>\n<p>&nbsp;<\/p>\n<p><span class=\"text-black\"><strong>Moins de CO\u2082 gr\u00e2ce \u00e0 la livraison group\u00e9e<\/strong> : au lieu de multiplier les trajets individuels en voiture, nous regroupons les livraisons par quartier. R\u00e9sultat : moins de kilom\u00e8tres inutiles, et <a href=\"https:\/\/picnic.app\/fr\/a-propos\/logistique-durable\/\"><span class=\"text-green\">une organisation plus efficace<\/span><\/a>.<\/span><\/p>\n<p>&nbsp;<\/p>\n<p><span class=\"text-black\"><strong>Des produits de votre r\u00e9gion quand c\u2019est possible :<\/strong> on privil\u00e9gie l\u2019agriculture locale, pour moins de pollution et plus de fra\u00eecheur.<\/span><\/p>\n<p>&nbsp;<\/p>\n<p><span class=\"text-black\"><strong>La qualit\u00e9 sans produits chimiques :<\/strong> nos produits bio en ligne sont issus d&#8217;une agriculture bio qui bannit les pesticides et les produits chimiques. Pour une alimentation saine et de qualit\u00e9, naturellement.<\/span><\/p>\n                <\/div>\n  <\/div>\n  <\/section>\n\n\n<section id='' class=\"simple-text bg-grey0\">\n  <div class=\"relative max-w-1350 mx-auto my-0 w-full px-6 py-14\">\n        <div class=\"flex flex-col md:flex-row gap-x-10 max-w-full prose prose-a:text-red prose-a:font-bold prose-a:no-underline\">\n              <div class=\"flex-1\">\n          <h2 class=\"text-center\"><strong><span class=\"text-[32px] text-black\">Toute votre alimentation bio en<br \/>\nligne, dans une seule appli<\/span><\/strong><\/h2>\n        <\/div>\n                <\/div>\n  <\/div>\n<\/section>\n\n\n\n\n<section id='' class=\"text-media mx-auto px-0 md:px-24 bg-transparent \n  media-left non-overlap   \">\n  <div class=\"container !px-6 pb-10 flex items-center md:!gap-14 !min-h-[auto] md:px-0\n    md:flex-row    flex-col gap-8\">\n    <div class=\"media relative md:absolute z-10 left-0 basis-2\/3 w-full md:max-w-[712px] \">\n                <img class='image w-full h-full rounded-3xl mobile-rounded-0 object-cover' src='https:\/\/d2jxuf8ovdiw8x.cloudfront.net\/uploads\/sites\/20\/2026\/04\/GemuseFR.png' alt=\"\">\n                    <\/div>\n    <div class='content relative md:absolute !w-full p-0 basis-1\/3 rounded-3xl right-0 z-20 md:max-w-lg\n      prose-headings:!mb-4 prose-p:text-base prose-p:leading-6 prose-p:!p-0 prose-p:!m-0\n      prose-headings:font-bold prose-headings:text-h3 md:prose-p:text-xl      prose-p:text-grey3      '>\n      <h3><strong><span class=\"text-black text-[22px]\">Tout dans une seule appli : du poisson frais au papier toilette<\/span><\/strong><\/h3>\n<p><span class=\"text-black\">Du pain frais du boulanger aux produits d\u2019entretien, vous retrouverez <a href=\"https:\/\/picnic.app\/fr\/assortiment\/\"><span class=\"text-green\">l\u2019essentiel dans une seule appli<\/span><\/a>. Plus besoin de courir dans cinq magasins : Picnic r\u00e9unit vos courses du quotidien au m\u00eame endroit, avec une s\u00e9lection de produits biologiques et \u00e9cologiques.<\/span><\/p>\n                <\/div>\n  <\/div>\n  <\/section>\n\n\n\n<section id='' class=\"text-media mx-auto px-0 md:px-24 bg-grey0 \n  media-right non-overlap   \">\n  <div class=\"container !px-6 pb-10 flex items-center md:!gap-14 !min-h-[auto] md:px-0\n    md:flex-row-reverse    flex-col gap-8\">\n    <div class=\"media relative md:absolute z-10 left-0 basis-2\/3 w-full md:max-w-[712px] \">\n                <img class='image w-full h-full rounded-3xl mobile-rounded-0 object-cover' src='https:\/\/d2jxuf8ovdiw8x.cloudfront.net\/uploads\/sites\/20\/2026\/04\/Plate_Pasta_Topview.png' alt=\"\">\n                    <\/div>\n    <div class='content relative md:absolute !w-full p-0 basis-1\/3 rounded-3xl right-0 z-20 md:max-w-lg\n      prose-headings:!mb-4 prose-p:text-base prose-p:leading-6 prose-p:!p-0 prose-p:!m-0\n      prose-headings:font-bold prose-headings:text-h3 md:prose-p:text-xl      prose-p:text-grey3      '>\n      <h3><span class=\"text-black\"><strong><span class=\"text-[22px]\">Une s\u00e9lection qui \u00e9volue en continu<\/span><\/strong><\/span><\/h3>\n<p><span class=\"text-black\">Nous \u00e9largissons r\u00e9guli\u00e8rement notre gamme d\u2019aliments bio, de produits r\u00e9gionaux et d\u2019alternatives v\u00e9g\u00e9tales. Dans <a href=\"https:\/\/picnic.app\/fr\/telecharger-app\/\"><span class=\"text-green\">l\u2019appli<\/span><\/a>, vous rep\u00e9rez facilement ce qui est certifi\u00e9 bio gr\u00e2ce \u00e0 un \u00e9tiquetage clair.<\/span><\/p>\n                <\/div>\n  <\/div>\n  <\/section>\n\n\n\n<section id='' class=\"text-media mx-auto px-0 md:px-24 bg-transparent \n  media-left non-overlap   \">\n  <div class=\"container !px-6 pb-10 flex items-center md:!gap-14 !min-h-[auto] md:px-0\n    md:flex-row    flex-col gap-8\">\n    <div class=\"media relative md:absolute z-10 left-0 basis-2\/3 w-full md:max-w-[712px] \">\n                <img class='image w-full h-full rounded-3xl mobile-rounded-0 object-cover' src='https:\/\/d2jxuf8ovdiw8x.cloudfront.net\/uploads\/sites\/20\/2026\/04\/SwitchStatic.png' alt=\"\">\n                    <\/div>\n    <div class='content relative md:absolute !w-full p-0 basis-1\/3 rounded-3xl right-0 z-20 md:max-w-lg\n      prose-headings:!mb-4 prose-p:text-base prose-p:leading-6 prose-p:!p-0 prose-p:!m-0\n      prose-headings:font-bold prose-headings:text-h3 md:prose-p:text-xl      prose-p:text-grey3      '>\n      <h3><strong><span class=\"text-[22px] text-black\">Des courses qui vous ressemblent<\/span><\/strong><\/h3>\n<p><span class=\"text-black\">Vos journ\u00e9es se suivent mais ne se ressemble pas ? Alors vos repas non plus. Dans l\u2019app, remplacez certains produits par des <strong><span class=\"text-black\">alternatives v\u00e9g\u00e9tariennes ou vegan<\/span><\/strong> en un seul clic. Pratique pour varier les plaisirs, et pour ajouter un peu de diversit\u00e9 \u00e0 votre quotidien.<\/span><\/p>\n                <\/div>\n  <\/div>\n  <\/section>\n\n\n\n<section id='' class=\"text-media mx-auto px-0 md:px-24 bg-grey0 \n  media-right non-overlap   \">\n  <div class=\"container !px-6 pb-10 flex items-center md:!gap-14 !min-h-[auto] md:px-0\n    md:flex-row-reverse    flex-col gap-8\">\n    <div class=\"media relative md:absolute z-10 left-0 basis-2\/3 w-full md:max-w-[712px] \">\n                <img class='image w-full h-full rounded-3xl mobile-rounded-0 object-cover' src='https:\/\/d2jxuf8ovdiw8x.cloudfront.net\/uploads\/sites\/20\/2026\/04\/AppFrenchStatic.png' alt=\"\">\n                    <\/div>\n    <div class='content relative md:absolute !w-full p-0 basis-1\/3 rounded-3xl right-0 z-20 md:max-w-lg\n      prose-headings:!mb-4 prose-p:text-base prose-p:leading-6 prose-p:!p-0 prose-p:!m-0\n      prose-headings:font-bold prose-headings:text-h3 md:prose-p:text-xl      prose-p:text-grey3      '>\n      <h3><strong><span class=\"text-[22px] text-black\">Vos courses bio en ligne, en un temps record<\/span><\/strong><\/h3>\n<p><span class=\"text-black\">Fruits, l\u00e9gumes, \u0153ufs, produits frais\u2026 Dans l\u2019app, vous identifiez d\u2019un coup d\u2019\u0153il les <a href=\"https:\/\/picnic.app\/fr\/a-propos\/notre-marche-frais\/\"><span class=\"text-green\">produits r\u00e9gionaux<\/span><\/a> et la <strong>qualit\u00e9 bio<\/strong>.<br \/>\nAinsi, vos produits bio pr\u00e9f\u00e9r\u00e9s rejoignent votre panier en quelques clics \u2014 et vos courses bio en ligne devient<br \/>\nun jeu d\u2019enfant !<\/span><\/p>\n<p>&nbsp;<\/p>\n                <\/div>\n  <\/div>\n  <\/section>\n\n\n\n<section id='' class=\"text-media mx-auto px-0 md:px-24 bg-transparent \n  media-left non-overlap   \">\n  <div class=\"container !px-6 pb-10 flex items-center md:!gap-14 !min-h-[auto] md:px-0\n    md:flex-row    flex-col gap-8\">\n    <div class=\"media relative md:absolute z-10 left-0 basis-2\/3 w-full md:max-w-[712px] \">\n                <img class='image w-full h-full rounded-3xl mobile-rounded-0 object-cover' src='https:\/\/d2jxuf8ovdiw8x.cloudfront.net\/uploads\/sites\/20\/2026\/04\/LimeSwitchFR.png' alt=\"\">\n                    <\/div>\n    <div class='content relative md:absolute !w-full p-0 basis-1\/3 rounded-3xl right-0 z-20 md:max-w-lg\n      prose-headings:!mb-4 prose-p:text-base prose-p:leading-6 prose-p:!p-0 prose-p:!m-0\n      prose-headings:font-bold prose-headings:text-h3 md:prose-p:text-xl      prose-p:text-grey3      '>\n      <h3><span class=\"text-black\"><strong><span class=\"text-[22px]\">Votre menu, vos r\u00e8gles<\/span><\/strong><\/span><\/h3>\n<p><span class=\"text-black\">Avec Picnic, votre alimentation s\u2019adapte \u00e0 votre vie. <strong>Veg\u00e9tarien<\/strong> aujourd\u2019hui, <strong>flexitarien<\/strong> demain ? Toutes <a href=\"https:\/\/picnic.app\/fr\/recettes\/\"><span class=\"text-green\">les recettes Picnic<\/span><\/a> se personnalisent en 1 clic : remplacez simplement les produits d\u2019origine animale par des alternatives v\u00e9g\u00e9tales.<\/span><\/p>\n                <\/div>\n  <\/div>\n  <\/section>\n\n\n\n<section id='' class=\"text-media mx-auto px-0 md:px-24 bg-grey0 \n  media-right non-overlap   \">\n  <div class=\"container !px-6 pb-10 flex items-center md:!gap-14 !min-h-[auto] md:px-0\n    md:flex-row-reverse    flex-col gap-8\">\n    <div class=\"media relative md:absolute z-10 left-0 basis-2\/3 w-full md:max-w-[712px] \">\n                <img class='image w-full h-full rounded-3xl mobile-rounded-0 object-cover' src='https:\/\/d2jxuf8ovdiw8x.cloudfront.net\/uploads\/sites\/20\/2026\/04\/PeterFramerFR.png' alt=\"\">\n                    <\/div>\n    <div class='content relative md:absolute !w-full p-0 basis-1\/3 rounded-3xl right-0 z-20 md:max-w-lg\n      prose-headings:!mb-4 prose-p:text-base prose-p:leading-6 prose-p:!p-0 prose-p:!m-0\n      prose-headings:font-bold prose-headings:text-h3 md:prose-p:text-xl      prose-p:text-grey3      '>\n      <h2><span class=\"text-[32px]\"><strong><span class=\"text-black text-[22px]\"><span class=\"text-2xl\">Ensemble, \u00e9vitons<\/span><br \/>\n<span class=\"text-2xl\">le gaspillage alimentaire !<\/span><\/span><\/strong><\/span><\/h2>\n<p><span class=\"text-black\">La durabilit\u00e9, c\u2019est une affaire d\u2019\u00e9quipe. Comme nous vous <a href=\"https:\/\/picnic.app\/fr\/supermarche-en-ligne\/livraison-courses\/\"><span class=\"text-green\">livrons le lendemain<\/span><\/a> et pas le jour m\u00eame, nous pouvons mieux planifier et \u00e9viter de commander \u201cau hasard\u201d. Cela nous aide \u00e0 limiter les pertes et \u00e0 lutter efficacement <a href=\"https:\/\/picnic.app\/fr\/a-propos\/ensemble-contre-gaspillage-alimentaire\/\"><span class=\"text-green\">contre le gaspillage alimentaire<\/span><\/a>.<\/span><\/p>\n                <\/div>\n  <\/div>\n  <\/section>\n\n\n\n<section id='' class=\"text-media mx-auto px-0 md:px-24 bg-transparent \n  media-right non-overlap   \">\n  <div class=\"container !px-6 pb-10 flex items-center md:!gap-14 !min-h-[auto] md:px-0\n    md:flex-row-reverse    flex-col gap-8\">\n    <div class=\"media relative md:absolute z-10 left-0 basis-2\/3 w-full md:max-w-[712px] \">\n                <img class='image w-full h-full rounded-3xl mobile-rounded-0 object-cover' src='https:\/\/d2jxuf8ovdiw8x.cloudfront.net\/uploads\/sites\/20\/2025\/11\/HighResPicnicVanFR.png' alt=\"V\u00e9hicule \u00e9lectrique Picnic\">\n                    <\/div>\n    <div class='content relative md:absolute !w-full p-0 basis-1\/3 rounded-3xl right-0 z-20 md:max-w-lg\n      prose-headings:!mb-4 prose-p:text-base prose-p:leading-6 prose-p:!p-0 prose-p:!m-0\n      prose-headings:font-bold prose-headings:text-h3 md:prose-p:text-xl      prose-p:text-grey3      '>\n      <h2><span class=\"text-black\"><strong><span class=\"text-black\">T\u00e9l\u00e9chargez l\u2019appli Picnic<\/span><\/strong><\/span><\/h2>\n<p><span class=\"text-black\">Dans notre \u00e9picerie bio en ligne, faites-vous livrer \u00e0 domicile tous vos produits bio et vos essentiels du quotidien. Disponible sur iOS et Android. T\u00e9l\u00e9chargez-la d\u00e8s maintenant et faites vos courses simplement !<\/span><\/p>\n                      <div class=\"mt-6\">\n              <div class='buttons direct flex hero'>\n                  <a href='\/download%20app%20slug'\n                     class='locale btn ios transition-trigger js-download-ios -ios'><\/a>\n                  <a href='\/download%20app%20slug'\n                     class='locale btn android transition-trigger js-download-android -android'><\/a>\n                  <a href='\/download%20app%20slug'\n                     class='btn mobile transition-trigger red js-download justify-center !bg-none !bg-red !py-3 !px-4 !inline-block\n            md:!hidden '>download app<\/a>\n              <\/div>\n          <\/div>\n          <\/div>\n  <\/div>\n  <\/section>\n","protected":false},"excerpt":{"rendered":"","protected":false},"author":1102,"featured_media":7713,"parent":7235,"menu_order":0,"comment_status":"closed","ping_status":"closed","template":"","meta":{"footnotes":""},"class_list":["post-7712","page","type-page","status-publish","has-post-thumbnail","hentry"],"acf":[],"yoast_head":"<!-- This site is optimized with the Yoast SEO Premium plugin v25.8 (Yoast SEO v25.9) - https:\/\/yoast.com\/wordpress\/plugins\/seo\/ -->\n<title>Aliments bio et durables en un clic | Picnic<\/title>\n<meta name=\"description\" content=\"Le bio, c\u2019est simple : Picnic vous livre des produits biologiques frais et durables directement jusqu\u2019\u00e0 votre porte, pour des courses bio en ligne sans effort.\" \/>\n<meta name=\"robots\" content=\"index, follow, max-snippet:-1, max-image-preview:large, max-video-preview:-1\" \/>\n<link rel=\"canonical\" href=\"https:\/\/picnic.app\/fr\/a-propos\/aliments-bio-durables\/\" \/>\n<meta property=\"og:locale\" content=\"en_US\" \/>\n<meta property=\"og:type\" content=\"article\" \/>\n<meta property=\"og:title\" content=\"Aliments bio et durables en un clic | Picnic\" \/>\n<meta property=\"og:description\" content=\"Le bio, c\u2019est simple : Picnic vous livre des produits biologiques frais et durables directement jusqu\u2019\u00e0 votre porte, pour des courses bio en ligne sans effort.\" \/>\n<meta property=\"og:url\" content=\"https:\/\/picnic.app\/fr\/a-propos\/aliments-bio-durables\/\" \/>\n<meta property=\"og:site_name\" content=\"Picnic FR\" \/>\n<meta property=\"article:modified_time\" content=\"2026-04-07T13:12:41+00:00\" \/>\n<meta property=\"og:image\" content=\"https:\/\/d2jxuf8ovdiw8x.cloudfront.net\/uploads\/sites\/20\/2026\/04\/SusQualityWeb.png\" \/>\n\t<meta property=\"og:image:width\" content=\"1\" \/>\n\t<meta property=\"og:image:height\" content=\"1\" \/>\n\t<meta property=\"og:image:type\" content=\"image\/png\" \/>\n<meta name=\"twitter:card\" content=\"summary_large_image\" \/>\n<meta name=\"twitter:label1\" content=\"Est. reading time\" \/>\n\t<meta name=\"twitter:data1\" content=\"5 minutes\" \/>\n<script type=\"application\/ld+json\" class=\"yoast-schema-graph\">{\"@context\":\"https:\/\/schema.org\",\"@graph\":[{\"@type\":\"WebPage\",\"@id\":\"https:\/\/picnic.app\/fr\/a-propos\/aliments-bio-durables\/\",\"url\":\"https:\/\/picnic.app\/fr\/a-propos\/aliments-bio-durables\/\",\"name\":\"Aliments bio et durables en un clic | Picnic\",\"isPartOf\":{\"@id\":\"https:\/\/picnic.app\/fr\/#website\"},\"primaryImageOfPage\":{\"@id\":\"https:\/\/picnic.app\/fr\/a-propos\/aliments-bio-durables\/#primaryimage\"},\"image\":{\"@id\":\"https:\/\/picnic.app\/fr\/a-propos\/aliments-bio-durables\/#primaryimage\"},\"thumbnailUrl\":\"https:\/\/d2jxuf8ovdiw8x.cloudfront.net\/uploads\/sites\/20\/2026\/04\/SusQualityWeb.png\",\"datePublished\":\"2026-04-07T11:04:07+00:00\",\"dateModified\":\"2026-04-07T13:12:41+00:00\",\"description\":\"Le bio, c\u2019est simple : Picnic vous livre des produits biologiques frais et durables directement jusqu\u2019\u00e0 votre porte, pour des courses bio en ligne sans effort.\",\"breadcrumb\":{\"@id\":\"https:\/\/picnic.app\/fr\/a-propos\/aliments-bio-durables\/#breadcrumb\"},\"inLanguage\":\"en-US\",\"potentialAction\":[{\"@type\":\"ReadAction\",\"target\":[\"https:\/\/picnic.app\/fr\/a-propos\/aliments-bio-durables\/\"]}]},{\"@type\":\"ImageObject\",\"inLanguage\":\"en-US\",\"@id\":\"https:\/\/picnic.app\/fr\/a-propos\/aliments-bio-durables\/#primaryimage\",\"url\":\"https:\/\/d2jxuf8ovdiw8x.cloudfront.net\/uploads\/sites\/20\/2026\/04\/SusQualityWeb.png\",\"contentUrl\":\"https:\/\/d2jxuf8ovdiw8x.cloudfront.net\/uploads\/sites\/20\/2026\/04\/SusQualityWeb.png\"},{\"@type\":\"BreadcrumbList\",\"@id\":\"https:\/\/picnic.app\/fr\/a-propos\/aliments-bio-durables\/#breadcrumb\",\"itemListElement\":[{\"@type\":\"ListItem\",\"position\":1,\"name\":\"\u00c0 propos\",\"item\":\"https:\/\/picnic.app\/fr\/a-propos\/\"},{\"@type\":\"ListItem\",\"position\":2,\"name\":\"Aliments durables\"}]},{\"@type\":\"WebSite\",\"@id\":\"https:\/\/picnic.app\/fr\/#website\",\"url\":\"https:\/\/picnic.app\/fr\/\",\"name\":\"Picnic FR\",\"description\":\"Le supermarch\u00e9 en linge\",\"potentialAction\":[{\"@type\":\"SearchAction\",\"target\":{\"@type\":\"EntryPoint\",\"urlTemplate\":\"https:\/\/picnic.app\/fr\/?s={search_term_string}\"},\"query-input\":{\"@type\":\"PropertyValueSpecification\",\"valueRequired\":true,\"valueName\":\"search_term_string\"}}],\"inLanguage\":\"en-US\"},{\"@type\":\"Person\",\"@id\":\"https:\/\/picnic.app\/fr\/#\/schema\/person\/db867755fd6eda03b7e05cfe43f32916\",\"name\":\"kfritz\",\"image\":{\"@type\":\"ImageObject\",\"inLanguage\":\"en-US\",\"@id\":\"https:\/\/picnic.app\/fr\/#\/schema\/person\/image\/\",\"url\":\"https:\/\/secure.gravatar.com\/avatar\/2041e344e06d250c10693ea6ae237d20867c5efa64058e97fa6b99fdc890d0ed?s=96&d=mm&r=g\",\"contentUrl\":\"https:\/\/secure.gravatar.com\/avatar\/2041e344e06d250c10693ea6ae237d20867c5efa64058e97fa6b99fdc890d0ed?s=96&d=mm&r=g\",\"caption\":\"kfritz\"},\"url\":\"https:\/\/picnic.app\/fr\/author\/kfritz\/\"}]}<\/script>\n<!-- \/ Yoast SEO Premium plugin. -->","yoast_head_json":{"title":"Aliments bio et durables en un clic | Picnic","description":"Le bio, c\u2019est simple : Picnic vous livre des produits biologiques frais et durables directement jusqu\u2019\u00e0 votre porte, pour des courses bio en ligne sans effort.","robots":{"index":"index","follow":"follow","max-snippet":"max-snippet:-1","max-image-preview":"max-image-preview:large","max-video-preview":"max-video-preview:-1"},"canonical":"https:\/\/picnic.app\/fr\/a-propos\/aliments-bio-durables\/","og_locale":"en_US","og_type":"article","og_title":"Aliments bio et durables en un clic | Picnic","og_description":"Le bio, c\u2019est simple : Picnic vous livre des produits biologiques frais et durables directement jusqu\u2019\u00e0 votre porte, pour des courses bio en ligne sans effort.","og_url":"https:\/\/picnic.app\/fr\/a-propos\/aliments-bio-durables\/","og_site_name":"Picnic FR","article_modified_time":"2026-04-07T13:12:41+00:00","og_image":[{"url":"https:\/\/d2jxuf8ovdiw8x.cloudfront.net\/uploads\/sites\/20\/2026\/04\/SusQualityWeb.png","width":1,"height":1,"type":"image\/png"}],"twitter_card":"summary_large_image","twitter_misc":{"Est. reading time":"5 minutes"},"schema":{"@context":"https:\/\/schema.org","@graph":[{"@type":"WebPage","@id":"https:\/\/picnic.app\/fr\/a-propos\/aliments-bio-durables\/","url":"https:\/\/picnic.app\/fr\/a-propos\/aliments-bio-durables\/","name":"Aliments bio et durables en un clic | Picnic","isPartOf":{"@id":"https:\/\/picnic.app\/fr\/#website"},"primaryImageOfPage":{"@id":"https:\/\/picnic.app\/fr\/a-propos\/aliments-bio-durables\/#primaryimage"},"image":{"@id":"https:\/\/picnic.app\/fr\/a-propos\/aliments-bio-durables\/#primaryimage"},"thumbnailUrl":"https:\/\/d2jxuf8ovdiw8x.cloudfront.net\/uploads\/sites\/20\/2026\/04\/SusQualityWeb.png","datePublished":"2026-04-07T11:04:07+00:00","dateModified":"2026-04-07T13:12:41+00:00","description":"Le bio, c\u2019est simple : Picnic vous livre des produits biologiques frais et durables directement jusqu\u2019\u00e0 votre porte, pour des courses bio en ligne sans effort.","breadcrumb":{"@id":"https:\/\/picnic.app\/fr\/a-propos\/aliments-bio-durables\/#breadcrumb"},"inLanguage":"en-US","potentialAction":[{"@type":"ReadAction","target":["https:\/\/picnic.app\/fr\/a-propos\/aliments-bio-durables\/"]}]},{"@type":"ImageObject","inLanguage":"en-US","@id":"https:\/\/picnic.app\/fr\/a-propos\/aliments-bio-durables\/#primaryimage","url":"https:\/\/d2jxuf8ovdiw8x.cloudfront.net\/uploads\/sites\/20\/2026\/04\/SusQualityWeb.png","contentUrl":"https:\/\/d2jxuf8ovdiw8x.cloudfront.net\/uploads\/sites\/20\/2026\/04\/SusQualityWeb.png"},{"@type":"BreadcrumbList","@id":"https:\/\/picnic.app\/fr\/a-propos\/aliments-bio-durables\/#breadcrumb","itemListElement":[{"@type":"ListItem","position":1,"name":"\u00c0 propos","item":"https:\/\/picnic.app\/fr\/a-propos\/"},{"@type":"ListItem","position":2,"name":"Aliments durables"}]},{"@type":"WebSite","@id":"https:\/\/picnic.app\/fr\/#website","url":"https:\/\/picnic.app\/fr\/","name":"Picnic FR","description":"Le supermarch\u00e9 en linge","potentialAction":[{"@type":"SearchAction","target":{"@type":"EntryPoint","urlTemplate":"https:\/\/picnic.app\/fr\/?s={search_term_string}"},"query-input":{"@type":"PropertyValueSpecification","valueRequired":true,"valueName":"search_term_string"}}],"inLanguage":"en-US"},{"@type":"Person","@id":"https:\/\/picnic.app\/fr\/#\/schema\/person\/db867755fd6eda03b7e05cfe43f32916","name":"kfritz","image":{"@type":"ImageObject","inLanguage":"en-US","@id":"https:\/\/picnic.app\/fr\/#\/schema\/person\/image\/","url":"https:\/\/secure.gravatar.com\/avatar\/2041e344e06d250c10693ea6ae237d20867c5efa64058e97fa6b99fdc890d0ed?s=96&d=mm&r=g","contentUrl":"https:\/\/secure.gravatar.com\/avatar\/2041e344e06d250c10693ea6ae237d20867c5efa64058e97fa6b99fdc890d0ed?s=96&d=mm&r=g","caption":"kfritz"},"url":"https:\/\/picnic.app\/fr\/author\/kfritz\/"}]}},"_links":{"self":[{"href":"https:\/\/picnic.app\/fr\/wp-json\/wp\/v2\/pages\/7712","targetHints":{"allow":["GET"]}}],"collection":[{"href":"https:\/\/picnic.app\/fr\/wp-json\/wp\/v2\/pages"}],"about":[{"href":"https:\/\/picnic.app\/fr\/wp-json\/wp\/v2\/types\/page"}],"author":[{"embeddable":true,"href":"https:\/\/picnic.app\/fr\/wp-json\/wp\/v2\/users\/1102"}],"replies":[{"embeddable":true,"href":"https:\/\/picnic.app\/fr\/wp-json\/wp\/v2\/comments?post=7712"}],"version-history":[{"count":33,"href":"https:\/\/picnic.app\/fr\/wp-json\/wp\/v2\/pages\/7712\/revisions"}],"predecessor-version":[{"id":7764,"href":"https:\/\/picnic.app\/fr\/wp-json\/wp\/v2\/pages\/7712\/revisions\/7764"}],"up":[{"embeddable":true,"href":"https:\/\/picnic.app\/fr\/wp-json\/wp\/v2\/pages\/7235"}],"wp:featuredmedia":[{"embeddable":true,"href":"https:\/\/picnic.app\/fr\/wp-json\/wp\/v2\/media\/7713"}],"wp:attachment":[{"href":"https:\/\/picnic.app\/fr\/wp-json\/wp\/v2\/media?parent=7712"}],"curies":[{"name":"wp","href":"https:\/\/api.w.org\/{rel}","templated":true}]}}