{"id":825,"date":"2020-12-09T10:05:44","date_gmt":"2020-12-09T10:05:44","guid":{"rendered":"https:\/\/picnic-web.opper.nl\/nl\/?page_id=825"},"modified":"2021-09-02T11:58:28","modified_gmt":"2021-09-02T11:58:28","slug":"unsubscribe","status":"publish","type":"page","link":"https:\/\/picnic.app\/fr\/unsubscribe\/","title":{"rendered":"Unsubscribe"},"content":{"rendered":"\n<section id='' class='unsubscribe '>\n  <div class='container'>\n          <h1>Bien re\u00e7u !<\/h1>\n    \n          <p>Vous n&#8217;\u00eates plus abonn\u00e9 \u00e0 nos emails. Vous souhaitez faire marche arri\u00e8re ? Vous pouvez vous (re)connecter \u00e0 tout moment via votre compte.<\/p>\n<p>On se retrouve sur l&#8217;appli ?<\/p>\n      <\/div>\n<\/section>\n","protected":false},"excerpt":{"rendered":"","protected":false},"author":5,"featured_media":0,"parent":0,"menu_order":0,"comment_status":"closed","ping_status":"closed","template":"","meta":{"footnotes":""},"class_list":["post-825","page","type-page","status-publish","hentry"],"acf":[],"yoast_head":"<!-- This site is optimized with the Yoast SEO Premium plugin v25.8 (Yoast SEO v25.9) - https:\/\/yoast.com\/wordpress\/plugins\/seo\/ -->\n<title>Unsubscribe - Picnic FR<\/title>\n<meta name=\"robots\" content=\"index, follow, max-snippet:-1, max-image-preview:large, max-video-preview:-1\" \/>\n<link rel=\"canonical\" href=\"https:\/\/picnic.app\/fr\/unsubscribe\/\" \/>\n<meta property=\"og:locale\" content=\"en_US\" \/>\n<meta property=\"og:type\" content=\"article\" \/>\n<meta property=\"og:title\" content=\"Unsubscribe - Picnic FR\" \/>\n<meta property=\"og:url\" content=\"https:\/\/picnic.app\/fr\/unsubscribe\/\" \/>\n<meta property=\"og:site_name\" content=\"Picnic FR\" \/>\n<meta property=\"article:modified_time\" content=\"2021-09-02T11:58:28+00:00\" \/>\n<meta name=\"twitter:card\" content=\"summary_large_image\" \/>\n<script type=\"application\/ld+json\" class=\"yoast-schema-graph\">{\"@context\":\"https:\/\/schema.org\",\"@graph\":[{\"@type\":\"WebPage\",\"@id\":\"https:\/\/picnic.app\/fr\/unsubscribe\/\",\"url\":\"https:\/\/picnic.app\/fr\/unsubscribe\/\",\"name\":\"Unsubscribe - Picnic FR\",\"isPartOf\":{\"@id\":\"https:\/\/picnic.app\/fr\/#website\"},\"datePublished\":\"2020-12-09T10:05:44+00:00\",\"dateModified\":\"2021-09-02T11:58:28+00:00\",\"inLanguage\":\"en-US\",\"potentialAction\":[{\"@type\":\"ReadAction\",\"target\":[\"https:\/\/picnic.app\/fr\/unsubscribe\/\"]}]},{\"@type\":\"WebSite\",\"@id\":\"https:\/\/picnic.app\/fr\/#website\",\"url\":\"https:\/\/picnic.app\/fr\/\",\"name\":\"Picnic FR\",\"description\":\"Le supermarch\u00e9 en linge\",\"potentialAction\":[{\"@type\":\"SearchAction\",\"target\":{\"@type\":\"EntryPoint\",\"urlTemplate\":\"https:\/\/picnic.app\/fr\/?s={search_term_string}\"},\"query-input\":{\"@type\":\"PropertyValueSpecification\",\"valueRequired\":true,\"valueName\":\"search_term_string\"}}],\"inLanguage\":\"en-US\"}]}<\/script>\n<!-- \/ Yoast SEO Premium plugin. -->","yoast_head_json":{"title":"Unsubscribe - Picnic FR","robots":{"index":"index","follow":"follow","max-snippet":"max-snippet:-1","max-image-preview":"max-image-preview:large","max-video-preview":"max-video-preview:-1"},"canonical":"https:\/\/picnic.app\/fr\/unsubscribe\/","og_locale":"en_US","og_type":"article","og_title":"Unsubscribe - Picnic FR","og_url":"https:\/\/picnic.app\/fr\/unsubscribe\/","og_site_name":"Picnic FR","article_modified_time":"2021-09-02T11:58:28+00:00","twitter_card":"summary_large_image","schema":{"@context":"https:\/\/schema.org","@graph":[{"@type":"WebPage","@id":"https:\/\/picnic.app\/fr\/unsubscribe\/","url":"https:\/\/picnic.app\/fr\/unsubscribe\/","name":"Unsubscribe - Picnic FR","isPartOf":{"@id":"https:\/\/picnic.app\/fr\/#website"},"datePublished":"2020-12-09T10:05:44+00:00","dateModified":"2021-09-02T11:58:28+00:00","inLanguage":"en-US","potentialAction":[{"@type":"ReadAction","target":["https:\/\/picnic.app\/fr\/unsubscribe\/"]}]},{"@type":"WebSite","@id":"https:\/\/picnic.app\/fr\/#website","url":"https:\/\/picnic.app\/fr\/","name":"Picnic FR","description":"Le supermarch\u00e9 en linge","potentialAction":[{"@type":"SearchAction","target":{"@type":"EntryPoint","urlTemplate":"https:\/\/picnic.app\/fr\/?s={search_term_string}"},"query-input":{"@type":"PropertyValueSpecification","valueRequired":true,"valueName":"search_term_string"}}],"inLanguage":"en-US"}]}},"_links":{"self":[{"href":"https:\/\/picnic.app\/fr\/wp-json\/wp\/v2\/pages\/825","targetHints":{"allow":["GET"]}}],"collection":[{"href":"https:\/\/picnic.app\/fr\/wp-json\/wp\/v2\/pages"}],"about":[{"href":"https:\/\/picnic.app\/fr\/wp-json\/wp\/v2\/types\/page"}],"author":[{"embeddable":true,"href":"https:\/\/picnic.app\/fr\/wp-json\/wp\/v2\/users\/5"}],"replies":[{"embeddable":true,"href":"https:\/\/picnic.app\/fr\/wp-json\/wp\/v2\/comments?post=825"}],"version-history":[{"count":4,"href":"https:\/\/picnic.app\/fr\/wp-json\/wp\/v2\/pages\/825\/revisions"}],"predecessor-version":[{"id":1761,"href":"https:\/\/picnic.app\/fr\/wp-json\/wp\/v2\/pages\/825\/revisions\/1761"}],"wp:attachment":[{"href":"https:\/\/picnic.app\/fr\/wp-json\/wp\/v2\/media?parent=825"}],"curies":[{"name":"wp","href":"https:\/\/api.w.org\/{rel}","templated":true}]}}