{"id":324,"date":"2020-11-24T21:06:00","date_gmt":"2020-11-24T21:06:00","guid":{"rendered":"https:\/\/picnic.app\/nl\/?page_id=324"},"modified":"2026-01-27T07:58:56","modified_gmt":"2026-01-27T07:58:56","slug":"acties-prijzen","status":"publish","type":"page","link":"https:\/\/picnic.app\/nl\/acties-prijzen\/","title":{"rendered":"Acties en prijzen"},"content":{"rendered":"\n<section id='' class=\"small-hero-2 md:!h-[600px] bg-transparent\">\n  <div class=\"container md:!max-w-[1060px] md:!gap-60\">\n    <div class='content'>\n                    <h2 class=\"mb-2\"><h1><span class=\"text-black\">Acties en prijzen<\/span><\/h1>\n<\/h2>\n                          <\/div>\n          <img class='image' src='https:\/\/d2jxuf8ovdiw8x.cloudfront.net\/uploads\/sites\/18\/2023\/03\/Peter_boodschappen.png' alt=\"\"><\/img>\n      <\/div>\n\n<\/section>\n\n\n\n\n<section id=\"\" class=\"post-content index bg-transparent\">\n  <div class='container'>\n          <p>Hieronder vertellen we je iets meer over onze acties en waarom onze producten altijd lage prijzen hebben.<\/p>\n    \n          <ul class='chapter-index'>\n                  <li>\n            <span class='count'>1.<\/span>\n            <a href='#-1'>Weekacties<\/a>\n          <\/li>\n                  <li>\n            <span class='count'>2.<\/span>\n            <a href='#-2'>Combinaties en hoeveelheden<\/a>\n          <\/li>\n                  <li>\n            <span class='count'>3.<\/span>\n            <a href='#-3'>Actievoorwaarden \u2013 Picnic Baby Keuzebox<\/a>\n          <\/li>\n              <\/ul>\n      <\/div>\n<\/section>\n\n<section class='post-content chapters \nchapters-2'>\n  <div class='container'>\n                    <div class='single-chapter' id='-1'>\n                        <h3><span class='count'>1.<\/span> Weekacties<\/h3>\n            \n                          <ul>\n<li><span class=\"text-black\">Onze weekacties zijn normaal gesproken geldig van maandag tot en met zondag.<\/span><\/li>\n<li><span class=\"text-black\">Je profiteert van een actie als de producten op het moment dat je de bestelling afrekent (nog) in de aanbieding zijn.<\/span><\/li>\n<li><span class=\"text-black\">Een product wordt pas voor je gereserveerd als je de bestelling afrekent. De beschikbaarheid van producten kan nog veranderen tussen het moment dat je ze in je mandje doet en het moment van afrekenen.<\/span><\/li>\n<li><span class=\"text-black\">Picnic kan acties gedurende de week aanpassen, bijvoorbeeld als producten tijdelijk niet leverbaar zijn.<\/span><\/li>\n<li><span class=\"text-black\">We proberen onze acties altijd zo interessant en persoonlijk mogelijk te maken.<\/span><\/li>\n<\/ul>\n                    <\/div>\n                <div class='single-chapter' id='-2'>\n                        <h3><span class='count'>2.<\/span> Combinaties en hoeveelheden<\/h3>\n            \n                          <ul>\n<li><span class=\"text-black\">Bij een actie zoals 1+1 gratis, 2+1 gratis of 2e halve prijs ontvang je een percentage korting op het totaalbedrag van de actieproducten. Zo krijg je 50% korting op het totaalbedrag bij 1+1 gratis, 33,3% bij 2+1 gratis en 25% bij een 2e halve prijs actie.<\/span><\/li>\n<li><span class=\"text-black\">Onze acties zijn geldig zolang de voorraad strekt.<\/span><\/li>\n<li><span class=\"text-black\">Voor alle acties geldt een maximaal aantal producten per persoon. Dat aantal kan verschillen per actie.<\/span><\/li>\n<li><span class=\"text-black\">Je krijgt een melding in de app zodra je het maximale aantal actieproducten aan je mandje hebt toegevoegd.<\/span><\/li>\n<li><span class=\"text-black\">In de app laten we zien of je combinatie-actie voltooid is. Picnic is niet aansprakelijk voor korting die je misloopt als je een actie niet hebt voltooid in de app.<\/span><\/li>\n<\/ul>\n                    <\/div>\n                <div class='single-chapter' id='-3'>\n                        <h3><span class='count'>3.<\/span> Actievoorwaarden \u2013 Picnic Baby Keuzebox<\/h3>\n            \n                          <ul>\n<li><strong>Aanvraag:<\/strong> De Picnic Baby Keuzebox t.w.v. circa \u20ac75,- (inclusief de waarde van de bijgesloten vouchers) kan gratis worden aangevraagd.<\/li>\n<li><strong>Inhoud &amp; waarde:<\/strong> De Picnic Baby Keuzebox bevat diverse producten gericht op zwangere vrouwen en pasgeboren baby\u2019s en varieert regelmatig; de genoemde waarde is een gemiddelde. Aan de getoonde afbeeldingen of de specifieke inhoud kunnen geen rechten worden ontleend.<\/li>\n<li><strong>Bezorging:<\/strong> De Picnic Baby Keuzebox wordt gratis meegeleverd bij een reguliere Picnic-bestelling. Hiervoor geldt het op dat moment geldende minimum bestelbedrag waarin de bestelling wordt geplaatst.<\/li>\n<li><strong>E\u00e9n per huishouden:<\/strong> Per huishouden kan er maximaal \u00e9\u00e9n Picnic Baby Keuzebox worden aangevraagd. De aanvraag kan worden gedaan door \u00e9\u00e9n van de ouders (inclusief pleeg- of adoptieouders). Dit geldt ook in het geval van een meerling. Dubbele inschrijvingen (bijvoorbeeld door beide partners) zijn niet toegestaan en worden geannuleerd.<\/li>\n<li><strong>Activatie-acties:<\/strong> Deze actie is niet geldig in combinatie met andere activatie-acties of welkomstcadeaus voor nieuwe klanten.<\/li>\n<li><strong>Bezorggebied:<\/strong> De actie is uitsluitend geldig voor adressen binnen het actieve bezorggebied van Picnic in Nederland.<\/li>\n<li><strong>Aanvraagtermijn:<\/strong> De Picnic Baby Keuzebox kan alleen tijdens de zwangerschap worden aangevraagd. Na aanvraag ontvang je binnen 5 werkdagen een e-mail met verdere instructies om de box te verzilveren in de app.<\/li>\n<li><strong>Beschikbaarheid (OP=OP):<\/strong> De Picnic Baby Keuzebox is beschikbaar zolang de voorraad strekt (OP=OP). Picnic behoudt zich het recht voor om de actie voortijdig te be\u00ebindigen of de inhoud van de box te wijzigen.<\/li>\n<li><strong>E-mailnieuwsbrief:<\/strong> Bij aanvraag meld je je aan voor de e-mailnieuwsbrief met relevante aanbiedingen en tips afgestemd op de fase van je zwangerschap of de groei van je kindje. Afmelden is op ieder moment mogelijk via de link onderaan de e-mail.<\/li>\n<li><strong>Privacy:<\/strong> Voor deze actie verwerken wij jouw persoonsgegevens. In ons<a href=\"https:\/\/picnic.app\/nl\/privacybeleid\/\"> Privacy Statement<\/a> lees je hoe wij met jouw gegevens omgaan.<\/li>\n<li><strong>Misbruik:<\/strong> Bij vermoeden van fraude, misbruik of het niet voldoen aan de voorwaarden (zoals het opgeven van een onjuiste geboortedatum of dubbele accounts) heeft Picnic het recht de uitgifte van de box te weigeren of de waarde ervan in rekening te brengen.<\/li>\n<li><strong>Niet inwisselbaar:<\/strong> De box en de producten hieruit kunnen niet worden geretourneerd, geruild of worden ingewisseld voor contant geld. Vouchers in de box zijn gebonden aan hun eigen specifieke voorwaarden en geldigheidsduur.<\/li>\n<li><strong>Klantenservice:<\/strong> Voor vragen of opmerkingen over deze actie kan contact worden opgenomen met de Picnic klantenservice via de app of de website.<\/li>\n<li><strong>Algemene Voorwaarden:<\/strong> Op deze Picnic Baby Keuzebox voorwaarden zijn tevens <a href=\"https:\/\/picnic.app\/nl\/algemene-voorwaarden\/\">de algemene voorwaarden<\/a> van toepassing.<\/li>\n<li><strong>Voorbehoud:<\/strong> Typefouten en wijzigingen voorbehouden.<\/li>\n<\/ul>\n                    <\/div>\n              <\/div>\n<\/section>\n\n\n\n<section id=''\n         class=\"cta-new bg-white\">\n  <div class=\"px-6 py-14 mx-auto max-w-3xl\">\n    <div class=\"rounded-2xl md:px-16 md:py-0 md:gap-8\n         flex \n          \n         p-6 bg- \n         md:h-[318px]\">\n      <div class=\"flex-1 self-center md:min-w-[55%] order-1\">\n        <div class=\"prose-headings:mb-2 prose-p:text-base max-w-none\">\n                      <h2 class=\"text-header5 md:text-header3\"> Download de Picnic-app <\/h2>\n                                <p> De gratis Picnic-app is beschikbaar voor Android en iOS. Download \u2018m gauw! <\/p>\n                  <\/div>\n                  <div class=\"hidden md:flex gap-2 justify-between mt-5 md:justify-start md:mr-4\">\n              <a href=\"\/download%20app%20slug\"\n   class=\"app-download app-store\"\n   target=\"_blank\">\n    <img decoding=\"async\" src=\"https:\/\/picnic.app\/nl\/wp-content\/themes\/picnicMaster\/library\/images\/app-download\/app-store-nl.svg\"\n       class=\"inline-block max-w-full md:h-12 \">\n  <\/a>\n              <a href=\"\/download%20app%20slug\"\n   class=\"app-download google-play\"\n   target=\"_blank\">\n    <img decoding=\"async\" src=\"https:\/\/picnic.app\/nl\/wp-content\/themes\/picnicMaster\/library\/images\/app-download\/google-play-nl.svg\"\n       class=\"inline-block max-w-full md:h-12 \">\n  <\/a>\n          <\/div>\n          <div class=\"block md:hidden\">\n            <a href=\"\/download%20app%20slug\"\n   class=\"app-download app-download-auto\"\n   target=\"_blank\">\n    <div class=\"inline-block px-3 py-2 text-body text-center text-white rounded-lg bg-red\">\n    <span class=\"inline\">download app<\/span>\n      <\/div>\n  <\/a>\n          <\/div>\n                      <\/div>\n      <div class=\"flex-1 order-2\">\n                          <img src='https:\/\/d2jxuf8ovdiw8x.cloudfront.net\/uploads\/sites\/18\/2022\/10\/epv-app-full-1024x700.png'\n               alt=''\n               class='hidden md:inline h-full'\n               style=\"\n               margin:33px 0px 0px 0px; padding:0px 0px 0px 0px;\">\n              <\/div>\n    <\/div>\n      <\/div>\n<\/section>\n\n\n\n<p><\/p>\n","protected":false},"excerpt":{"rendered":"","protected":false},"author":5,"featured_media":0,"parent":0,"menu_order":0,"comment_status":"closed","ping_status":"closed","template":"","meta":{"footnotes":""},"class_list":["post-324","page","type-page","status-publish","hentry"],"acf":[],"yoast_head":"<!-- This site is optimized with the Yoast SEO Premium plugin v25.8 (Yoast SEO v25.9) - https:\/\/yoast.com\/wordpress\/plugins\/seo\/ -->\n<title>Acties en prijzen | Picnic<\/title>\n<meta name=\"description\" content=\"We hebben elke week nieuwe acties en aanbiedingen voor je klaarstaan! Probeer Picnic nu: altijd lage prijzen, altijd gratis bezorgd.\" \/>\n<meta name=\"robots\" content=\"index, follow, max-snippet:-1, max-image-preview:large, max-video-preview:-1\" \/>\n<link rel=\"canonical\" href=\"https:\/\/picnic.app\/nl\/acties-prijzen\/\" \/>\n<meta property=\"og:locale\" content=\"en_US\" \/>\n<meta property=\"og:type\" content=\"article\" \/>\n<meta property=\"og:title\" content=\"Acties en prijzen | Picnic\" \/>\n<meta property=\"og:description\" content=\"We hebben elke week nieuwe acties en aanbiedingen voor je klaarstaan! Probeer Picnic nu: altijd lage prijzen, altijd gratis bezorgd.\" \/>\n<meta property=\"og:url\" content=\"https:\/\/picnic.app\/nl\/acties-prijzen\/\" \/>\n<meta property=\"og:site_name\" content=\"Picnic NL\" \/>\n<meta property=\"article:publisher\" content=\"https:\/\/www.facebook.com\/picnicNL\/\" \/>\n<meta property=\"article:modified_time\" content=\"2026-01-27T07:58:56+00:00\" \/>\n<meta property=\"og:image\" content=\"https:\/\/d2jxuf8ovdiw8x.cloudfront.net\/uploads\/sites\/18\/2020\/11\/Picnic-Social-Share-Image.png\" \/>\n\t<meta property=\"og:image:width\" content=\"1200\" \/>\n\t<meta property=\"og:image:height\" content=\"800\" \/>\n\t<meta property=\"og:image:type\" content=\"image\/png\" \/>\n<meta name=\"twitter:card\" content=\"summary_large_image\" \/>\n<meta name=\"twitter:site\" content=\"@picnic\" \/>\n<meta name=\"twitter:label1\" content=\"Est. reading time\" \/>\n\t<meta name=\"twitter:data1\" content=\"4 minutes\" \/>\n<script type=\"application\/ld+json\" class=\"yoast-schema-graph\">{\"@context\":\"https:\/\/schema.org\",\"@graph\":[{\"@type\":\"WebPage\",\"@id\":\"https:\/\/picnic.app\/nl\/acties-prijzen\/\",\"url\":\"https:\/\/picnic.app\/nl\/acties-prijzen\/\",\"name\":\"Acties en prijzen | Picnic\",\"isPartOf\":{\"@id\":\"https:\/\/picnic.app\/nl\/#website\"},\"datePublished\":\"2020-11-24T21:06:00+00:00\",\"dateModified\":\"2026-01-27T07:58:56+00:00\",\"description\":\"We hebben elke week nieuwe acties en aanbiedingen voor je klaarstaan! Probeer Picnic nu: altijd lage prijzen, altijd gratis bezorgd.\",\"inLanguage\":\"en-US\",\"potentialAction\":[{\"@type\":\"ReadAction\",\"target\":[\"https:\/\/picnic.app\/nl\/acties-prijzen\/\"]}]},{\"@type\":\"WebSite\",\"@id\":\"https:\/\/picnic.app\/nl\/#website\",\"url\":\"https:\/\/picnic.app\/nl\/\",\"name\":\"Picnic\",\"description\":\"De online supermarkt!\",\"publisher\":{\"@id\":\"https:\/\/picnic.app\/nl\/#organization\"},\"potentialAction\":[{\"@type\":\"SearchAction\",\"target\":{\"@type\":\"EntryPoint\",\"urlTemplate\":\"https:\/\/picnic.app\/nl\/?s={search_term_string}\"},\"query-input\":{\"@type\":\"PropertyValueSpecification\",\"valueRequired\":true,\"valueName\":\"search_term_string\"}}],\"inLanguage\":\"en-US\"},{\"@type\":\"Organization\",\"@id\":\"https:\/\/picnic.app\/nl\/#organization\",\"name\":\"Picnic NL\",\"url\":\"https:\/\/picnic.app\/nl\/\",\"logo\":{\"@type\":\"ImageObject\",\"inLanguage\":\"en-US\",\"@id\":\"https:\/\/picnic.app\/nl\/#\/schema\/logo\/image\/\",\"url\":\"https:\/\/d2jxuf8ovdiw8x.cloudfront.net\/uploads\/sites\/18\/2020\/11\/logo.png\",\"contentUrl\":\"https:\/\/d2jxuf8ovdiw8x.cloudfront.net\/uploads\/sites\/18\/2020\/11\/logo.png\",\"width\":1024,\"height\":1024,\"caption\":\"Picnic NL\"},\"image\":{\"@id\":\"https:\/\/picnic.app\/nl\/#\/schema\/logo\/image\/\"},\"sameAs\":[\"https:\/\/www.facebook.com\/picnicNL\/\",\"https:\/\/x.com\/picnic\",\"https:\/\/www.instagram.com\/picnic\/\"]}]}<\/script>\n<!-- \/ Yoast SEO Premium plugin. -->","yoast_head_json":{"title":"Acties en prijzen | Picnic","description":"We hebben elke week nieuwe acties en aanbiedingen voor je klaarstaan! Probeer Picnic nu: altijd lage prijzen, altijd gratis bezorgd.","robots":{"index":"index","follow":"follow","max-snippet":"max-snippet:-1","max-image-preview":"max-image-preview:large","max-video-preview":"max-video-preview:-1"},"canonical":"https:\/\/picnic.app\/nl\/acties-prijzen\/","og_locale":"en_US","og_type":"article","og_title":"Acties en prijzen | Picnic","og_description":"We hebben elke week nieuwe acties en aanbiedingen voor je klaarstaan! Probeer Picnic nu: altijd lage prijzen, altijd gratis bezorgd.","og_url":"https:\/\/picnic.app\/nl\/acties-prijzen\/","og_site_name":"Picnic NL","article_publisher":"https:\/\/www.facebook.com\/picnicNL\/","article_modified_time":"2026-01-27T07:58:56+00:00","og_image":[{"width":1200,"height":800,"url":"https:\/\/d2jxuf8ovdiw8x.cloudfront.net\/uploads\/sites\/18\/2020\/11\/Picnic-Social-Share-Image.png","type":"image\/png"}],"twitter_card":"summary_large_image","twitter_site":"@picnic","twitter_misc":{"Est. reading time":"4 minutes"},"schema":{"@context":"https:\/\/schema.org","@graph":[{"@type":"WebPage","@id":"https:\/\/picnic.app\/nl\/acties-prijzen\/","url":"https:\/\/picnic.app\/nl\/acties-prijzen\/","name":"Acties en prijzen | Picnic","isPartOf":{"@id":"https:\/\/picnic.app\/nl\/#website"},"datePublished":"2020-11-24T21:06:00+00:00","dateModified":"2026-01-27T07:58:56+00:00","description":"We hebben elke week nieuwe acties en aanbiedingen voor je klaarstaan! Probeer Picnic nu: altijd lage prijzen, altijd gratis bezorgd.","inLanguage":"en-US","potentialAction":[{"@type":"ReadAction","target":["https:\/\/picnic.app\/nl\/acties-prijzen\/"]}]},{"@type":"WebSite","@id":"https:\/\/picnic.app\/nl\/#website","url":"https:\/\/picnic.app\/nl\/","name":"Picnic","description":"De online supermarkt!","publisher":{"@id":"https:\/\/picnic.app\/nl\/#organization"},"potentialAction":[{"@type":"SearchAction","target":{"@type":"EntryPoint","urlTemplate":"https:\/\/picnic.app\/nl\/?s={search_term_string}"},"query-input":{"@type":"PropertyValueSpecification","valueRequired":true,"valueName":"search_term_string"}}],"inLanguage":"en-US"},{"@type":"Organization","@id":"https:\/\/picnic.app\/nl\/#organization","name":"Picnic NL","url":"https:\/\/picnic.app\/nl\/","logo":{"@type":"ImageObject","inLanguage":"en-US","@id":"https:\/\/picnic.app\/nl\/#\/schema\/logo\/image\/","url":"https:\/\/d2jxuf8ovdiw8x.cloudfront.net\/uploads\/sites\/18\/2020\/11\/logo.png","contentUrl":"https:\/\/d2jxuf8ovdiw8x.cloudfront.net\/uploads\/sites\/18\/2020\/11\/logo.png","width":1024,"height":1024,"caption":"Picnic NL"},"image":{"@id":"https:\/\/picnic.app\/nl\/#\/schema\/logo\/image\/"},"sameAs":["https:\/\/www.facebook.com\/picnicNL\/","https:\/\/x.com\/picnic","https:\/\/www.instagram.com\/picnic\/"]}]}},"_links":{"self":[{"href":"https:\/\/picnic.app\/nl\/wp-json\/wp\/v2\/pages\/324","targetHints":{"allow":["GET"]}}],"collection":[{"href":"https:\/\/picnic.app\/nl\/wp-json\/wp\/v2\/pages"}],"about":[{"href":"https:\/\/picnic.app\/nl\/wp-json\/wp\/v2\/types\/page"}],"author":[{"embeddable":true,"href":"https:\/\/picnic.app\/nl\/wp-json\/wp\/v2\/users\/5"}],"replies":[{"embeddable":true,"href":"https:\/\/picnic.app\/nl\/wp-json\/wp\/v2\/comments?post=324"}],"version-history":[{"count":287,"href":"https:\/\/picnic.app\/nl\/wp-json\/wp\/v2\/pages\/324\/revisions"}],"predecessor-version":[{"id":9943,"href":"https:\/\/picnic.app\/nl\/wp-json\/wp\/v2\/pages\/324\/revisions\/9943"}],"wp:attachment":[{"href":"https:\/\/picnic.app\/nl\/wp-json\/wp\/v2\/media?parent=324"}],"curies":[{"name":"wp","href":"https:\/\/api.w.org\/{rel}","templated":true}]}}